{"id":1058,"date":"2017-05-23T12:44:38","date_gmt":"2017-05-23T10:44:38","guid":{"rendered":"https:\/\/www.turismocampillos.com\/web\/?page_id=1058"},"modified":"2017-12-27T13:59:23","modified_gmt":"2017-12-27T12:59:23","slug":"callejon-los-tristes","status":"publish","type":"page","link":"https:\/\/www.turismocampillos.com\/web\/actividades\/visita-urbana\/callejon-los-tristes\/","title":{"rendered":"Callej\u00f3n de los Tristes"},"content":{"rendered":"<h1>Callej\u00f3n de los Tristes<\/h1>\n<p>Este callej\u00f3n situado en la Calle Santa Ana, a puertas de la casa natal del<a href=\"https:\/\/www.turismocampillos.com\/web\/conoce-campillos\/cultura\/jose-maria-hinojosa-lasarte\/\"> poeta Jos\u00e9 Mar\u00eda Hinojosa<\/a>, durante d\u00e9cadas ha sido usado en la procesi\u00f3n de La Hermandad del Santo Cristo como lugar donde se recreaba un encuentro entre madre e hijo, con un preg\u00f3n muy emotivo que a\u00fan en nuestros d\u00edas se realiza, aglutinando a gran multitud de visitantes , durante la noche del <a href=\"https:\/\/www.turismocampillos.com\/web\/conoce-campillos\/cultura\/semana-santa\/\">Jueves Santo<\/a>.<\/p>\n<p>All\u00ed hay una imagen en piedra del patr\u00f3n de la localidad, San Benito Abad.\u00a0<img fetchpriority=\"high\" decoding=\"async\" class=\"aligncenter wp-image-1387 size-large\" src=\"https:\/\/www.turismocampillos.com\/web\/wp-content\/uploads\/2017\/05\/DSC_3440_1-1024x682.jpg\" alt=\"\" width=\"1024\" height=\"682\" \/><\/p>\n","protected":false},"excerpt":{"rendered":"<p>Callej\u00f3n de los Tristes Este callej\u00f3n situado en la Calle Santa Ana, a puertas de la casa natal del poeta Jos\u00e9 Mar\u00eda Hinojosa, durante d\u00e9cadas ha sido usado en la procesi\u00f3n de La Hermandad del Santo Cristo como lugar donde se recreaba un encuentro entre madre e hijo, con un preg\u00f3n muy emotivo que a\u00fan [&hellip;]<\/p>\n","protected":false},"author":1,"featured_media":0,"parent":198,"menu_order":0,"comment_status":"closed","ping_status":"closed","template":"","meta":{"site-sidebar-layout":"default","site-content-layout":"","ast-site-content-layout":"default","site-content-style":"default","site-sidebar-style":"default","ast-global-header-display":"","ast-banner-title-visibility":"","ast-main-header-display":"","ast-hfb-above-header-display":"","ast-hfb-below-header-display":"","ast-hfb-mobile-header-display":"","site-post-title":"","ast-breadcrumbs-content":"","ast-featured-img":"","footer-sml-layout":"","ast-disable-related-posts":"","theme-transparent-header-meta":"","adv-header-id-meta":"","stick-header-meta":"","header-above-stick-meta":"","header-main-stick-meta":"","header-below-stick-meta":"","astra-migrate-meta-layouts":"default","ast-page-background-enabled":"default","ast-page-background-meta":{"desktop":{"background-color":"var(--ast-global-color-4)","background-image":"","background-repeat":"repeat","background-position":"center center","background-size":"auto","background-attachment":"scroll","background-type":"","background-media":"","overlay-type":"","overlay-color":"","overlay-opacity":"","overlay-gradient":""},"tablet":{"background-color":"","background-image":"","background-repeat":"repeat","background-position":"center center","background-size":"auto","background-attachment":"scroll","background-type":"","background-media":"","overlay-type":"","overlay-color":"","overlay-opacity":"","overlay-gradient":""},"mobile":{"background-color":"","background-image":"","background-repeat":"repeat","background-position":"center center","background-size":"auto","background-attachment":"scroll","background-type":"","background-media":"","overlay-type":"","overlay-color":"","overlay-opacity":"","overlay-gradient":""}},"ast-content-background-meta":{"desktop":{"background-color":"var(--ast-global-color-5)","background-image":"","background-repeat":"repeat","background-position":"center center","background-size":"auto","background-attachment":"scroll","background-type":"","background-media":"","overlay-type":"","overlay-color":"","overlay-opacity":"","overlay-gradient":""},"tablet":{"background-color":"var(--ast-global-color-5)","background-image":"","background-repeat":"repeat","background-position":"center center","background-size":"auto","background-attachment":"scroll","background-type":"","background-media":"","overlay-type":"","overlay-color":"","overlay-opacity":"","overlay-gradient":""},"mobile":{"background-color":"var(--ast-global-color-5)","background-image":"","background-repeat":"repeat","background-position":"center center","background-size":"auto","background-attachment":"scroll","background-type":"","background-media":"","overlay-type":"","overlay-color":"","overlay-opacity":"","overlay-gradient":""}},"footnotes":""},"class_list":["post-1058","page","type-page","status-publish","hentry"],"_links":{"self":[{"href":"https:\/\/www.turismocampillos.com\/web\/wp-json\/wp\/v2\/pages\/1058","targetHints":{"allow":["GET"]}}],"collection":[{"href":"https:\/\/www.turismocampillos.com\/web\/wp-json\/wp\/v2\/pages"}],"about":[{"href":"https:\/\/www.turismocampillos.com\/web\/wp-json\/wp\/v2\/types\/page"}],"author":[{"embeddable":true,"href":"https:\/\/www.turismocampillos.com\/web\/wp-json\/wp\/v2\/users\/1"}],"replies":[{"embeddable":true,"href":"https:\/\/www.turismocampillos.com\/web\/wp-json\/wp\/v2\/comments?post=1058"}],"version-history":[{"count":0,"href":"https:\/\/www.turismocampillos.com\/web\/wp-json\/wp\/v2\/pages\/1058\/revisions"}],"up":[{"embeddable":true,"href":"https:\/\/www.turismocampillos.com\/web\/wp-json\/wp\/v2\/pages\/198"}],"wp:attachment":[{"href":"https:\/\/www.turismocampillos.com\/web\/wp-json\/wp\/v2\/media?parent=1058"}],"curies":[{"name":"wp","href":"https:\/\/api.w.org\/{rel}","templated":true}]}}