{"id":14,"date":"2016-09-12T13:28:48","date_gmt":"2016-09-12T11:28:48","guid":{"rendered":"http:\/\/www.turismocampillos.com\/web\/?page_id=14"},"modified":"2025-02-17T13:43:47","modified_gmt":"2025-02-17T12:43:47","slug":"patrimonio","status":"publish","type":"page","link":"https:\/\/www.turismocampillos.com\/web\/conoce-campillos\/patrimonio\/","title":{"rendered":"Patrimonio"},"content":{"rendered":"<h2>Visitas Arqueol\u00f3gicas<\/h2>\n<ul>\n<li><a href=\"https:\/\/www.turismocampillos.com\/web\/conoce-campillos\/patrimonio\/patrimonio-arqueologico\/necropolis-de-las-aguilillas\/\">Necr\u00f3polis de las Aguilillas<\/a><\/li>\n<li><a href=\"https:\/\/www.turismocampillos.com\/web\/conoce-campillos\/patrimonio\/patrimonio-arqueologico\/necropolis-hispano-visigoda\/\">Necr\u00f3polis Hispano Visigoda<\/a><\/li>\n<li><a href=\"https:\/\/www.turismocampillos.com\/web\/conoce-campillos\/patrimonio\/patrimonio-arqueologico\/cortijo-de-las-mezquitas\/\">Cortijo de Las Mezquitas<\/a><\/li>\n<li><a href=\"https:\/\/www.turismocampillos.com\/web\/conoce-campillos\/patrimonio\/patrimonio-arqueologico\/cerro-del-castillon-de-gobantes\/\">Cerro del Castill\u00f3n de Gobantes<\/a><\/li>\n<\/ul>\n<h2>Otros yacimientos arqueol\u00f3gicos<\/h2>\n<p>Existen varios en el t\u00e9rmino municipal entre ellos la <a href=\"https:\/\/www.turismocampillos.com\/web\/conoce-campillos\/patrimonio\/villa-de-los-castillones\/\">Villa de los Castillones<\/a>, El Tesorillo, Capacete, Capit\u00e1n, Moralejo, La Mezquita y el complejo Camorra-Pe\u00f1arrubia. Los restos abarcan desde el Neol\u00edtico a la cultura Ib\u00e9rica y romana. Existen restos de cer\u00e1mica, sillares, columnas, fortificaciones y poblados.<\/p>\n<h2>Monumentos Locales<\/h2>\n<h3>Iglesias<\/h3>\n<ul>\n<li><a href=\"https:\/\/www.turismocampillos.com\/web\/iglesia-de-santa-maria-del-reposo\/\">Iglesia Santa Mar\u00eda del Reposo<\/a><\/li>\n<li><a href=\"https:\/\/www.turismocampillos.com\/web\/conoce-campillos\/patrimonio\/patrimonio-artistico\/iglesia-la-vera-cruz\/\">Iglesia de la Santa Vera+Cruz<\/a><\/li>\n<\/ul>\n<h3>Ermitas<\/h3>\n<ul>\n<li><a href=\"https:\/\/www.turismocampillos.com\/web\/conoce-campillos\/patrimonio\/patrimonio-artistico\/ermita-san-benito\/\">Ermita de San Benito<\/a><\/li>\n<li><a href=\"https:\/\/www.turismocampillos.com\/web\/conoce-campillos\/patrimonio\/patrimonio-artistico\/ermita-san-sebastian\/\">Ermita de San Sebasti\u00e1n<\/a><\/li>\n<\/ul>\n\n\n<p><\/p>\n","protected":false},"excerpt":{"rendered":"<p>Visitas Arqueol\u00f3gicas Necr\u00f3polis de las Aguilillas Necr\u00f3polis Hispano Visigoda Cortijo de Las Mezquitas Cerro del Castill\u00f3n de Gobantes Otros yacimientos arqueol\u00f3gicos Existen varios en el t\u00e9rmino municipal entre ellos la Villa de los Castillones, El Tesorillo, Capacete, Capit\u00e1n, Moralejo, La Mezquita y el complejo Camorra-Pe\u00f1arrubia. Los restos abarcan desde el Neol\u00edtico a la cultura Ib\u00e9rica [&hellip;]<\/p>\n","protected":false},"author":1,"featured_media":0,"parent":5,"menu_order":0,"comment_status":"closed","ping_status":"closed","template":"","meta":{"site-sidebar-layout":"default","site-content-layout":"","ast-site-content-layout":"default","site-content-style":"default","site-sidebar-style":"default","ast-global-header-display":"","ast-banner-title-visibility":"","ast-main-header-display":"","ast-hfb-above-header-display":"","ast-hfb-below-header-display":"","ast-hfb-mobile-header-display":"","site-post-title":"","ast-breadcrumbs-content":"","ast-featured-img":"","footer-sml-layout":"","ast-disable-related-posts":"","theme-transparent-header-meta":"","adv-header-id-meta":"","stick-header-meta":"","header-above-stick-meta":"","header-main-stick-meta":"","header-below-stick-meta":"","astra-migrate-meta-layouts":"set","ast-page-background-enabled":"default","ast-page-background-meta":{"desktop":{"background-color":"var(--ast-global-color-4)","background-image":"","background-repeat":"repeat","background-position":"center center","background-size":"auto","background-attachment":"scroll","background-type":"","background-media":"","overlay-type":"","overlay-color":"","overlay-opacity":"","overlay-gradient":""},"tablet":{"background-color":"","background-image":"","background-repeat":"repeat","background-position":"center center","background-size":"auto","background-attachment":"scroll","background-type":"","background-media":"","overlay-type":"","overlay-color":"","overlay-opacity":"","overlay-gradient":""},"mobile":{"background-color":"","background-image":"","background-repeat":"repeat","background-position":"center center","background-size":"auto","background-attachment":"scroll","background-type":"","background-media":"","overlay-type":"","overlay-color":"","overlay-opacity":"","overlay-gradient":""}},"ast-content-background-meta":{"desktop":{"background-color":"var(--ast-global-color-5)","background-image":"","background-repeat":"repeat","background-position":"center center","background-size":"auto","background-attachment":"scroll","background-type":"","background-media":"","overlay-type":"","overlay-color":"","overlay-opacity":"","overlay-gradient":""},"tablet":{"background-color":"var(--ast-global-color-5)","background-image":"","background-repeat":"repeat","background-position":"center center","background-size":"auto","background-attachment":"scroll","background-type":"","background-media":"","overlay-type":"","overlay-color":"","overlay-opacity":"","overlay-gradient":""},"mobile":{"background-color":"var(--ast-global-color-5)","background-image":"","background-repeat":"repeat","background-position":"center center","background-size":"auto","background-attachment":"scroll","background-type":"","background-media":"","overlay-type":"","overlay-color":"","overlay-opacity":"","overlay-gradient":""}},"footnotes":""},"class_list":["post-14","page","type-page","status-publish","hentry"],"_links":{"self":[{"href":"https:\/\/www.turismocampillos.com\/web\/wp-json\/wp\/v2\/pages\/14","targetHints":{"allow":["GET"]}}],"collection":[{"href":"https:\/\/www.turismocampillos.com\/web\/wp-json\/wp\/v2\/pages"}],"about":[{"href":"https:\/\/www.turismocampillos.com\/web\/wp-json\/wp\/v2\/types\/page"}],"author":[{"embeddable":true,"href":"https:\/\/www.turismocampillos.com\/web\/wp-json\/wp\/v2\/users\/1"}],"replies":[{"embeddable":true,"href":"https:\/\/www.turismocampillos.com\/web\/wp-json\/wp\/v2\/comments?post=14"}],"version-history":[{"count":0,"href":"https:\/\/www.turismocampillos.com\/web\/wp-json\/wp\/v2\/pages\/14\/revisions"}],"up":[{"embeddable":true,"href":"https:\/\/www.turismocampillos.com\/web\/wp-json\/wp\/v2\/pages\/5"}],"wp:attachment":[{"href":"https:\/\/www.turismocampillos.com\/web\/wp-json\/wp\/v2\/media?parent=14"}],"curies":[{"name":"wp","href":"https:\/\/api.w.org\/{rel}","templated":true}]}}