{"id":16,"date":"2016-09-12T13:29:52","date_gmt":"2016-09-12T11:29:52","guid":{"rendered":"http:\/\/www.turismocampillos.com\/web\/?page_id=16"},"modified":"2024-12-23T12:34:41","modified_gmt":"2024-12-23T11:34:41","slug":"como-llegar","status":"publish","type":"page","link":"https:\/\/www.turismocampillos.com\/web\/como-llegar\/","title":{"rendered":"C\u00f3mo llegar"},"content":{"rendered":"<h1><a href=\"https:\/\/www.google.es\/maps\/place\/29320+Campillos,+M%C3%A1laga\/@37.0490735,-4.8856173,4944m\/data=!3m2!1e3!4b1!4m6!3m5!1s0xd72a517cacc611b:0xd5a5ad71c9f8d858!8m2!3d37.0492027!4d-4.8637321!16s%2Fm%2F02r1thj?hl=es&amp;entry=ttu&amp;g_ep=EgoyMDI0MTIxMS4wIKXMDSoASAFQAw%3D%3D\">C\u00f3mo llegar<\/a><\/h1>\n<h4>Desde M\u00e1laga<\/h4>\n<p>Si sale del aeropuerto, dir\u00edjase hacia M\u00e1laga y siga las indicaciones para Sevilla o Antequera. Una vez en la N-331 vaya en direcci\u00f3n a Sevilla hasta que encuentre la indicaci\u00f3n de Campillos (a unos 50 kms de M\u00e1laga). Debe tomar la carretera N-342 hasta Campillos.<\/p>\n<h4>Desde Sevilla<\/h4>\n<p>Vaya en direcci\u00f3n M\u00e1laga por la A-92 hasta llegar a La Roda. Una vez all\u00ed, tome la direcci\u00f3n Sierra de Yeguas-Campillos.<\/p>\n<p>M\u00e1laga, Sevilla y Granada tienen estaciones de tren con enlaces directos diarios a Madrid y Barcelona. Campillos est\u00e1 a escasos 10 minutos por carretera de la estaci\u00f3n de AVE Antequera-Santa Ana, que tiene conexiones directas con Sevilla, C\u00f3rdoba, M\u00e1laga, Madrid y Barcelona.<\/p>\n<h3>Horarios de trenes<\/h3>\n<table style=\"background-color: #ededed;\">\n<thead>\n<tr style=\"background-color: #d5e4ed;\">\n<td><strong>Campillos -&gt; M\u00e1laga<\/strong><\/td>\n<td><strong>M\u00e1laga -&gt; Campillos<\/strong><\/td>\n<\/tr>\n<\/thead>\n<tbody>\n<tr>\n<td>8:3614:20<\/p>\n<p>17:29<\/td>\n<td>10:0516:48<\/td>\n<\/tr>\n<\/tbody>\n<\/table>\n<table style=\"background-color: #ededed;\">\n<thead>\n<tr style=\"background-color: #d5e4ed;\">\n<td><strong>Campillos -&gt; Antequera<\/strong><\/td>\n<td><strong>Antequera -&gt; Campillos<\/strong><\/td>\n<\/tr>\n<\/thead>\n<tbody>\n<tr>\n<td>8:3614:20<\/p>\n<p>17:52<\/td>\n<td>7:5014:02<\/p>\n<p>18:07<\/td>\n<\/tr>\n<\/tbody>\n<\/table>\n<table style=\"background-color: #ededed;\">\n<thead>\n<tr style=\"background-color: #d5e4ed;\">\n<td><strong>Campillos -&gt; Sevilla<\/strong><\/td>\n<td><strong>Sevilla -&gt; Campillos<\/strong><\/td>\n<\/tr>\n<\/thead>\n<tbody>\n<tr>\n<td>14:20<\/td>\n<td><\/td>\n<\/tr>\n<\/tbody>\n<\/table>\n<table style=\"background-color: #ededed;\">\n<thead>\n<tr style=\"background-color: #d5e4ed;\">\n<td><strong>Campillos -&gt; Granada<\/strong><\/td>\n<td><strong>Granada -&gt; Campillos<\/strong><\/td>\n<\/tr>\n<\/thead>\n<tbody>\n<tr>\n<td>8:3614:20<\/p>\n<p>17:52<\/td>\n<td>6:4512:45<\/p>\n<p>17:00<\/td>\n<\/tr>\n<\/tbody>\n<\/table>\n<table style=\"background-color: #ededed;\">\n<thead>\n<tr style=\"background-color: #d5e4ed;\">\n<td><strong>Campillos -&gt; C\u00f3rdoba<\/strong><\/td>\n<td><strong>C\u00f3rdoba -&gt; Campillos<\/strong><\/td>\n<\/tr>\n<\/thead>\n<tbody>\n<tr>\n<td>8:3614:20<\/td>\n<td>13:2413:30<\/td>\n<\/tr>\n<\/tbody>\n<\/table>\n<h3>Horarios de autobuses<\/h3>\n<table style=\"background-color: #ededed;\">\n<thead>\n<tr style=\"background-color: #dae6c5;\">\n<td><strong>Campillos -&gt; M\u00e1laga<\/strong><\/td>\n<td><strong>M\u00e1laga -&gt; Campillos<\/strong><\/td>\n<\/tr>\n<\/thead>\n<tbody>\n<tr>\n<td>7:3012:30<\/td>\n<td>8:0018:30<\/td>\n<\/tr>\n<\/tbody>\n<\/table>\n<table style=\"background-color: #ededed;\">\n<thead>\n<tr style=\"background-color: #dae6c5;\">\n<td><strong>Campillos -&gt; Sevilla<\/strong><\/td>\n<td><strong>Sevilla -&gt; Campillos<\/strong><\/td>\n<\/tr>\n<\/thead>\n<tbody>\n<tr>\n<td>7:00<\/td>\n<td>13:30<\/td>\n<\/tr>\n<\/tbody>\n<\/table>\n","protected":false},"excerpt":{"rendered":"<p>C\u00f3mo llegar Desde M\u00e1laga Si sale del aeropuerto, dir\u00edjase hacia M\u00e1laga y siga las indicaciones para Sevilla o Antequera. Una vez en la N-331 vaya en direcci\u00f3n a Sevilla hasta que encuentre la indicaci\u00f3n de Campillos (a unos 50 kms de M\u00e1laga). Debe tomar la carretera N-342 hasta Campillos. Desde Sevilla Vaya en direcci\u00f3n M\u00e1laga [&hellip;]<\/p>\n","protected":false},"author":1,"featured_media":0,"parent":0,"menu_order":0,"comment_status":"closed","ping_status":"closed","template":"","meta":{"site-sidebar-layout":"default","site-content-layout":"","ast-site-content-layout":"default","site-content-style":"default","site-sidebar-style":"default","ast-global-header-display":"","ast-banner-title-visibility":"","ast-main-header-display":"","ast-hfb-above-header-display":"","ast-hfb-below-header-display":"","ast-hfb-mobile-header-display":"","site-post-title":"","ast-breadcrumbs-content":"","ast-featured-img":"","footer-sml-layout":"","ast-disable-related-posts":"","theme-transparent-header-meta":"","adv-header-id-meta":"","stick-header-meta":"","header-above-stick-meta":"","header-main-stick-meta":"","header-below-stick-meta":"","astra-migrate-meta-layouts":"set","ast-page-background-enabled":"default","ast-page-background-meta":{"desktop":{"background-color":"var(--ast-global-color-4)","background-image":"","background-repeat":"repeat","background-position":"center center","background-size":"auto","background-attachment":"scroll","background-type":"","background-media":"","overlay-type":"","overlay-color":"","overlay-opacity":"","overlay-gradient":""},"tablet":{"background-color":"","background-image":"","background-repeat":"repeat","background-position":"center center","background-size":"auto","background-attachment":"scroll","background-type":"","background-media":"","overlay-type":"","overlay-color":"","overlay-opacity":"","overlay-gradient":""},"mobile":{"background-color":"","background-image":"","background-repeat":"repeat","background-position":"center center","background-size":"auto","background-attachment":"scroll","background-type":"","background-media":"","overlay-type":"","overlay-color":"","overlay-opacity":"","overlay-gradient":""}},"ast-content-background-meta":{"desktop":{"background-color":"var(--ast-global-color-5)","background-image":"","background-repeat":"repeat","background-position":"center center","background-size":"auto","background-attachment":"scroll","background-type":"","background-media":"","overlay-type":"","overlay-color":"","overlay-opacity":"","overlay-gradient":""},"tablet":{"background-color":"var(--ast-global-color-5)","background-image":"","background-repeat":"repeat","background-position":"center center","background-size":"auto","background-attachment":"scroll","background-type":"","background-media":"","overlay-type":"","overlay-color":"","overlay-opacity":"","overlay-gradient":""},"mobile":{"background-color":"var(--ast-global-color-5)","background-image":"","background-repeat":"repeat","background-position":"center center","background-size":"auto","background-attachment":"scroll","background-type":"","background-media":"","overlay-type":"","overlay-color":"","overlay-opacity":"","overlay-gradient":""}},"footnotes":""},"class_list":["post-16","page","type-page","status-publish","hentry"],"_links":{"self":[{"href":"https:\/\/www.turismocampillos.com\/web\/wp-json\/wp\/v2\/pages\/16","targetHints":{"allow":["GET"]}}],"collection":[{"href":"https:\/\/www.turismocampillos.com\/web\/wp-json\/wp\/v2\/pages"}],"about":[{"href":"https:\/\/www.turismocampillos.com\/web\/wp-json\/wp\/v2\/types\/page"}],"author":[{"embeddable":true,"href":"https:\/\/www.turismocampillos.com\/web\/wp-json\/wp\/v2\/users\/1"}],"replies":[{"embeddable":true,"href":"https:\/\/www.turismocampillos.com\/web\/wp-json\/wp\/v2\/comments?post=16"}],"version-history":[{"count":0,"href":"https:\/\/www.turismocampillos.com\/web\/wp-json\/wp\/v2\/pages\/16\/revisions"}],"wp:attachment":[{"href":"https:\/\/www.turismocampillos.com\/web\/wp-json\/wp\/v2\/media?parent=16"}],"curies":[{"name":"wp","href":"https:\/\/api.w.org\/{rel}","templated":true}]}}