{"id":198,"date":"2017-02-10T13:41:06","date_gmt":"2017-02-10T12:41:06","guid":{"rendered":"http:\/\/www.turismocampillos.com\/web\/?page_id=198"},"modified":"2017-07-04T13:12:04","modified_gmt":"2017-07-04T11:12:04","slug":"visita-urbana","status":"publish","type":"page","link":"https:\/\/www.turismocampillos.com\/web\/actividades\/visita-urbana\/","title":{"rendered":"Visita Urbana"},"content":{"rendered":"<h1>Visita urbana<\/h1>\n<div id=\"metaslider-id-1001\" style=\"max-width: 750px;\" class=\"ml-slider-3-108-0 metaslider metaslider-flex metaslider-1001 ml-slider has-dots-nav ms-theme-default\" role=\"region\" aria-label=\"Visita Urbana\" data-height=\"560\" data-width=\"750\">\n    <div id=\"metaslider_container_1001\">\n        <div id=\"metaslider_1001\">\n            <ul class='slides'>\n                <li style=\"display: block; width: 100%;\" class=\"slide-1202 ms-image \" aria-roledescription=\"slide\" data-date=\"2017-06-30 11:32:21\" data-filename=\"Entrada-de-la-Iglesia-de-Campillos-e1510125841665.jpg\" data-slide-type=\"image\"><img fetchpriority=\"high\" decoding=\"async\" width=\"700\" height=\"525\" src=\"https:\/\/www.turismocampillos.com\/web\/wp-content\/uploads\/2016\/09\/Entrada-de-la-Iglesia-de-Campillos-e1510125841665.jpg\" class=\"slider-1001 slide-1202 msDefaultImage\" alt=\"\" rel=\"\" title=\"\" \/><\/li>\n                <li style=\"display: none; width: 100%;\" class=\"slide-1027 ms-image \" aria-roledescription=\"slide\" data-date=\"2017-05-23 12:05:24\" data-filename=\"Parque-de-Campillos-3469-e1510060186757.jpg\" data-slide-type=\"image\"><img decoding=\"async\" width=\"700\" height=\"438\" src=\"https:\/\/www.turismocampillos.com\/web\/wp-content\/uploads\/2017\/05\/Parque-de-Campillos-3469-e1510060186757.jpg\" class=\"slider-1001 slide-1027 msDefaultImage\" alt=\"\" rel=\"\" title=\"\" \/><\/li>\n                <li style=\"display: none; width: 100%;\" class=\"slide-1017 ms-image \" aria-roledescription=\"slide\" data-date=\"2017-05-23 12:05:24\" data-filename=\"Calles-de-Campillos-3487-e1510060503815.jpg\" data-slide-type=\"image\"><img decoding=\"async\" width=\"700\" height=\"438\" src=\"https:\/\/www.turismocampillos.com\/web\/wp-content\/uploads\/2017\/05\/Calles-de-Campillos-3487-e1510060503815.jpg\" class=\"slider-1001 slide-1017 msDefaultImage\" alt=\"\" rel=\"\" title=\"\" \/><\/li>\n                <li style=\"display: none; width: 100%;\" class=\"slide-1023 ms-image \" aria-roledescription=\"slide\" data-date=\"2017-05-23 12:05:24\" data-filename=\"Casa-t\u00edpica-de-Campillos-75727-e1510060289990.jpg\" data-slide-type=\"image\"><img loading=\"lazy\" decoding=\"async\" width=\"700\" height=\"361\" src=\"https:\/\/www.turismocampillos.com\/web\/wp-content\/uploads\/2017\/05\/Casa-t\u00edpica-de-Campillos-75727-e1510060289990.jpg\" class=\"slider-1001 slide-1023 msDefaultImage\" alt=\"\" rel=\"\" title=\"\" \/><\/li>\n                <li style=\"display: none; width: 100%;\" class=\"slide-1018 ms-image \" aria-roledescription=\"slide\" data-date=\"2017-05-23 12:05:24\" data-filename=\"Calles-de-Campillos-3488-e1510060431795.jpg\" data-slide-type=\"image\"><img loading=\"lazy\" decoding=\"async\" width=\"700\" height=\"438\" src=\"https:\/\/www.turismocampillos.com\/web\/wp-content\/uploads\/2017\/05\/Calles-de-Campillos-3488-e1510060431795.jpg\" class=\"slider-1001 slide-1018 msDefaultImage\" alt=\"\" rel=\"\" title=\"\" \/><\/li>\n                <li style=\"display: none; width: 100%;\" class=\"slide-1019 ms-image \" aria-roledescription=\"slide\" data-date=\"2017-05-23 12:05:24\" data-filename=\"Casa-de-Jos\u00e9-Mar\u00eda-Hinojosa-Lasarte-e1510060410551.jpg\" data-slide-type=\"image\"><img loading=\"lazy\" decoding=\"async\" width=\"700\" height=\"470\" src=\"https:\/\/www.turismocampillos.com\/web\/wp-content\/uploads\/2017\/05\/Casa-de-Jos\u00e9-Mar\u00eda-Hinojosa-Lasarte-e1510060410551.jpg\" class=\"slider-1001 slide-1019 msDefaultImage\" alt=\"\" rel=\"\" title=\"\" \/><\/li>\n                <li style=\"display: none; width: 100%;\" class=\"slide-1021 ms-image \" aria-roledescription=\"slide\" data-date=\"2017-05-23 12:05:24\" data-filename=\"Casa-t\u00edpica-de-Campillos-75725-e1510060329214.jpg\" data-slide-type=\"image\"><img loading=\"lazy\" decoding=\"async\" width=\"700\" height=\"394\" src=\"https:\/\/www.turismocampillos.com\/web\/wp-content\/uploads\/2017\/05\/Casa-t\u00edpica-de-Campillos-75725-e1510060329214.jpg\" class=\"slider-1001 slide-1021 msDefaultImage\" alt=\"\" rel=\"\" title=\"\" \/><\/li>\n                <li style=\"display: none; width: 100%;\" class=\"slide-1022 ms-image \" aria-roledescription=\"slide\" data-date=\"2017-05-23 12:05:24\" data-filename=\"Casa-t\u00edpica-de-Campillos-75726-e1510060309623.jpg\" data-slide-type=\"image\"><img loading=\"lazy\" decoding=\"async\" width=\"700\" height=\"411\" src=\"https:\/\/www.turismocampillos.com\/web\/wp-content\/uploads\/2017\/05\/Casa-t\u00edpica-de-Campillos-75726-e1510060309623.jpg\" class=\"slider-1001 slide-1022 msDefaultImage\" alt=\"\" rel=\"\" title=\"\" \/><\/li>\n                <li style=\"display: none; width: 100%;\" class=\"slide-1016 ms-image \" aria-roledescription=\"slide\" data-date=\"2017-05-23 12:05:23\" data-filename=\"Calles-de-Campillos-3486-e1510060524655.jpg\" data-slide-type=\"image\"><img loading=\"lazy\" decoding=\"async\" width=\"700\" height=\"438\" src=\"https:\/\/www.turismocampillos.com\/web\/wp-content\/uploads\/2017\/05\/Calles-de-Campillos-3486-e1510060524655.jpg\" class=\"slider-1001 slide-1016 msDefaultImage\" alt=\"\" rel=\"\" title=\"\" \/><\/li>\n                <li style=\"display: none; width: 100%;\" class=\"slide-1024 ms-image \" aria-roledescription=\"slide\" data-date=\"2017-05-23 12:05:24\" data-filename=\"Casa-t\u00edpica-de-Campillos-75728-e1510060248997.jpg\" data-slide-type=\"image\"><img loading=\"lazy\" decoding=\"async\" width=\"700\" height=\"438\" src=\"https:\/\/www.turismocampillos.com\/web\/wp-content\/uploads\/2017\/05\/Casa-t\u00edpica-de-Campillos-75728-e1510060248997.jpg\" class=\"slider-1001 slide-1024 msDefaultImage\" alt=\"\" rel=\"\" title=\"\" \/><\/li>\n                <li style=\"display: none; width: 100%;\" class=\"slide-1026 ms-image \" aria-roledescription=\"slide\" data-date=\"2017-05-23 12:05:24\" data-filename=\"Parque-de-Campillos-3468-e1510060205686.jpg\" data-slide-type=\"image\"><img loading=\"lazy\" decoding=\"async\" width=\"700\" height=\"438\" src=\"https:\/\/www.turismocampillos.com\/web\/wp-content\/uploads\/2017\/05\/Parque-de-Campillos-3468-e1510060205686.jpg\" class=\"slider-1001 slide-1026 msDefaultImage\" alt=\"\" rel=\"\" title=\"\" \/><\/li>\n                <li style=\"display: none; width: 100%;\" class=\"slide-1028 ms-image \" aria-roledescription=\"slide\" data-date=\"2017-05-23 12:05:24\" data-filename=\"Parque-de-Campillos-3470-e1510060164961.jpg\" data-slide-type=\"image\"><img loading=\"lazy\" decoding=\"async\" width=\"700\" height=\"438\" src=\"https:\/\/www.turismocampillos.com\/web\/wp-content\/uploads\/2017\/05\/Parque-de-Campillos-3470-e1510060164961.jpg\" class=\"slider-1001 slide-1028 msDefaultImage\" alt=\"\" rel=\"\" title=\"\" \/><\/li>\n                <li style=\"display: none; width: 100%;\" class=\"slide-1029 ms-image \" aria-roledescription=\"slide\" data-date=\"2017-05-23 12:05:24\" data-filename=\"Plaza-de-Abastos-e1510060146740.jpg\" data-slide-type=\"image\"><img loading=\"lazy\" decoding=\"async\" width=\"700\" height=\"470\" src=\"https:\/\/www.turismocampillos.com\/web\/wp-content\/uploads\/2017\/05\/Plaza-de-Abastos-e1510060146740.jpg\" class=\"slider-1001 slide-1029 msDefaultImage\" alt=\"\" rel=\"\" title=\"\" \/><\/li>\n            <\/ul>\n        <\/div>\n        \n    <\/div>\n<\/div>\n<p>Dentro del t\u00e9rmino de Campillos, podemos realizar un recorrido por nuestras calles donde encontramos algunos vestigios de las <b>antiguas casas se\u00f1oriales<\/b>, la mayor\u00eda de ellas de los a\u00f1os 20-30, o del siglo XIX. Una de las casas m\u00e1s importantes de nuestra localidad es la casa natal del poeta Jos\u00e9 Mar\u00eda Hinojosa Lasarte (1904- 1936), situada en Calle Santa Ana, n\u00ba 4.<\/p>\n<p>As\u00ed en la Calle San Sebasti\u00e1n n\u00ba 7 y 9, en la Calle Real podemos contemplar bellas fachadas de casas llenas de historia, casas construidas entre los siglos XVIII y XIX. <!--more--><\/p>\n<p>En la Calle San Sebasti\u00e1n se encuentra la <b>Plaza de Abastos<\/b>, que tambi\u00e9n es de principios del siglo XX, as\u00ed como el edificio del ayuntamiento, antiguo grupo escolar Manzano Jim\u00e9nez que data de 1928.<\/p>\n<p><b>El Parque de La Plaza de Espa\u00f1a <\/b>situado junto a la iglesia Santa Mar\u00eda del Reposo, en un principio era una plaza abierta, que poco a poco fue siendo cerrada por los edificios que se iban construyendo a su alrededor. Ya en el siglo XVIII se constata la existencia de la posada de Antonio Romero, y en 1880 se instalaron cuatro farolas. Posteriormente se instalaron unos bancos de piedras y un p\u00f3rtico con pilares de piedra y un arco de hierro, y algo despu\u00e9s una fuente con cuatro ca\u00f1os y columna central con taza circular.<\/p>\n<p>Esta plaza a lo largo de la historia ha ido cambiando de nombres as\u00ed se llam\u00f3 Plaza del Rey, Plaza real, Plaza de la Constituci\u00f3n, y a principios del siglo (1905) se llamar\u00eda Plaza Cardenal Sp\u00ednola, en agradecimiento por su ayuda a los necesitados del pueblo en la \u00e9poca de sequ\u00eda. En 1931 con la Rep\u00fablica pas\u00f3 a ser La Plaza de la Libertad. A partir de la toma de Campillos por el general Varela (Septiembre de 1936) volver\u00eda a su anterior nombre Cardenal Sp\u00ednola.<\/p>\n<p>En 1939 se reforma desapareciendo los bancos y la fuente. En 1940 se instala la Cruz de los Ca\u00eddos (a\u00f1os despu\u00e9s retirada), y poco a poco la plaza se va llenando de jardines, y palmeras que le ir\u00e1n dando el aspecto actual. Con la Democracia, adquiere su nombre actual Plaza de Espa\u00f1a.<\/p>\n<p>Otra plaza con historia en nuestra localidad es <b>La Cruz Blanca,<\/b> plaza que durante la ocupaci\u00f3n francesa fue testigo de batallas sangrientas. Durante la ocupaci\u00f3n francesa se produjeron varios hechos de armas en Campillos, que fue utilizado como base de operaciones por la abundancia de agua y forraje para la caballer\u00eda. Entre 1810 y 1812 tuvieron lugar varios encuentros b\u00e9licos entre las tropas espa\u00f1olas en el t\u00e9rmino de Campillos. En esta plaza fueron fusilados un grupo de campilleros por las tropas francesas, es una plaza donde la historia local y sentir de nuestro pueblo han quedado patentes en el transcurso del tiempo. Actualmente es usada para diferentes eventos, as\u00ed como paso obligado de las procesiones de nuestra Semana Santa.<\/p>\n<p><b>La Torre El Tejar<\/b> es un vestigio que la antigua f\u00e1brica de tejas que existi\u00f3 en nuestro municipio entre los a\u00f1os 50 y los 70.<\/p>\n<p><b>El Parque Jos\u00e9 Mar\u00eda Hinojosa<\/b>, es el Parque principal de Campillos, el m\u00e1s extenso y centro de actividades y eventos en los festejos municipales, como la Feria de Agosto, la Feria del Jam\u00f3n, la del Motor y la del Libro, entre otros.<\/p>\n<p>La Semana Santa fue declarada Fiesta de Inter\u00e9s Nacional Tur\u00edstico en el 2001, por ello es obligada la visita a las distintas <b>Casas de Hermandades<\/b> dispersas en el municipio.<\/p>\n<p>No podemos olvidar la <a href=\"https:\/\/www.turismocampillos.com\/web\/conoce-campillos\/patrimonio\/ermita-san-benito\/\"><b>Ermita de San Benito<\/b><\/a>, nuestro patr\u00f3n local y la\u00a0<b><a href=\"https:\/\/www.turismocampillos.com\/web\/conoce-campillos\/patrimonio\/ermita-san-sebastian\/\">Ermita de San Sebasti\u00e1n<\/a>.<\/b><\/p>\n<p>&nbsp;<\/p>\n","protected":false},"excerpt":{"rendered":"<p>Visita urbana Dentro del t\u00e9rmino de Campillos, podemos realizar un recorrido por nuestras calles donde encontramos algunos vestigios de las antiguas casas se\u00f1oriales, la mayor\u00eda de ellas de los a\u00f1os 20-30, o del siglo XIX. Una de las casas m\u00e1s importantes de nuestra localidad es la casa natal del poeta Jos\u00e9 Mar\u00eda Hinojosa Lasarte (1904- [&hellip;]<\/p>\n","protected":false},"author":1,"featured_media":0,"parent":18,"menu_order":0,"comment_status":"closed","ping_status":"closed","template":"","meta":{"site-sidebar-layout":"default","site-content-layout":"","ast-site-content-layout":"default","site-content-style":"default","site-sidebar-style":"default","ast-global-header-display":"","ast-banner-title-visibility":"","ast-main-header-display":"","ast-hfb-above-header-display":"","ast-hfb-below-header-display":"","ast-hfb-mobile-header-display":"","site-post-title":"","ast-breadcrumbs-content":"","ast-featured-img":"","footer-sml-layout":"","ast-disable-related-posts":"","theme-transparent-header-meta":"","adv-header-id-meta":"","stick-header-meta":"","header-above-stick-meta":"","header-main-stick-meta":"","header-below-stick-meta":"","astra-migrate-meta-layouts":"default","ast-page-background-enabled":"default","ast-page-background-meta":{"desktop":{"background-color":"var(--ast-global-color-4)","background-image":"","background-repeat":"repeat","background-position":"center center","background-size":"auto","background-attachment":"scroll","background-type":"","background-media":"","overlay-type":"","overlay-color":"","overlay-opacity":"","overlay-gradient":""},"tablet":{"background-color":"","background-image":"","background-repeat":"repeat","background-position":"center center","background-size":"auto","background-attachment":"scroll","background-type":"","background-media":"","overlay-type":"","overlay-color":"","overlay-opacity":"","overlay-gradient":""},"mobile":{"background-color":"","background-image":"","background-repeat":"repeat","background-position":"center center","background-size":"auto","background-attachment":"scroll","background-type":"","background-media":"","overlay-type":"","overlay-color":"","overlay-opacity":"","overlay-gradient":""}},"ast-content-background-meta":{"desktop":{"background-color":"var(--ast-global-color-5)","background-image":"","background-repeat":"repeat","background-position":"center center","background-size":"auto","background-attachment":"scroll","background-type":"","background-media":"","overlay-type":"","overlay-color":"","overlay-opacity":"","overlay-gradient":""},"tablet":{"background-color":"var(--ast-global-color-5)","background-image":"","background-repeat":"repeat","background-position":"center center","background-size":"auto","background-attachment":"scroll","background-type":"","background-media":"","overlay-type":"","overlay-color":"","overlay-opacity":"","overlay-gradient":""},"mobile":{"background-color":"var(--ast-global-color-5)","background-image":"","background-repeat":"repeat","background-position":"center center","background-size":"auto","background-attachment":"scroll","background-type":"","background-media":"","overlay-type":"","overlay-color":"","overlay-opacity":"","overlay-gradient":""}},"footnotes":""},"class_list":["post-198","page","type-page","status-publish","hentry"],"_links":{"self":[{"href":"https:\/\/www.turismocampillos.com\/web\/wp-json\/wp\/v2\/pages\/198","targetHints":{"allow":["GET"]}}],"collection":[{"href":"https:\/\/www.turismocampillos.com\/web\/wp-json\/wp\/v2\/pages"}],"about":[{"href":"https:\/\/www.turismocampillos.com\/web\/wp-json\/wp\/v2\/types\/page"}],"author":[{"embeddable":true,"href":"https:\/\/www.turismocampillos.com\/web\/wp-json\/wp\/v2\/users\/1"}],"replies":[{"embeddable":true,"href":"https:\/\/www.turismocampillos.com\/web\/wp-json\/wp\/v2\/comments?post=198"}],"version-history":[{"count":0,"href":"https:\/\/www.turismocampillos.com\/web\/wp-json\/wp\/v2\/pages\/198\/revisions"}],"up":[{"embeddable":true,"href":"https:\/\/www.turismocampillos.com\/web\/wp-json\/wp\/v2\/pages\/18"}],"wp:attachment":[{"href":"https:\/\/www.turismocampillos.com\/web\/wp-json\/wp\/v2\/media?parent=198"}],"curies":[{"name":"wp","href":"https:\/\/api.w.org\/{rel}","templated":true}]}}