{"id":202,"date":"2017-02-10T13:42:25","date_gmt":"2017-02-10T12:42:25","guid":{"rendered":"http:\/\/www.turismocampillos.com\/web\/?page_id=202"},"modified":"2025-02-12T10:22:43","modified_gmt":"2025-02-12T09:22:43","slug":"ruta-de-las-cinco-lagunas","status":"publish","type":"page","link":"https:\/\/www.turismocampillos.com\/web\/turismo-campillos\/turismo-activo\/rutas\/rutas-por-lagunas\/ruta-de-las-cinco-lagunas\/","title":{"rendered":"Ruta de las Cinco Lagunas"},"content":{"rendered":"\t\t<div data-elementor-type=\"wp-page\" data-elementor-id=\"202\" class=\"elementor elementor-202\">\n\t\t\t\t\t\t<section class=\"elementor-section elementor-top-section elementor-element elementor-element-2bb375ae elementor-section-boxed elementor-section-height-default elementor-section-height-default\" data-id=\"2bb375ae\" data-element_type=\"section\" data-e-type=\"section\">\n\t\t\t\t\t\t<div class=\"elementor-container elementor-column-gap-default\">\n\t\t\t\t\t<div class=\"elementor-column elementor-col-100 elementor-top-column elementor-element elementor-element-7fcc276f\" data-id=\"7fcc276f\" data-element_type=\"column\" data-e-type=\"column\">\n\t\t\t<div class=\"elementor-widget-wrap elementor-element-populated\">\n\t\t\t\t\t\t<div class=\"elementor-element elementor-element-7aed50c0 elementor-widget elementor-widget-text-editor\" data-id=\"7aed50c0\" data-element_type=\"widget\" data-e-type=\"widget\" data-widget_type=\"text-editor.default\">\n\t\t\t\t<div class=\"elementor-widget-container\">\n\t\t\t\t\t\t\t\t\t<h1><a href=\"https:\/\/earth.google.com\/web\/data=MkEKPwo9CiExamVoLXBkVjJRa2lveWxZOEhJNGRtVDYtVW9PTnZkUU4SFgoUMDAzMUU3NjcxMDM2MEIyRjJGODYgAUICCABKCAi3-8SQBBAB\">Ruta de las Cinco Lagunas<\/a><\/h1><ul><li>RUTA CIRCULAR<\/li><li>DIFICULTAD MEDIA<\/li><li>DISTANCIA 14 KM<\/li><li>TIEMPO ESTIMADO: 4 HORAS<\/li><li><a href=\"https:\/\/earth.google.com\/web\/data=MkEKPwo9CiExamVoLXBkVjJRa2lveWxZOEhJNGRtVDYtVW9PTnZkUU4SFgoUMDAzMUU3NjcxMDM2MEIyRjJGODYgAUICCABKCAi3-8SQBBAB\">VER RUTA<\/a><\/li><\/ul><p>Esta ruta nos lleva a recorrer las 5 lagunas que transcurren por parte de La Gran Senda de M\u00e1laga. Comenzando por la carretera de Gobantes (A-7286) antes de llegar al Colegio San Jos\u00e9, tomamos el camino que va junto al arroyo del Cuervo que sale a nuestra izquierda, y seguimos las indicaciones de la Gran Senda , hasta llegar a la Laguna del Cerero. A continuaci\u00f3n nos encontraremos el\u00a0 cortijo del Cerero, tomamos el camino de la derecha, siempre siguiendo las indicaciones de la Gran Senda, hasta llegar a la laguna de Camu\u00f1as. Este sendero nos llevar\u00e1 hasta la carretera de Gobantes dej\u00e1ndonos a la izquierda la Laguna de Capacete.<\/p><p>Sin m\u00e1s dificultad, el \u00faltimo tramo transcurre por esta carretera comarcal donde podremos ver la laguna Redonda y la Salada.<\/p><p>Es una ruta con poca dificultad, la poca que tiene es m\u00e1s bien por la distancia, transcurre por un sendero con poco desnivel, puede hacerse a pie o en bicicleta, el \u00faltimo tramo transcurre por carretera comarcal.<\/p><p>Pasaremos por las lagunas : Cerero, Camu\u00f1as, Capacete , Redonda y Salada.<\/p><p><img fetchpriority=\"high\" decoding=\"async\" class=\"aligncenter wp-image-1529 size-large\" src=\"https:\/\/www.turismocampillos.com\/web\/wp-content\/uploads\/2017\/02\/5-lagunas_2-1024x576.png\" alt=\"\" width=\"1024\" height=\"576\" srcset=\"https:\/\/www.turismocampillos.com\/web\/wp-content\/uploads\/2017\/02\/5-lagunas_2-1024x576.png 1024w, https:\/\/www.turismocampillos.com\/web\/wp-content\/uploads\/2017\/02\/5-lagunas_2-300x169.png 300w, https:\/\/www.turismocampillos.com\/web\/wp-content\/uploads\/2017\/02\/5-lagunas_2-768x432.png 768w, https:\/\/www.turismocampillos.com\/web\/wp-content\/uploads\/2017\/02\/5-lagunas_2.png 1344w\" sizes=\"(max-width: 1024px) 100vw, 1024px\" \/><\/p><div id=\"metaslider-id-1305\" style=\"max-width: 750px;\" class=\"ml-slider-3-108-0 metaslider metaslider-flex metaslider-1305 ml-slider has-dots-nav ms-theme-default\" role=\"region\" aria-label=\"Ruta 5 lagunas\" data-height=\"560\" data-width=\"750\">\n    <div id=\"metaslider_container_1305\">\n        <div id=\"metaslider_1305\">\n            <ul class='slides'>\n                <li style=\"display: block; width: 100%;\" class=\"slide-3449 ms-image \" aria-roledescription=\"slide\" data-date=\"2025-05-14 10:38:05\" data-filename=\"WhatsApp-Image-2025-05-14-at-10.32.41-1.jpeg\" data-slide-type=\"image\"><img decoding=\"async\" width=\"1536\" height=\"2048\" src=\"https:\/\/www.turismocampillos.com\/web\/wp-content\/uploads\/2025\/05\/WhatsApp-Image-2025-05-14-at-10.32.41-1.jpeg\" class=\"slider-1305 slide-3449 msDefaultImage\" alt=\"\" rel=\"\" title=\"WhatsApp Image 2025-05-14 at 10.32.41 (1)\" srcset=\"https:\/\/www.turismocampillos.com\/web\/wp-content\/uploads\/2025\/05\/WhatsApp-Image-2025-05-14-at-10.32.41-1.jpeg 1536w, https:\/\/www.turismocampillos.com\/web\/wp-content\/uploads\/2025\/05\/WhatsApp-Image-2025-05-14-at-10.32.41-1-225x300.jpeg 225w, https:\/\/www.turismocampillos.com\/web\/wp-content\/uploads\/2025\/05\/WhatsApp-Image-2025-05-14-at-10.32.41-1-768x1024.jpeg 768w, https:\/\/www.turismocampillos.com\/web\/wp-content\/uploads\/2025\/05\/WhatsApp-Image-2025-05-14-at-10.32.41-1-300x400.jpeg 300w, https:\/\/www.turismocampillos.com\/web\/wp-content\/uploads\/2025\/05\/WhatsApp-Image-2025-05-14-at-10.32.41-1-1152x1536.jpeg 1152w\" sizes=\"(max-width: 1536px) 100vw, 1536px\" \/><\/li>\n                <li style=\"display: none; width: 100%;\" class=\"slide-3473 ms-image \" aria-roledescription=\"slide\" data-date=\"2025-05-14 12:32:03\" data-filename=\"WhatsApp-Image-2025-05-14-at-10.32.42-1-1.jpeg\" data-slide-type=\"image\"><img decoding=\"async\" width=\"1536\" height=\"2048\" src=\"https:\/\/www.turismocampillos.com\/web\/wp-content\/uploads\/2025\/05\/WhatsApp-Image-2025-05-14-at-10.32.42-1-1.jpeg\" class=\"slider-1305 slide-3473 msDefaultImage\" alt=\"\" rel=\"\" title=\"WhatsApp Image 2025-05-14 at 10.32.42 (1)\" srcset=\"https:\/\/www.turismocampillos.com\/web\/wp-content\/uploads\/2025\/05\/WhatsApp-Image-2025-05-14-at-10.32.42-1-1.jpeg 1536w, https:\/\/www.turismocampillos.com\/web\/wp-content\/uploads\/2025\/05\/WhatsApp-Image-2025-05-14-at-10.32.42-1-1-225x300.jpeg 225w, https:\/\/www.turismocampillos.com\/web\/wp-content\/uploads\/2025\/05\/WhatsApp-Image-2025-05-14-at-10.32.42-1-1-768x1024.jpeg 768w, https:\/\/www.turismocampillos.com\/web\/wp-content\/uploads\/2025\/05\/WhatsApp-Image-2025-05-14-at-10.32.42-1-1-300x400.jpeg 300w, https:\/\/www.turismocampillos.com\/web\/wp-content\/uploads\/2025\/05\/WhatsApp-Image-2025-05-14-at-10.32.42-1-1-1152x1536.jpeg 1152w\" sizes=\"(max-width: 1536px) 100vw, 1536px\" \/><\/li>\n                <li style=\"display: none; width: 100%;\" class=\"slide-3450 ms-image \" aria-roledescription=\"slide\" data-date=\"2025-05-14 10:38:05\" data-filename=\"WhatsApp-Image-2025-05-14-at-10.32.43-1.jpeg\" data-slide-type=\"image\"><img loading=\"lazy\" decoding=\"async\" width=\"1536\" height=\"2048\" src=\"https:\/\/www.turismocampillos.com\/web\/wp-content\/uploads\/2025\/05\/WhatsApp-Image-2025-05-14-at-10.32.43-1.jpeg\" class=\"slider-1305 slide-3450 msDefaultImage\" alt=\"\" rel=\"\" title=\"LAGUNAS\" srcset=\"https:\/\/www.turismocampillos.com\/web\/wp-content\/uploads\/2025\/05\/WhatsApp-Image-2025-05-14-at-10.32.43-1.jpeg 1536w, https:\/\/www.turismocampillos.com\/web\/wp-content\/uploads\/2025\/05\/WhatsApp-Image-2025-05-14-at-10.32.43-1-225x300.jpeg 225w, https:\/\/www.turismocampillos.com\/web\/wp-content\/uploads\/2025\/05\/WhatsApp-Image-2025-05-14-at-10.32.43-1-768x1024.jpeg 768w, https:\/\/www.turismocampillos.com\/web\/wp-content\/uploads\/2025\/05\/WhatsApp-Image-2025-05-14-at-10.32.43-1-300x400.jpeg 300w, https:\/\/www.turismocampillos.com\/web\/wp-content\/uploads\/2025\/05\/WhatsApp-Image-2025-05-14-at-10.32.43-1-1152x1536.jpeg 1152w\" sizes=\"(max-width: 1536px) 100vw, 1536px\" \/><\/li>\n                <li style=\"display: none; width: 100%;\" class=\"slide-3451 ms-image \" aria-roledescription=\"slide\" data-date=\"2025-05-14 10:38:05\" data-filename=\"WhatsApp-Image-2025-05-14-at-10.32.43.jpeg\" data-slide-type=\"image\"><img loading=\"lazy\" decoding=\"async\" width=\"1536\" height=\"2048\" src=\"https:\/\/www.turismocampillos.com\/web\/wp-content\/uploads\/2025\/05\/WhatsApp-Image-2025-05-14-at-10.32.43.jpeg\" class=\"slider-1305 slide-3451 msDefaultImage\" alt=\"\" rel=\"\" title=\"WhatsApp Image 2025-05-14 at 10.32.43\" srcset=\"https:\/\/www.turismocampillos.com\/web\/wp-content\/uploads\/2025\/05\/WhatsApp-Image-2025-05-14-at-10.32.43.jpeg 1536w, https:\/\/www.turismocampillos.com\/web\/wp-content\/uploads\/2025\/05\/WhatsApp-Image-2025-05-14-at-10.32.43-225x300.jpeg 225w, https:\/\/www.turismocampillos.com\/web\/wp-content\/uploads\/2025\/05\/WhatsApp-Image-2025-05-14-at-10.32.43-768x1024.jpeg 768w, https:\/\/www.turismocampillos.com\/web\/wp-content\/uploads\/2025\/05\/WhatsApp-Image-2025-05-14-at-10.32.43-300x400.jpeg 300w, https:\/\/www.turismocampillos.com\/web\/wp-content\/uploads\/2025\/05\/WhatsApp-Image-2025-05-14-at-10.32.43-1152x1536.jpeg 1152w\" sizes=\"(max-width: 1536px) 100vw, 1536px\" \/><\/li>\n                <li style=\"display: none; width: 100%;\" class=\"slide-3452 ms-image \" aria-roledescription=\"slide\" data-date=\"2025-05-14 10:38:05\" data-filename=\"WhatsApp-Image-2025-05-14-at-10.32.42.jpeg\" data-slide-type=\"image\"><img loading=\"lazy\" decoding=\"async\" width=\"1536\" height=\"2048\" src=\"https:\/\/www.turismocampillos.com\/web\/wp-content\/uploads\/2025\/05\/WhatsApp-Image-2025-05-14-at-10.32.42.jpeg\" class=\"slider-1305 slide-3452 msDefaultImage\" alt=\"\" rel=\"\" title=\"WhatsApp Image 2025-05-14 at 10.32.42\" srcset=\"https:\/\/www.turismocampillos.com\/web\/wp-content\/uploads\/2025\/05\/WhatsApp-Image-2025-05-14-at-10.32.42.jpeg 1536w, https:\/\/www.turismocampillos.com\/web\/wp-content\/uploads\/2025\/05\/WhatsApp-Image-2025-05-14-at-10.32.42-225x300.jpeg 225w, https:\/\/www.turismocampillos.com\/web\/wp-content\/uploads\/2025\/05\/WhatsApp-Image-2025-05-14-at-10.32.42-768x1024.jpeg 768w, https:\/\/www.turismocampillos.com\/web\/wp-content\/uploads\/2025\/05\/WhatsApp-Image-2025-05-14-at-10.32.42-300x400.jpeg 300w, https:\/\/www.turismocampillos.com\/web\/wp-content\/uploads\/2025\/05\/WhatsApp-Image-2025-05-14-at-10.32.42-1152x1536.jpeg 1152w\" sizes=\"(max-width: 1536px) 100vw, 1536px\" \/><\/li>\n                <li style=\"display: none; width: 100%;\" class=\"slide-3453 ms-image \" aria-roledescription=\"slide\" data-date=\"2025-05-14 10:38:05\" data-filename=\"WhatsApp-Image-2025-05-14-at-10.32.41.jpeg\" data-slide-type=\"image\"><img loading=\"lazy\" decoding=\"async\" width=\"1536\" height=\"2048\" src=\"https:\/\/www.turismocampillos.com\/web\/wp-content\/uploads\/2025\/05\/WhatsApp-Image-2025-05-14-at-10.32.41.jpeg\" class=\"slider-1305 slide-3453 msDefaultImage\" alt=\"\" rel=\"\" title=\"WhatsApp Image 2025-05-14 at 10.32.41\" srcset=\"https:\/\/www.turismocampillos.com\/web\/wp-content\/uploads\/2025\/05\/WhatsApp-Image-2025-05-14-at-10.32.41.jpeg 1536w, https:\/\/www.turismocampillos.com\/web\/wp-content\/uploads\/2025\/05\/WhatsApp-Image-2025-05-14-at-10.32.41-225x300.jpeg 225w, https:\/\/www.turismocampillos.com\/web\/wp-content\/uploads\/2025\/05\/WhatsApp-Image-2025-05-14-at-10.32.41-768x1024.jpeg 768w, https:\/\/www.turismocampillos.com\/web\/wp-content\/uploads\/2025\/05\/WhatsApp-Image-2025-05-14-at-10.32.41-300x400.jpeg 300w, https:\/\/www.turismocampillos.com\/web\/wp-content\/uploads\/2025\/05\/WhatsApp-Image-2025-05-14-at-10.32.41-1152x1536.jpeg 1152w\" sizes=\"(max-width: 1536px) 100vw, 1536px\" \/><\/li>\n                <li style=\"display: none; width: 100%;\" class=\"slide-1310 ms-image \" aria-roledescription=\"slide\" data-date=\"2017-07-04 13:32:15\" data-filename=\"44d6cb9348c8e623519a6fbe79c1e929772c735e646dcd3236bd942735e7b364-copia-e1510129835699.jpg\" data-slide-type=\"image\"><img loading=\"lazy\" decoding=\"async\" width=\"700\" height=\"394\" src=\"https:\/\/www.turismocampillos.com\/web\/wp-content\/uploads\/2017\/02\/44d6cb9348c8e623519a6fbe79c1e929772c735e646dcd3236bd942735e7b364-copia-e1510129835699.jpg\" class=\"slider-1305 slide-1310 msDefaultImage\" alt=\"\" rel=\"\" title=\"\" \/><\/li>\n                <li style=\"display: none; width: 100%;\" class=\"slide-3466 ms-image \" aria-roledescription=\"slide\" data-date=\"2025-05-14 12:32:02\" data-filename=\"WhatsApp-Image-2025-05-14-at-11.40.42-1.jpeg\" data-slide-type=\"image\"><img loading=\"lazy\" decoding=\"async\" width=\"2048\" height=\"1536\" src=\"https:\/\/www.turismocampillos.com\/web\/wp-content\/uploads\/2025\/05\/WhatsApp-Image-2025-05-14-at-11.40.42-1.jpeg\" class=\"slider-1305 slide-3466 msDefaultImage\" alt=\"\" rel=\"\" title=\"WhatsApp Image 2025-05-14 at 11.40.42 (1)\" srcset=\"https:\/\/www.turismocampillos.com\/web\/wp-content\/uploads\/2025\/05\/WhatsApp-Image-2025-05-14-at-11.40.42-1.jpeg 2048w, https:\/\/www.turismocampillos.com\/web\/wp-content\/uploads\/2025\/05\/WhatsApp-Image-2025-05-14-at-11.40.42-1-300x225.jpeg 300w, https:\/\/www.turismocampillos.com\/web\/wp-content\/uploads\/2025\/05\/WhatsApp-Image-2025-05-14-at-11.40.42-1-1024x768.jpeg 1024w, https:\/\/www.turismocampillos.com\/web\/wp-content\/uploads\/2025\/05\/WhatsApp-Image-2025-05-14-at-11.40.42-1-768x576.jpeg 768w, https:\/\/www.turismocampillos.com\/web\/wp-content\/uploads\/2025\/05\/WhatsApp-Image-2025-05-14-at-11.40.42-1-1536x1152.jpeg 1536w\" sizes=\"(max-width: 2048px) 100vw, 2048px\" \/><\/li>\n                <li style=\"display: none; width: 100%;\" class=\"slide-3467 ms-image \" aria-roledescription=\"slide\" data-date=\"2025-05-14 12:32:02\" data-filename=\"WhatsApp-Image-2025-05-14-at-11.40.41-1.jpeg\" data-slide-type=\"image\"><img loading=\"lazy\" decoding=\"async\" width=\"2048\" height=\"1536\" src=\"https:\/\/www.turismocampillos.com\/web\/wp-content\/uploads\/2025\/05\/WhatsApp-Image-2025-05-14-at-11.40.41-1.jpeg\" class=\"slider-1305 slide-3467 msDefaultImage\" alt=\"\" rel=\"\" title=\"WhatsApp Image 2025-05-14 at 11.40.41 (1)\" srcset=\"https:\/\/www.turismocampillos.com\/web\/wp-content\/uploads\/2025\/05\/WhatsApp-Image-2025-05-14-at-11.40.41-1.jpeg 2048w, https:\/\/www.turismocampillos.com\/web\/wp-content\/uploads\/2025\/05\/WhatsApp-Image-2025-05-14-at-11.40.41-1-300x225.jpeg 300w, https:\/\/www.turismocampillos.com\/web\/wp-content\/uploads\/2025\/05\/WhatsApp-Image-2025-05-14-at-11.40.41-1-1024x768.jpeg 1024w, https:\/\/www.turismocampillos.com\/web\/wp-content\/uploads\/2025\/05\/WhatsApp-Image-2025-05-14-at-11.40.41-1-768x576.jpeg 768w, https:\/\/www.turismocampillos.com\/web\/wp-content\/uploads\/2025\/05\/WhatsApp-Image-2025-05-14-at-11.40.41-1-1536x1152.jpeg 1536w\" sizes=\"(max-width: 2048px) 100vw, 2048px\" \/><\/li>\n                <li style=\"display: none; width: 100%;\" class=\"slide-3468 ms-image \" aria-roledescription=\"slide\" data-date=\"2025-05-14 12:32:02\" data-filename=\"WhatsApp-Image-2025-05-14-at-11.40.41.jpeg\" data-slide-type=\"image\"><img loading=\"lazy\" decoding=\"async\" width=\"2048\" height=\"1536\" src=\"https:\/\/www.turismocampillos.com\/web\/wp-content\/uploads\/2025\/05\/WhatsApp-Image-2025-05-14-at-11.40.41.jpeg\" class=\"slider-1305 slide-3468 msDefaultImage\" alt=\"\" rel=\"\" title=\"WhatsApp Image 2025-05-14 at 11.40.41\" srcset=\"https:\/\/www.turismocampillos.com\/web\/wp-content\/uploads\/2025\/05\/WhatsApp-Image-2025-05-14-at-11.40.41.jpeg 2048w, https:\/\/www.turismocampillos.com\/web\/wp-content\/uploads\/2025\/05\/WhatsApp-Image-2025-05-14-at-11.40.41-300x225.jpeg 300w, https:\/\/www.turismocampillos.com\/web\/wp-content\/uploads\/2025\/05\/WhatsApp-Image-2025-05-14-at-11.40.41-1024x768.jpeg 1024w, https:\/\/www.turismocampillos.com\/web\/wp-content\/uploads\/2025\/05\/WhatsApp-Image-2025-05-14-at-11.40.41-768x576.jpeg 768w, https:\/\/www.turismocampillos.com\/web\/wp-content\/uploads\/2025\/05\/WhatsApp-Image-2025-05-14-at-11.40.41-1536x1152.jpeg 1536w\" sizes=\"(max-width: 2048px) 100vw, 2048px\" \/><\/li>\n                <li style=\"display: none; width: 100%;\" class=\"slide-3469 ms-image \" aria-roledescription=\"slide\" data-date=\"2025-05-14 12:32:02\" data-filename=\"WhatsApp-Image-2025-05-14-at-11.40.40-1.jpeg\" data-slide-type=\"image\"><img loading=\"lazy\" decoding=\"async\" width=\"2048\" height=\"1536\" src=\"https:\/\/www.turismocampillos.com\/web\/wp-content\/uploads\/2025\/05\/WhatsApp-Image-2025-05-14-at-11.40.40-1.jpeg\" class=\"slider-1305 slide-3469 msDefaultImage\" alt=\"\" rel=\"\" title=\"WhatsApp Image 2025-05-14 at 11.40.40 (1)\" srcset=\"https:\/\/www.turismocampillos.com\/web\/wp-content\/uploads\/2025\/05\/WhatsApp-Image-2025-05-14-at-11.40.40-1.jpeg 2048w, https:\/\/www.turismocampillos.com\/web\/wp-content\/uploads\/2025\/05\/WhatsApp-Image-2025-05-14-at-11.40.40-1-300x225.jpeg 300w, https:\/\/www.turismocampillos.com\/web\/wp-content\/uploads\/2025\/05\/WhatsApp-Image-2025-05-14-at-11.40.40-1-1024x768.jpeg 1024w, https:\/\/www.turismocampillos.com\/web\/wp-content\/uploads\/2025\/05\/WhatsApp-Image-2025-05-14-at-11.40.40-1-768x576.jpeg 768w, https:\/\/www.turismocampillos.com\/web\/wp-content\/uploads\/2025\/05\/WhatsApp-Image-2025-05-14-at-11.40.40-1-1536x1152.jpeg 1536w\" sizes=\"(max-width: 2048px) 100vw, 2048px\" \/><\/li>\n                <li style=\"display: none; width: 100%;\" class=\"slide-3470 ms-image \" aria-roledescription=\"slide\" data-date=\"2025-05-14 12:32:02\" data-filename=\"WhatsApp-Image-2025-05-14-at-11.40.40.jpeg\" data-slide-type=\"image\"><img loading=\"lazy\" decoding=\"async\" width=\"2048\" height=\"1536\" src=\"https:\/\/www.turismocampillos.com\/web\/wp-content\/uploads\/2025\/05\/WhatsApp-Image-2025-05-14-at-11.40.40.jpeg\" class=\"slider-1305 slide-3470 msDefaultImage\" alt=\"\" rel=\"\" title=\"WhatsApp Image 2025-05-14 at 11.40.40\" srcset=\"https:\/\/www.turismocampillos.com\/web\/wp-content\/uploads\/2025\/05\/WhatsApp-Image-2025-05-14-at-11.40.40.jpeg 2048w, https:\/\/www.turismocampillos.com\/web\/wp-content\/uploads\/2025\/05\/WhatsApp-Image-2025-05-14-at-11.40.40-300x225.jpeg 300w, https:\/\/www.turismocampillos.com\/web\/wp-content\/uploads\/2025\/05\/WhatsApp-Image-2025-05-14-at-11.40.40-1024x768.jpeg 1024w, https:\/\/www.turismocampillos.com\/web\/wp-content\/uploads\/2025\/05\/WhatsApp-Image-2025-05-14-at-11.40.40-768x576.jpeg 768w, https:\/\/www.turismocampillos.com\/web\/wp-content\/uploads\/2025\/05\/WhatsApp-Image-2025-05-14-at-11.40.40-1536x1152.jpeg 1536w\" sizes=\"(max-width: 2048px) 100vw, 2048px\" \/><\/li>\n                <li style=\"display: none; width: 100%;\" class=\"slide-3471 ms-image \" aria-roledescription=\"slide\" data-date=\"2025-05-14 12:32:03\" data-filename=\"WhatsApp-Image-2025-05-14-at-11.40.38.jpeg\" data-slide-type=\"image\"><img loading=\"lazy\" decoding=\"async\" width=\"1536\" height=\"2048\" src=\"https:\/\/www.turismocampillos.com\/web\/wp-content\/uploads\/2025\/05\/WhatsApp-Image-2025-05-14-at-11.40.38.jpeg\" class=\"slider-1305 slide-3471 msDefaultImage\" alt=\"\" rel=\"\" title=\"WhatsApp Image 2025-05-14 at 11.40.38\" srcset=\"https:\/\/www.turismocampillos.com\/web\/wp-content\/uploads\/2025\/05\/WhatsApp-Image-2025-05-14-at-11.40.38.jpeg 1536w, https:\/\/www.turismocampillos.com\/web\/wp-content\/uploads\/2025\/05\/WhatsApp-Image-2025-05-14-at-11.40.38-225x300.jpeg 225w, https:\/\/www.turismocampillos.com\/web\/wp-content\/uploads\/2025\/05\/WhatsApp-Image-2025-05-14-at-11.40.38-768x1024.jpeg 768w, https:\/\/www.turismocampillos.com\/web\/wp-content\/uploads\/2025\/05\/WhatsApp-Image-2025-05-14-at-11.40.38-300x400.jpeg 300w, https:\/\/www.turismocampillos.com\/web\/wp-content\/uploads\/2025\/05\/WhatsApp-Image-2025-05-14-at-11.40.38-1152x1536.jpeg 1152w\" sizes=\"(max-width: 1536px) 100vw, 1536px\" \/><\/li>\n                <li style=\"display: none; width: 100%;\" class=\"slide-3472 ms-image \" aria-roledescription=\"slide\" data-date=\"2025-05-14 12:32:03\" data-filename=\"WhatsApp-Image-2025-05-14-at-11.40.37.jpeg\" data-slide-type=\"image\"><img loading=\"lazy\" decoding=\"async\" width=\"1536\" height=\"2048\" src=\"https:\/\/www.turismocampillos.com\/web\/wp-content\/uploads\/2025\/05\/WhatsApp-Image-2025-05-14-at-11.40.37.jpeg\" class=\"slider-1305 slide-3472 msDefaultImage\" alt=\"\" rel=\"\" title=\"WhatsApp Image 2025-05-14 at 11.40.37\" srcset=\"https:\/\/www.turismocampillos.com\/web\/wp-content\/uploads\/2025\/05\/WhatsApp-Image-2025-05-14-at-11.40.37.jpeg 1536w, https:\/\/www.turismocampillos.com\/web\/wp-content\/uploads\/2025\/05\/WhatsApp-Image-2025-05-14-at-11.40.37-225x300.jpeg 225w, https:\/\/www.turismocampillos.com\/web\/wp-content\/uploads\/2025\/05\/WhatsApp-Image-2025-05-14-at-11.40.37-768x1024.jpeg 768w, https:\/\/www.turismocampillos.com\/web\/wp-content\/uploads\/2025\/05\/WhatsApp-Image-2025-05-14-at-11.40.37-300x400.jpeg 300w, https:\/\/www.turismocampillos.com\/web\/wp-content\/uploads\/2025\/05\/WhatsApp-Image-2025-05-14-at-11.40.37-1152x1536.jpeg 1152w\" sizes=\"(max-width: 1536px) 100vw, 1536px\" \/><\/li>\n            <\/ul>\n        <\/div>\n        \n    <\/div>\n<\/div>\t\t\t\t\t\t\t\t<\/div>\n\t\t\t\t<\/div>\n\t\t\t\t\t<\/div>\n\t\t<\/div>\n\t\t\t\t\t<\/div>\n\t\t<\/section>\n\t\t\t\t<\/div>\n\t\t","protected":false},"excerpt":{"rendered":"<p>Ruta de las Cinco Lagunas RUTA CIRCULAR DIFICULTAD MEDIA DISTANCIA 14 KM TIEMPO ESTIMADO: 4 HORAS VER RUTA Esta ruta nos lleva a recorrer las 5 lagunas que transcurren por parte de La Gran Senda de M\u00e1laga. Comenzando por la carretera de Gobantes (A-7286) antes de llegar al Colegio San Jos\u00e9, tomamos el camino que [&hellip;]<\/p>\n","protected":false},"author":1,"featured_media":0,"parent":990,"menu_order":0,"comment_status":"closed","ping_status":"closed","template":"","meta":{"site-sidebar-layout":"default","site-content-layout":"","ast-site-content-layout":"default","site-content-style":"default","site-sidebar-style":"default","ast-global-header-display":"","ast-banner-title-visibility":"","ast-main-header-display":"","ast-hfb-above-header-display":"","ast-hfb-below-header-display":"","ast-hfb-mobile-header-display":"","site-post-title":"","ast-breadcrumbs-content":"","ast-featured-img":"","footer-sml-layout":"","ast-disable-related-posts":"","theme-transparent-header-meta":"","adv-header-id-meta":"","stick-header-meta":"","header-above-stick-meta":"","header-main-stick-meta":"","header-below-stick-meta":"","astra-migrate-meta-layouts":"default","ast-page-background-enabled":"default","ast-page-background-meta":{"desktop":{"background-color":"var(--ast-global-color-4)","background-image":"","background-repeat":"repeat","background-position":"center center","background-size":"auto","background-attachment":"scroll","background-type":"","background-media":"","overlay-type":"","overlay-color":"","overlay-opacity":"","overlay-gradient":""},"tablet":{"background-color":"","background-image":"","background-repeat":"repeat","background-position":"center center","background-size":"auto","background-attachment":"scroll","background-type":"","background-media":"","overlay-type":"","overlay-color":"","overlay-opacity":"","overlay-gradient":""},"mobile":{"background-color":"","background-image":"","background-repeat":"repeat","background-position":"center center","background-size":"auto","background-attachment":"scroll","background-type":"","background-media":"","overlay-type":"","overlay-color":"","overlay-opacity":"","overlay-gradient":""}},"ast-content-background-meta":{"desktop":{"background-color":"var(--ast-global-color-5)","background-image":"","background-repeat":"repeat","background-position":"center center","background-size":"auto","background-attachment":"scroll","background-type":"","background-media":"","overlay-type":"","overlay-color":"","overlay-opacity":"","overlay-gradient":""},"tablet":{"background-color":"var(--ast-global-color-5)","background-image":"","background-repeat":"repeat","background-position":"center center","background-size":"auto","background-attachment":"scroll","background-type":"","background-media":"","overlay-type":"","overlay-color":"","overlay-opacity":"","overlay-gradient":""},"mobile":{"background-color":"var(--ast-global-color-5)","background-image":"","background-repeat":"repeat","background-position":"center center","background-size":"auto","background-attachment":"scroll","background-type":"","background-media":"","overlay-type":"","overlay-color":"","overlay-opacity":"","overlay-gradient":""}},"footnotes":""},"class_list":["post-202","page","type-page","status-publish","hentry"],"_links":{"self":[{"href":"https:\/\/www.turismocampillos.com\/web\/wp-json\/wp\/v2\/pages\/202","targetHints":{"allow":["GET"]}}],"collection":[{"href":"https:\/\/www.turismocampillos.com\/web\/wp-json\/wp\/v2\/pages"}],"about":[{"href":"https:\/\/www.turismocampillos.com\/web\/wp-json\/wp\/v2\/types\/page"}],"author":[{"embeddable":true,"href":"https:\/\/www.turismocampillos.com\/web\/wp-json\/wp\/v2\/users\/1"}],"replies":[{"embeddable":true,"href":"https:\/\/www.turismocampillos.com\/web\/wp-json\/wp\/v2\/comments?post=202"}],"version-history":[{"count":0,"href":"https:\/\/www.turismocampillos.com\/web\/wp-json\/wp\/v2\/pages\/202\/revisions"}],"up":[{"embeddable":true,"href":"https:\/\/www.turismocampillos.com\/web\/wp-json\/wp\/v2\/pages\/990"}],"wp:attachment":[{"href":"https:\/\/www.turismocampillos.com\/web\/wp-json\/wp\/v2\/media?parent=202"}],"curies":[{"name":"wp","href":"https:\/\/api.w.org\/{rel}","templated":true}]}}