{"id":204,"date":"2017-02-10T13:42:45","date_gmt":"2017-02-10T12:42:45","guid":{"rendered":"http:\/\/www.turismocampillos.com\/web\/?page_id=204"},"modified":"2017-11-08T14:15:23","modified_gmt":"2017-11-08T13:15:23","slug":"ruta-de-los-parques-eolicos","status":"publish","type":"page","link":"https:\/\/www.turismocampillos.com\/web\/turismo-campillos\/turismo-activo\/rutas\/ruta-de-los-parques-eolicos\/","title":{"rendered":"Ruta de los parques e\u00f3licos"},"content":{"rendered":"<h1>Ruta de los parques e\u00f3licos<\/h1>\n<div id=\"metaslider-id-890\" style=\"max-width: 900px;\" class=\"ml-slider-3-108-0 metaslider metaslider-flex metaslider-890 ml-slider has-dots-nav ms-theme-default\" role=\"region\" aria-label=\"Parques E\u00f3licos\" data-height=\"550\" data-width=\"900\">\n    <div id=\"metaslider_container_890\">\n        <div id=\"metaslider_890\">\n            <ul class='slides'>\n                <li style=\"display: block; width: 100%;\" class=\"slide-891 ms-image \" aria-roledescription=\"slide\" data-date=\"2017-05-18 12:27:59\" data-filename=\"Ruta-de-los-Parques-E\u00f3licos-de-Campillos-2.jpg\" data-slide-type=\"image\"><img fetchpriority=\"high\" decoding=\"async\" width=\"640\" height=\"384\" src=\"https:\/\/www.turismocampillos.com\/web\/wp-content\/uploads\/2017\/02\/Ruta-de-los-Parques-E\u00f3licos-de-Campillos-2.jpg\" class=\"slider-890 slide-891 msDefaultImage\" alt=\"\" rel=\"\" title=\"\" style=\"margin-top: 0.55555555555556%\" srcset=\"https:\/\/www.turismocampillos.com\/web\/wp-content\/uploads\/2017\/02\/Ruta-de-los-Parques-E\u00f3licos-de-Campillos-2.jpg 640w, https:\/\/www.turismocampillos.com\/web\/wp-content\/uploads\/2017\/02\/Ruta-de-los-Parques-E\u00f3licos-de-Campillos-2-300x180.jpg 300w\" sizes=\"(max-width: 640px) 100vw, 640px\" \/><\/li>\n                <li style=\"display: none; width: 100%;\" class=\"slide-892 ms-image \" aria-roledescription=\"slide\" data-date=\"2017-05-18 12:27:59\" data-filename=\"Ruta-de-los-Parques-E\u00f3licos-de-Campillos-1.jpg\" data-slide-type=\"image\"><img decoding=\"async\" width=\"640\" height=\"384\" src=\"https:\/\/www.turismocampillos.com\/web\/wp-content\/uploads\/2017\/02\/Ruta-de-los-Parques-E\u00f3licos-de-Campillos-1.jpg\" class=\"slider-890 slide-892 msDefaultImage\" alt=\"\" rel=\"\" title=\"\" style=\"margin-top: 0.55555555555556%\" srcset=\"https:\/\/www.turismocampillos.com\/web\/wp-content\/uploads\/2017\/02\/Ruta-de-los-Parques-E\u00f3licos-de-Campillos-1.jpg 640w, https:\/\/www.turismocampillos.com\/web\/wp-content\/uploads\/2017\/02\/Ruta-de-los-Parques-E\u00f3licos-de-Campillos-1-300x180.jpg 300w\" sizes=\"(max-width: 640px) 100vw, 640px\" \/><\/li>\n                <li style=\"display: none; width: 100%;\" class=\"slide-893 ms-image \" aria-roledescription=\"slide\" data-date=\"2017-05-18 12:27:59\" data-filename=\"Ruta-de-los-Parques-E\u00f3licos-de-Campillos-5.jpg\" data-slide-type=\"image\"><img decoding=\"async\" width=\"640\" height=\"384\" src=\"https:\/\/www.turismocampillos.com\/web\/wp-content\/uploads\/2017\/02\/Ruta-de-los-Parques-E\u00f3licos-de-Campillos-5.jpg\" class=\"slider-890 slide-893 msDefaultImage\" alt=\"\" rel=\"\" title=\"\" style=\"margin-top: 0.55555555555556%\" srcset=\"https:\/\/www.turismocampillos.com\/web\/wp-content\/uploads\/2017\/02\/Ruta-de-los-Parques-E\u00f3licos-de-Campillos-5.jpg 640w, https:\/\/www.turismocampillos.com\/web\/wp-content\/uploads\/2017\/02\/Ruta-de-los-Parques-E\u00f3licos-de-Campillos-5-300x180.jpg 300w\" sizes=\"(max-width: 640px) 100vw, 640px\" \/><\/li>\n                <li style=\"display: none; width: 100%;\" class=\"slide-894 ms-image \" aria-roledescription=\"slide\" data-date=\"2017-05-18 12:27:59\" data-filename=\"Ruta-de-los-Parques-E\u00f3licos-de-Campillos-4.jpg\" data-slide-type=\"image\"><img loading=\"lazy\" decoding=\"async\" width=\"640\" height=\"384\" src=\"https:\/\/www.turismocampillos.com\/web\/wp-content\/uploads\/2017\/02\/Ruta-de-los-Parques-E\u00f3licos-de-Campillos-4.jpg\" class=\"slider-890 slide-894 msDefaultImage\" alt=\"\" rel=\"\" title=\"\" style=\"margin-top: 0.55555555555556%\" srcset=\"https:\/\/www.turismocampillos.com\/web\/wp-content\/uploads\/2017\/02\/Ruta-de-los-Parques-E\u00f3licos-de-Campillos-4.jpg 640w, https:\/\/www.turismocampillos.com\/web\/wp-content\/uploads\/2017\/02\/Ruta-de-los-Parques-E\u00f3licos-de-Campillos-4-300x180.jpg 300w\" sizes=\"(max-width: 640px) 100vw, 640px\" \/><\/li>\n                <li style=\"display: none; width: 100%;\" class=\"slide-895 ms-image \" aria-roledescription=\"slide\" data-date=\"2017-05-18 12:27:59\" data-filename=\"Ruta-de-los-Parques-E\u00f3licos-de-Campillos-3.jpg\" data-slide-type=\"image\"><img loading=\"lazy\" decoding=\"async\" width=\"640\" height=\"384\" src=\"https:\/\/www.turismocampillos.com\/web\/wp-content\/uploads\/2017\/02\/Ruta-de-los-Parques-E\u00f3licos-de-Campillos-3.jpg\" class=\"slider-890 slide-895 msDefaultImage\" alt=\"\" rel=\"\" title=\"\" style=\"margin-top: 0.55555555555556%\" srcset=\"https:\/\/www.turismocampillos.com\/web\/wp-content\/uploads\/2017\/02\/Ruta-de-los-Parques-E\u00f3licos-de-Campillos-3.jpg 640w, https:\/\/www.turismocampillos.com\/web\/wp-content\/uploads\/2017\/02\/Ruta-de-los-Parques-E\u00f3licos-de-Campillos-3-300x180.jpg 300w\" sizes=\"(max-width: 640px) 100vw, 640px\" \/><\/li>\n            <\/ul>\n        <\/div>\n        \n    <\/div>\n<\/div>\n<p>En el t\u00e9rmino municipal de Campillos, junto a la carretera que va al Saucejo (MA-6470), dirigi\u00e9ndonos al parque E\u00f3lico de los Barrancos, comienza esta ruta que transcurre entre los aerogeneradores 1 y 2, y que vuelve al punto de inicio cerca de la Ca\u00f1ada Real de Almargen a Sierra Yeguas. Los impresionantes \u201cmolinos\u201d, el inquietante sonido de sus gigantes aspas al girar, la belleza del paisaje donde los cultivos se extienden por las colinas ondeantes, hacen que esta ruta sea un tanto peculiar.<\/p>\n<p><img loading=\"lazy\" decoding=\"async\" class=\"aligncenter wp-image-596 size-full\" src=\"https:\/\/www.turismocampillos.com\/web\/wp-content\/uploads\/2017\/02\/mapa-pr-a-378-ruta-del-viento.jpg\" alt=\"\" width=\"784\" height=\"524\" \/><\/p>\n<p><!--more--><\/p>\n<p><strong>M\u00e1s informaci\u00f3n. Descargar documentos PDF<\/strong><\/p>\n<ul>\n<li><a href=\"https:\/\/www.turismocampillos.com\/web\/wp-content\/uploads\/2017\/02\/PR-A-378_infosenderos_web.pdf\">PR-A 378_infosenderos_web.pdf<\/a><\/li>\n<li><a href=\"https:\/\/www.turismocampillos.com\/web\/wp-content\/uploads\/2017\/02\/mapa-pr-a-378-ruta-del-viento.-los-barrancos.pdf\">mapa-pr-a-378-ruta-del-viento.-los-barrancos.pdf<\/a><\/li>\n<\/ul>\n<p><strong>Ficha de Sendero<\/strong><\/p>\n<p style=\"padding-left: 30px;\">COMARCA: Antequera<br \/>\nNOMBRE DEL ESPACIO NATURA:<br \/>\nPROVINCIA: M\u00e1laga.<br \/>\nMUNICIPIO\/S: Campillos.<br \/>\nORIGEN: Carretera MA-6407 carretera de Saucejo &#8211; Campillos.<br \/>\nUnos metros antes de llegar al Cortijo de Luis de Toro.<br \/>\nDESTINO: El mismo de origen.<br \/>\nFECHA DE HOMOLOGACI\u00d3N: 2012<\/p>\n<p><strong>Datos Descriptivos<\/strong><\/p>\n<div>\n<p style=\"padding-left: 30px;\">TRAYECTO\/TIPO RECORRIDO: Circular.<br \/>\nLONGITUD: 9,5 km.<br \/>\nLONGITUD DE IDA Y VUELTA: No procede.<br \/>\nTIEMPO ESTIMADO: 3 horas.<br \/>\nTIEMPO ESTIMADO DE IDA Y VUELTA: No procede.<br \/>\n\u00c9POCA RECOMENDABLE: Todas.<br \/>\nDIFICULTAD IDA: Mide 1-2-1-2.<br \/>\nPUNTOS DE AGUA: no existen.<br \/>\nCOORDENADAS UTM (X\/Y) INICIO: 30S x=326837 y=4104156.<br \/>\nCOORDENADA UTM (X\/Y) FINAL: 30S x=326837 y=4104156.<br \/>\nDESNIVEL M\u00c1XIMO: 153 m.<br \/>\nDESNIVEL ACUMULADO DE ASCENSO: 277 m.<br \/>\nC\u00d3MO LLEGAR: Saliendo de Campillos, a unos 8 km, por la carretera MA-6407 carretera de Campillos a Saucejo, entre el km 16 y 17. Se ubica junto a una antena perfectamente visible, que se utilizar\u00e1 como aparcamiento, a la que se llega cogiendo una pista a la derecha (abandonando la citada carretera), unos metros antes de llegar al Cortijo de Luis de Toro.<\/p>\n<\/div>\n<p><strong>Otros datos del Sendero<\/strong><\/p>\n<div style=\"padding-left: 30px;\">RESTRICCIONES POR MOTIVOS AMBIENTALES: no.<\/div>\n<div style=\"padding-left: 30px;\">ACCESIBILIDAD: BTT, Caballo y a Pie.<\/div>\n<div style=\"padding-left: 30px;\">CARTOGRAF\u00cdA: Pliego 1:25.000, 1022-IV . Hoja 1:10.000, 1022 (3-3).<\/div>\n<div style=\"padding-left: 30px;\">DISPONIBILIDAD DE TRACK: SI.<\/div>\n<div><\/div>\n<p><strong>Descripci\u00f3n<\/strong><\/p>\n<div>\n<p style=\"padding-left: 30px;\">En la comarca de Antequera, dentro del municipio de Campillos, disponemos de este sendero creado dentro del programa \u201cNaturaleza y Territorio\u201d. Transcurre lim\u00edtrofe al parque e\u00f3lico \u201cLos Barrancos\u201d, instalaci\u00f3n declarada de utilidad p\u00fablica por la Delegaci\u00f3n Provincial de Econom\u00eda, Innovaci\u00f3n y Ciencia de la Junta de Andaluc\u00eda.<\/p>\n<p style=\"padding-left: 30px;\">Entre ondulados campos caminamos por una pista paralela a la carretera, direcci\u00f3n a la Ca\u00f1ada Real de Osuna. Una vez en la vereda y a unos 300 metros, se encuentra el Cortijo de los Barrancos y a la izquierda sale el Camino de los Barrancos. El recorrido sigue a la derecha por dicha Vereda, para aproximadamente a 1 kil\u00f3metro incorporarse a la pista principal del Parque E\u00f3lico. Pasa junto al aerogenerador n\u00ba1, desde el que se puede disfrutar de unas maravillosas vistas panor\u00e1micas de parte de la Serran\u00eda de M\u00e1laga y de los pueblos Mart\u00edn de la Jara y Los Corrales.<\/p>\n<div style=\"padding-left: 30px;\">Al llegar al aerogenerador n\u00ba2, seguimos de frente por una pista descendente, para bajar hasta el Barranco de la Moneda. En este punto se abandona la pista y a pocos metros, y ya por vereda, se cruza el barranco.<\/div>\n<div style=\"padding-left: 30px;\">En el entorno del parque o en su interior iremos acercandonos hacia la Ca\u00f1ada Real de Almangen a Sierra Yeguas y hacia la carretera de Campillos a Saucejo, cerca de nuevo del inicio de nuestro sendero.<\/div>\n<div style=\"padding-left: 30px; text-align: right;\"><em>Datos del Registro Andaluz de Senderos de la FEDERACI\u00d3N ANDALUZA DE MONTA\u00d1ISMO<\/em><\/div>\n<\/div>\n","protected":false},"excerpt":{"rendered":"<p>Ruta de los parques e\u00f3licos En el t\u00e9rmino municipal de Campillos, junto a la carretera que va al Saucejo (MA-6470), dirigi\u00e9ndonos al parque E\u00f3lico de los Barrancos, comienza esta ruta que transcurre entre los aerogeneradores 1 y 2, y que vuelve al punto de inicio cerca de la Ca\u00f1ada Real de Almargen a Sierra Yeguas. [&hellip;]<\/p>\n","protected":false},"author":1,"featured_media":0,"parent":610,"menu_order":0,"comment_status":"closed","ping_status":"closed","template":"","meta":{"site-sidebar-layout":"default","site-content-layout":"","ast-site-content-layout":"default","site-content-style":"default","site-sidebar-style":"default","ast-global-header-display":"","ast-banner-title-visibility":"","ast-main-header-display":"","ast-hfb-above-header-display":"","ast-hfb-below-header-display":"","ast-hfb-mobile-header-display":"","site-post-title":"","ast-breadcrumbs-content":"","ast-featured-img":"","footer-sml-layout":"","ast-disable-related-posts":"","theme-transparent-header-meta":"","adv-header-id-meta":"","stick-header-meta":"","header-above-stick-meta":"","header-main-stick-meta":"","header-below-stick-meta":"","astra-migrate-meta-layouts":"default","ast-page-background-enabled":"default","ast-page-background-meta":{"desktop":{"background-color":"var(--ast-global-color-4)","background-image":"","background-repeat":"repeat","background-position":"center center","background-size":"auto","background-attachment":"scroll","background-type":"","background-media":"","overlay-type":"","overlay-color":"","overlay-opacity":"","overlay-gradient":""},"tablet":{"background-color":"","background-image":"","background-repeat":"repeat","background-position":"center center","background-size":"auto","background-attachment":"scroll","background-type":"","background-media":"","overlay-type":"","overlay-color":"","overlay-opacity":"","overlay-gradient":""},"mobile":{"background-color":"","background-image":"","background-repeat":"repeat","background-position":"center center","background-size":"auto","background-attachment":"scroll","background-type":"","background-media":"","overlay-type":"","overlay-color":"","overlay-opacity":"","overlay-gradient":""}},"ast-content-background-meta":{"desktop":{"background-color":"var(--ast-global-color-5)","background-image":"","background-repeat":"repeat","background-position":"center center","background-size":"auto","background-attachment":"scroll","background-type":"","background-media":"","overlay-type":"","overlay-color":"","overlay-opacity":"","overlay-gradient":""},"tablet":{"background-color":"var(--ast-global-color-5)","background-image":"","background-repeat":"repeat","background-position":"center center","background-size":"auto","background-attachment":"scroll","background-type":"","background-media":"","overlay-type":"","overlay-color":"","overlay-opacity":"","overlay-gradient":""},"mobile":{"background-color":"var(--ast-global-color-5)","background-image":"","background-repeat":"repeat","background-position":"center center","background-size":"auto","background-attachment":"scroll","background-type":"","background-media":"","overlay-type":"","overlay-color":"","overlay-opacity":"","overlay-gradient":""}},"footnotes":""},"class_list":["post-204","page","type-page","status-publish","hentry"],"_links":{"self":[{"href":"https:\/\/www.turismocampillos.com\/web\/wp-json\/wp\/v2\/pages\/204","targetHints":{"allow":["GET"]}}],"collection":[{"href":"https:\/\/www.turismocampillos.com\/web\/wp-json\/wp\/v2\/pages"}],"about":[{"href":"https:\/\/www.turismocampillos.com\/web\/wp-json\/wp\/v2\/types\/page"}],"author":[{"embeddable":true,"href":"https:\/\/www.turismocampillos.com\/web\/wp-json\/wp\/v2\/users\/1"}],"replies":[{"embeddable":true,"href":"https:\/\/www.turismocampillos.com\/web\/wp-json\/wp\/v2\/comments?post=204"}],"version-history":[{"count":0,"href":"https:\/\/www.turismocampillos.com\/web\/wp-json\/wp\/v2\/pages\/204\/revisions"}],"up":[{"embeddable":true,"href":"https:\/\/www.turismocampillos.com\/web\/wp-json\/wp\/v2\/pages\/610"}],"wp:attachment":[{"href":"https:\/\/www.turismocampillos.com\/web\/wp-json\/wp\/v2\/media?parent=204"}],"curies":[{"name":"wp","href":"https:\/\/api.w.org\/{rel}","templated":true}]}}