{"id":208,"date":"2017-02-10T13:50:45","date_gmt":"2017-02-10T12:50:45","guid":{"rendered":"http:\/\/www.turismocampillos.com\/web\/?page_id=208"},"modified":"2025-08-29T11:39:35","modified_gmt":"2025-08-29T09:39:35","slug":"caminito-del-rey","status":"publish","type":"page","link":"https:\/\/www.turismocampillos.com\/web\/actividades\/caminito-del-rey\/","title":{"rendered":"Caminito del Rey"},"content":{"rendered":"\t\t<div data-elementor-type=\"wp-page\" data-elementor-id=\"208\" class=\"elementor elementor-208\">\n\t\t\t\t\t\t<section class=\"elementor-section elementor-top-section elementor-element elementor-element-1d47f3f elementor-section-boxed elementor-section-height-default elementor-section-height-default\" data-id=\"1d47f3f\" data-element_type=\"section\" data-e-type=\"section\">\n\t\t\t\t\t\t<div class=\"elementor-container elementor-column-gap-default\">\n\t\t\t\t\t<div class=\"elementor-column elementor-col-100 elementor-top-column elementor-element elementor-element-68b0bd6\" data-id=\"68b0bd6\" data-element_type=\"column\" data-e-type=\"column\">\n\t\t\t<div class=\"elementor-widget-wrap elementor-element-populated\">\n\t\t\t\t\t\t<div class=\"elementor-element elementor-element-3883156 elementor-widget elementor-widget-heading\" data-id=\"3883156\" data-element_type=\"widget\" data-e-type=\"widget\" data-widget_type=\"heading.default\">\n\t\t\t\t<div class=\"elementor-widget-container\">\n\t\t\t\t\t<h1 class=\"elementor-heading-title elementor-size-default\">CAMINITO DEL REY<\/h1>\t\t\t\t<\/div>\n\t\t\t\t<\/div>\n\t\t\t\t\t<\/div>\n\t\t<\/div>\n\t\t\t\t\t<\/div>\n\t\t<\/section>\n\t\t\t\t<section class=\"elementor-section elementor-top-section elementor-element elementor-element-d4ac10b elementor-section-boxed elementor-section-height-default elementor-section-height-default\" data-id=\"d4ac10b\" data-element_type=\"section\" data-e-type=\"section\">\n\t\t\t\t\t\t<div class=\"elementor-container elementor-column-gap-default\">\n\t\t\t\t\t<div class=\"elementor-column elementor-col-100 elementor-top-column elementor-element elementor-element-068fcc6\" data-id=\"068fcc6\" data-element_type=\"column\" data-e-type=\"column\">\n\t\t\t<div class=\"elementor-widget-wrap elementor-element-populated\">\n\t\t\t\t\t\t<div class=\"elementor-element elementor-element-96df9b7 elementor-widget elementor-widget-text-editor\" data-id=\"96df9b7\" data-element_type=\"widget\" data-e-type=\"widget\" data-widget_type=\"text-editor.default\">\n\t\t\t\t<div class=\"elementor-widget-container\">\n\t\t\t\t\t\t\t\t\t<p>El\u00a0<span style=\"font-weight: bold;\" data-start=\"239\" data-end=\"259\">Caminito del Rey<\/span>, una famosa pasarela peatonal de m\u00e1s de\u00a0<span style=\"font-weight: bold;\" data-start=\"300\" data-end=\"316\">3 kil\u00f3metros<\/span>\u00a0de largo, se encuentra suspendida sobre las impresionantes paredes del\u00a0<span style=\"font-weight: bold;\" data-start=\"388\" data-end=\"419\">Desfiladero de los Gaitanes<\/span>, en la provincia de M\u00e1laga. Este ic\u00f3nico recorrido, de solo\u00a0<span style=\"font-weight: bold;\" data-start=\"488\" data-end=\"509\">un metro de ancho<\/span>, cuelga sobre el\u00a0<span style=\"font-weight: bold;\" data-start=\"527\" data-end=\"546\">r\u00edo Guadalhorce<\/span>, alcanzando alturas de hasta\u00a0<span style=\"font-weight: bold;\" data-start=\"576\" data-end=\"590\">105 metros<\/span>. Es una de las rutas m\u00e1s emocionantes y espectaculares para los amantes de la naturaleza y el turismo de aventura.<\/p>\t\t\t\t\t\t\t\t<\/div>\n\t\t\t\t<\/div>\n\t\t\t\t\t<\/div>\n\t\t<\/div>\n\t\t\t\t\t<\/div>\n\t\t<\/section>\n\t\t\t\t<section class=\"elementor-section elementor-top-section elementor-element elementor-element-112cea2 elementor-section-boxed elementor-section-height-default elementor-section-height-default\" data-id=\"112cea2\" data-element_type=\"section\" data-e-type=\"section\">\n\t\t\t\t\t\t<div class=\"elementor-container elementor-column-gap-default\">\n\t\t\t\t\t<div class=\"elementor-column elementor-col-100 elementor-top-column elementor-element elementor-element-ca93512\" data-id=\"ca93512\" data-element_type=\"column\" data-e-type=\"column\">\n\t\t\t<div class=\"elementor-widget-wrap\">\n\t\t\t\t\t\t\t<\/div>\n\t\t<\/div>\n\t\t\t\t\t<\/div>\n\t\t<\/section>\n\t\t\t\t<section class=\"elementor-section elementor-top-section elementor-element elementor-element-9cf8f85 elementor-section-boxed elementor-section-height-default elementor-section-height-default\" data-id=\"9cf8f85\" data-element_type=\"section\" data-e-type=\"section\">\n\t\t\t\t\t\t<div class=\"elementor-container elementor-column-gap-default\">\n\t\t\t\t\t<div class=\"elementor-column elementor-col-100 elementor-top-column elementor-element elementor-element-cf2d848\" data-id=\"cf2d848\" data-element_type=\"column\" data-e-type=\"column\">\n\t\t\t<div class=\"elementor-widget-wrap elementor-element-populated\">\n\t\t\t\t\t\t<div class=\"elementor-element elementor-element-9659686 elementor-widget__width-initial elementor-widget elementor-widget-image\" data-id=\"9659686\" data-element_type=\"widget\" data-e-type=\"widget\" data-widget_type=\"image.default\">\n\t\t\t\t<div class=\"elementor-widget-container\">\n\t\t\t\t\t\t\t\t\t\t\t\t\t\t\t<img fetchpriority=\"high\" decoding=\"async\" width=\"900\" height=\"560\" src=\"https:\/\/www.turismocampillos.com\/web\/wp-content\/uploads\/2025\/08\/Caminito_11-900x560-1.jpg\" class=\"attachment-full size-full wp-image-3549\" alt=\"Puente colgante suspendido a lo largo del Desfiladero de los Gaitanes en el Caminito del Rey\" srcset=\"https:\/\/www.turismocampillos.com\/web\/wp-content\/uploads\/2025\/08\/Caminito_11-900x560-1.jpg 900w, https:\/\/www.turismocampillos.com\/web\/wp-content\/uploads\/2025\/08\/Caminito_11-900x560-1-300x187.jpg 300w, https:\/\/www.turismocampillos.com\/web\/wp-content\/uploads\/2025\/08\/Caminito_11-900x560-1-768x478.jpg 768w\" sizes=\"(max-width: 900px) 100vw, 900px\" \/>\t\t\t\t\t\t\t\t\t\t\t\t\t\t\t<\/div>\n\t\t\t\t<\/div>\n\t\t\t\t<div class=\"elementor-element elementor-element-1adeadc7 elementor-widget__width-inherit elementor-widget elementor-widget-text-editor\" data-id=\"1adeadc7\" data-element_type=\"widget\" data-e-type=\"widget\" data-widget_type=\"text-editor.default\">\n\t\t\t\t<div class=\"elementor-widget-container\">\n\t\t\t\t\t\t\t\t\t<h2><strong><span style=\"font-size: 1.625rem; font-style: inherit; color: #008000;\">Historia del Caminito del Rey<\/span><\/strong><\/h2>\n<p data-start=\"742\" data-end=\"1050\"><span style=\"color: #000000;\">El <strong data-start=\"745\" data-end=\"774\">Caminito del Rey original<\/strong> fue construido entre <strong data-start=\"796\" data-end=\"811\">1901 y 1905<\/strong> por la <strong data-start=\"819\" data-end=\"855\">Sociedad Hidrogr\u00e1fica del Chorro<\/strong>, con el fin de proporcionar acceso a los operarios que trabajaban en los Saltos del Chorro y Gaitanejo, facilitando el transporte de materiales y el mantenimiento en ambos lados del desfiladero.<\/span><\/p>\n<h3><strong><span style=\"color: #008000;\">Rehabilitaci\u00f3n y el origen del nombre<\/span><\/strong><\/h3>\n<p data-start=\"1096\" data-end=\"1494\"><span style=\"color: #000000;\">En <strong data-start=\"1099\" data-end=\"1107\">1921<\/strong>, con la inauguraci\u00f3n del <strong data-start=\"1133\" data-end=\"1160\">embalse del Guadalhorce<\/strong>, el <strong data-start=\"1165\" data-end=\"1185\">rey Alfonso XIII<\/strong> cruz\u00f3 el <strong data-start=\"1195\" data-end=\"1215\">Caminito del Rey<\/strong>, lo que marc\u00f3 su popularizaci\u00f3n con este nombre. En los a\u00f1os posteriores, la belleza de su recorrido atrajo a numerosos visitantes, incluidos amigos y familiares del ingeniero <strong data-start=\"1392\" data-end=\"1411\">Rafael Benjumea<\/strong>, quien decidi\u00f3 mejorar y reparar el puente que un\u00eda los dos lados del desfiladero.<\/span><\/p>\n<h3><span style=\"color: #008000;\"><strong>De la desaparici\u00f3n al resurgimiento<\/strong><\/span><\/h3>\n<p data-start=\"1537\" data-end=\"1964\"><span style=\"color: #000000;\">A lo largo de los a\u00f1os, el <strong data-start=\"1564\" data-end=\"1584\">Caminito del Rey<\/strong> sufri\u00f3 el deterioro de su estructura. En muchos tramos, la barandilla desapareci\u00f3 casi por completo, y varias secciones del camino quedaron derruidas. A pesar de estos peligros, la ruta se convirti\u00f3 en un destino popular para los excursionistas, especialmente en Europa, que acud\u00edan a explorar sus impresionantes vistas y practicar escalada en el<strong data-start=\"1917\" data-end=\"1963\"> Desfiladero de los Gaitanes<\/strong>.<\/span><\/p>\n<p data-start=\"1966\" data-end=\"2203\"><span style=\"color: #000000;\">En el a\u00f1o 2000, un tr\u00e1gico accidente que caus\u00f3 la muerte de tres j\u00f3venes motiv\u00f3 a las autoridades a prohibir el acceso al caminito. Posteriormente, se derrib\u00f3 el tramo inicial, pero la ruta continu\u00f3 siendo recorrida de forma clandestina.<\/span><\/p>\n<h3><strong><span style=\"color: #008000;\">Rehabilitaci\u00f3n y apertura al p\u00fablico<\/span><\/strong><\/h3>\n<p data-start=\"2247\" data-end=\"2585\"><span style=\"color: #000000;\">Despu\u00e9s de a\u00f1os de cierre, se aprob\u00f3 un proyecto integral de rehabilitaci\u00f3n del <strong data-start=\"2327\" data-end=\"2347\">Caminito del Rey<\/strong>, dise\u00f1ado por el arquitecto <strong data-start=\"2376\" data-end=\"2392\">Luis Machuca<\/strong>. El proceso de restauraci\u00f3n comenz\u00f3 en <strong data-start=\"2432\" data-end=\"2440\">2011<\/strong>, y tras tres a\u00f1os de dise\u00f1o y un a\u00f1o de construcci\u00f3n, el <strong data-start=\"2506\" data-end=\"2526\">Caminito del Rey<\/strong> reabri\u00f3 sus puertas al p\u00fablico el <strong data-start=\"2561\" data-end=\"2584\">28 de marzo de 2015<\/strong>.<\/span><\/p>\n<p data-start=\"2587\" data-end=\"2946\"><span style=\"color: #000000;\">Desde su reapertura, el <strong data-start=\"2611\" data-end=\"2631\">Caminito del Rey<\/strong> ha recibido numerosos premios de <strong data-start=\"2665\" data-end=\"2681\">arquitectura<\/strong> y fue incluido en la lista de <strong data-start=\"2712\" data-end=\"2750\">\u00abLos Mejores Lugares para Visitar\u00bb<\/strong> de <strong data-start=\"2754\" data-end=\"2771\">Lonely Planet<\/strong> en 2015. Hoy en d\u00eda, se considera una de las principales atracciones tur\u00edsticas de <strong data-start=\"2855\" data-end=\"2865\">Espa\u00f1a<\/strong> y un destino imprescindible para los amantes del turismo activo y la naturaleza.<\/span><\/p>\n<h3><strong><span style=\"color: #008000;\"><span style=\"color: #ff6600;\">Visita el Caminito del Rey<\/span><\/span><\/strong><\/h3>\n<p data-start=\"2980\" data-end=\"3218\"><span style=\"color: #000000;\">Si deseas recorrer este impresionante camino y disfrutar de unas vistas espectaculares del desfiladero y el r\u00edo Guadalhorce, no olvides comprar tus entradas para el <strong data-start=\"3145\" data-end=\"3165\">Caminito del Rey<\/strong>. Es una experiencia \u00fanica que te dejar\u00e1 sin aliento.<\/span><\/p>\n<p><\/p>\n<p><\/p>\t\t\t\t\t\t\t\t<\/div>\n\t\t\t\t<\/div>\n\t\t\t\t\t<\/div>\n\t\t<\/div>\n\t\t\t\t\t<\/div>\n\t\t<\/section>\n\t\t\t\t<section class=\"elementor-section elementor-top-section elementor-element elementor-element-60fe5ba elementor-section-boxed elementor-section-height-default elementor-section-height-default\" data-id=\"60fe5ba\" data-element_type=\"section\" data-e-type=\"section\">\n\t\t\t\t\t\t<div class=\"elementor-container elementor-column-gap-default\">\n\t\t\t\t\t<div class=\"elementor-column elementor-col-100 elementor-top-column elementor-element elementor-element-14b3d7c\" data-id=\"14b3d7c\" data-element_type=\"column\" data-e-type=\"column\">\n\t\t\t<div class=\"elementor-widget-wrap elementor-element-populated\">\n\t\t\t\t\t\t<div class=\"elementor-element elementor-element-5205fb4 elementor-align-center elementor-widget elementor-widget-button\" data-id=\"5205fb4\" data-element_type=\"widget\" data-e-type=\"widget\" data-widget_type=\"button.default\">\n\t\t\t\t<div class=\"elementor-widget-container\">\n\t\t\t\t\t\t\t\t\t<div class=\"elementor-button-wrapper\">\n\t\t\t\t\t<a class=\"elementor-button elementor-button-link elementor-size-sm\" href=\"https:\/\/www.caminitodelrey.info\/es\/entradas\/comprar\">\n\t\t\t\t\t\t<span class=\"elementor-button-content-wrapper\">\n\t\t\t\t\t\t\t\t\t<span class=\"elementor-button-text\">Compra tus entradas AQU\u00cd<\/span>\n\t\t\t\t\t<\/span>\n\t\t\t\t\t<\/a>\n\t\t\t\t<\/div>\n\t\t\t\t\t\t\t\t<\/div>\n\t\t\t\t<\/div>\n\t\t\t\t\t<\/div>\n\t\t<\/div>\n\t\t\t\t\t<\/div>\n\t\t<\/section>\n\t\t\t\t<section class=\"elementor-section elementor-top-section elementor-element elementor-element-699f875 elementor-section-boxed elementor-section-height-default elementor-section-height-default\" data-id=\"699f875\" data-element_type=\"section\" data-e-type=\"section\">\n\t\t\t\t\t\t<div class=\"elementor-container elementor-column-gap-default\">\n\t\t\t\t\t<div class=\"elementor-column elementor-col-100 elementor-top-column elementor-element elementor-element-8069a29\" data-id=\"8069a29\" data-element_type=\"column\" data-e-type=\"column\">\n\t\t\t<div class=\"elementor-widget-wrap elementor-element-populated\">\n\t\t\t\t\t\t<div class=\"elementor-element elementor-element-834c5df elementor-arrows-position-inside elementor-pagination-position-outside elementor-widget elementor-widget-image-carousel\" data-id=\"834c5df\" data-element_type=\"widget\" data-e-type=\"widget\" data-settings=\"{&quot;navigation&quot;:&quot;both&quot;,&quot;autoplay&quot;:&quot;yes&quot;,&quot;pause_on_hover&quot;:&quot;yes&quot;,&quot;pause_on_interaction&quot;:&quot;yes&quot;,&quot;autoplay_speed&quot;:5000,&quot;infinite&quot;:&quot;yes&quot;,&quot;speed&quot;:500}\" data-widget_type=\"image-carousel.default\">\n\t\t\t\t<div class=\"elementor-widget-container\">\n\t\t\t\t\t\t\t<div class=\"elementor-image-carousel-wrapper swiper\" role=\"region\" aria-roledescription=\"carousel\" aria-label=\"Carrusel de im\u00e1genes\" dir=\"ltr\">\n\t\t\t<div class=\"elementor-image-carousel swiper-wrapper\" aria-live=\"off\">\n\t\t\t\t\t\t\t\t<div class=\"swiper-slide\" role=\"group\" aria-roledescription=\"slide\" aria-label=\"1 de 10\"><figure class=\"swiper-slide-inner\"><img decoding=\"async\" class=\"swiper-slide-image\" src=\"https:\/\/www.turismocampillos.com\/web\/wp-content\/uploads\/2025\/08\/CAMINITO-DEL-REY-FOTO-PRINCIPAL-e1510129147396-700x435-1.jpg\" alt=\"Vista del paso suspendido de madera del Caminito del Rey, entre las imponentes paredes rocosas del Desfiladero de los Gaitanes, con el sol iluminando la grieta en el ca\u00f1\u00f3n\" \/><\/figure><\/div><div class=\"swiper-slide\" role=\"group\" aria-roledescription=\"slide\" aria-label=\"2 de 10\"><figure class=\"swiper-slide-inner\"><img decoding=\"async\" class=\"swiper-slide-image\" src=\"https:\/\/www.turismocampillos.com\/web\/wp-content\/uploads\/2025\/08\/Caminito_11-900x560-1.jpg\" alt=\"Puente colgante suspendido a lo largo del Desfiladero de los Gaitanes en el Caminito del Rey\" \/><\/figure><\/div><div class=\"swiper-slide\" role=\"group\" aria-roledescription=\"slide\" aria-label=\"3 de 10\"><figure class=\"swiper-slide-inner\"><img decoding=\"async\" class=\"swiper-slide-image\" src=\"https:\/\/www.turismocampillos.com\/web\/wp-content\/uploads\/2025\/08\/Caminito_6-900x560-1.jpg\" alt=\"Turistas recorriendo el paso suspendido del Caminito del Rey, entre altas paredes rocosas del Desfiladero de los Gaitanes.\" \/><\/figure><\/div><div class=\"swiper-slide\" role=\"group\" aria-roledescription=\"slide\" aria-label=\"4 de 10\"><figure class=\"swiper-slide-inner\"><img decoding=\"async\" class=\"swiper-slide-image\" src=\"https:\/\/www.turismocampillos.com\/web\/wp-content\/uploads\/2025\/08\/Caminito_1-900x560-1.jpg\" alt=\"Vista del Desfiladero de los Gaitanes, con un r\u00edo fluyendo entre las rocas escarpadas, rodeado de vegetaci\u00f3n en las grietas de las paredes rocosas.\" \/><\/figure><\/div><div class=\"swiper-slide\" role=\"group\" aria-roledescription=\"slide\" aria-label=\"5 de 10\"><figure class=\"swiper-slide-inner\"><img decoding=\"async\" class=\"swiper-slide-image\" src=\"https:\/\/www.turismocampillos.com\/web\/wp-content\/uploads\/2025\/08\/Caminito_2-900x560-1.jpg\" alt=\"Vista del paso de madera suspendido en el Desfiladero de los Gaitanes, mostrando las paredes rocosas y las estructuras de hormig\u00f3n del Caminito del Rey\" \/><\/figure><\/div><div class=\"swiper-slide\" role=\"group\" aria-roledescription=\"slide\" aria-label=\"6 de 10\"><figure class=\"swiper-slide-inner\"><img decoding=\"async\" class=\"swiper-slide-image\" src=\"https:\/\/www.turismocampillos.com\/web\/wp-content\/uploads\/2025\/08\/Caminito_3-900x560-1.jpg\" alt=\"Imponente vista del Desfiladero de los Gaitanes, con paredes rocosas y vegetaci\u00f3n en el fondo, parte del recorrido del Caminito del Rey.\" \/><\/figure><\/div><div class=\"swiper-slide\" role=\"group\" aria-roledescription=\"slide\" aria-label=\"7 de 10\"><figure class=\"swiper-slide-inner\"><img decoding=\"async\" class=\"swiper-slide-image\" src=\"https:\/\/www.turismocampillos.com\/web\/wp-content\/uploads\/2025\/08\/Caminito_5-1-900x560-1.jpg\" alt=\"Vista del Desfiladero de los Gaitanes con las imponentes paredes rocosas, el puente colgante sobre la roca y un excursionista caminando por el paso suspendido del Caminito del Rey.\" \/><\/figure><\/div><div class=\"swiper-slide\" role=\"group\" aria-roledescription=\"slide\" aria-label=\"8 de 10\"><figure class=\"swiper-slide-inner\"><img decoding=\"async\" class=\"swiper-slide-image\" src=\"https:\/\/www.turismocampillos.com\/web\/wp-content\/uploads\/2025\/08\/Caminito_7-900x560-1.jpg\" alt=\"Vista del puente met\u00e1lico verde que conecta el Desfiladero de los Gaitanes con el recorrido del Caminito del Rey\" \/><\/figure><\/div><div class=\"swiper-slide\" role=\"group\" aria-roledescription=\"slide\" aria-label=\"9 de 10\"><figure class=\"swiper-slide-inner\"><img decoding=\"async\" class=\"swiper-slide-image\" src=\"https:\/\/www.turismocampillos.com\/web\/wp-content\/uploads\/2025\/08\/Caminito_8-900x560-1.jpg\" alt=\"Vista del r\u00edo en el Desfiladero de los Gaitanes, con grandes rocas y paredes rocosas, parte del recorrido del Caminito del Rey\" \/><\/figure><\/div><div class=\"swiper-slide\" role=\"group\" aria-roledescription=\"slide\" aria-label=\"10 de 10\"><figure class=\"swiper-slide-inner\"><img decoding=\"async\" class=\"swiper-slide-image\" src=\"https:\/\/www.turismocampillos.com\/web\/wp-content\/uploads\/2025\/08\/Caminito_12-900x560-1.jpg\" alt=\"Vista del paisaje verde del Desfiladero de los Gaitanes con \u00e1rboles y vegetaci\u00f3n, mostrando las impresionantes monta\u00f1as rocosas al fondo\" \/><\/figure><\/div>\t\t\t<\/div>\n\t\t\t\t\t\t\t\t\t\t\t\t<div class=\"elementor-swiper-button elementor-swiper-button-prev\" role=\"button\" tabindex=\"0\">\n\t\t\t\t\t\t<i aria-hidden=\"true\" class=\"eicon-chevron-left\"><\/i>\t\t\t\t\t<\/div>\n\t\t\t\t\t<div class=\"elementor-swiper-button elementor-swiper-button-next\" role=\"button\" tabindex=\"0\">\n\t\t\t\t\t\t<i aria-hidden=\"true\" class=\"eicon-chevron-right\"><\/i>\t\t\t\t\t<\/div>\n\t\t\t\t\n\t\t\t\t\t\t\t\t\t<div class=\"swiper-pagination\"><\/div>\n\t\t\t\t\t\t\t\t\t<\/div>\n\t\t\t\t\t\t<\/div>\n\t\t\t\t<\/div>\n\t\t\t\t\t<\/div>\n\t\t<\/div>\n\t\t\t\t\t<\/div>\n\t\t<\/section>\n\t\t\t\t<\/div>\n\t\t","protected":false},"excerpt":{"rendered":"<p>CAMINITO DEL REY El\u00a0Caminito del Rey, una famosa pasarela peatonal de m\u00e1s de\u00a03 kil\u00f3metros\u00a0de largo, se encuentra suspendida sobre las impresionantes paredes del\u00a0Desfiladero de los Gaitanes, en la provincia de M\u00e1laga. Este ic\u00f3nico recorrido, de solo\u00a0un metro de ancho, cuelga sobre el\u00a0r\u00edo Guadalhorce, alcanzando alturas de hasta\u00a0105 metros. Es una de las rutas m\u00e1s emocionantes [&hellip;]<\/p>\n","protected":false},"author":1,"featured_media":0,"parent":18,"menu_order":0,"comment_status":"closed","ping_status":"closed","template":"","meta":{"site-sidebar-layout":"default","site-content-layout":"","ast-site-content-layout":"default","site-content-style":"default","site-sidebar-style":"default","ast-global-header-display":"","ast-banner-title-visibility":"","ast-main-header-display":"","ast-hfb-above-header-display":"","ast-hfb-below-header-display":"","ast-hfb-mobile-header-display":"","site-post-title":"","ast-breadcrumbs-content":"","ast-featured-img":"","footer-sml-layout":"","ast-disable-related-posts":"","theme-transparent-header-meta":"","adv-header-id-meta":"","stick-header-meta":"","header-above-stick-meta":"","header-main-stick-meta":"","header-below-stick-meta":"","astra-migrate-meta-layouts":"set","ast-page-background-enabled":"default","ast-page-background-meta":{"desktop":{"background-color":"var(--ast-global-color-4)","background-image":"","background-repeat":"repeat","background-position":"center center","background-size":"auto","background-attachment":"scroll","background-type":"","background-media":"","overlay-type":"","overlay-color":"","overlay-opacity":"","overlay-gradient":""},"tablet":{"background-color":"","background-image":"","background-repeat":"repeat","background-position":"center center","background-size":"auto","background-attachment":"scroll","background-type":"","background-media":"","overlay-type":"","overlay-color":"","overlay-opacity":"","overlay-gradient":""},"mobile":{"background-color":"","background-image":"","background-repeat":"repeat","background-position":"center center","background-size":"auto","background-attachment":"scroll","background-type":"","background-media":"","overlay-type":"","overlay-color":"","overlay-opacity":"","overlay-gradient":""}},"ast-content-background-meta":{"desktop":{"background-color":"var(--ast-global-color-5)","background-image":"","background-repeat":"repeat","background-position":"center center","background-size":"auto","background-attachment":"scroll","background-type":"","background-media":"","overlay-type":"","overlay-color":"","overlay-opacity":"","overlay-gradient":""},"tablet":{"background-color":"var(--ast-global-color-5)","background-image":"","background-repeat":"repeat","background-position":"center center","background-size":"auto","background-attachment":"scroll","background-type":"","background-media":"","overlay-type":"","overlay-color":"","overlay-opacity":"","overlay-gradient":""},"mobile":{"background-color":"var(--ast-global-color-5)","background-image":"","background-repeat":"repeat","background-position":"center center","background-size":"auto","background-attachment":"scroll","background-type":"","background-media":"","overlay-type":"","overlay-color":"","overlay-opacity":"","overlay-gradient":""}},"footnotes":""},"class_list":["post-208","page","type-page","status-publish","hentry"],"_links":{"self":[{"href":"https:\/\/www.turismocampillos.com\/web\/wp-json\/wp\/v2\/pages\/208","targetHints":{"allow":["GET"]}}],"collection":[{"href":"https:\/\/www.turismocampillos.com\/web\/wp-json\/wp\/v2\/pages"}],"about":[{"href":"https:\/\/www.turismocampillos.com\/web\/wp-json\/wp\/v2\/types\/page"}],"author":[{"embeddable":true,"href":"https:\/\/www.turismocampillos.com\/web\/wp-json\/wp\/v2\/users\/1"}],"replies":[{"embeddable":true,"href":"https:\/\/www.turismocampillos.com\/web\/wp-json\/wp\/v2\/comments?post=208"}],"version-history":[{"count":0,"href":"https:\/\/www.turismocampillos.com\/web\/wp-json\/wp\/v2\/pages\/208\/revisions"}],"up":[{"embeddable":true,"href":"https:\/\/www.turismocampillos.com\/web\/wp-json\/wp\/v2\/pages\/18"}],"wp:attachment":[{"href":"https:\/\/www.turismocampillos.com\/web\/wp-json\/wp\/v2\/media?parent=208"}],"curies":[{"name":"wp","href":"https:\/\/api.w.org\/{rel}","templated":true}]}}