{"id":2116,"date":"2021-06-24T10:20:00","date_gmt":"2021-06-24T08:20:00","guid":{"rendered":"https:\/\/www.turismocampillos.com\/web\/?page_id=2116"},"modified":"2024-12-20T13:40:48","modified_gmt":"2024-12-20T12:40:48","slug":"centro-interpretacion-reserva-natural-lagunas-de-campillos","status":"publish","type":"page","link":"https:\/\/www.turismocampillos.com\/web\/centro-interpretacion-reserva-natural-lagunas-de-campillos\/","title":{"rendered":"Centro de Interpretaci\u00f3n  Reserva Natural Lagunas de Campillos"},"content":{"rendered":"\n<p>La visita al Centro de Interpretaci\u00f3n de la Reserva Natural Lagunas de Campillos, que se ubica en el pasaje situado en la parte trasera del edificio San Pedro, permitir\u00e1 conocer las distintas lagunas que componen la reserva natural, as\u00ed como la fauna y la flora que la integran. El centro ofrece, adem\u00e1s, la oportunidad de que el visitante interact\u00fae disfrutando de r\u00e9plicas a tama\u00f1o real de las distintas aves que frecuentan estos parajes y da la posibilidad, mediante una pantalla t\u00e1ctil, de poder conocer individualmente los cantos de las aves que habitan durante el a\u00f1o en las lagunas y sus entornos. Este proyecto pretende estimular visualmente al visitante con im\u00e1genes de las lagunas en su mayor esplendor y tambi\u00e9n se podr\u00e1 acceder a toda la informaci\u00f3n relativa a las lagunas y a su biodiversidad en los paneles informativos que forman parte del centro. Adem\u00e1s, se ha habilitado una sala de proyecciones en la que se emitir\u00e1n peri\u00f3dicamente v\u00eddeos que ponen en valor la riqueza natural de estos humedales y su entorno.<\/p>\n\n\n\n<p>Tel\u00e9fono para reservas del Centro de Interpretaci\u00f3n Reserva Natural Lagunas de Campillos <strong><a href=\"tel:686387745\">686387745<\/a> &#8211; <a href=\"tel:952724478\">952724478<\/a><\/strong>(En horario de ma\u00f1ana). De lunes a viernes.<\/p>\n\n\n\n<h2 class=\"wp-block-heading has-text-align-center\" id=\"calendario-para-reserva-visita-gratuita\">Calendario para reserva visita gratuita<\/h2>\n\n\n\n<div class=\"load-turitop\" data-service=\"P4\" data-lang=\"es\" data-embed=\"box\"><\/div>\n<script id=\"js-turitop\" src=\"https:\/\/app.turitop.com\/js\/load-turitop.min.js\" data-company=\"G401\" data-ga=\"no\" data-buttoncolor=\"green\" data-afftag=\"ttafid\"><\/script>\n\n\n\n<iframe style=\"width:100%; height:700px; border:none;\" src=\"https:\/\/my.matterport.com\/show\/?m=Kd9bnRxggPd\" allowfullscreen=\"\" allow=\"xr-spatial-tracking\"><\/iframe>\n\n\n\n<figure class=\"wp-block-embed is-type-video is-provider-youtube wp-block-embed-youtube wp-embed-aspect-16-9 wp-has-aspect-ratio\"><div class=\"wp-block-embed__wrapper\">\n<div class=\"geodir-embed-container\"><iframe title=\"Centro de interpretaci\u00f3n de las lagunas de Campillos\" width=\"500\" height=\"281\" src=\"https:\/\/www.youtube.com\/embed\/xR81oal2-bI?feature=oembed\" frameborder=\"0\" allow=\"accelerometer; autoplay; clipboard-write; encrypted-media; gyroscope; picture-in-picture; web-share\" referrerpolicy=\"strict-origin-when-cross-origin\" allowfullscreen><\/iframe><\/div>\n<\/div><\/figure>\n\n\n\n<div style=\"height:43px\" aria-hidden=\"true\" class=\"wp-block-spacer\"><\/div>\n\n\n\n<p>El Centro de Interpretaci\u00f3n de la Reserva Natural Lagunas de Campillos, un nuevo punto de informaci\u00f3n interactivo a trav\u00e9s del cual se puede vivir una experiencia amena, formativa, enriquecedora y muy pr\u00f3xima a lo que supone recorrer el entorno natural de las lagunas de Campillos.<\/p>\n\n\n\n<div class=\"alignnormal\"><div id=\"metaslider-id-2143\" style=\"max-width: 1200px;\" class=\"ml-slider-3-108-0 metaslider metaslider-flex metaslider-2143 ml-slider has-dots-nav ms-theme-default\" role=\"region\" aria-label=\"Centro de interpretacion\" data-height=\"750\" data-width=\"1200\">\n    <div id=\"metaslider_container_2143\">\n        <div id=\"metaslider_2143\">\n            <ul class='slides'>\n                <li style=\"display: block; width: 100%;\" class=\"slide-2144 ms-image \" aria-roledescription=\"slide\" data-date=\"2021-07-05 13:10:02\" data-filename=\"FOTO-FACHADA-DIA-scaled-1200x750.jpg\" data-slide-type=\"image\"><img fetchpriority=\"high\" decoding=\"async\" src=\"https:\/\/www.turismocampillos.com\/web\/wp-content\/uploads\/2021\/06\/FOTO-FACHADA-DIA-scaled-1200x750.jpg\" height=\"750\" width=\"1200\" alt=\"\" class=\"slider-2143 slide-2144 msDefaultImage\" title=\"FOTO FACHADA DIA\" \/><\/li>\n                <li style=\"display: none; width: 100%;\" class=\"slide-2146 ms-image \" aria-roledescription=\"slide\" data-date=\"2021-07-05 13:10:34\" data-filename=\"FOTO-6-scaled-1200x750.jpg\" data-slide-type=\"image\"><img decoding=\"async\" src=\"https:\/\/www.turismocampillos.com\/web\/wp-content\/uploads\/2021\/06\/FOTO-6-scaled-1200x750.jpg\" height=\"750\" width=\"1200\" alt=\"\" class=\"slider-2143 slide-2146 msDefaultImage\" title=\"FOTO 6\" \/><\/li>\n                <li style=\"display: none; width: 100%;\" class=\"slide-2145 ms-image \" aria-roledescription=\"slide\" data-date=\"2021-07-05 13:10:16\" data-filename=\"WhatsApp-Image-2021-06-07-at-14.05.18-1197x748.jpeg\" data-slide-type=\"image\"><img decoding=\"async\" src=\"https:\/\/www.turismocampillos.com\/web\/wp-content\/uploads\/2021\/06\/WhatsApp-Image-2021-06-07-at-14.05.18-1197x748.jpeg\" height=\"750\" width=\"1200\" alt=\"\" class=\"slider-2143 slide-2145 msDefaultImage\" title=\"WhatsApp Image 2021-06-07 at 14.05.18\" \/><\/li>\n                <li style=\"display: none; width: 100%;\" class=\"slide-2147 ms-image \" aria-roledescription=\"slide\" data-date=\"2021-07-05 13:10:47\" data-filename=\"WhatsApp-Image-2021-06-07-at-14.01.28-1080x675.jpeg\" data-slide-type=\"image\"><img loading=\"lazy\" decoding=\"async\" src=\"https:\/\/www.turismocampillos.com\/web\/wp-content\/uploads\/2021\/06\/WhatsApp-Image-2021-06-07-at-14.01.28-1080x675.jpeg\" height=\"750\" width=\"1200\" alt=\"\" class=\"slider-2143 slide-2147 msDefaultImage\" title=\"WhatsApp Image 2021-06-07 at 14.01.28\" \/><\/li>\n                <li style=\"display: none; width: 100%;\" class=\"slide-3066 ms-image \" aria-roledescription=\"slide\" data-date=\"2024-12-20 13:35:08\" data-filename=\"329dad23-065c-40f5-bd87-96d939b6ea01-1200x750.jpg\" data-slide-type=\"image\"><img loading=\"lazy\" decoding=\"async\" src=\"https:\/\/www.turismocampillos.com\/web\/wp-content\/uploads\/2024\/12\/329dad23-065c-40f5-bd87-96d939b6ea01-1200x750.jpg\" height=\"750\" width=\"1200\" alt=\"\" class=\"slider-2143 slide-3066 msDefaultImage\" title=\"329dad23-065c-40f5-bd87-96d939b6ea01\" \/><\/li>\n                <li style=\"display: none; width: 100%;\" class=\"slide-3068 ms-image \" aria-roledescription=\"slide\" data-date=\"2024-12-20 13:35:08\" data-filename=\"a12b6f27-9082-415f-a99e-ee5a4e0868e3-1200x750.jpg\" data-slide-type=\"image\"><img loading=\"lazy\" decoding=\"async\" src=\"https:\/\/www.turismocampillos.com\/web\/wp-content\/uploads\/2024\/12\/a12b6f27-9082-415f-a99e-ee5a4e0868e3-1200x750.jpg\" height=\"750\" width=\"1200\" alt=\"\" class=\"slider-2143 slide-3068 msDefaultImage\" title=\"a12b6f27-9082-415f-a99e-ee5a4e0868e3\" \/><\/li>\n                <li style=\"display: none; width: 100%;\" class=\"slide-3069 ms-image \" aria-roledescription=\"slide\" data-date=\"2024-12-20 13:35:08\" data-filename=\"b993877d-b0b4-4bbf-a619-155b4dd17c3b-1200x750.jpg\" data-slide-type=\"image\"><img loading=\"lazy\" decoding=\"async\" src=\"https:\/\/www.turismocampillos.com\/web\/wp-content\/uploads\/2024\/12\/b993877d-b0b4-4bbf-a619-155b4dd17c3b-1200x750.jpg\" height=\"750\" width=\"1200\" alt=\"\" class=\"slider-2143 slide-3069 msDefaultImage\" title=\"b993877d-b0b4-4bbf-a619-155b4dd17c3b\" \/><\/li>\n            <\/ul>\n        <\/div>\n        \n    <\/div>\n<\/div><\/div>\n\n\n\n<div class=\"wp-block-group alignfull has-text-color has-background is-layout-flow wp-block-group-is-layout-flow\" style=\"color:#000000;background-color:#ffffff\">\n<div class=\"wp-block-buttons is-horizontal is-content-justification-center is-layout-flex wp-container-core-buttons-is-layout-03627597 wp-block-buttons-is-layout-flex\">\n<div class=\"wp-block-button has-custom-width wp-block-button__width-50 is-style-secondary\"><a class=\"wp-block-button__link has-text-color has-background wp-element-button\" href=\"https:\/\/www.google.com\/maps\/dir\/\/centro+interpretacion+lagunas+de+campillos\/@36.9234311,-4.9149808,11z\/data=!4m8!4m7!1m0!1m5!1m1!1s0xd72a5af7a6345c3:0x42a81c5e76fe354e!2m2!1d-4.8620108!2d37.0461112\" style=\"border-radius:50px;color:#ffffff;background-color:#168e16\" target=\"_blank\" rel=\"noreferrer noopener\"><strong>C\u00d3MO LLEGAR<\/strong><\/a><\/div>\n<\/div>\n<\/div>\n\n\n\n<div class=\"wp-block-group is-layout-flow wp-block-group-is-layout-flow\">\n<div class=\"wp-block-group is-layout-flow wp-block-group-is-layout-flow\"><\/div>\n<\/div>\n\n\n\n<div class=\"wp-block-group is-layout-flow wp-block-group-is-layout-flow\">\n<figure class=\"wp-block-gallery has-nested-images columns-default is-cropped wp-block-gallery-1 is-layout-flex wp-block-gallery-is-layout-flex\">\n<figure class=\"wp-block-image size-large\"><img loading=\"lazy\" decoding=\"async\" width=\"1024\" height=\"1024\" data-id=\"2725\" src=\"https:\/\/www.turismocampillos.com\/web\/wp-content\/uploads\/2022\/07\/WhatsApp-Image-2022-07-14-at-1.01.47-PM-1-1024x1024.jpeg\" alt=\"\" class=\"wp-image-2725\" srcset=\"https:\/\/www.turismocampillos.com\/web\/wp-content\/uploads\/2022\/07\/WhatsApp-Image-2022-07-14-at-1.01.47-PM-1-1024x1024.jpeg 1024w, https:\/\/www.turismocampillos.com\/web\/wp-content\/uploads\/2022\/07\/WhatsApp-Image-2022-07-14-at-1.01.47-PM-1-300x300.jpeg 300w, https:\/\/www.turismocampillos.com\/web\/wp-content\/uploads\/2022\/07\/WhatsApp-Image-2022-07-14-at-1.01.47-PM-1-150x150.jpeg 150w, https:\/\/www.turismocampillos.com\/web\/wp-content\/uploads\/2022\/07\/WhatsApp-Image-2022-07-14-at-1.01.47-PM-1-768x768.jpeg 768w, https:\/\/www.turismocampillos.com\/web\/wp-content\/uploads\/2022\/07\/WhatsApp-Image-2022-07-14-at-1.01.47-PM-1-1536x1536.jpeg 1536w, https:\/\/www.turismocampillos.com\/web\/wp-content\/uploads\/2022\/07\/WhatsApp-Image-2022-07-14-at-1.01.47-PM-1.jpeg 1600w\" sizes=\"(max-width: 1024px) 100vw, 1024px\" \/><\/figure>\n\n\n\n<figure class=\"wp-block-image size-large\"><img loading=\"lazy\" decoding=\"async\" width=\"1024\" height=\"1024\" data-id=\"2726\" src=\"https:\/\/www.turismocampillos.com\/web\/wp-content\/uploads\/2022\/07\/WhatsApp-Image-2022-07-14-at-1.02.01-PM-1-1024x1024.jpeg\" alt=\"\" class=\"wp-image-2726\" srcset=\"https:\/\/www.turismocampillos.com\/web\/wp-content\/uploads\/2022\/07\/WhatsApp-Image-2022-07-14-at-1.02.01-PM-1-1024x1024.jpeg 1024w, https:\/\/www.turismocampillos.com\/web\/wp-content\/uploads\/2022\/07\/WhatsApp-Image-2022-07-14-at-1.02.01-PM-1-300x300.jpeg 300w, https:\/\/www.turismocampillos.com\/web\/wp-content\/uploads\/2022\/07\/WhatsApp-Image-2022-07-14-at-1.02.01-PM-1-150x150.jpeg 150w, https:\/\/www.turismocampillos.com\/web\/wp-content\/uploads\/2022\/07\/WhatsApp-Image-2022-07-14-at-1.02.01-PM-1-768x768.jpeg 768w, https:\/\/www.turismocampillos.com\/web\/wp-content\/uploads\/2022\/07\/WhatsApp-Image-2022-07-14-at-1.02.01-PM-1-1536x1536.jpeg 1536w, https:\/\/www.turismocampillos.com\/web\/wp-content\/uploads\/2022\/07\/WhatsApp-Image-2022-07-14-at-1.02.01-PM-1.jpeg 1600w\" sizes=\"(max-width: 1024px) 100vw, 1024px\" \/><\/figure>\n<\/figure>\n<\/div>\n","protected":false},"excerpt":{"rendered":"<p>La visita al Centro de Interpretaci\u00f3n de la Reserva Natural Lagunas de Campillos, que se ubica en el pasaje situado en la parte trasera del edificio San Pedro, permitir\u00e1 conocer las distintas lagunas que componen la reserva natural, as\u00ed como la fauna y la flora que la integran. El centro ofrece, adem\u00e1s, la oportunidad de [&hellip;]<\/p>\n","protected":false},"author":2,"featured_media":0,"parent":0,"menu_order":0,"comment_status":"closed","ping_status":"closed","template":"","meta":{"site-sidebar-layout":"default","site-content-layout":"","ast-site-content-layout":"default","site-content-style":"default","site-sidebar-style":"default","ast-global-header-display":"","ast-banner-title-visibility":"","ast-main-header-display":"","ast-hfb-above-header-display":"","ast-hfb-below-header-display":"","ast-hfb-mobile-header-display":"","site-post-title":"","ast-breadcrumbs-content":"","ast-featured-img":"","footer-sml-layout":"","ast-disable-related-posts":"","theme-transparent-header-meta":"","adv-header-id-meta":"","stick-header-meta":"","header-above-stick-meta":"","header-main-stick-meta":"","header-below-stick-meta":"","astra-migrate-meta-layouts":"set","ast-page-background-enabled":"default","ast-page-background-meta":{"desktop":{"background-color":"var(--ast-global-color-4)","background-image":"","background-repeat":"repeat","background-position":"center center","background-size":"auto","background-attachment":"scroll","background-type":"","background-media":"","overlay-type":"","overlay-color":"","overlay-opacity":"","overlay-gradient":""},"tablet":{"background-color":"","background-image":"","background-repeat":"repeat","background-position":"center center","background-size":"auto","background-attachment":"scroll","background-type":"","background-media":"","overlay-type":"","overlay-color":"","overlay-opacity":"","overlay-gradient":""},"mobile":{"background-color":"","background-image":"","background-repeat":"repeat","background-position":"center center","background-size":"auto","background-attachment":"scroll","background-type":"","background-media":"","overlay-type":"","overlay-color":"","overlay-opacity":"","overlay-gradient":""}},"ast-content-background-meta":{"desktop":{"background-color":"var(--ast-global-color-5)","background-image":"","background-repeat":"repeat","background-position":"center center","background-size":"auto","background-attachment":"scroll","background-type":"","background-media":"","overlay-type":"","overlay-color":"","overlay-opacity":"","overlay-gradient":""},"tablet":{"background-color":"var(--ast-global-color-5)","background-image":"","background-repeat":"repeat","background-position":"center center","background-size":"auto","background-attachment":"scroll","background-type":"","background-media":"","overlay-type":"","overlay-color":"","overlay-opacity":"","overlay-gradient":""},"mobile":{"background-color":"var(--ast-global-color-5)","background-image":"","background-repeat":"repeat","background-position":"center center","background-size":"auto","background-attachment":"scroll","background-type":"","background-media":"","overlay-type":"","overlay-color":"","overlay-opacity":"","overlay-gradient":""}},"footnotes":""},"class_list":["post-2116","page","type-page","status-publish","hentry"],"_links":{"self":[{"href":"https:\/\/www.turismocampillos.com\/web\/wp-json\/wp\/v2\/pages\/2116","targetHints":{"allow":["GET"]}}],"collection":[{"href":"https:\/\/www.turismocampillos.com\/web\/wp-json\/wp\/v2\/pages"}],"about":[{"href":"https:\/\/www.turismocampillos.com\/web\/wp-json\/wp\/v2\/types\/page"}],"author":[{"embeddable":true,"href":"https:\/\/www.turismocampillos.com\/web\/wp-json\/wp\/v2\/users\/2"}],"replies":[{"embeddable":true,"href":"https:\/\/www.turismocampillos.com\/web\/wp-json\/wp\/v2\/comments?post=2116"}],"version-history":[{"count":0,"href":"https:\/\/www.turismocampillos.com\/web\/wp-json\/wp\/v2\/pages\/2116\/revisions"}],"wp:attachment":[{"href":"https:\/\/www.turismocampillos.com\/web\/wp-json\/wp\/v2\/media?parent=2116"}],"curies":[{"name":"wp","href":"https:\/\/api.w.org\/{rel}","templated":true}]}}