{"id":2169,"date":"2021-09-29T10:51:48","date_gmt":"2021-09-29T08:51:48","guid":{"rendered":"https:\/\/www.turismocampillos.com\/web\/?page_id=2169"},"modified":"2024-12-20T08:43:47","modified_gmt":"2024-12-20T07:43:47","slug":"descargables","status":"publish","type":"page","link":"https:\/\/www.turismocampillos.com\/web\/descargables\/","title":{"rendered":"Descargables"},"content":{"rendered":"\t\t<div data-elementor-type=\"wp-page\" data-elementor-id=\"2169\" class=\"elementor elementor-2169\">\n\t\t\t\t\t\t<section class=\"elementor-section elementor-top-section elementor-element elementor-element-24a9876c elementor-section-boxed elementor-section-height-default elementor-section-height-default\" data-id=\"24a9876c\" data-element_type=\"section\" data-e-type=\"section\">\n\t\t\t\t\t\t<div class=\"elementor-container elementor-column-gap-default\">\n\t\t\t\t\t<div class=\"elementor-column elementor-col-100 elementor-top-column elementor-element elementor-element-604f6693\" data-id=\"604f6693\" data-element_type=\"column\" data-e-type=\"column\">\n\t\t\t<div class=\"elementor-widget-wrap elementor-element-populated\">\n\t\t\t\t\t\t<div class=\"elementor-element elementor-element-487cdf9d elementor-widget elementor-widget-text-editor\" data-id=\"487cdf9d\" data-element_type=\"widget\" data-e-type=\"widget\" data-widget_type=\"text-editor.default\">\n\t\t\t\t<div class=\"elementor-widget-container\">\n\t\t\t\t\t\t\t\t\t\n<p>Desde Turismo de Campillos te ofrecemos varios folletos informativos para descargar en PDF con informaci\u00f3n tur\u00edstica sobre lugares de inter\u00e9s para visitar y actividades<\/p>\n\n<h2 class=\"wp-block-heading\">Parque Multiaventuras de Campillos<\/h2>\n\n<div class=\"wp-block-image\">\n<pre class=\"aligncenter size-large is-resized\"><img fetchpriority=\"high\" decoding=\"async\" class=\"wp-image-3047  alignnone\" src=\"https:\/\/www.turismocampillos.com\/web\/wp-content\/uploads\/2024\/12\/CARTEL-PARQUE-MULTIAVENTURA-1-212x300.jpg\" alt=\"\" width=\"493\" height=\"698\" srcset=\"https:\/\/www.turismocampillos.com\/web\/wp-content\/uploads\/2024\/12\/CARTEL-PARQUE-MULTIAVENTURA-1-212x300.jpg 212w, https:\/\/www.turismocampillos.com\/web\/wp-content\/uploads\/2024\/12\/CARTEL-PARQUE-MULTIAVENTURA-1-724x1024.jpg 724w, https:\/\/www.turismocampillos.com\/web\/wp-content\/uploads\/2024\/12\/CARTEL-PARQUE-MULTIAVENTURA-1-768x1086.jpg 768w, https:\/\/www.turismocampillos.com\/web\/wp-content\/uploads\/2024\/12\/CARTEL-PARQUE-MULTIAVENTURA-1-1086x1536.jpg 1086w, https:\/\/www.turismocampillos.com\/web\/wp-content\/uploads\/2024\/12\/CARTEL-PARQUE-MULTIAVENTURA-1-1448x2048.jpg 1448w, https:\/\/www.turismocampillos.com\/web\/wp-content\/uploads\/2024\/12\/CARTEL-PARQUE-MULTIAVENTURA-1-scaled.jpg 1810w\" sizes=\"(max-width: 493px) 100vw, 493px\" \/><\/pre>\n<\/div>\n<hr class=\"wp-block-separator\" \/>\n<h2 class=\"wp-block-heading\">Nuestros P\u00e1jaros de Campillos &#8211; Infantil<\/h2>\n\n<div class=\"wp-block-image\">\n<figure class=\"aligncenter size-full\"><a href=\"https:\/\/drive.google.com\/file\/d\/1eJLrg7KseXLdVhtc_ZbpMLfRCNT9ynm8\/view?usp=sharing\" target=\"_blank\" rel=\"noopener\"><img decoding=\"async\" width=\"400\" height=\"400\" class=\"wp-image-2584\" src=\"https:\/\/www.turismocampillos.com\/web\/wp-content\/uploads\/2022\/03\/Nuestros-pajaros-de-Campillos-infantil.jpg\" alt=\"\" srcset=\"https:\/\/www.turismocampillos.com\/web\/wp-content\/uploads\/2022\/03\/Nuestros-pajaros-de-Campillos-infantil.jpg 400w, https:\/\/www.turismocampillos.com\/web\/wp-content\/uploads\/2022\/03\/Nuestros-pajaros-de-Campillos-infantil-300x300.jpg 300w, https:\/\/www.turismocampillos.com\/web\/wp-content\/uploads\/2022\/03\/Nuestros-pajaros-de-Campillos-infantil-150x150.jpg 150w\" sizes=\"(max-width: 400px) 100vw, 400px\" \/><\/a><\/figure>\n<\/div>\n<hr class=\"wp-block-separator\" \/>\n<h2 class=\"wp-block-heading\" id=\"necropolis\">Necr\u00f3polis de las Aguilillas<\/h2>\n\n<figure class=\"wp-block-gallery has-nested-images columns-default is-cropped wp-block-gallery-2 is-layout-flex wp-block-gallery-is-layout-flex\">\n<figure class=\"wp-block-image size-large\"><a href=\"https:\/\/www.turismocampillos.com\/web\/descargables\/necropolis-de-las-aguilillas-exterior\/\" target=\"_blank\" rel=\"noopener\"><img decoding=\"async\" width=\"1024\" height=\"724\" data-id=\"2592\" class=\"wp-image-2592\" src=\"https:\/\/www.turismocampillos.com\/web\/wp-content\/uploads\/2022\/03\/Necropolis-de-las-Aguilillas-EXTERIOR-1024x724.jpg\" alt=\"\" srcset=\"https:\/\/www.turismocampillos.com\/web\/wp-content\/uploads\/2022\/03\/Necropolis-de-las-Aguilillas-EXTERIOR-1024x724.jpg 1024w, https:\/\/www.turismocampillos.com\/web\/wp-content\/uploads\/2022\/03\/Necropolis-de-las-Aguilillas-EXTERIOR-300x212.jpg 300w, https:\/\/www.turismocampillos.com\/web\/wp-content\/uploads\/2022\/03\/Necropolis-de-las-Aguilillas-EXTERIOR-768x543.jpg 768w, https:\/\/www.turismocampillos.com\/web\/wp-content\/uploads\/2022\/03\/Necropolis-de-las-Aguilillas-EXTERIOR-1536x1086.jpg 1536w, https:\/\/www.turismocampillos.com\/web\/wp-content\/uploads\/2022\/03\/Necropolis-de-las-Aguilillas-EXTERIOR.jpg 2048w\" sizes=\"(max-width: 1024px) 100vw, 1024px\" \/><\/a><\/figure>\n\n<figure class=\"wp-block-image size-large\"><a href=\"https:\/\/www.turismocampillos.com\/web\/descargables\/necropolis-de-las-aguilillas-interior\/\" target=\"_blank\" rel=\"noopener\"><img loading=\"lazy\" decoding=\"async\" width=\"1024\" height=\"724\" data-id=\"2591\" class=\"wp-image-2591\" src=\"https:\/\/www.turismocampillos.com\/web\/wp-content\/uploads\/2022\/03\/Necropolis-de-las-Aguilillas-INTERIOR-1024x724.jpg\" alt=\"\" srcset=\"https:\/\/www.turismocampillos.com\/web\/wp-content\/uploads\/2022\/03\/Necropolis-de-las-Aguilillas-INTERIOR-1024x724.jpg 1024w, https:\/\/www.turismocampillos.com\/web\/wp-content\/uploads\/2022\/03\/Necropolis-de-las-Aguilillas-INTERIOR-300x212.jpg 300w, https:\/\/www.turismocampillos.com\/web\/wp-content\/uploads\/2022\/03\/Necropolis-de-las-Aguilillas-INTERIOR-768x543.jpg 768w, https:\/\/www.turismocampillos.com\/web\/wp-content\/uploads\/2022\/03\/Necropolis-de-las-Aguilillas-INTERIOR-1536x1086.jpg 1536w, https:\/\/www.turismocampillos.com\/web\/wp-content\/uploads\/2022\/03\/Necropolis-de-las-Aguilillas-INTERIOR.jpg 2048w\" sizes=\"(max-width: 1024px) 100vw, 1024px\" \/><\/a><\/figure>\n<\/figure>\n<hr class=\"wp-block-separator\" \/>\n<h2 class=\"wp-block-heading\">Centro de Interpretaci\u00f3n Reserva Natural Laguna de Campillos<\/h2>\n\n<div class=\"wp-block-image\">\n<figure class=\"aligncenter size-full\"><a href=\"https:\/\/drive.google.com\/file\/d\/1Aa4glLGmC99n2c0XV8VVokswkf7KGefy\/view?usp=drive_web\" target=\"_blank\" rel=\"noopener\"><img loading=\"lazy\" decoding=\"async\" width=\"400\" height=\"283\" class=\"wp-image-2171\" src=\"https:\/\/www.turismocampillos.com\/web\/wp-content\/uploads\/2021\/09\/Centro-de-interpretacion-Diptico-informativo.jpg\" alt=\"\" srcset=\"https:\/\/www.turismocampillos.com\/web\/wp-content\/uploads\/2021\/09\/Centro-de-interpretacion-Diptico-informativo.jpg 400w, https:\/\/www.turismocampillos.com\/web\/wp-content\/uploads\/2021\/09\/Centro-de-interpretacion-Diptico-informativo-300x212.jpg 300w\" sizes=\"(max-width: 400px) 100vw, 400px\" \/><\/a><\/figure>\n<\/div>\n<hr class=\"wp-block-separator\" \/>\n<h2 class=\"wp-block-heading\">Volar por Campillos<\/h2>\n\n<div class=\"wp-block-image\">\n<figure class=\"aligncenter size-full\"><a href=\"https:\/\/drive.google.com\/file\/d\/19v8IcgRB-GgrIG2l1ZGRUrxcLVqD2-U7\/view?usp=drivesdk\" target=\"_blank\" rel=\"noopener\"><img loading=\"lazy\" decoding=\"async\" width=\"400\" height=\"286\" class=\"wp-image-2172\" src=\"https:\/\/www.turismocampillos.com\/web\/wp-content\/uploads\/2021\/09\/folleto-parques.jpg\" alt=\"\" srcset=\"https:\/\/www.turismocampillos.com\/web\/wp-content\/uploads\/2021\/09\/folleto-parques.jpg 400w, https:\/\/www.turismocampillos.com\/web\/wp-content\/uploads\/2021\/09\/folleto-parques-300x215.jpg 300w\" sizes=\"(max-width: 400px) 100vw, 400px\" \/><\/a><\/figure>\n<\/div>\n<hr class=\"wp-block-separator\" \/>\n<h2 class=\"wp-block-heading\">Ruta por el Centro Hist\u00f3rico<\/h2>\n\n<div class=\"wp-block-image\">\n<figure class=\"aligncenter size-full\"><a href=\"https:\/\/drive.google.com\/file\/d\/1IBcXcs4ZF8ygOt69UxPRflUSY0GHYKuD\/view?usp=drivesdk\" target=\"_blank\" rel=\"noopener\"><img loading=\"lazy\" decoding=\"async\" width=\"400\" height=\"283\" class=\"wp-image-2173\" src=\"https:\/\/www.turismocampillos.com\/web\/wp-content\/uploads\/2021\/09\/Triptico-Ruta-Centro.jpg\" alt=\"\" srcset=\"https:\/\/www.turismocampillos.com\/web\/wp-content\/uploads\/2021\/09\/Triptico-Ruta-Centro.jpg 400w, https:\/\/www.turismocampillos.com\/web\/wp-content\/uploads\/2021\/09\/Triptico-Ruta-Centro-300x212.jpg 300w\" sizes=\"(max-width: 400px) 100vw, 400px\" \/><\/a><\/figure>\n<\/div>\n<hr class=\"wp-block-separator\" \/>\n<h2 class=\"wp-block-heading\">Rutas y senderos de Campillos<\/h2>\n\n<div class=\"wp-block-image\">\n<figure class=\"aligncenter size-full\"><a href=\"https:\/\/drive.google.com\/file\/d\/16H2o5wFrgtfzpTgLb5ygzZLQuVxZXwVc\/view?usp=drivesdk\" target=\"_blank\" rel=\"noopener\"><img loading=\"lazy\" decoding=\"async\" width=\"400\" height=\"283\" class=\"wp-image-2174\" src=\"https:\/\/www.turismocampillos.com\/web\/wp-content\/uploads\/2021\/09\/TRIPTICO-RUTA-LAGUNAS.jpg\" alt=\"\" srcset=\"https:\/\/www.turismocampillos.com\/web\/wp-content\/uploads\/2021\/09\/TRIPTICO-RUTA-LAGUNAS.jpg 400w, https:\/\/www.turismocampillos.com\/web\/wp-content\/uploads\/2021\/09\/TRIPTICO-RUTA-LAGUNAS-300x212.jpg 300w\" sizes=\"(max-width: 400px) 100vw, 400px\" \/><\/a><\/figure>\n<\/div>\n<hr class=\"wp-block-separator\" \/>\n<h2 class=\"wp-block-heading\">Alojamientos Tur\u00edsticos<\/h2>\n\n<div class=\"wp-block-image\">\n<figure class=\"aligncenter size-full\"><a href=\"https:\/\/drive.google.com\/file\/d\/1Frc24dWqM2RS2744W-MG4c-VyXO6MBWl\/view?usp=drivesdk\" target=\"_blank\" rel=\"noopener\"><img loading=\"lazy\" decoding=\"async\" width=\"400\" height=\"283\" class=\"wp-image-2175\" src=\"https:\/\/www.turismocampillos.com\/web\/wp-content\/uploads\/2021\/09\/TIPTICO-ALOJAMIENTOS-TURISTICOS-1.jpg\" alt=\"\" srcset=\"https:\/\/www.turismocampillos.com\/web\/wp-content\/uploads\/2021\/09\/TIPTICO-ALOJAMIENTOS-TURISTICOS-1.jpg 400w, https:\/\/www.turismocampillos.com\/web\/wp-content\/uploads\/2021\/09\/TIPTICO-ALOJAMIENTOS-TURISTICOS-1-300x212.jpg 300w\" sizes=\"(max-width: 400px) 100vw, 400px\" \/><\/a><\/figure>\n<\/div>\n\t\t\t\t\t\t\t\t<\/div>\n\t\t\t\t<\/div>\n\t\t\t\t\t<\/div>\n\t\t<\/div>\n\t\t\t\t\t<\/div>\n\t\t<\/section>\n\t\t\t\t<\/div>\n\t\t","protected":false},"excerpt":{"rendered":"<p>Desde Turismo de Campillos te ofrecemos varios folletos informativos para descargar en PDF con informaci\u00f3n tur\u00edstica sobre lugares de inter\u00e9s para visitar y actividades Parque Multiaventuras de Campillos Nuestros P\u00e1jaros de Campillos &#8211; Infantil Necr\u00f3polis de las Aguilillas Centro de Interpretaci\u00f3n Reserva Natural Laguna de Campillos Volar por Campillos Ruta por el Centro Hist\u00f3rico Rutas [&hellip;]<\/p>\n","protected":false},"author":1,"featured_media":0,"parent":0,"menu_order":0,"comment_status":"closed","ping_status":"closed","template":"","meta":{"site-sidebar-layout":"default","site-content-layout":"","ast-site-content-layout":"default","site-content-style":"default","site-sidebar-style":"default","ast-global-header-display":"","ast-banner-title-visibility":"","ast-main-header-display":"","ast-hfb-above-header-display":"","ast-hfb-below-header-display":"","ast-hfb-mobile-header-display":"","site-post-title":"","ast-breadcrumbs-content":"","ast-featured-img":"","footer-sml-layout":"","ast-disable-related-posts":"","theme-transparent-header-meta":"","adv-header-id-meta":"","stick-header-meta":"","header-above-stick-meta":"","header-main-stick-meta":"","header-below-stick-meta":"","astra-migrate-meta-layouts":"default","ast-page-background-enabled":"default","ast-page-background-meta":{"desktop":{"background-color":"var(--ast-global-color-4)","background-image":"","background-repeat":"repeat","background-position":"center center","background-size":"auto","background-attachment":"scroll","background-type":"","background-media":"","overlay-type":"","overlay-color":"","overlay-opacity":"","overlay-gradient":""},"tablet":{"background-color":"","background-image":"","background-repeat":"repeat","background-position":"center center","background-size":"auto","background-attachment":"scroll","background-type":"","background-media":"","overlay-type":"","overlay-color":"","overlay-opacity":"","overlay-gradient":""},"mobile":{"background-color":"","background-image":"","background-repeat":"repeat","background-position":"center center","background-size":"auto","background-attachment":"scroll","background-type":"","background-media":"","overlay-type":"","overlay-color":"","overlay-opacity":"","overlay-gradient":""}},"ast-content-background-meta":{"desktop":{"background-color":"var(--ast-global-color-5)","background-image":"","background-repeat":"repeat","background-position":"center center","background-size":"auto","background-attachment":"scroll","background-type":"","background-media":"","overlay-type":"","overlay-color":"","overlay-opacity":"","overlay-gradient":""},"tablet":{"background-color":"var(--ast-global-color-5)","background-image":"","background-repeat":"repeat","background-position":"center center","background-size":"auto","background-attachment":"scroll","background-type":"","background-media":"","overlay-type":"","overlay-color":"","overlay-opacity":"","overlay-gradient":""},"mobile":{"background-color":"var(--ast-global-color-5)","background-image":"","background-repeat":"repeat","background-position":"center center","background-size":"auto","background-attachment":"scroll","background-type":"","background-media":"","overlay-type":"","overlay-color":"","overlay-opacity":"","overlay-gradient":""}},"footnotes":""},"class_list":["post-2169","page","type-page","status-publish","hentry"],"_links":{"self":[{"href":"https:\/\/www.turismocampillos.com\/web\/wp-json\/wp\/v2\/pages\/2169","targetHints":{"allow":["GET"]}}],"collection":[{"href":"https:\/\/www.turismocampillos.com\/web\/wp-json\/wp\/v2\/pages"}],"about":[{"href":"https:\/\/www.turismocampillos.com\/web\/wp-json\/wp\/v2\/types\/page"}],"author":[{"embeddable":true,"href":"https:\/\/www.turismocampillos.com\/web\/wp-json\/wp\/v2\/users\/1"}],"replies":[{"embeddable":true,"href":"https:\/\/www.turismocampillos.com\/web\/wp-json\/wp\/v2\/comments?post=2169"}],"version-history":[{"count":0,"href":"https:\/\/www.turismocampillos.com\/web\/wp-json\/wp\/v2\/pages\/2169\/revisions"}],"wp:attachment":[{"href":"https:\/\/www.turismocampillos.com\/web\/wp-json\/wp\/v2\/media?parent=2169"}],"curies":[{"name":"wp","href":"https:\/\/api.w.org\/{rel}","templated":true}]}}