{"id":2186,"date":"2021-10-11T13:58:55","date_gmt":"2021-10-11T11:58:55","guid":{"rendered":"https:\/\/www.turismocampillos.com\/web\/?page_id=2186"},"modified":"2024-12-23T14:14:43","modified_gmt":"2024-12-23T13:14:43","slug":"parque-multiaventuras-campillos","status":"publish","type":"page","link":"https:\/\/www.turismocampillos.com\/web\/actividades\/parque-multiaventuras-campillos\/","title":{"rendered":"Parque Multiaventuras Campillos"},"content":{"rendered":"\t\t<div data-elementor-type=\"wp-page\" data-elementor-id=\"2186\" class=\"elementor elementor-2186\">\n\t\t\t\t\t\t<section class=\"elementor-section elementor-top-section elementor-element elementor-element-72d6f69d elementor-section-boxed elementor-section-height-default elementor-section-height-default\" data-id=\"72d6f69d\" data-element_type=\"section\" data-e-type=\"section\">\n\t\t\t\t\t\t<div class=\"elementor-container elementor-column-gap-default\">\n\t\t\t\t\t<div class=\"elementor-column elementor-col-100 elementor-top-column elementor-element elementor-element-3341d368\" data-id=\"3341d368\" data-element_type=\"column\" data-e-type=\"column\">\n\t\t\t<div class=\"elementor-widget-wrap elementor-element-populated\">\n\t\t\t\t\t\t<div class=\"elementor-element elementor-element-14f8f8b1 elementor-widget__width-initial elementor-widget elementor-widget-text-editor\" data-id=\"14f8f8b1\" data-element_type=\"widget\" data-e-type=\"widget\" data-widget_type=\"text-editor.default\">\n\t\t\t\t<div class=\"elementor-widget-container\">\n\t\t\t\t\t\t\t\t\t<p>\u00a0<\/p>\n<div class=\"wp-playlist wp-video-playlist wp-playlist-light\">\n\t\t<video controls=\"controls\" preload=\"none\" width=\"640\"\n\t\t height=\"360\"\t><\/video>\n\t<div class=\"wp-playlist-next\"><\/div>\n\t<div class=\"wp-playlist-prev\"><\/div>\n\t<noscript>\n\t<ol>\n\t\t<li><a href='https:\/\/www.turismocampillos.com\/web\/wp-content\/uploads\/2024\/12\/CAMPILLOS_MULTIAVENTURA_HD_ALTA-copia.mp4'>CAMPILLOS_MULTIAVENTURA_HD_ALTA &#8211; copia<\/a><\/li>\t<\/ol>\n\t<\/noscript>\n\t<script type=\"application\/json\" class=\"wp-playlist-script\">{\"type\":\"video\",\"tracklist\":true,\"tracknumbers\":true,\"images\":true,\"artists\":true,\"tracks\":[{\"src\":\"https:\/\/www.turismocampillos.com\/web\/wp-content\/uploads\/2024\/12\/CAMPILLOS_MULTIAVENTURA_HD_ALTA-copia.mp4\",\"type\":\"video\/mp4\",\"title\":\"CAMPILLOS_MULTIAVENTURA_HD_ALTA - copia\",\"caption\":\"\",\"description\":\"\",\"meta\":{\"length_formatted\":\"0:33\"},\"dimensions\":{\"original\":{\"width\":1920,\"height\":1080},\"resized\":{\"width\":640,\"height\":360}},\"image\":{\"src\":\"https:\/\/www.turismocampillos.com\/web\/wp-includes\/images\/media\/video.svg\",\"width\":48,\"height\":64},\"thumb\":{\"src\":\"https:\/\/www.turismocampillos.com\/web\/wp-includes\/images\/media\/video.svg\",\"width\":48,\"height\":64}}]}<\/script>\n<\/div>\n\t\n<p>Desde octubre de 2021 Campillos cuenta con una nueva instalaci\u00f3n para el uso y disfrute de toda la familia, sea cual sea la edad de sus miembros. Esta nueva infraestructura cuenta con un total de 12 juegos de diferentes dificultades y una tirolina para terminar el recorrido. La diversi\u00f3n est\u00e1 asegurada, pero tambi\u00e9n la seguridad, ya que las personas discurren por el circuito sujetas por arneses y cuerdas a un carril de seguridad del que es imposible salirse. Adem\u00e1s, en todo momento se est\u00e1 acompa\u00f1ado\/a de monitores\/as que les ayudar\u00e1n a poder realizar los juegos de mayor dificultad. El parque multiaventuras de Campillos abre todos los d\u00edas de la semana y es recomendable hacer la reserva de forma anticipada.<\/p>\n<p><!-- \/wp:paragraph --><!-- wp:image {\"id\":2551,\"sizeSlug\":\"large\",\"linkDestination\":\"none\",\"align\":\"center\"} --><\/p>\n<figure class=\"wp-block-image aligncenter size-large\"><img fetchpriority=\"high\" decoding=\"async\" class=\"alignnone wp-image-3047 size-large\" src=\"https:\/\/www.turismocampillos.com\/web\/wp-content\/uploads\/2024\/12\/CARTEL-PARQUE-MULTIAVENTURA-1-724x1024.jpg\" alt=\"\" width=\"724\" height=\"1024\" srcset=\"https:\/\/www.turismocampillos.com\/web\/wp-content\/uploads\/2024\/12\/CARTEL-PARQUE-MULTIAVENTURA-1-724x1024.jpg 724w, https:\/\/www.turismocampillos.com\/web\/wp-content\/uploads\/2024\/12\/CARTEL-PARQUE-MULTIAVENTURA-1-212x300.jpg 212w, https:\/\/www.turismocampillos.com\/web\/wp-content\/uploads\/2024\/12\/CARTEL-PARQUE-MULTIAVENTURA-1-768x1086.jpg 768w, https:\/\/www.turismocampillos.com\/web\/wp-content\/uploads\/2024\/12\/CARTEL-PARQUE-MULTIAVENTURA-1-1086x1536.jpg 1086w, https:\/\/www.turismocampillos.com\/web\/wp-content\/uploads\/2024\/12\/CARTEL-PARQUE-MULTIAVENTURA-1-1448x2048.jpg 1448w, https:\/\/www.turismocampillos.com\/web\/wp-content\/uploads\/2024\/12\/CARTEL-PARQUE-MULTIAVENTURA-1-scaled.jpg 1810w\" sizes=\"(max-width: 724px) 100vw, 724px\" \/><\/figure>\n<p><!-- \/wp:image --><!-- wp:heading {\"textAlign\":\"center\"} --><\/p>\n<p><!-- \/wp:heading --><!-- wp:html --><\/p>\n<p><span style=\"font-size: 16px;\">\u00a0<\/span><span style=\"color: #000000; font-size: 1rem;\">\u00a0<\/span><\/p>\n<div class=\"wp-block-group alignfull has-text-color has-background\" style=\"color: #000000; background-color: #ffffff;\">\n<p><!-- \/wp:spacer --><!-- wp:buttons {\"layout\":{\"type\":\"flex\",\"justifyContent\":\"center\",\"orientation\":\"horizontal\"}} --><\/p>\n<div class=\"wp-block-buttons\">\n<p><!-- wp:button {\"width\":50,\"style\":{\"color\":{\"text\":\"#ffffff\",\"background\":\"#179855\"},\"border\":{\"radius\":\"50px\"}}} --><\/p>\n<div class=\"wp-block-button has-custom-width wp-block-button__width-50\"><a class=\"wp-block-button__link has-text-color has-background wp-element-button\" style=\"border-radius: 50px; color: #ffffff; background-color: #179855;\" href=\"https:\/\/www.google.com\/maps\/dir\/\/pARQUE+MULTIAVENTURA+CAMPILLOS\/@36.9225659,-4.917038,11z\/data=!4m8!4m7!1m0!1m5!1m1!1s0xd72a5c06a4487a5:0xb34c8d8723261d19!2m2!1d-4.8710932!2d37.0439414\" target=\"_blank\" rel=\"noreferrer noopener\">COMO LLEGAR<\/a><\/div>\n<p><!-- \/wp:button --><\/p>\n<\/div>\n<p><!-- \/wp:buttons --><!-- wp:spacer {\"height\":\"42px\"} --><\/p>\n<div class=\"wp-block-spacer\" style=\"height: 42px;\" aria-hidden=\"true\">\u00a0 \u00a0 \u00a0<span style=\"font-style: inherit; font-weight: inherit; background-color: var(--ast-global-color-5); color: var(--ast-global-color-2);\">Si desea solicitar m\u00e1s informaci\u00f3n cons\u00faltenos al tel\u00e9fono <\/span><a style=\"font-style: inherit; font-weight: inherit;\" href=\"tel:686387745\" target=\"_blank\" rel=\"noreferrer noopener\"><strong>686387745\u00a0<\/strong><\/a>\u00a0\/ <a href=\"tel:952724478\">952724478<\/a><span style=\"font-size: 16px; color: #3a3a3a;\">\u00a0de Campillos (en horario de apertura).<\/span><\/div>\n<\/div>\n<p>\u00a0<\/p>\n<p><!-- \/wp:paragraph --><!-- wp:paragraph --><\/p>\n<p>Fotos<\/p>\n<p><!-- \/wp:paragraph --><!-- wp:gallery {\"linkTo\":\"none\"} --><\/p>\n<figure class=\"wp-block-gallery has-nested-images columns-default is-cropped\"><!-- wp:image {\"id\":2189,\"sizeSlug\":\"large\",\"linkDestination\":\"none\"} -->\n<p>\u00a0<\/p>\n<figure class=\"wp-block-image size-large\"><img decoding=\"async\" width=\"1024\" height=\"461\" class=\"wp-image-2189\" src=\"https:\/\/www.turismocampillos.com\/web\/wp-content\/uploads\/2021\/10\/Parque-Multiaventuras-02-1024x461.jpg\" alt=\"\" srcset=\"https:\/\/www.turismocampillos.com\/web\/wp-content\/uploads\/2021\/10\/Parque-Multiaventuras-02-1024x461.jpg 1024w, https:\/\/www.turismocampillos.com\/web\/wp-content\/uploads\/2021\/10\/Parque-Multiaventuras-02-300x135.jpg 300w, https:\/\/www.turismocampillos.com\/web\/wp-content\/uploads\/2021\/10\/Parque-Multiaventuras-02-768x346.jpg 768w, https:\/\/www.turismocampillos.com\/web\/wp-content\/uploads\/2021\/10\/Parque-Multiaventuras-02-1536x691.jpg 1536w, https:\/\/www.turismocampillos.com\/web\/wp-content\/uploads\/2021\/10\/Parque-Multiaventuras-02.jpg 1600w\" sizes=\"(max-width: 1024px) 100vw, 1024px\" \/><\/figure>\n<p><!-- \/wp:image --><!-- wp:image {\"id\":2190,\"sizeSlug\":\"large\",\"linkDestination\":\"none\"} --><\/p>\n<figure class=\"wp-block-image size-large\"><img decoding=\"async\" width=\"1024\" height=\"461\" class=\"wp-image-2190\" src=\"https:\/\/www.turismocampillos.com\/web\/wp-content\/uploads\/2021\/10\/Paruqe-Multiaventuras-01-1024x461.jpg\" alt=\"\" srcset=\"https:\/\/www.turismocampillos.com\/web\/wp-content\/uploads\/2021\/10\/Paruqe-Multiaventuras-01-1024x461.jpg 1024w, https:\/\/www.turismocampillos.com\/web\/wp-content\/uploads\/2021\/10\/Paruqe-Multiaventuras-01-300x135.jpg 300w, https:\/\/www.turismocampillos.com\/web\/wp-content\/uploads\/2021\/10\/Paruqe-Multiaventuras-01-768x346.jpg 768w, https:\/\/www.turismocampillos.com\/web\/wp-content\/uploads\/2021\/10\/Paruqe-Multiaventuras-01-1536x691.jpg 1536w, https:\/\/www.turismocampillos.com\/web\/wp-content\/uploads\/2021\/10\/Paruqe-Multiaventuras-01.jpg 1600w\" sizes=\"(max-width: 1024px) 100vw, 1024px\" \/><\/figure>\n<p><!-- \/wp:image --><!-- wp:image {\"id\":2191,\"sizeSlug\":\"large\",\"linkDestination\":\"none\"} --><\/p>\n<figure class=\"wp-block-image size-large\"><img loading=\"lazy\" decoding=\"async\" width=\"1024\" height=\"576\" class=\"wp-image-2191\" src=\"https:\/\/www.turismocampillos.com\/web\/wp-content\/uploads\/2021\/10\/Paruqe-Multiaventuras-03-1024x576.jpg\" alt=\"\" srcset=\"https:\/\/www.turismocampillos.com\/web\/wp-content\/uploads\/2021\/10\/Paruqe-Multiaventuras-03-1024x576.jpg 1024w, https:\/\/www.turismocampillos.com\/web\/wp-content\/uploads\/2021\/10\/Paruqe-Multiaventuras-03-300x169.jpg 300w, https:\/\/www.turismocampillos.com\/web\/wp-content\/uploads\/2021\/10\/Paruqe-Multiaventuras-03-768x432.jpg 768w, https:\/\/www.turismocampillos.com\/web\/wp-content\/uploads\/2021\/10\/Paruqe-Multiaventuras-03-1536x864.jpg 1536w, https:\/\/www.turismocampillos.com\/web\/wp-content\/uploads\/2021\/10\/Paruqe-Multiaventuras-03.jpg 1600w\" sizes=\"(max-width: 1024px) 100vw, 1024px\" \/><\/figure>\n<p><!-- \/wp:image --><!-- wp:image {\"id\":2192,\"sizeSlug\":\"large\",\"linkDestination\":\"none\"} --><\/p>\n<figure class=\"wp-block-image size-large\"><img loading=\"lazy\" decoding=\"async\" width=\"1024\" height=\"576\" class=\"wp-image-2192\" src=\"https:\/\/www.turismocampillos.com\/web\/wp-content\/uploads\/2021\/10\/Paruqe-Multiaventuras-04-1024x576.jpg\" alt=\"\" srcset=\"https:\/\/www.turismocampillos.com\/web\/wp-content\/uploads\/2021\/10\/Paruqe-Multiaventuras-04-1024x576.jpg 1024w, https:\/\/www.turismocampillos.com\/web\/wp-content\/uploads\/2021\/10\/Paruqe-Multiaventuras-04-300x169.jpg 300w, https:\/\/www.turismocampillos.com\/web\/wp-content\/uploads\/2021\/10\/Paruqe-Multiaventuras-04-768x432.jpg 768w, https:\/\/www.turismocampillos.com\/web\/wp-content\/uploads\/2021\/10\/Paruqe-Multiaventuras-04-1536x864.jpg 1536w, https:\/\/www.turismocampillos.com\/web\/wp-content\/uploads\/2021\/10\/Paruqe-Multiaventuras-04.jpg 1600w\" sizes=\"(max-width: 1024px) 100vw, 1024px\" \/><\/figure>\n<p><!-- \/wp:image --><!-- wp:image {\"id\":2193,\"sizeSlug\":\"large\",\"linkDestination\":\"none\"} --><\/p>\n<figure class=\"wp-block-image size-large\"><img loading=\"lazy\" decoding=\"async\" width=\"1024\" height=\"576\" class=\"wp-image-2193\" src=\"https:\/\/www.turismocampillos.com\/web\/wp-content\/uploads\/2021\/10\/Paruqe-Multiaventuras-05-1024x576.jpg\" alt=\"\" srcset=\"https:\/\/www.turismocampillos.com\/web\/wp-content\/uploads\/2021\/10\/Paruqe-Multiaventuras-05-1024x576.jpg 1024w, https:\/\/www.turismocampillos.com\/web\/wp-content\/uploads\/2021\/10\/Paruqe-Multiaventuras-05-300x169.jpg 300w, https:\/\/www.turismocampillos.com\/web\/wp-content\/uploads\/2021\/10\/Paruqe-Multiaventuras-05-768x432.jpg 768w, https:\/\/www.turismocampillos.com\/web\/wp-content\/uploads\/2021\/10\/Paruqe-Multiaventuras-05-1536x864.jpg 1536w, https:\/\/www.turismocampillos.com\/web\/wp-content\/uploads\/2021\/10\/Paruqe-Multiaventuras-05.jpg 1600w\" sizes=\"(max-width: 1024px) 100vw, 1024px\" \/><\/figure>\n<p><!-- \/wp:image --><!-- wp:image {\"id\":2194,\"sizeSlug\":\"large\",\"linkDestination\":\"none\"} --><\/p>\n<figure class=\"wp-block-image size-large\"><img loading=\"lazy\" decoding=\"async\" width=\"423\" height=\"760\" class=\"wp-image-2194\" src=\"https:\/\/www.turismocampillos.com\/web\/wp-content\/uploads\/2021\/10\/Tirolina.jpg\" alt=\"\" srcset=\"https:\/\/www.turismocampillos.com\/web\/wp-content\/uploads\/2021\/10\/Tirolina.jpg 423w, https:\/\/www.turismocampillos.com\/web\/wp-content\/uploads\/2021\/10\/Tirolina-167x300.jpg 167w\" sizes=\"(max-width: 423px) 100vw, 423px\" \/><\/figure>\n<p><!-- \/wp:image --><\/p>\n<\/figure>\n<p><!-- \/wp:gallery --><!-- wp:quote {\"textAlign\":\"center\"} --><\/p>\n<blockquote class=\"wp-block-quote has-text-align-center\">\n<p><!-- wp:paragraph --><\/p>\n<p>\u00a1\u00a1\u00a1EL PARQUE MULTIAVENTURAS DE CAMPILLOS TE EST\u00c1 ESPERANDO!!!<\/p>\n<p><!-- \/wp:paragraph --><\/p>\n<\/blockquote>\n<p><!-- \/wp:quote --><\/p>\t\t\t\t\t\t\t\t<\/div>\n\t\t\t\t<\/div>\n\t\t\t\t\t<\/div>\n\t\t<\/div>\n\t\t\t\t\t<\/div>\n\t\t<\/section>\n\t\t\t\t<\/div>\n\t\t","protected":false},"excerpt":{"rendered":"<p>\u00a0 Desde octubre de 2021 Campillos cuenta con una nueva instalaci\u00f3n para el uso y disfrute de toda la familia, sea cual sea la edad de sus miembros. Esta nueva infraestructura cuenta con un total de 12 juegos de diferentes dificultades y una tirolina para terminar el recorrido. La diversi\u00f3n est\u00e1 asegurada, pero tambi\u00e9n la [&hellip;]<\/p>\n","protected":false},"author":1,"featured_media":2190,"parent":18,"menu_order":0,"comment_status":"closed","ping_status":"closed","template":"","meta":{"site-sidebar-layout":"default","site-content-layout":"","ast-site-content-layout":"default","site-content-style":"default","site-sidebar-style":"default","ast-global-header-display":"","ast-banner-title-visibility":"","ast-main-header-display":"","ast-hfb-above-header-display":"","ast-hfb-below-header-display":"","ast-hfb-mobile-header-display":"","site-post-title":"","ast-breadcrumbs-content":"","ast-featured-img":"","footer-sml-layout":"","ast-disable-related-posts":"","theme-transparent-header-meta":"","adv-header-id-meta":"","stick-header-meta":"","header-above-stick-meta":"","header-main-stick-meta":"","header-below-stick-meta":"","astra-migrate-meta-layouts":"set","ast-page-background-enabled":"default","ast-page-background-meta":{"desktop":{"background-color":"var(--ast-global-color-4)","background-image":"","background-repeat":"repeat","background-position":"center center","background-size":"auto","background-attachment":"scroll","background-type":"","background-media":"","overlay-type":"","overlay-color":"","overlay-opacity":"","overlay-gradient":""},"tablet":{"background-color":"","background-image":"","background-repeat":"repeat","background-position":"center center","background-size":"auto","background-attachment":"scroll","background-type":"","background-media":"","overlay-type":"","overlay-color":"","overlay-opacity":"","overlay-gradient":""},"mobile":{"background-color":"","background-image":"","background-repeat":"repeat","background-position":"center center","background-size":"auto","background-attachment":"scroll","background-type":"","background-media":"","overlay-type":"","overlay-color":"","overlay-opacity":"","overlay-gradient":""}},"ast-content-background-meta":{"desktop":{"background-color":"var(--ast-global-color-5)","background-image":"","background-repeat":"repeat","background-position":"center center","background-size":"auto","background-attachment":"scroll","background-type":"","background-media":"","overlay-type":"","overlay-color":"","overlay-opacity":"","overlay-gradient":""},"tablet":{"background-color":"var(--ast-global-color-5)","background-image":"","background-repeat":"repeat","background-position":"center center","background-size":"auto","background-attachment":"scroll","background-type":"","background-media":"","overlay-type":"","overlay-color":"","overlay-opacity":"","overlay-gradient":""},"mobile":{"background-color":"var(--ast-global-color-5)","background-image":"","background-repeat":"repeat","background-position":"center center","background-size":"auto","background-attachment":"scroll","background-type":"","background-media":"","overlay-type":"","overlay-color":"","overlay-opacity":"","overlay-gradient":""}},"footnotes":""},"class_list":["post-2186","page","type-page","status-publish","has-post-thumbnail","hentry"],"_links":{"self":[{"href":"https:\/\/www.turismocampillos.com\/web\/wp-json\/wp\/v2\/pages\/2186","targetHints":{"allow":["GET"]}}],"collection":[{"href":"https:\/\/www.turismocampillos.com\/web\/wp-json\/wp\/v2\/pages"}],"about":[{"href":"https:\/\/www.turismocampillos.com\/web\/wp-json\/wp\/v2\/types\/page"}],"author":[{"embeddable":true,"href":"https:\/\/www.turismocampillos.com\/web\/wp-json\/wp\/v2\/users\/1"}],"replies":[{"embeddable":true,"href":"https:\/\/www.turismocampillos.com\/web\/wp-json\/wp\/v2\/comments?post=2186"}],"version-history":[{"count":0,"href":"https:\/\/www.turismocampillos.com\/web\/wp-json\/wp\/v2\/pages\/2186\/revisions"}],"up":[{"embeddable":true,"href":"https:\/\/www.turismocampillos.com\/web\/wp-json\/wp\/v2\/pages\/18"}],"wp:featuredmedia":[{"embeddable":true,"href":"https:\/\/www.turismocampillos.com\/web\/wp-json\/wp\/v2\/media\/2190"}],"wp:attachment":[{"href":"https:\/\/www.turismocampillos.com\/web\/wp-json\/wp\/v2\/media?parent=2186"}],"curies":[{"name":"wp","href":"https:\/\/api.w.org\/{rel}","templated":true}]}}