{"id":220,"date":"2017-02-14T09:10:50","date_gmt":"2017-02-14T08:10:50","guid":{"rendered":"http:\/\/www.turismocampillos.com\/web\/?page_id=220"},"modified":"2024-12-27T10:57:22","modified_gmt":"2024-12-27T09:57:22","slug":"flora","status":"publish","type":"page","link":"https:\/\/www.turismocampillos.com\/web\/conoce-campillos\/naturaleza-clima-y-paisaje\/flora\/","title":{"rendered":"Flora"},"content":{"rendered":"<h1 align=\"justify\">Flora<\/h1>\n<p align=\"justify\">En general, la flora de Campillos en su mayor parte est\u00e1 cubierta por olivares y campos de cereal, en su parte llana y en los cerros predominan los matorrales y monte bajo.<\/p>\n<p align=\"justify\">En cuanto a la flora de la zona de los embalases, lo que m\u00e1s abunda en todo el entorno es el pino aut\u00f3ctono, dej\u00e1ndose ver tambi\u00e9n eucaliptos y matorrales como tomillo, romero, retama, etc\u2026.<\/p>\n<p align=\"justify\"><div id=\"metaslider-id-743\" style=\"max-width: 900px;\" class=\"ml-slider-3-109-0 metaslider metaslider-flex metaslider-743 ml-slider has-dots-nav ms-theme-default\" role=\"region\" aria-label=\"Flora\" data-height=\"600\" data-width=\"900\">\n    <div id=\"metaslider_container_743\">\n        <div id=\"metaslider_743\">\n            <ul class='slides'>\n                <li style=\"display: block; width: 100%;\" class=\"slide-1647 ms-image \" aria-roledescription=\"slide\" data-date=\"2018-01-17 09:15:50\" data-filename=\"IMG_2318-900x600.jpg\" data-slide-type=\"image\"><img fetchpriority=\"high\" decoding=\"async\" src=\"https:\/\/www.turismocampillos.com\/web\/wp-content\/uploads\/2018\/01\/IMG_2318-900x600.jpg\" height=\"600\" width=\"900\" alt=\"\" class=\"slider-743 slide-1647 msDefaultImage\" \/><\/li>\n                <li style=\"display: none; width: 100%;\" class=\"slide-749 ms-image \" aria-roledescription=\"slide\" data-date=\"2017-05-16 13:27:58\" data-filename=\"CTRA-GOBANTE_IMG_5090-e1510134045266-700x466.jpg\" data-slide-type=\"image\"><img decoding=\"async\" src=\"https:\/\/www.turismocampillos.com\/web\/wp-content\/uploads\/2016\/10\/CTRA-GOBANTE_IMG_5090-e1510134045266-700x466.jpg\" height=\"600\" width=\"900\" alt=\"\" class=\"slider-743 slide-749 msDefaultImage\" \/><\/li>\n                <li style=\"display: none; width: 100%;\" class=\"slide-1643 ms-image \" aria-roledescription=\"slide\" data-date=\"2018-01-17 09:12:37\" data-filename=\"IMG_1696-2-900x600.jpg\" data-slide-type=\"image\"><img decoding=\"async\" src=\"https:\/\/www.turismocampillos.com\/web\/wp-content\/uploads\/2016\/09\/IMG_1696-2-900x600.jpg\" height=\"600\" width=\"900\" alt=\"\" class=\"slider-743 slide-1643 msDefaultImage\" \/><\/li>\n                <li style=\"display: none; width: 100%;\" class=\"slide-752 ms-image \" aria-roledescription=\"slide\" data-date=\"2017-05-16 13:27:58\" data-filename=\"CAMPI\u00d1A-e1510134137558-700x466.jpg\" data-slide-type=\"image\"><img loading=\"lazy\" decoding=\"async\" src=\"https:\/\/www.turismocampillos.com\/web\/wp-content\/uploads\/2016\/10\/CAMPI\u00d1A-e1510134137558-700x466.jpg\" height=\"600\" width=\"900\" alt=\"\" class=\"slider-743 slide-752 msDefaultImage\" \/><\/li>\n                <li style=\"display: none; width: 100%;\" class=\"slide-1648 ms-image \" aria-roledescription=\"slide\" data-date=\"2018-01-17 09:15:50\" data-filename=\"IMG_5415-900x600.jpg\" data-slide-type=\"image\"><img loading=\"lazy\" decoding=\"async\" src=\"https:\/\/www.turismocampillos.com\/web\/wp-content\/uploads\/2018\/01\/IMG_5415-900x600.jpg\" height=\"600\" width=\"900\" alt=\"\" class=\"slider-743 slide-1648 msDefaultImage\" \/><\/li>\n                <li style=\"display: none; width: 100%;\" class=\"slide-1661 ms-image \" aria-roledescription=\"slide\" data-date=\"2018-01-17 09:47:29\" data-filename=\"Foto-parte-de-abajo1-900x600.jpg\" data-slide-type=\"image\"><img loading=\"lazy\" decoding=\"async\" src=\"https:\/\/www.turismocampillos.com\/web\/wp-content\/uploads\/2018\/01\/Foto-parte-de-abajo1-900x600.jpg\" height=\"600\" width=\"900\" alt=\"\" class=\"slider-743 slide-1661 msDefaultImage\" \/><\/li>\n                <li style=\"display: none; width: 100%;\" class=\"slide-753 ms-image \" aria-roledescription=\"slide\" data-date=\"2017-05-16 13:27:58\" data-filename=\"CTRA-GOBANTE_IMG_5094-e1510134029385-467x311.jpg\" data-slide-type=\"image\"><img loading=\"lazy\" decoding=\"async\" src=\"https:\/\/www.turismocampillos.com\/web\/wp-content\/uploads\/2016\/10\/CTRA-GOBANTE_IMG_5094-e1510134029385-467x311.jpg\" height=\"600\" width=\"900\" alt=\"\" class=\"slider-743 slide-753 msDefaultImage\" \/><\/li>\n                <li style=\"display: none; width: 100%;\" class=\"slide-1649 ms-image \" aria-roledescription=\"slide\" data-date=\"2018-01-17 09:15:50\" data-filename=\"IMG_8979-900x600.jpg\" data-slide-type=\"image\"><img loading=\"lazy\" decoding=\"async\" src=\"https:\/\/www.turismocampillos.com\/web\/wp-content\/uploads\/2018\/01\/IMG_8979-900x600.jpg\" height=\"600\" width=\"900\" alt=\"\" class=\"slider-743 slide-1649 msDefaultImage\" \/><\/li>\n                <li style=\"display: none; width: 100%;\" class=\"slide-745 ms-image \" aria-roledescription=\"slide\" data-date=\"2017-05-16 13:27:58\" data-filename=\"jara-blanca-577x385.jpg\" data-slide-type=\"image\"><img loading=\"lazy\" decoding=\"async\" src=\"https:\/\/www.turismocampillos.com\/web\/wp-content\/uploads\/2017\/02\/jara-blanca-577x385.jpg\" height=\"600\" width=\"900\" alt=\"\" class=\"slider-743 slide-745 msDefaultImage\" \/><\/li>\n                <li style=\"display: none; width: 100%;\" class=\"slide-746 ms-image \" aria-roledescription=\"slide\" data-date=\"2017-05-16 13:27:58\" data-filename=\"espino-negro-460x307.jpg\" data-slide-type=\"image\"><img loading=\"lazy\" decoding=\"async\" src=\"https:\/\/www.turismocampillos.com\/web\/wp-content\/uploads\/2017\/02\/espino-negro-460x307.jpg\" height=\"600\" width=\"900\" alt=\"\" class=\"slider-743 slide-746 msDefaultImage\" \/><\/li>\n                <li style=\"display: none; width: 100%;\" class=\"slide-747 ms-image \" aria-roledescription=\"slide\" data-date=\"2017-05-16 13:27:58\" data-filename=\"candilillos-558x372.jpg\" data-slide-type=\"image\"><img loading=\"lazy\" decoding=\"async\" src=\"https:\/\/www.turismocampillos.com\/web\/wp-content\/uploads\/2017\/02\/candilillos-558x372.jpg\" height=\"600\" width=\"900\" alt=\"\" class=\"slider-743 slide-747 msDefaultImage\" \/><\/li>\n                <li style=\"display: none; width: 100%;\" class=\"slide-748 ms-image \" aria-roledescription=\"slide\" data-date=\"2017-05-16 13:27:58\" data-filename=\"4-Tomillo_en_flor-e1510127998125-700x466.jpg\" data-slide-type=\"image\"><img loading=\"lazy\" decoding=\"async\" src=\"https:\/\/www.turismocampillos.com\/web\/wp-content\/uploads\/2017\/02\/4-Tomillo_en_flor-e1510127998125-700x466.jpg\" height=\"600\" width=\"900\" alt=\"\" class=\"slider-743 slide-748 msDefaultImage\" \/><\/li>\n                <li style=\"display: none; width: 100%;\" class=\"slide-750 ms-image \" aria-roledescription=\"slide\" data-date=\"2017-05-16 13:27:58\" data-filename=\"CTRA-GOBANTE_IMG_3591-e1510134070637-700x466.jpg\" data-slide-type=\"image\"><img loading=\"lazy\" decoding=\"async\" src=\"https:\/\/www.turismocampillos.com\/web\/wp-content\/uploads\/2016\/10\/CTRA-GOBANTE_IMG_3591-e1510134070637-700x466.jpg\" height=\"600\" width=\"900\" alt=\"\" class=\"slider-743 slide-750 msDefaultImage\" \/><\/li>\n                <li style=\"display: none; width: 100%;\" class=\"slide-751 ms-image \" aria-roledescription=\"slide\" data-date=\"2017-05-16 13:27:58\" data-filename=\"CTRA-GOBANTE-NEVADA_IMG_6433-e1510134087121-700x466.jpg\" data-slide-type=\"image\"><img loading=\"lazy\" decoding=\"async\" src=\"https:\/\/www.turismocampillos.com\/web\/wp-content\/uploads\/2016\/10\/CTRA-GOBANTE-NEVADA_IMG_6433-e1510134087121-700x466.jpg\" height=\"600\" width=\"900\" alt=\"\" class=\"slider-743 slide-751 msDefaultImage\" \/><\/li>\n            <\/ul>\n        <\/div>\n        \n    <\/div>\n<\/div><\/p>\n<p align=\"justify\">En las propias lagunas domina la formada por juncos, casta\u00f1uelas y carrizos, mientras que alrededor de ellas existen tierras de cultivo de herb\u00e1ceos y olivares. En la Laguna Salada destaca su flora acu\u00e1tica, entre ella la Althenia orientalis, la chara \u00e1spera, la Chara galioides y la Ruppia maritima.<!--more--><\/p>\n<p align=\"justify\"><b>Rhamnus lycioides subsp oleoides <\/b><\/p>\n<p align=\"justify\">Espino negro, espino prieto: Vive en zonas t\u00e9rmicas secas y soleadas, sin fuertes heladas. Forma parte del matorral de degradaci\u00f3n de bosques de tipo escler\u00f3filo. Florece en la primavera y fructifica a finales del verano. Produce le\u00f1a y carb\u00f3n<\/p>\n<p align=\"justify\"><b>Aristolochia baetica<\/b><\/p>\n<p align=\"justify\">Candilillos, aristoloquia b\u00e9tica, aristoloquia de Andaluc\u00eda, candiles: Prefiere suelos calizos en zonas de degradaci\u00f3n de encinares y matorrales densos, en zonas umbr\u00edas. Se enreda en forma de liana en otras plantas.<\/p>\n<p><b>Rosmarinus officinalis<\/b><\/p>\n<p align=\"justify\">Romero: Esta planta es un arbusto t\u00edpicamente mediterr\u00e1neo, perenne, de tallo retorcido, con hojas cori\u00e1ceas y flores de color azul.<\/p>\n","protected":false},"excerpt":{"rendered":"<p>Flora En general, la flora de Campillos en su mayor parte est\u00e1 cubierta por olivares y campos de cereal, en su parte llana y en los cerros predominan los matorrales y monte bajo. En cuanto a la flora de la zona de los embalases, lo que m\u00e1s abunda en todo el entorno es el pino [&hellip;]<\/p>\n","protected":false},"author":1,"featured_media":0,"parent":9,"menu_order":0,"comment_status":"closed","ping_status":"closed","template":"","meta":{"site-sidebar-layout":"default","site-content-layout":"","ast-site-content-layout":"default","site-content-style":"default","site-sidebar-style":"default","ast-global-header-display":"","ast-banner-title-visibility":"","ast-main-header-display":"","ast-hfb-above-header-display":"","ast-hfb-below-header-display":"","ast-hfb-mobile-header-display":"","site-post-title":"","ast-breadcrumbs-content":"","ast-featured-img":"","footer-sml-layout":"","ast-disable-related-posts":"","theme-transparent-header-meta":"","adv-header-id-meta":"","stick-header-meta":"","header-above-stick-meta":"","header-main-stick-meta":"","header-below-stick-meta":"","astra-migrate-meta-layouts":"set","ast-page-background-enabled":"default","ast-page-background-meta":{"desktop":{"background-color":"var(--ast-global-color-4)","background-image":"","background-repeat":"repeat","background-position":"center center","background-size":"auto","background-attachment":"scroll","background-type":"","background-media":"","overlay-type":"","overlay-color":"","overlay-opacity":"","overlay-gradient":""},"tablet":{"background-color":"","background-image":"","background-repeat":"repeat","background-position":"center center","background-size":"auto","background-attachment":"scroll","background-type":"","background-media":"","overlay-type":"","overlay-color":"","overlay-opacity":"","overlay-gradient":""},"mobile":{"background-color":"","background-image":"","background-repeat":"repeat","background-position":"center center","background-size":"auto","background-attachment":"scroll","background-type":"","background-media":"","overlay-type":"","overlay-color":"","overlay-opacity":"","overlay-gradient":""}},"ast-content-background-meta":{"desktop":{"background-color":"var(--ast-global-color-5)","background-image":"","background-repeat":"repeat","background-position":"center center","background-size":"auto","background-attachment":"scroll","background-type":"","background-media":"","overlay-type":"","overlay-color":"","overlay-opacity":"","overlay-gradient":""},"tablet":{"background-color":"var(--ast-global-color-5)","background-image":"","background-repeat":"repeat","background-position":"center center","background-size":"auto","background-attachment":"scroll","background-type":"","background-media":"","overlay-type":"","overlay-color":"","overlay-opacity":"","overlay-gradient":""},"mobile":{"background-color":"var(--ast-global-color-5)","background-image":"","background-repeat":"repeat","background-position":"center center","background-size":"auto","background-attachment":"scroll","background-type":"","background-media":"","overlay-type":"","overlay-color":"","overlay-opacity":"","overlay-gradient":""}},"footnotes":""},"class_list":["post-220","page","type-page","status-publish","hentry"],"_links":{"self":[{"href":"https:\/\/www.turismocampillos.com\/web\/wp-json\/wp\/v2\/pages\/220","targetHints":{"allow":["GET"]}}],"collection":[{"href":"https:\/\/www.turismocampillos.com\/web\/wp-json\/wp\/v2\/pages"}],"about":[{"href":"https:\/\/www.turismocampillos.com\/web\/wp-json\/wp\/v2\/types\/page"}],"author":[{"embeddable":true,"href":"https:\/\/www.turismocampillos.com\/web\/wp-json\/wp\/v2\/users\/1"}],"replies":[{"embeddable":true,"href":"https:\/\/www.turismocampillos.com\/web\/wp-json\/wp\/v2\/comments?post=220"}],"version-history":[{"count":0,"href":"https:\/\/www.turismocampillos.com\/web\/wp-json\/wp\/v2\/pages\/220\/revisions"}],"up":[{"embeddable":true,"href":"https:\/\/www.turismocampillos.com\/web\/wp-json\/wp\/v2\/pages\/9"}],"wp:attachment":[{"href":"https:\/\/www.turismocampillos.com\/web\/wp-json\/wp\/v2\/media?parent=220"}],"curies":[{"name":"wp","href":"https:\/\/api.w.org\/{rel}","templated":true}]}}