{"id":224,"date":"2017-02-14T09:11:33","date_gmt":"2017-02-14T08:11:33","guid":{"rendered":"http:\/\/www.turismocampillos.com\/web\/?page_id=224"},"modified":"2024-12-23T12:32:28","modified_gmt":"2024-12-23T11:32:28","slug":"embalses","status":"publish","type":"page","link":"https:\/\/www.turismocampillos.com\/web\/embalses\/","title":{"rendered":"Embalses"},"content":{"rendered":"<h1 align=\"justify\">Embalses<\/h1>\n<p align=\"justify\">Las presas del Guadalhorce y Guadalteba, pertenecen al t\u00e9rmino de Teba, Campillos y Antequera, y la presa del Conde del Guadalhorce al t\u00e9rmino de Ardales.<\/p>\n<p align=\"justify\"><div id=\"metaslider-id-900\" style=\"max-width: 900px;\" class=\"ml-slider-3-108-0 metaslider metaslider-flex metaslider-900 ml-slider has-dots-nav ms-theme-default\" role=\"region\" aria-label=\"Embalses\" data-height=\"560\" data-width=\"900\">\n    <div id=\"metaslider_container_900\">\n        <div id=\"metaslider_900\">\n            <ul class='slides'>\n                <li style=\"display: block; width: 100%;\" class=\"slide-901 ms-image \" aria-roledescription=\"slide\" data-date=\"2017-05-18 12:35:42\" data-filename=\"EMBALSES-IMG_9655-2-e1510133825315-700x435.jpg\" data-slide-type=\"image\"><img fetchpriority=\"high\" decoding=\"async\" src=\"https:\/\/www.turismocampillos.com\/web\/wp-content\/uploads\/2016\/10\/EMBALSES-IMG_9655-2-e1510133825315-700x435.jpg\" height=\"560\" width=\"900\" alt=\"\" class=\"slider-900 slide-901 msDefaultImage\" \/><\/li>\n                <li style=\"display: none; width: 100%;\" class=\"slide-902 ms-image \" aria-roledescription=\"slide\" data-date=\"2017-05-18 12:35:42\" data-filename=\"EMBALSES-IMG_9641-e1510133844313-700x435.jpg\" data-slide-type=\"image\"><img decoding=\"async\" src=\"https:\/\/www.turismocampillos.com\/web\/wp-content\/uploads\/2016\/10\/EMBALSES-IMG_9641-e1510133844313-700x435.jpg\" height=\"560\" width=\"900\" alt=\"\" class=\"slider-900 slide-902 msDefaultImage\" \/><\/li>\n                <li style=\"display: none; width: 100%;\" class=\"slide-903 ms-image \" aria-roledescription=\"slide\" data-date=\"2017-05-18 12:35:42\" data-filename=\"EMBALSES-IMG_6852-e1510133860447-700x435.jpg\" data-slide-type=\"image\"><img decoding=\"async\" src=\"https:\/\/www.turismocampillos.com\/web\/wp-content\/uploads\/2016\/10\/EMBALSES-IMG_6852-e1510133860447-700x435.jpg\" height=\"560\" width=\"900\" alt=\"\" class=\"slider-900 slide-903 msDefaultImage\" \/><\/li>\n                <li style=\"display: none; width: 100%;\" class=\"slide-904 ms-image \" aria-roledescription=\"slide\" data-date=\"2017-05-18 12:35:42\" data-filename=\"EMBALSES-IMG_3767-e1510133885984-700x435.jpg\" data-slide-type=\"image\"><img loading=\"lazy\" decoding=\"async\" src=\"https:\/\/www.turismocampillos.com\/web\/wp-content\/uploads\/2016\/10\/EMBALSES-IMG_3767-e1510133885984-700x435.jpg\" height=\"560\" width=\"900\" alt=\"\" class=\"slider-900 slide-904 msDefaultImage\" \/><\/li>\n                <li style=\"display: none; width: 100%;\" class=\"slide-905 ms-image \" aria-roledescription=\"slide\" data-date=\"2017-05-18 12:35:42\" data-filename=\"EMBALSES-IMG_0031-e1510133904271-700x435.jpg\" data-slide-type=\"image\"><img loading=\"lazy\" decoding=\"async\" src=\"https:\/\/www.turismocampillos.com\/web\/wp-content\/uploads\/2016\/10\/EMBALSES-IMG_0031-e1510133904271-700x435.jpg\" height=\"560\" width=\"900\" alt=\"\" class=\"slider-900 slide-905 msDefaultImage\" \/><\/li>\n                <li style=\"display: none; width: 100%;\" class=\"slide-906 ms-image \" aria-roledescription=\"slide\" data-date=\"2017-05-18 12:35:42\" data-filename=\"EMBALSES-Imagen-120-e1510133934118-700x435.jpg\" data-slide-type=\"image\"><img loading=\"lazy\" decoding=\"async\" src=\"https:\/\/www.turismocampillos.com\/web\/wp-content\/uploads\/2016\/10\/EMBALSES-Imagen-120-e1510133934118-700x435.jpg\" height=\"560\" width=\"900\" alt=\"\" class=\"slider-900 slide-906 msDefaultImage\" \/><\/li>\n                <li style=\"display: none; width: 100%;\" class=\"slide-907 ms-image \" aria-roledescription=\"slide\" data-date=\"2017-05-18 12:35:42\" data-filename=\"EMBALSE-CONDE-GUADALHORCE-e1510134003397-676x421.jpg\" data-slide-type=\"image\"><img loading=\"lazy\" decoding=\"async\" src=\"https:\/\/www.turismocampillos.com\/web\/wp-content\/uploads\/2016\/10\/EMBALSE-CONDE-GUADALHORCE-e1510134003397-676x421.jpg\" height=\"560\" width=\"900\" alt=\"\" class=\"slider-900 slide-907 msDefaultImage\" \/><\/li>\n            <\/ul>\n        <\/div>\n        \n    <\/div>\n<\/div><\/p>\n<p align=\"justify\">Las obras del embalse del Conde del Guadalhorce se iniciaron en el oto\u00f1o de 1914 bajo la direcci\u00f3n del ingeniero Rafael Benjumea, al cual fue otorgado el t\u00edtulo de Conde de Guadalhorce de mano del Rey. Las obras concluyeron el 21 de mayo de 1921, con la inauguraci\u00f3n del rey Alfonso XIII. Este embalse fue denominado, en un principio, Pantano del Chorro, pero en 1953 pas\u00f3 a llamarse Embalse del Conde de Guadalhorce.<\/p>\n<p align=\"justify\"><img loading=\"lazy\" decoding=\"async\" class=\"aligncenter size-full wp-image-248\" title=\"Inauguraci\u00f3n-Embalses-Campillos\" src=\"https:\/\/www.turismocampillos.com\/web\/wp-content\/uploads\/2017\/02\/Inauguraci\u00f3n-Embalses-Campillos.jpg\" alt=\"Inauguraci\u00f3n-Embalses-Campillos\" width=\"567\" height=\"323\" data-popupalt-original-title=\"null\" srcset=\"https:\/\/www.turismocampillos.com\/web\/wp-content\/uploads\/2017\/02\/Inauguraci\u00f3n-Embalses-Campillos.jpg 567w, https:\/\/www.turismocampillos.com\/web\/wp-content\/uploads\/2017\/02\/Inauguraci\u00f3n-Embalses-Campillos-300x171.jpg 300w\" sizes=\"(max-width: 567px) 100vw, 567px\" \/><\/p>\n<p>\u00a0<\/p>\n<p align=\"justify\">Las obras de las presas del Guadalteba y del Guadalhorce fueron posteriores, no empezando a embalsar agua hasta 1971 el Guadalteba y en 1973 el Guadalhorce.<\/p>\n<p align=\"justify\">Al construir estas dos presas, se vieron tambi\u00e9n obligados a renovar la l\u00ednea de ferrocarril y a construir tres tramos de carreteras, ya que tanto un tramo de la l\u00ednea de ferrocarril como carreteras quedaron inundadas por los embalses. Al igual que quedaron inundadas un tramo de la v\u00eda de ferrocarril y carreteras, tambi\u00e9n tuvieron que desalojar a los vecinos del pueblo de Pe\u00f1arrubia y a su barriada, Gobantes, donde se encontraba la estaci\u00f3n de Ferrocarril.<\/p>\n<p align=\"justify\">Estas dos \u00faltimas presas, (Guadalhorce-Guadalteba) unen sus aguas para luego adherirse a las aguas ya reguladas del embalse Conde de Guadalhorce; las cuales se recogen en el pantano de Gaitanejo, antes de introducirse por el Desfiladero de los Gaitanes.<\/p>\n<p align=\"justify\">Lugar muy visitado por los turistas es el Sill\u00f3n del Rey, que consta de dos bancos, un sill\u00f3n y una mesa todo hecho de piedra, donde el Rey Alfonso XIII firm\u00f3 la terminaci\u00f3n de las obras del embalse del Conde del Guadalhorce. Desde aqu\u00ed se puede ver, en frente, la \u201cCasa del ingeniero\u201d, lugar emblem\u00e1tico del embalse, al cual no se puede acceder.<\/p>\n<p align=\"justify\">Visita obligatoria es el <a href=\"https:\/\/www.turismocampillos.com\/web\/actividades\/caminito-del-rey\/\">Caminito de Rey<\/a>, unas pasarelas reconstruidas sobre el antiguo que utilizaron para la construcci\u00f3n de la presa los antiguos obreros, y que transcurre por el <a href=\"https:\/\/www.turismocampillos.com\/web\/actividades\/paraje-natural-desfiladero-de-los-gaitanes\/\">Desfiladero de los Gaitanes<\/a>\u00a0 a una gran altura.\u00a0<\/p>\n<p align=\"justify\">\u00a0<\/p>\n\n\n<p><\/p>\n","protected":false},"excerpt":{"rendered":"<p>Embalses Las presas del Guadalhorce y Guadalteba, pertenecen al t\u00e9rmino de Teba, Campillos y Antequera, y la presa del Conde del Guadalhorce al t\u00e9rmino de Ardales. Las obras del embalse del Conde del Guadalhorce se iniciaron en el oto\u00f1o de 1914 bajo la direcci\u00f3n del ingeniero Rafael Benjumea, al cual fue otorgado el t\u00edtulo de [&hellip;]<\/p>\n","protected":false},"author":1,"featured_media":0,"parent":0,"menu_order":0,"comment_status":"closed","ping_status":"closed","template":"","meta":{"site-sidebar-layout":"default","site-content-layout":"","ast-site-content-layout":"default","site-content-style":"default","site-sidebar-style":"default","ast-global-header-display":"","ast-banner-title-visibility":"","ast-main-header-display":"","ast-hfb-above-header-display":"","ast-hfb-below-header-display":"","ast-hfb-mobile-header-display":"","site-post-title":"","ast-breadcrumbs-content":"","ast-featured-img":"","footer-sml-layout":"","ast-disable-related-posts":"","theme-transparent-header-meta":"","adv-header-id-meta":"","stick-header-meta":"","header-above-stick-meta":"","header-main-stick-meta":"","header-below-stick-meta":"","astra-migrate-meta-layouts":"set","ast-page-background-enabled":"default","ast-page-background-meta":{"desktop":{"background-color":"var(--ast-global-color-4)","background-image":"","background-repeat":"repeat","background-position":"center center","background-size":"auto","background-attachment":"scroll","background-type":"","background-media":"","overlay-type":"","overlay-color":"","overlay-opacity":"","overlay-gradient":""},"tablet":{"background-color":"","background-image":"","background-repeat":"repeat","background-position":"center center","background-size":"auto","background-attachment":"scroll","background-type":"","background-media":"","overlay-type":"","overlay-color":"","overlay-opacity":"","overlay-gradient":""},"mobile":{"background-color":"","background-image":"","background-repeat":"repeat","background-position":"center center","background-size":"auto","background-attachment":"scroll","background-type":"","background-media":"","overlay-type":"","overlay-color":"","overlay-opacity":"","overlay-gradient":""}},"ast-content-background-meta":{"desktop":{"background-color":"var(--ast-global-color-5)","background-image":"","background-repeat":"repeat","background-position":"center center","background-size":"auto","background-attachment":"scroll","background-type":"","background-media":"","overlay-type":"","overlay-color":"","overlay-opacity":"","overlay-gradient":""},"tablet":{"background-color":"var(--ast-global-color-5)","background-image":"","background-repeat":"repeat","background-position":"center center","background-size":"auto","background-attachment":"scroll","background-type":"","background-media":"","overlay-type":"","overlay-color":"","overlay-opacity":"","overlay-gradient":""},"mobile":{"background-color":"var(--ast-global-color-5)","background-image":"","background-repeat":"repeat","background-position":"center center","background-size":"auto","background-attachment":"scroll","background-type":"","background-media":"","overlay-type":"","overlay-color":"","overlay-opacity":"","overlay-gradient":""}},"footnotes":""},"class_list":["post-224","page","type-page","status-publish","hentry"],"_links":{"self":[{"href":"https:\/\/www.turismocampillos.com\/web\/wp-json\/wp\/v2\/pages\/224","targetHints":{"allow":["GET"]}}],"collection":[{"href":"https:\/\/www.turismocampillos.com\/web\/wp-json\/wp\/v2\/pages"}],"about":[{"href":"https:\/\/www.turismocampillos.com\/web\/wp-json\/wp\/v2\/types\/page"}],"author":[{"embeddable":true,"href":"https:\/\/www.turismocampillos.com\/web\/wp-json\/wp\/v2\/users\/1"}],"replies":[{"embeddable":true,"href":"https:\/\/www.turismocampillos.com\/web\/wp-json\/wp\/v2\/comments?post=224"}],"version-history":[{"count":0,"href":"https:\/\/www.turismocampillos.com\/web\/wp-json\/wp\/v2\/pages\/224\/revisions"}],"wp:attachment":[{"href":"https:\/\/www.turismocampillos.com\/web\/wp-json\/wp\/v2\/media?parent=224"}],"curies":[{"name":"wp","href":"https:\/\/api.w.org\/{rel}","templated":true}]}}