{"id":226,"date":"2017-02-14T09:11:53","date_gmt":"2017-02-14T08:11:53","guid":{"rendered":"http:\/\/www.turismocampillos.com\/web\/?page_id=226"},"modified":"2025-05-14T12:56:18","modified_gmt":"2025-05-14T10:56:18","slug":"lagunas","status":"publish","type":"page","link":"https:\/\/www.turismocampillos.com\/web\/conoce-campillos\/naturaleza-clima-y-paisaje\/lagunas\/","title":{"rendered":"Lagunas"},"content":{"rendered":"\t\t<div data-elementor-type=\"wp-page\" data-elementor-id=\"226\" class=\"elementor elementor-226\">\n\t\t\t\t\t\t<section class=\"elementor-section elementor-top-section elementor-element elementor-element-5ed5aeb5 elementor-section-boxed elementor-section-height-default elementor-section-height-default\" data-id=\"5ed5aeb5\" data-element_type=\"section\" data-e-type=\"section\">\n\t\t\t\t\t\t<div class=\"elementor-container elementor-column-gap-default\">\n\t\t\t\t\t<div class=\"elementor-column elementor-col-100 elementor-top-column elementor-element elementor-element-19f0bf14\" data-id=\"19f0bf14\" data-element_type=\"column\" data-e-type=\"column\">\n\t\t\t<div class=\"elementor-widget-wrap elementor-element-populated\">\n\t\t\t\t\t\t<div class=\"elementor-element elementor-element-43a8e1eb elementor-widget elementor-widget-text-editor\" data-id=\"43a8e1eb\" data-element_type=\"widget\" data-e-type=\"widget\" data-widget_type=\"text-editor.default\">\n\t\t\t\t<div class=\"elementor-widget-container\">\n\t\t\t\t\t\t\t\t\t<h2>Reserva Natural \u00a0de las Lagunas de Campillos<\/h2>\n<div id=\"metaslider-id-3482\" style=\"width: 100%;\" class=\"ml-slider-3-108-0 metaslider metaslider-flex metaslider-3482 ml-slider has-dots-nav ms-theme-default-base\" role=\"region\" aria-label=\"Nueva presentaci\u00f3n de diapositivas\" data-height=\"700\" data-width=\"700\">\n    <div id=\"metaslider_container_3482\">\n        <div id=\"metaslider_3482\">\n            <ul class='slides'>\n                <li style=\"display: block; width: 100%;\" class=\"slide-3483 ms-image \" aria-roledescription=\"slide\" data-date=\"2025-05-14 12:55:23\" data-filename=\"WhatsApp-Image-2025-05-14-at-11.40.38-700x700.jpeg\" data-slide-type=\"image\"><img fetchpriority=\"high\" decoding=\"async\" src=\"https:\/\/www.turismocampillos.com\/web\/wp-content\/uploads\/2025\/05\/WhatsApp-Image-2025-05-14-at-11.40.38-700x700.jpeg\" height=\"700\" width=\"700\" alt=\"\" class=\"slider-3482 slide-3483 msDefaultImage\" title=\"WhatsApp Image 2025-05-14 at 11.40.38\" \/><\/li>\n                <li style=\"display: none; width: 100%;\" class=\"slide-3485 ms-image \" aria-roledescription=\"slide\" data-date=\"2025-05-14 12:55:23\" data-filename=\"WhatsApp-Image-2025-05-14-at-10.32.42-1-1-700x700.jpeg\" data-slide-type=\"image\"><img decoding=\"async\" src=\"https:\/\/www.turismocampillos.com\/web\/wp-content\/uploads\/2025\/05\/WhatsApp-Image-2025-05-14-at-10.32.42-1-1-700x700.jpeg\" height=\"700\" width=\"700\" alt=\"\" class=\"slider-3482 slide-3485 msDefaultImage\" title=\"WhatsApp Image 2025-05-14 at 10.32.42 (1)\" \/><\/li>\n                <li style=\"display: none; width: 100%;\" class=\"slide-3486 ms-image \" aria-roledescription=\"slide\" data-date=\"2025-05-14 12:55:23\" data-filename=\"WhatsApp-Image-2025-05-14-at-11.40.40-1-700x700.jpeg\" data-slide-type=\"image\"><img decoding=\"async\" src=\"https:\/\/www.turismocampillos.com\/web\/wp-content\/uploads\/2025\/05\/WhatsApp-Image-2025-05-14-at-11.40.40-1-700x700.jpeg\" height=\"700\" width=\"700\" alt=\"\" class=\"slider-3482 slide-3486 msDefaultImage\" title=\"WhatsApp Image 2025-05-14 at 11.40.40 (1)\" \/><\/li>\n                <li style=\"display: none; width: 100%;\" class=\"slide-3487 ms-image \" aria-roledescription=\"slide\" data-date=\"2025-05-14 12:55:23\" data-filename=\"WhatsApp-Image-2025-05-14-at-10.32.43-700x700.jpeg\" data-slide-type=\"image\"><img loading=\"lazy\" decoding=\"async\" src=\"https:\/\/www.turismocampillos.com\/web\/wp-content\/uploads\/2025\/05\/WhatsApp-Image-2025-05-14-at-10.32.43-700x700.jpeg\" height=\"700\" width=\"700\" alt=\"\" class=\"slider-3482 slide-3487 msDefaultImage\" title=\"WhatsApp Image 2025-05-14 at 10.32.43\" \/><\/li>\n                <li style=\"display: none; width: 100%;\" class=\"slide-3488 ms-image \" aria-roledescription=\"slide\" data-date=\"2025-05-14 12:55:24\" data-filename=\"WhatsApp-Image-2025-05-14-at-10.32.41-700x700.jpeg\" data-slide-type=\"image\"><img loading=\"lazy\" decoding=\"async\" src=\"https:\/\/www.turismocampillos.com\/web\/wp-content\/uploads\/2025\/05\/WhatsApp-Image-2025-05-14-at-10.32.41-700x700.jpeg\" height=\"700\" width=\"700\" alt=\"\" class=\"slider-3482 slide-3488 msDefaultImage\" title=\"WhatsApp Image 2025-05-14 at 10.32.41\" \/><\/li>\n                <li style=\"display: none; width: 100%;\" class=\"slide-3489 ms-image \" aria-roledescription=\"slide\" data-date=\"2025-05-14 12:55:24\" data-filename=\"WhatsApp-Image-2025-05-14-at-10.32.42-700x700.jpeg\" data-slide-type=\"image\"><img loading=\"lazy\" decoding=\"async\" src=\"https:\/\/www.turismocampillos.com\/web\/wp-content\/uploads\/2025\/05\/WhatsApp-Image-2025-05-14-at-10.32.42-700x700.jpeg\" height=\"700\" width=\"700\" alt=\"\" class=\"slider-3482 slide-3489 msDefaultImage\" title=\"WhatsApp Image 2025-05-14 at 10.32.42\" \/><\/li>\n                <li style=\"display: none; width: 100%;\" class=\"slide-3490 ms-image \" aria-roledescription=\"slide\" data-date=\"2025-05-14 12:55:24\" data-filename=\"WhatsApp-Image-2025-05-14-at-11.40.41-1-700x700.jpeg\" data-slide-type=\"image\"><img loading=\"lazy\" decoding=\"async\" src=\"https:\/\/www.turismocampillos.com\/web\/wp-content\/uploads\/2025\/05\/WhatsApp-Image-2025-05-14-at-11.40.41-1-700x700.jpeg\" height=\"700\" width=\"700\" alt=\"\" class=\"slider-3482 slide-3490 msDefaultImage\" title=\"WhatsApp Image 2025-05-14 at 11.40.41 (1)\" \/><\/li>\n                <li style=\"display: none; width: 100%;\" class=\"slide-3491 ms-image \" aria-roledescription=\"slide\" data-date=\"2025-05-14 12:55:24\" data-filename=\"WhatsApp-Image-2025-05-14-at-11.40.42-1-700x700.jpeg\" data-slide-type=\"image\"><img loading=\"lazy\" decoding=\"async\" src=\"https:\/\/www.turismocampillos.com\/web\/wp-content\/uploads\/2025\/05\/WhatsApp-Image-2025-05-14-at-11.40.42-1-700x700.jpeg\" height=\"700\" width=\"700\" alt=\"\" class=\"slider-3482 slide-3491 msDefaultImage\" title=\"WhatsApp Image 2025-05-14 at 11.40.42 (1)\" \/><\/li>\n                <li style=\"display: none; width: 100%;\" class=\"slide-3492 ms-image \" aria-roledescription=\"slide\" data-date=\"2025-05-14 12:55:24\" data-filename=\"WhatsApp-Image-2025-05-14-at-11.40.37-700x700.jpeg\" data-slide-type=\"image\"><img loading=\"lazy\" decoding=\"async\" src=\"https:\/\/www.turismocampillos.com\/web\/wp-content\/uploads\/2025\/05\/WhatsApp-Image-2025-05-14-at-11.40.37-700x700.jpeg\" height=\"700\" width=\"700\" alt=\"\" class=\"slider-3482 slide-3492 msDefaultImage\" title=\"WhatsApp Image 2025-05-14 at 11.40.37\" \/><\/li>\n                <li style=\"display: none; width: 100%;\" class=\"slide-3493 ms-image \" aria-roledescription=\"slide\" data-date=\"2025-05-14 12:55:24\" data-filename=\"WhatsApp-Image-2025-05-14-at-10.32.43-1-700x700.jpeg\" data-slide-type=\"image\"><img loading=\"lazy\" decoding=\"async\" src=\"https:\/\/www.turismocampillos.com\/web\/wp-content\/uploads\/2025\/05\/WhatsApp-Image-2025-05-14-at-10.32.43-1-700x700.jpeg\" height=\"700\" width=\"700\" alt=\"\" class=\"slider-3482 slide-3493 msDefaultImage\" title=\"LAGUNAS\" \/><\/li>\n            <\/ul>\n        <\/div>\n        \n    <\/div>\n<\/div>\n<p><a href=\"https:\/\/www.instagram.com\/reel\/DJlhQ-jNUYd\/?igsh=MWljdmw4cmg3aTUwaA%3D%3D\">LAGUNAS CAMPILLOS<\/a><\/p>\n<p>Pr\u00f3ximo a la localidad de Campillos se encuentra este complejo de lagunas de origen endorreico y con car\u00e1cter estacional en cuanto a la presencia de agua. Los nombres de las lagunas son:\u00a0 Laguna Dulce, que es la m\u00e1s grande,\u00a0 Laguna Salada,\u00a0 Laguna\u00a0 de Capacete,\u00a0 Laguna de Camu\u00f1as y la del Cerero.\u00a0 Aunque en\u00a0 \u00e9pocas lluviosas, suelen darse unas once total, entre ellas La Redonda, El Lob\u00f3n, Toro, Panza, Marcela y Menaute.<\/p>\n<p>Fue declarada Reserva Natural en Julio de 1989, adem\u00e1s de ser catalogada como Lugar de Importancia Comunitaria (LIC) y Zonas Especiales de Conservaci\u00f3n (ZEC) en 2006, as\u00ed como Zona Especial Protecci\u00f3n para Aves (ZEPA) y sitio Ramsar.\u00a0 Por\u00a0 todo ello, La Reserva Natural de Las Lagunas de Campillos es de una gran importancia por su riqueza ornitol\u00f3gica, que cada a\u00f1o congrega a profesionales\u00a0 y aficionados para\u00a0 avistar a las aves que estacionalmente hacen parada en este humedal.\u00a0\u00a0<\/p>\n<p>Campillos ha abierto recientemente un <a href=\"https:\/\/www.turismocampillos.com\/web\/centro-interpretacion-reserva-natural-lagunas-de-campillos\/\">Centro de Interpretaci\u00f3n sobre la Reserva Natural de Las Lagunas de Campillos<\/a>, para dar a conocer a sus visitantes las maravillas que dichas lagunas albergan, con r\u00e9plicas de las aves m\u00e1s representativas.\u00a0<\/p>\n<p>La vegetaci\u00f3n lacustre predominante es la formada por juncos, casta\u00f1uelas y carrizos, aunque alrededor de las lagunas existen tierras de cultivo de herb\u00e1ceos y olivares. Llama la atenci\u00f3n la gran cantidad de aves acu\u00e1ticas, principalmente an\u00e1tidas, que existen en las lagunas, adem\u00e1s de especies como el flamenco, la grulla, la cig\u00fce\u00f1uela, el pato cuchara, el \u00e1nade silb\u00f3n, la focha com\u00fan e incluso la gaviota reidora. En las zonas circundantes, es posible observar lagarto ocelado en las horas m\u00e1s calurosas del d\u00eda y ver los rastros dejados por algunos mam\u00edferos m\u00e1s escurridizos, como el zorro o la comadreja.<\/p>\n<p>M\u00e1s informaci\u00f3n: <strong>\u00a0<\/strong><a href=\"https:\/\/www.turismocampillos.com\/web\/centro-interpretacion-reserva-natural-lagunas-de-campillos\/\">Centro de Interpretaci\u00f3n Reserva Natural Lagunas de Campillos<\/a><\/p>\n<p>\u00a0<\/p>\n<p>.<\/p>\n<p>\u00a0<\/p>\n<p>\u00a0<\/p>\n<p>\u00a0<\/p>\n<p><\/p>\n<p><\/p>\t\t\t\t\t\t\t\t<\/div>\n\t\t\t\t<\/div>\n\t\t\t\t\t<\/div>\n\t\t<\/div>\n\t\t\t\t\t<\/div>\n\t\t<\/section>\n\t\t\t\t<\/div>\n\t\t","protected":false},"excerpt":{"rendered":"<p>Reserva Natural \u00a0de las Lagunas de Campillos LAGUNAS CAMPILLOS Pr\u00f3ximo a la localidad de Campillos se encuentra este complejo de lagunas de origen endorreico y con car\u00e1cter estacional en cuanto a la presencia de agua. Los nombres de las lagunas son:\u00a0 Laguna Dulce, que es la m\u00e1s grande,\u00a0 Laguna Salada,\u00a0 Laguna\u00a0 de Capacete,\u00a0 Laguna de [&hellip;]<\/p>\n","protected":false},"author":1,"featured_media":0,"parent":9,"menu_order":0,"comment_status":"closed","ping_status":"closed","template":"","meta":{"site-sidebar-layout":"default","site-content-layout":"","ast-site-content-layout":"default","site-content-style":"default","site-sidebar-style":"default","ast-global-header-display":"","ast-banner-title-visibility":"","ast-main-header-display":"","ast-hfb-above-header-display":"","ast-hfb-below-header-display":"","ast-hfb-mobile-header-display":"","site-post-title":"","ast-breadcrumbs-content":"","ast-featured-img":"","footer-sml-layout":"","ast-disable-related-posts":"","theme-transparent-header-meta":"","adv-header-id-meta":"","stick-header-meta":"","header-above-stick-meta":"","header-main-stick-meta":"","header-below-stick-meta":"","astra-migrate-meta-layouts":"set","ast-page-background-enabled":"default","ast-page-background-meta":{"desktop":{"background-color":"var(--ast-global-color-4)","background-image":"","background-repeat":"repeat","background-position":"center center","background-size":"auto","background-attachment":"scroll","background-type":"","background-media":"","overlay-type":"","overlay-color":"","overlay-opacity":"","overlay-gradient":""},"tablet":{"background-color":"","background-image":"","background-repeat":"repeat","background-position":"center center","background-size":"auto","background-attachment":"scroll","background-type":"","background-media":"","overlay-type":"","overlay-color":"","overlay-opacity":"","overlay-gradient":""},"mobile":{"background-color":"","background-image":"","background-repeat":"repeat","background-position":"center center","background-size":"auto","background-attachment":"scroll","background-type":"","background-media":"","overlay-type":"","overlay-color":"","overlay-opacity":"","overlay-gradient":""}},"ast-content-background-meta":{"desktop":{"background-color":"var(--ast-global-color-5)","background-image":"","background-repeat":"repeat","background-position":"center center","background-size":"auto","background-attachment":"scroll","background-type":"","background-media":"","overlay-type":"","overlay-color":"","overlay-opacity":"","overlay-gradient":""},"tablet":{"background-color":"var(--ast-global-color-5)","background-image":"","background-repeat":"repeat","background-position":"center center","background-size":"auto","background-attachment":"scroll","background-type":"","background-media":"","overlay-type":"","overlay-color":"","overlay-opacity":"","overlay-gradient":""},"mobile":{"background-color":"var(--ast-global-color-5)","background-image":"","background-repeat":"repeat","background-position":"center center","background-size":"auto","background-attachment":"scroll","background-type":"","background-media":"","overlay-type":"","overlay-color":"","overlay-opacity":"","overlay-gradient":""}},"footnotes":""},"class_list":["post-226","page","type-page","status-publish","hentry"],"_links":{"self":[{"href":"https:\/\/www.turismocampillos.com\/web\/wp-json\/wp\/v2\/pages\/226","targetHints":{"allow":["GET"]}}],"collection":[{"href":"https:\/\/www.turismocampillos.com\/web\/wp-json\/wp\/v2\/pages"}],"about":[{"href":"https:\/\/www.turismocampillos.com\/web\/wp-json\/wp\/v2\/types\/page"}],"author":[{"embeddable":true,"href":"https:\/\/www.turismocampillos.com\/web\/wp-json\/wp\/v2\/users\/1"}],"replies":[{"embeddable":true,"href":"https:\/\/www.turismocampillos.com\/web\/wp-json\/wp\/v2\/comments?post=226"}],"version-history":[{"count":0,"href":"https:\/\/www.turismocampillos.com\/web\/wp-json\/wp\/v2\/pages\/226\/revisions"}],"up":[{"embeddable":true,"href":"https:\/\/www.turismocampillos.com\/web\/wp-json\/wp\/v2\/pages\/9"}],"wp:attachment":[{"href":"https:\/\/www.turismocampillos.com\/web\/wp-json\/wp\/v2\/media?parent=226"}],"curies":[{"name":"wp","href":"https:\/\/api.w.org\/{rel}","templated":true}]}}