{"id":244,"date":"2017-03-24T12:35:46","date_gmt":"2017-03-24T11:35:46","guid":{"rendered":"https:\/\/www.turismocampillos.com\/web\/?page_id=244"},"modified":"2022-08-12T10:12:45","modified_gmt":"2022-08-12T08:12:45","slug":"cerro-del-castillon-de-gobantes","status":"publish","type":"page","link":"https:\/\/www.turismocampillos.com\/web\/conoce-campillos\/patrimonio\/patrimonio-arqueologico\/cerro-del-castillon-de-gobantes\/","title":{"rendered":"Cerro del Castill\u00f3n de Gobantes"},"content":{"rendered":"<h1>Cerro del Castill\u00f3n de Gobantes<\/h1>\n<p>Entre los tres r\u00edos que confluyen en el centro de M\u00e1laga (el Guadalteba, el Guadalhorce y el Tur\u00f3n), frente a la necr\u00f3polis de las Aguilillas, encontramos otro importante yacimiento, donde habitaron pobladores prehist\u00f3ricos. Las investigaciones llevadas a cabo en la zona indican una ocupaci\u00f3n del cerro en el III milenio antes de nuestra era.<\/p>\n<p style=\"text-align: center;\"><img fetchpriority=\"high\" decoding=\"async\" class=\"alignnone wp-image-363 size-full\" src=\"https:\/\/www.turismocampillos.com\/web\/wp-content\/uploads\/2017\/03\/CERRO-DEL-CASTILLON-DE-GOBANTES.jpg\" alt=\"\" width=\"445\" height=\"602\" srcset=\"https:\/\/www.turismocampillos.com\/web\/wp-content\/uploads\/2017\/03\/CERRO-DEL-CASTILLON-DE-GOBANTES.jpg 445w, https:\/\/www.turismocampillos.com\/web\/wp-content\/uploads\/2017\/03\/CERRO-DEL-CASTILLON-DE-GOBANTES-222x300.jpg 222w\" sizes=\"(max-width: 445px) 100vw, 445px\" \/> <img decoding=\"async\" class=\"alignnone wp-image-364 size-large\" src=\"https:\/\/www.turismocampillos.com\/web\/wp-content\/uploads\/2017\/03\/CASTILLON-DE-GOBANTES-LOCALIZACION-1024x581.jpg\" alt=\"\" width=\"1024\" height=\"581\" \/><\/p>\n<p>Estructuras conservadas denotan una segunda ocupaci\u00f3n, a momentos del Bronce Final con la presencia de dos grandes caba\u00f1as ovales similares a otros enclaves de la zona: Huertas de Pe\u00f1arrubia o Plataforma de Pe\u00f1arrubia.<\/p>\n<p>Los restos de cer\u00e1micas lisas y pintadas del siglo I-II ac , evidencian un \u00e1mbito dom\u00e9stico y la relaci\u00f3n de esta zona con otras del interior y la costa.<\/p>\n<p>Este enclave se encuentra dentro de las dependencias de las oficinas centrales de la gesti\u00f3n de las presas del Guadalhorce, por lo que no est\u00e1 permitido el paso al mismo.<\/p>\n","protected":false},"excerpt":{"rendered":"<p>Cerro del Castill\u00f3n de Gobantes Entre los tres r\u00edos que confluyen en el centro de M\u00e1laga (el Guadalteba, el Guadalhorce y el Tur\u00f3n), frente a la necr\u00f3polis de las Aguilillas, encontramos otro importante yacimiento, donde habitaron pobladores prehist\u00f3ricos. Las investigaciones llevadas a cabo en la zona indican una ocupaci\u00f3n del cerro en el III milenio [&hellip;]<\/p>\n","protected":false},"author":1,"featured_media":0,"parent":2751,"menu_order":0,"comment_status":"closed","ping_status":"closed","template":"","meta":{"site-sidebar-layout":"default","site-content-layout":"","ast-site-content-layout":"default","site-content-style":"default","site-sidebar-style":"default","ast-global-header-display":"","ast-banner-title-visibility":"","ast-main-header-display":"","ast-hfb-above-header-display":"","ast-hfb-below-header-display":"","ast-hfb-mobile-header-display":"","site-post-title":"","ast-breadcrumbs-content":"","ast-featured-img":"","footer-sml-layout":"","ast-disable-related-posts":"","theme-transparent-header-meta":"","adv-header-id-meta":"","stick-header-meta":"","header-above-stick-meta":"","header-main-stick-meta":"","header-below-stick-meta":"","astra-migrate-meta-layouts":"default","ast-page-background-enabled":"default","ast-page-background-meta":{"desktop":{"background-color":"var(--ast-global-color-4)","background-image":"","background-repeat":"repeat","background-position":"center center","background-size":"auto","background-attachment":"scroll","background-type":"","background-media":"","overlay-type":"","overlay-color":"","overlay-opacity":"","overlay-gradient":""},"tablet":{"background-color":"","background-image":"","background-repeat":"repeat","background-position":"center center","background-size":"auto","background-attachment":"scroll","background-type":"","background-media":"","overlay-type":"","overlay-color":"","overlay-opacity":"","overlay-gradient":""},"mobile":{"background-color":"","background-image":"","background-repeat":"repeat","background-position":"center center","background-size":"auto","background-attachment":"scroll","background-type":"","background-media":"","overlay-type":"","overlay-color":"","overlay-opacity":"","overlay-gradient":""}},"ast-content-background-meta":{"desktop":{"background-color":"var(--ast-global-color-5)","background-image":"","background-repeat":"repeat","background-position":"center center","background-size":"auto","background-attachment":"scroll","background-type":"","background-media":"","overlay-type":"","overlay-color":"","overlay-opacity":"","overlay-gradient":""},"tablet":{"background-color":"var(--ast-global-color-5)","background-image":"","background-repeat":"repeat","background-position":"center center","background-size":"auto","background-attachment":"scroll","background-type":"","background-media":"","overlay-type":"","overlay-color":"","overlay-opacity":"","overlay-gradient":""},"mobile":{"background-color":"var(--ast-global-color-5)","background-image":"","background-repeat":"repeat","background-position":"center center","background-size":"auto","background-attachment":"scroll","background-type":"","background-media":"","overlay-type":"","overlay-color":"","overlay-opacity":"","overlay-gradient":""}},"footnotes":""},"class_list":["post-244","page","type-page","status-publish","hentry"],"_links":{"self":[{"href":"https:\/\/www.turismocampillos.com\/web\/wp-json\/wp\/v2\/pages\/244","targetHints":{"allow":["GET"]}}],"collection":[{"href":"https:\/\/www.turismocampillos.com\/web\/wp-json\/wp\/v2\/pages"}],"about":[{"href":"https:\/\/www.turismocampillos.com\/web\/wp-json\/wp\/v2\/types\/page"}],"author":[{"embeddable":true,"href":"https:\/\/www.turismocampillos.com\/web\/wp-json\/wp\/v2\/users\/1"}],"replies":[{"embeddable":true,"href":"https:\/\/www.turismocampillos.com\/web\/wp-json\/wp\/v2\/comments?post=244"}],"version-history":[{"count":0,"href":"https:\/\/www.turismocampillos.com\/web\/wp-json\/wp\/v2\/pages\/244\/revisions"}],"up":[{"embeddable":true,"href":"https:\/\/www.turismocampillos.com\/web\/wp-json\/wp\/v2\/pages\/2751"}],"wp:attachment":[{"href":"https:\/\/www.turismocampillos.com\/web\/wp-json\/wp\/v2\/media?parent=244"}],"curies":[{"name":"wp","href":"https:\/\/api.w.org\/{rel}","templated":true}]}}