{"id":246,"date":"2017-03-24T12:38:02","date_gmt":"2017-03-24T11:38:02","guid":{"rendered":"https:\/\/www.turismocampillos.com\/web\/?page_id=246"},"modified":"2022-08-12T10:12:46","modified_gmt":"2022-08-12T08:12:46","slug":"cortijo-de-las-mezquitas","status":"publish","type":"page","link":"https:\/\/www.turismocampillos.com\/web\/conoce-campillos\/patrimonio\/patrimonio-arqueologico\/cortijo-de-las-mezquitas\/","title":{"rendered":"Cortijo de las Mezquitas"},"content":{"rendered":"<h1 align=\"justify\">Cortijo de las Mezquitas<\/h1>\n<p align=\"justify\">El denominado Cortijo de las Mezquitas es en realidad una mezquita reutilizada como cortijo. Se sit\u00faa en la confluencia del t\u00e9rmino municipal de Antequera con el t\u00e9rmino municipal de Campillos, afectando tambi\u00e9n el entorno al de Sierra de Yeguas. El acceso se realiza por la carretera de Antequera-Campillos y, aproximadamente a 7 kil\u00f3metros del cruce con la carretera hacia Sierra de Yeguas, se ubica la bifurcaci\u00f3n que llega hasta el mismo. En la ruta utilizada desde el siglo XIX para comunicar Antequera con Sierra de Yeguas, en lo que podemos considerar un enclave estrat\u00e9gico que explica la importancia monumental de la mezquita en \u00e9l encontrada.<\/p>\n<p align=\"justify\"><img fetchpriority=\"high\" decoding=\"async\" class=\"aligncenter size-large wp-image-99\" title=\"Cortijo Las Mezquitas - Campillos\" src=\"https:\/\/www.turismocampillos.com\/web\/wp-content\/uploads\/2016\/09\/CTJO-LAS-MEZQUITAS-1024x683.jpg\" alt=\"Cortijo Las Mezquitas - Campillos\" width=\"750\" height=\"500\" data-popupalt-original-title=\"null\" \/><\/p>\n<p align=\"justify\">En l\u00edneas generales, la mezquita ubicada en el actual cortijo era un espectacular asentamiento constituido por una mezquita, su patio y un potente muro rodeando todo el per\u00edmetro, cuyo origen se remonta, seg\u00fan las investigaciones arqueol\u00f3gicas, aproximadamente entre los siglos X y XI, momento final de la corte omeya en la Pen\u00ednsula Ib\u00e9rica y comienzo de la \u00e9poca de los primeros reinos taifas.<\/p>\n<div class=\"ast-oembed-container \" style=\"height: 100%;\"><iframe title=\"Videoanimaci\u00f3n &quot;La Mezquita de Antequera&quot; - ESPA\u00d1OL\" src=\"https:\/\/player.vimeo.com\/video\/77975181?dnt=1&amp;app_id=122963\" width=\"500\" height=\"281\" frameborder=\"0\" allow=\"autoplay; fullscreen; picture-in-picture; clipboard-write\"><\/iframe><\/div>\n<p align=\"justify\">A nivel art\u00edstico hay que se\u00f1alar la presencia de un importante n\u00famero de arcos de herraduras en diferentes partes del inmueble y muy especialmente en lo que podr\u00eda considerarse el acceso al haram, compuesto por una serie de naves en las que se ha utilizado un tipo de arcos semejantes a los que podemos encontrar en mezquitas como la de C\u00f3rdoba o la de Madinat al Zahra. Otro elemento que define la monumentalidad espacial de esta mezquita es su patio o sahn, formado por un cuadrado casi perfecto de 28,25 metros de lado que indica la importancia que pudo tener este inmueble religioso en ese enclave rural.<\/p>\n<p><em>FUENTE: Decreto 535\/2008, de 22 de diciembre, por el que se inscribe en el Cat\u00e1logo General del Patrimonio Hist\u00f3rico Andaluz como Bien de Inter\u00e9s Cultural, con la tipolog\u00eda de Monumento, el Cortijo de las Mezquitas, en los t\u00e9rminos municipales de Antequera, Campillos y Sierra de Yeguas (M\u00e1laga).<\/em><\/p>\n","protected":false},"excerpt":{"rendered":"<p>Cortijo de las Mezquitas El denominado Cortijo de las Mezquitas es en realidad una mezquita reutilizada como cortijo. Se sit\u00faa en la confluencia del t\u00e9rmino municipal de Antequera con el t\u00e9rmino municipal de Campillos, afectando tambi\u00e9n el entorno al de Sierra de Yeguas. El acceso se realiza por la carretera de Antequera-Campillos y, aproximadamente a [&hellip;]<\/p>\n","protected":false},"author":1,"featured_media":0,"parent":2751,"menu_order":0,"comment_status":"closed","ping_status":"closed","template":"","meta":{"site-sidebar-layout":"default","site-content-layout":"","ast-site-content-layout":"default","site-content-style":"default","site-sidebar-style":"default","ast-global-header-display":"","ast-banner-title-visibility":"","ast-main-header-display":"","ast-hfb-above-header-display":"","ast-hfb-below-header-display":"","ast-hfb-mobile-header-display":"","site-post-title":"","ast-breadcrumbs-content":"","ast-featured-img":"","footer-sml-layout":"","ast-disable-related-posts":"","theme-transparent-header-meta":"","adv-header-id-meta":"","stick-header-meta":"","header-above-stick-meta":"","header-main-stick-meta":"","header-below-stick-meta":"","astra-migrate-meta-layouts":"default","ast-page-background-enabled":"default","ast-page-background-meta":{"desktop":{"background-color":"var(--ast-global-color-4)","background-image":"","background-repeat":"repeat","background-position":"center center","background-size":"auto","background-attachment":"scroll","background-type":"","background-media":"","overlay-type":"","overlay-color":"","overlay-opacity":"","overlay-gradient":""},"tablet":{"background-color":"","background-image":"","background-repeat":"repeat","background-position":"center center","background-size":"auto","background-attachment":"scroll","background-type":"","background-media":"","overlay-type":"","overlay-color":"","overlay-opacity":"","overlay-gradient":""},"mobile":{"background-color":"","background-image":"","background-repeat":"repeat","background-position":"center center","background-size":"auto","background-attachment":"scroll","background-type":"","background-media":"","overlay-type":"","overlay-color":"","overlay-opacity":"","overlay-gradient":""}},"ast-content-background-meta":{"desktop":{"background-color":"var(--ast-global-color-5)","background-image":"","background-repeat":"repeat","background-position":"center center","background-size":"auto","background-attachment":"scroll","background-type":"","background-media":"","overlay-type":"","overlay-color":"","overlay-opacity":"","overlay-gradient":""},"tablet":{"background-color":"var(--ast-global-color-5)","background-image":"","background-repeat":"repeat","background-position":"center center","background-size":"auto","background-attachment":"scroll","background-type":"","background-media":"","overlay-type":"","overlay-color":"","overlay-opacity":"","overlay-gradient":""},"mobile":{"background-color":"var(--ast-global-color-5)","background-image":"","background-repeat":"repeat","background-position":"center center","background-size":"auto","background-attachment":"scroll","background-type":"","background-media":"","overlay-type":"","overlay-color":"","overlay-opacity":"","overlay-gradient":""}},"footnotes":""},"class_list":["post-246","page","type-page","status-publish","hentry"],"_links":{"self":[{"href":"https:\/\/www.turismocampillos.com\/web\/wp-json\/wp\/v2\/pages\/246","targetHints":{"allow":["GET"]}}],"collection":[{"href":"https:\/\/www.turismocampillos.com\/web\/wp-json\/wp\/v2\/pages"}],"about":[{"href":"https:\/\/www.turismocampillos.com\/web\/wp-json\/wp\/v2\/types\/page"}],"author":[{"embeddable":true,"href":"https:\/\/www.turismocampillos.com\/web\/wp-json\/wp\/v2\/users\/1"}],"replies":[{"embeddable":true,"href":"https:\/\/www.turismocampillos.com\/web\/wp-json\/wp\/v2\/comments?post=246"}],"version-history":[{"count":0,"href":"https:\/\/www.turismocampillos.com\/web\/wp-json\/wp\/v2\/pages\/246\/revisions"}],"up":[{"embeddable":true,"href":"https:\/\/www.turismocampillos.com\/web\/wp-json\/wp\/v2\/pages\/2751"}],"wp:attachment":[{"href":"https:\/\/www.turismocampillos.com\/web\/wp-json\/wp\/v2\/media?parent=246"}],"curies":[{"name":"wp","href":"https:\/\/api.w.org\/{rel}","templated":true}]}}