{"id":250,"date":"2017-03-24T12:42:22","date_gmt":"2017-03-24T11:42:22","guid":{"rendered":"https:\/\/www.turismocampillos.com\/web\/?page_id=250"},"modified":"2018-01-17T08:58:19","modified_gmt":"2018-01-17T07:58:19","slug":"paraje-natural-desfiladero-de-los-gaitanes","status":"publish","type":"page","link":"https:\/\/www.turismocampillos.com\/web\/actividades\/paraje-natural-desfiladero-de-los-gaitanes\/","title":{"rendered":"Paraje Natural Desfiladero de Los Gaitanes"},"content":{"rendered":"<h1 style=\"text-align: left;\" align=\"justify\">Paraje Natural Desfiladero de Los Gaitanes<\/h1>\n<p align=\"justify\"><img fetchpriority=\"high\" decoding=\"async\" class=\"aligncenter wp-image-1552 size-full\" src=\"https:\/\/www.turismocampillos.com\/web\/wp-content\/uploads\/2018\/01\/Caminito_3.jpg\" alt=\"\" width=\"1555\" height=\"1037\" srcset=\"https:\/\/www.turismocampillos.com\/web\/wp-content\/uploads\/2018\/01\/Caminito_3.jpg 1555w, https:\/\/www.turismocampillos.com\/web\/wp-content\/uploads\/2018\/01\/Caminito_3-300x200.jpg 300w, https:\/\/www.turismocampillos.com\/web\/wp-content\/uploads\/2018\/01\/Caminito_3-768x512.jpg 768w, https:\/\/www.turismocampillos.com\/web\/wp-content\/uploads\/2018\/01\/Caminito_3-1024x683.jpg 1024w\" sizes=\"(max-width: 1555px) 100vw, 1555px\" \/><\/p>\n<p align=\"justify\">El Paraje Natural Desfiladero de Los Gaitanes est\u00e1 situado en el interior de la unidad monta\u00f1osa sub-b\u00e9tica, formando espectaculares paisajes. Se trata de una impresionante garganta por donde transcurre el r\u00edo Guadalhorce, entre grandes placas de calizas estratificadas. Tambi\u00e9n para los m\u00e1s arriesgados, la naturaleza ha dotado la zona con imponentes paredes verticales y escarpadas laderas convirti\u00e9ndolas en un lugar perfecto para el deporte de la escalada.<\/p>\n<p align=\"justify\">Igualmente recomendable es un recorrido por la zona de los embalses donde el agua recorre la escala de verdes y azules haci\u00e9ndolo atractivo en cualquier \u00e9poca del a\u00f1o.<\/p>\n<p align=\"justify\">\u00a0M\u00e1s Informaci\u00f3n<\/p>\n<ul>\n<li><a href=\"https:\/\/www.turismocampillos.com\/web\/actividades\/caminito-del-rey\/\"><strong>Caminito del Rey<\/strong><\/a><\/li>\n<\/ul>\n","protected":false},"excerpt":{"rendered":"<p>Paraje Natural Desfiladero de Los Gaitanes El Paraje Natural Desfiladero de Los Gaitanes est\u00e1 situado en el interior de la unidad monta\u00f1osa sub-b\u00e9tica, formando espectaculares paisajes. Se trata de una impresionante garganta por donde transcurre el r\u00edo Guadalhorce, entre grandes placas de calizas estratificadas. Tambi\u00e9n para los m\u00e1s arriesgados, la naturaleza ha dotado la zona [&hellip;]<\/p>\n","protected":false},"author":1,"featured_media":0,"parent":18,"menu_order":0,"comment_status":"closed","ping_status":"closed","template":"","meta":{"site-sidebar-layout":"default","site-content-layout":"","ast-site-content-layout":"default","site-content-style":"default","site-sidebar-style":"default","ast-global-header-display":"","ast-banner-title-visibility":"","ast-main-header-display":"","ast-hfb-above-header-display":"","ast-hfb-below-header-display":"","ast-hfb-mobile-header-display":"","site-post-title":"","ast-breadcrumbs-content":"","ast-featured-img":"","footer-sml-layout":"","ast-disable-related-posts":"","theme-transparent-header-meta":"","adv-header-id-meta":"","stick-header-meta":"","header-above-stick-meta":"","header-main-stick-meta":"","header-below-stick-meta":"","astra-migrate-meta-layouts":"default","ast-page-background-enabled":"default","ast-page-background-meta":{"desktop":{"background-color":"var(--ast-global-color-4)","background-image":"","background-repeat":"repeat","background-position":"center center","background-size":"auto","background-attachment":"scroll","background-type":"","background-media":"","overlay-type":"","overlay-color":"","overlay-opacity":"","overlay-gradient":""},"tablet":{"background-color":"","background-image":"","background-repeat":"repeat","background-position":"center center","background-size":"auto","background-attachment":"scroll","background-type":"","background-media":"","overlay-type":"","overlay-color":"","overlay-opacity":"","overlay-gradient":""},"mobile":{"background-color":"","background-image":"","background-repeat":"repeat","background-position":"center center","background-size":"auto","background-attachment":"scroll","background-type":"","background-media":"","overlay-type":"","overlay-color":"","overlay-opacity":"","overlay-gradient":""}},"ast-content-background-meta":{"desktop":{"background-color":"var(--ast-global-color-5)","background-image":"","background-repeat":"repeat","background-position":"center center","background-size":"auto","background-attachment":"scroll","background-type":"","background-media":"","overlay-type":"","overlay-color":"","overlay-opacity":"","overlay-gradient":""},"tablet":{"background-color":"var(--ast-global-color-5)","background-image":"","background-repeat":"repeat","background-position":"center center","background-size":"auto","background-attachment":"scroll","background-type":"","background-media":"","overlay-type":"","overlay-color":"","overlay-opacity":"","overlay-gradient":""},"mobile":{"background-color":"var(--ast-global-color-5)","background-image":"","background-repeat":"repeat","background-position":"center center","background-size":"auto","background-attachment":"scroll","background-type":"","background-media":"","overlay-type":"","overlay-color":"","overlay-opacity":"","overlay-gradient":""}},"footnotes":""},"class_list":["post-250","page","type-page","status-publish","hentry"],"_links":{"self":[{"href":"https:\/\/www.turismocampillos.com\/web\/wp-json\/wp\/v2\/pages\/250","targetHints":{"allow":["GET"]}}],"collection":[{"href":"https:\/\/www.turismocampillos.com\/web\/wp-json\/wp\/v2\/pages"}],"about":[{"href":"https:\/\/www.turismocampillos.com\/web\/wp-json\/wp\/v2\/types\/page"}],"author":[{"embeddable":true,"href":"https:\/\/www.turismocampillos.com\/web\/wp-json\/wp\/v2\/users\/1"}],"replies":[{"embeddable":true,"href":"https:\/\/www.turismocampillos.com\/web\/wp-json\/wp\/v2\/comments?post=250"}],"version-history":[{"count":0,"href":"https:\/\/www.turismocampillos.com\/web\/wp-json\/wp\/v2\/pages\/250\/revisions"}],"up":[{"embeddable":true,"href":"https:\/\/www.turismocampillos.com\/web\/wp-json\/wp\/v2\/pages\/18"}],"wp:attachment":[{"href":"https:\/\/www.turismocampillos.com\/web\/wp-json\/wp\/v2\/media?parent=250"}],"curies":[{"name":"wp","href":"https:\/\/api.w.org\/{rel}","templated":true}]}}