{"id":2749,"date":"2022-08-12T09:54:23","date_gmt":"2022-08-12T07:54:23","guid":{"rendered":"https:\/\/www.turismocampillos.com\/web\/?page_id=2749"},"modified":"2025-02-17T10:38:31","modified_gmt":"2025-02-17T09:38:31","slug":"patrimonio-artistico","status":"publish","type":"page","link":"https:\/\/www.turismocampillos.com\/web\/conoce-campillos\/patrimonio\/patrimonio-artistico\/","title":{"rendered":"Patrimonio Art\u00edstico"},"content":{"rendered":"\t\t<div data-elementor-type=\"wp-page\" data-elementor-id=\"2749\" class=\"elementor elementor-2749\">\n\t\t\t\t\t\t<section class=\"elementor-section elementor-top-section elementor-element elementor-element-41775f45 elementor-section-boxed elementor-section-height-default elementor-section-height-default\" data-id=\"41775f45\" data-element_type=\"section\" data-e-type=\"section\">\n\t\t\t\t\t\t<div class=\"elementor-container elementor-column-gap-default\">\n\t\t\t\t\t<div class=\"elementor-column elementor-col-100 elementor-top-column elementor-element elementor-element-520a657\" data-id=\"520a657\" data-element_type=\"column\" data-e-type=\"column\">\n\t\t\t<div class=\"elementor-widget-wrap elementor-element-populated\">\n\t\t\t\t\t\t<div class=\"elementor-element elementor-element-7a35c65d elementor-widget elementor-widget-text-editor\" data-id=\"7a35c65d\" data-element_type=\"widget\" data-e-type=\"widget\" data-widget_type=\"text-editor.default\">\n\t\t\t\t<div class=\"elementor-widget-container\">\n\t\t\t\t\t\t\t\t\t\n<p>\u00a0<\/p>\n\n<p><strong><a href=\"https:\/\/www.turismocampillos.com\/web\/conoce-campillos\/patrimonio\/patrimonio-artistico\/iglesia-de-santa-maria-del-reposo\/\">Santa Mar\u00eda del Reposo<\/a><\/strong><\/p>\n<p>La fachada es reflejo de la riqueza del barroco sevillano, magn\u00edficamente ejemplificado en la portada principal, con un laborioso despiece de la piedra con trazado mixtil\u00edneo, obra del arquitecto Antonio\u00a0 de Figueroa, uno de los grandes art\u00edfices de la capital hispalense, junto a la transformaci\u00f3n y adecuaci\u00f3n al estilo neocl\u00e1sico, fruto de las reformas decimon\u00f3nicas.<\/p>\n\n<p><strong><a href=\"https:\/\/www.turismocampillos.com\/web\/conoce-campillos\/patrimonio\/patrimonio-artistico\/ermita-san-benito\/\">San Benito<\/a><\/strong><\/p>\n\n<p>La ermita de San Benito Abad, dedicada al Patr\u00f3n de Campillos comenz\u00f3 a construirse en el a\u00f1o 1578, y en apenas 20 a\u00f1os m\u00e1s tarde ya hab\u00edan concluido los trabajos, siendo bendecida en 1596. El lugar de construcci\u00f3n elegido es el punto m\u00e1s alto del municipio, destacando, por tanto, la singularidad de su paisaje que muestra la vega de Campillos.<\/p>\n\n<p><strong><a href=\"https:\/\/www.turismocampillos.com\/web\/conoce-campillos\/patrimonio\/patrimonio-artistico\/ermita-san-sebastian\/\">San Sebasti\u00e1n<\/a><\/strong><\/p>\n\n<p>Esta sencilla ermita situada en la calle San Sebasti\u00e1n, al oeste de su casco hist\u00f3rico, data del a\u00f1o 1631. Fue costeada por el gremio de los ganaderos.<\/p>\n\n<p>Se trata de un templo de una sola nave. Destaca la espada\u00f1a en \u00e1ngulo por su singularidad arquitect\u00f3nica.<\/p>\n\n<p><strong><a href=\"https:\/\/www.turismocampillos.com\/web\/conoce-campillos\/patrimonio\/patrimonio-artistico\/iglesia-la-vera-cruz\/\">Santa Vera Cruz<\/a><\/strong><\/p>\n\t\t\t\t\t\t\t\t<\/div>\n\t\t\t\t<\/div>\n\t\t\t\t\t<\/div>\n\t\t<\/div>\n\t\t\t\t\t<\/div>\n\t\t<\/section>\n\t\t\t\t<\/div>\n\t\t","protected":false},"excerpt":{"rendered":"<p>\u00a0 Santa Mar\u00eda del Reposo La fachada es reflejo de la riqueza del barroco sevillano, magn\u00edficamente ejemplificado en la portada principal, con un laborioso despiece de la piedra con trazado mixtil\u00edneo, obra del arquitecto Antonio\u00a0 de Figueroa, uno de los grandes art\u00edfices de la capital hispalense, junto a la transformaci\u00f3n y adecuaci\u00f3n al estilo neocl\u00e1sico, [&hellip;]<\/p>\n","protected":false},"author":1,"featured_media":0,"parent":14,"menu_order":0,"comment_status":"closed","ping_status":"closed","template":"","meta":{"site-sidebar-layout":"default","site-content-layout":"","ast-site-content-layout":"default","site-content-style":"default","site-sidebar-style":"default","ast-global-header-display":"","ast-banner-title-visibility":"","ast-main-header-display":"","ast-hfb-above-header-display":"","ast-hfb-below-header-display":"","ast-hfb-mobile-header-display":"","site-post-title":"","ast-breadcrumbs-content":"","ast-featured-img":"","footer-sml-layout":"","ast-disable-related-posts":"","theme-transparent-header-meta":"","adv-header-id-meta":"","stick-header-meta":"","header-above-stick-meta":"","header-main-stick-meta":"","header-below-stick-meta":"","astra-migrate-meta-layouts":"default","ast-page-background-enabled":"default","ast-page-background-meta":{"desktop":{"background-color":"var(--ast-global-color-4)","background-image":"","background-repeat":"repeat","background-position":"center center","background-size":"auto","background-attachment":"scroll","background-type":"","background-media":"","overlay-type":"","overlay-color":"","overlay-opacity":"","overlay-gradient":""},"tablet":{"background-color":"","background-image":"","background-repeat":"repeat","background-position":"center center","background-size":"auto","background-attachment":"scroll","background-type":"","background-media":"","overlay-type":"","overlay-color":"","overlay-opacity":"","overlay-gradient":""},"mobile":{"background-color":"","background-image":"","background-repeat":"repeat","background-position":"center center","background-size":"auto","background-attachment":"scroll","background-type":"","background-media":"","overlay-type":"","overlay-color":"","overlay-opacity":"","overlay-gradient":""}},"ast-content-background-meta":{"desktop":{"background-color":"var(--ast-global-color-5)","background-image":"","background-repeat":"repeat","background-position":"center center","background-size":"auto","background-attachment":"scroll","background-type":"","background-media":"","overlay-type":"","overlay-color":"","overlay-opacity":"","overlay-gradient":""},"tablet":{"background-color":"var(--ast-global-color-5)","background-image":"","background-repeat":"repeat","background-position":"center center","background-size":"auto","background-attachment":"scroll","background-type":"","background-media":"","overlay-type":"","overlay-color":"","overlay-opacity":"","overlay-gradient":""},"mobile":{"background-color":"var(--ast-global-color-5)","background-image":"","background-repeat":"repeat","background-position":"center center","background-size":"auto","background-attachment":"scroll","background-type":"","background-media":"","overlay-type":"","overlay-color":"","overlay-opacity":"","overlay-gradient":""}},"footnotes":""},"class_list":["post-2749","page","type-page","status-publish","hentry"],"_links":{"self":[{"href":"https:\/\/www.turismocampillos.com\/web\/wp-json\/wp\/v2\/pages\/2749","targetHints":{"allow":["GET"]}}],"collection":[{"href":"https:\/\/www.turismocampillos.com\/web\/wp-json\/wp\/v2\/pages"}],"about":[{"href":"https:\/\/www.turismocampillos.com\/web\/wp-json\/wp\/v2\/types\/page"}],"author":[{"embeddable":true,"href":"https:\/\/www.turismocampillos.com\/web\/wp-json\/wp\/v2\/users\/1"}],"replies":[{"embeddable":true,"href":"https:\/\/www.turismocampillos.com\/web\/wp-json\/wp\/v2\/comments?post=2749"}],"version-history":[{"count":0,"href":"https:\/\/www.turismocampillos.com\/web\/wp-json\/wp\/v2\/pages\/2749\/revisions"}],"up":[{"embeddable":true,"href":"https:\/\/www.turismocampillos.com\/web\/wp-json\/wp\/v2\/pages\/14"}],"wp:attachment":[{"href":"https:\/\/www.turismocampillos.com\/web\/wp-json\/wp\/v2\/media?parent=2749"}],"curies":[{"name":"wp","href":"https:\/\/api.w.org\/{rel}","templated":true}]}}