{"id":2765,"date":"2022-08-12T10:44:03","date_gmt":"2022-08-12T08:44:03","guid":{"rendered":"https:\/\/www.turismocampillos.com\/web\/?page_id=2765"},"modified":"2024-12-23T12:56:42","modified_gmt":"2024-12-23T11:56:42","slug":"turismo-activo","status":"publish","type":"page","link":"https:\/\/www.turismocampillos.com\/web\/turismo-campillos\/turismo-activo\/","title":{"rendered":"Turismo Activo"},"content":{"rendered":"\n<p>Gracias al extenso y variado entorno natural de Campillos, las posibilidades de realizar actividades en la Naturaleza son m\u00faltiples.<\/p>\n\n\n\n<p>Grandes llanuras acogen a las distintas lagunas, que enriquecen las rutas, sendas, etc.<\/p>\n\n\n\n<p>Restos arqueol\u00f3gicos en estrat\u00e9gicos enclaves naturales.<\/p>\n\n\n\n<p>Embalses que permiten el disfrute de actividades acu\u00e1ticas propias.<\/p>\n\n\n\n<p>En la zona de los embalses, junto al Caminito del Rey,  existen varias zonas de escalada en lo que internacionalmente es conocido como <a href=\"https:\/\/www.andalucia.org\/es\/escalada-en-el-chorro\">El Chorro<\/a>.  <\/p>\n\n\n\n<p>Y un gran circuito internacional de Karting que lleva el nombre de Campillos cada vez m\u00e1s lejos en el mundo del motor.<\/p>\n\n\n\n<p><strong><a href=\"https:\/\/www.turismocampillos.com\/web\/actividades\/rutas\/\">RUTAS<\/a><\/strong><\/p>\n\n\n\n<p><strong><a href=\"https:\/\/www.turismocampillos.com\/web\/actividades\/parque-multiaventuras-campillos\/\">PARQUE MULTIAVENTURAS<\/a><\/strong><\/p>\n\n\n\n<p><strong><a href=\"https:\/\/www.turismocampillos.com\/web\/actividades\/circuito-internacional-de-karting\/\">KARTING CAMPILLOS<\/a><\/strong><\/p>\n\n\n\n<h2 class=\"wp-block-heading\"><strong>OTRAS ACTIVIDADES<\/strong><\/h2>\n\n\n\n<h5 class=\"wp-block-heading\"><strong><a href=\"https:\/\/www.turismocampillos.com\/web\/establecimientos\/bahia-del-guadalhorce\/\" data-type=\"gd_place\" data-id=\"2856\">Hidropedales y KAYAKS<\/a><\/strong><\/h5>\n\n\n\n<p>La empresa local \u201cBah\u00eda del Guadalhorce\u201d favorece , desde hace a\u00f1os deportes acu\u00e1ticos, como kayaks, hidropedales en el espectacular Embalse Guadalhorce \u2013 Guadalteba. Actividades que se complementan perfectamente con el disfrute de una de las playas de interior con la asignaci\u00f3n de \u201cbandera Azul\u201d De esta manera se puede disfrutar de las aguas del pantano y sus diferentes rincones que son de complicado acceso desde el exterior y que presentan una gran belleza natural.<\/p>\n\n\n\n<p><\/p>\n\n\n\n<p><\/p>\n","protected":false},"excerpt":{"rendered":"<p>Gracias al extenso y variado entorno natural de Campillos, las posibilidades de realizar actividades en la Naturaleza son m\u00faltiples. Grandes llanuras acogen a las distintas lagunas, que enriquecen las rutas, sendas, etc. Restos arqueol\u00f3gicos en estrat\u00e9gicos enclaves naturales. Embalses que permiten el disfrute de actividades acu\u00e1ticas propias. En la zona de los embalses, junto al [&hellip;]<\/p>\n","protected":false},"author":1,"featured_media":0,"parent":1788,"menu_order":0,"comment_status":"closed","ping_status":"closed","template":"","meta":{"site-sidebar-layout":"default","site-content-layout":"","ast-site-content-layout":"default","site-content-style":"default","site-sidebar-style":"default","ast-global-header-display":"","ast-banner-title-visibility":"","ast-main-header-display":"","ast-hfb-above-header-display":"","ast-hfb-below-header-display":"","ast-hfb-mobile-header-display":"","site-post-title":"","ast-breadcrumbs-content":"","ast-featured-img":"","footer-sml-layout":"","ast-disable-related-posts":"","theme-transparent-header-meta":"","adv-header-id-meta":"","stick-header-meta":"","header-above-stick-meta":"","header-main-stick-meta":"","header-below-stick-meta":"","astra-migrate-meta-layouts":"set","ast-page-background-enabled":"default","ast-page-background-meta":{"desktop":{"background-color":"var(--ast-global-color-4)","background-image":"","background-repeat":"repeat","background-position":"center center","background-size":"auto","background-attachment":"scroll","background-type":"","background-media":"","overlay-type":"","overlay-color":"","overlay-opacity":"","overlay-gradient":""},"tablet":{"background-color":"","background-image":"","background-repeat":"repeat","background-position":"center center","background-size":"auto","background-attachment":"scroll","background-type":"","background-media":"","overlay-type":"","overlay-color":"","overlay-opacity":"","overlay-gradient":""},"mobile":{"background-color":"","background-image":"","background-repeat":"repeat","background-position":"center center","background-size":"auto","background-attachment":"scroll","background-type":"","background-media":"","overlay-type":"","overlay-color":"","overlay-opacity":"","overlay-gradient":""}},"ast-content-background-meta":{"desktop":{"background-color":"var(--ast-global-color-5)","background-image":"","background-repeat":"repeat","background-position":"center center","background-size":"auto","background-attachment":"scroll","background-type":"","background-media":"","overlay-type":"","overlay-color":"","overlay-opacity":"","overlay-gradient":""},"tablet":{"background-color":"var(--ast-global-color-5)","background-image":"","background-repeat":"repeat","background-position":"center center","background-size":"auto","background-attachment":"scroll","background-type":"","background-media":"","overlay-type":"","overlay-color":"","overlay-opacity":"","overlay-gradient":""},"mobile":{"background-color":"var(--ast-global-color-5)","background-image":"","background-repeat":"repeat","background-position":"center center","background-size":"auto","background-attachment":"scroll","background-type":"","background-media":"","overlay-type":"","overlay-color":"","overlay-opacity":"","overlay-gradient":""}},"footnotes":""},"class_list":["post-2765","page","type-page","status-publish","hentry"],"_links":{"self":[{"href":"https:\/\/www.turismocampillos.com\/web\/wp-json\/wp\/v2\/pages\/2765","targetHints":{"allow":["GET"]}}],"collection":[{"href":"https:\/\/www.turismocampillos.com\/web\/wp-json\/wp\/v2\/pages"}],"about":[{"href":"https:\/\/www.turismocampillos.com\/web\/wp-json\/wp\/v2\/types\/page"}],"author":[{"embeddable":true,"href":"https:\/\/www.turismocampillos.com\/web\/wp-json\/wp\/v2\/users\/1"}],"replies":[{"embeddable":true,"href":"https:\/\/www.turismocampillos.com\/web\/wp-json\/wp\/v2\/comments?post=2765"}],"version-history":[{"count":0,"href":"https:\/\/www.turismocampillos.com\/web\/wp-json\/wp\/v2\/pages\/2765\/revisions"}],"up":[{"embeddable":true,"href":"https:\/\/www.turismocampillos.com\/web\/wp-json\/wp\/v2\/pages\/1788"}],"wp:attachment":[{"href":"https:\/\/www.turismocampillos.com\/web\/wp-json\/wp\/v2\/media?parent=2765"}],"curies":[{"name":"wp","href":"https:\/\/api.w.org\/{rel}","templated":true}]}}