{"id":2807,"date":"2022-08-12T11:45:40","date_gmt":"2022-08-12T09:45:40","guid":{"rendered":"https:\/\/www.turismocampillos.com\/web\/?page_id=2807"},"modified":"2022-08-12T11:45:41","modified_gmt":"2022-08-12T09:45:41","slug":"san-benito","status":"publish","type":"page","link":"https:\/\/www.turismocampillos.com\/web\/fiestas\/san-benito\/","title":{"rendered":"San Benito"},"content":{"rendered":"\n<h2 class=\"wp-block-heading\">Fiestas de San Benito en Campillos<\/h2>\n\n\n\n<p>La festividad de San Benito Abad, patrono de Campillos, se celebra el segundo domingo de Julio. Algunos a\u00f1os las calles se han decorado, pintando el suelo a modo de manto por donde pasar\u00eda la procesi\u00f3n.\u00a0<\/p>\n\n\n\n<p>Dicha procesi\u00f3n sale al atardecer desde la ermita de San Benito , la cual comenz\u00f3 a construirse en el a\u00f1o 1578, y en apenas 20 a\u00f1os m\u00e1s tarde ya hab\u00edan concluido los trabajos, siendo bendecida en 1596. El lugar de construcci\u00f3n elegido es el punto m\u00e1s alto del municipio, destacando, por tanto, la singularidad de su paisaje que muestra la vega de Campillos, esto dota de cierta singularidad el acto.\u00a0<\/p>\n\n\n\n<p>La devoci\u00f3n a San Benito en Campillos\u00a0 se remonta al siglo XVII, concretamente al 11 de febrero de 1629, cuando en un acto celebrado en la plaza mayor de Campillos y con la asistencia masiva de setecientos vecinos, fue elegido patr\u00f3n primero a San Benito Abad y segundos patronos a San Quirino y San Pl\u00e1cido.<\/p>\n\n\n\n<p>En dicha elecci\u00f3n y recepci\u00f3n del patrono tuvo mucho que ver Don Juan G\u00f3mez Vallejo y Acu\u00f1a, cura beneficiado m\u00e1s antiguo de la Iglesia Parroquial de San Pedro ad Vincula de Sevilla y Mayordomo de su cofrad\u00eda de sacerdotes, quien dio su aprobaci\u00f3n, recogiendo lo que era una particular devoci\u00f3n entre los vecinos de Campillos.<\/p>\n\n\n\n<p>D\u00edas m\u00e1s tarde, por intercesi\u00f3n del Sr. Arzobispo de Sevilla Don Diego Guzm\u00e1n de Haro se aprob\u00f3, confirm\u00f3 y ratific\u00f3 el voto y juramento y recepci\u00f3n de patronos.\u00a0<\/p>\n","protected":false},"excerpt":{"rendered":"<p>Fiestas de San Benito en Campillos La festividad de San Benito Abad, patrono de Campillos, se celebra el segundo domingo de Julio. Algunos a\u00f1os las calles se han decorado, pintando el suelo a modo de manto por donde pasar\u00eda la procesi\u00f3n.\u00a0 Dicha procesi\u00f3n sale al atardecer desde la ermita de San Benito , la cual [&hellip;]<\/p>\n","protected":false},"author":1,"featured_media":0,"parent":2799,"menu_order":0,"comment_status":"closed","ping_status":"closed","template":"","meta":{"site-sidebar-layout":"default","site-content-layout":"","ast-site-content-layout":"default","site-content-style":"default","site-sidebar-style":"default","ast-global-header-display":"","ast-banner-title-visibility":"","ast-main-header-display":"","ast-hfb-above-header-display":"","ast-hfb-below-header-display":"","ast-hfb-mobile-header-display":"","site-post-title":"","ast-breadcrumbs-content":"","ast-featured-img":"","footer-sml-layout":"","ast-disable-related-posts":"","theme-transparent-header-meta":"","adv-header-id-meta":"","stick-header-meta":"","header-above-stick-meta":"","header-main-stick-meta":"","header-below-stick-meta":"","astra-migrate-meta-layouts":"default","ast-page-background-enabled":"default","ast-page-background-meta":{"desktop":{"background-color":"var(--ast-global-color-4)","background-image":"","background-repeat":"repeat","background-position":"center center","background-size":"auto","background-attachment":"scroll","background-type":"","background-media":"","overlay-type":"","overlay-color":"","overlay-opacity":"","overlay-gradient":""},"tablet":{"background-color":"","background-image":"","background-repeat":"repeat","background-position":"center center","background-size":"auto","background-attachment":"scroll","background-type":"","background-media":"","overlay-type":"","overlay-color":"","overlay-opacity":"","overlay-gradient":""},"mobile":{"background-color":"","background-image":"","background-repeat":"repeat","background-position":"center center","background-size":"auto","background-attachment":"scroll","background-type":"","background-media":"","overlay-type":"","overlay-color":"","overlay-opacity":"","overlay-gradient":""}},"ast-content-background-meta":{"desktop":{"background-color":"var(--ast-global-color-5)","background-image":"","background-repeat":"repeat","background-position":"center center","background-size":"auto","background-attachment":"scroll","background-type":"","background-media":"","overlay-type":"","overlay-color":"","overlay-opacity":"","overlay-gradient":""},"tablet":{"background-color":"var(--ast-global-color-5)","background-image":"","background-repeat":"repeat","background-position":"center center","background-size":"auto","background-attachment":"scroll","background-type":"","background-media":"","overlay-type":"","overlay-color":"","overlay-opacity":"","overlay-gradient":""},"mobile":{"background-color":"var(--ast-global-color-5)","background-image":"","background-repeat":"repeat","background-position":"center center","background-size":"auto","background-attachment":"scroll","background-type":"","background-media":"","overlay-type":"","overlay-color":"","overlay-opacity":"","overlay-gradient":""}},"footnotes":""},"class_list":["post-2807","page","type-page","status-publish","hentry"],"_links":{"self":[{"href":"https:\/\/www.turismocampillos.com\/web\/wp-json\/wp\/v2\/pages\/2807","targetHints":{"allow":["GET"]}}],"collection":[{"href":"https:\/\/www.turismocampillos.com\/web\/wp-json\/wp\/v2\/pages"}],"about":[{"href":"https:\/\/www.turismocampillos.com\/web\/wp-json\/wp\/v2\/types\/page"}],"author":[{"embeddable":true,"href":"https:\/\/www.turismocampillos.com\/web\/wp-json\/wp\/v2\/users\/1"}],"replies":[{"embeddable":true,"href":"https:\/\/www.turismocampillos.com\/web\/wp-json\/wp\/v2\/comments?post=2807"}],"version-history":[{"count":0,"href":"https:\/\/www.turismocampillos.com\/web\/wp-json\/wp\/v2\/pages\/2807\/revisions"}],"up":[{"embeddable":true,"href":"https:\/\/www.turismocampillos.com\/web\/wp-json\/wp\/v2\/pages\/2799"}],"wp:attachment":[{"href":"https:\/\/www.turismocampillos.com\/web\/wp-json\/wp\/v2\/media?parent=2807"}],"curies":[{"name":"wp","href":"https:\/\/api.w.org\/{rel}","templated":true}]}}