{"id":2809,"date":"2022-08-12T11:46:57","date_gmt":"2022-08-12T09:46:57","guid":{"rendered":"https:\/\/www.turismocampillos.com\/web\/?page_id=2809"},"modified":"2022-08-12T11:46:59","modified_gmt":"2022-08-12T09:46:59","slug":"feria-de-agosto","status":"publish","type":"page","link":"https:\/\/www.turismocampillos.com\/web\/fiestas\/feria-de-agosto\/","title":{"rendered":"Feria de Agosto"},"content":{"rendered":"\n<h2 class=\"wp-block-heading\">Feria de Agosto en Campillos<\/h2>\n\n\n\n<p>Durante cuatro d\u00edas, siempre alrededor de la festividad del 15 de Agosto, Campillos re\u00fane a todos los vecinos y vecinas de la comarca para compartir su fiesta grande, que se inaugura con la t\u00edpica \u201c<strong>Noche del pescaito frito<\/strong>\u201d para la degustaci\u00f3n de este t\u00edpico plato malague\u00f1o cuya antesala es el encendido de los alumbrados. Durante estos d\u00edas, adem\u00e1s se celebra gran \u201cFestival de Flamenco de Campillos\u201d conocido y reconocido en toda la provincia. Una cargada agenda siempre llena de actuaciones, atracciones degustaciones y mucha diversi\u00f3n.<\/p>\n","protected":false},"excerpt":{"rendered":"<p>Feria de Agosto en Campillos Durante cuatro d\u00edas, siempre alrededor de la festividad del 15 de Agosto, Campillos re\u00fane a todos los vecinos y vecinas de la comarca para compartir su fiesta grande, que se inaugura con la t\u00edpica \u201cNoche del pescaito frito\u201d para la degustaci\u00f3n de este t\u00edpico plato malague\u00f1o cuya antesala es el [&hellip;]<\/p>\n","protected":false},"author":1,"featured_media":0,"parent":2799,"menu_order":0,"comment_status":"closed","ping_status":"closed","template":"","meta":{"site-sidebar-layout":"default","site-content-layout":"","ast-site-content-layout":"default","site-content-style":"default","site-sidebar-style":"default","ast-global-header-display":"","ast-banner-title-visibility":"","ast-main-header-display":"","ast-hfb-above-header-display":"","ast-hfb-below-header-display":"","ast-hfb-mobile-header-display":"","site-post-title":"","ast-breadcrumbs-content":"","ast-featured-img":"","footer-sml-layout":"","ast-disable-related-posts":"","theme-transparent-header-meta":"","adv-header-id-meta":"","stick-header-meta":"","header-above-stick-meta":"","header-main-stick-meta":"","header-below-stick-meta":"","astra-migrate-meta-layouts":"default","ast-page-background-enabled":"default","ast-page-background-meta":{"desktop":{"background-color":"var(--ast-global-color-4)","background-image":"","background-repeat":"repeat","background-position":"center center","background-size":"auto","background-attachment":"scroll","background-type":"","background-media":"","overlay-type":"","overlay-color":"","overlay-opacity":"","overlay-gradient":""},"tablet":{"background-color":"","background-image":"","background-repeat":"repeat","background-position":"center center","background-size":"auto","background-attachment":"scroll","background-type":"","background-media":"","overlay-type":"","overlay-color":"","overlay-opacity":"","overlay-gradient":""},"mobile":{"background-color":"","background-image":"","background-repeat":"repeat","background-position":"center center","background-size":"auto","background-attachment":"scroll","background-type":"","background-media":"","overlay-type":"","overlay-color":"","overlay-opacity":"","overlay-gradient":""}},"ast-content-background-meta":{"desktop":{"background-color":"var(--ast-global-color-5)","background-image":"","background-repeat":"repeat","background-position":"center center","background-size":"auto","background-attachment":"scroll","background-type":"","background-media":"","overlay-type":"","overlay-color":"","overlay-opacity":"","overlay-gradient":""},"tablet":{"background-color":"var(--ast-global-color-5)","background-image":"","background-repeat":"repeat","background-position":"center center","background-size":"auto","background-attachment":"scroll","background-type":"","background-media":"","overlay-type":"","overlay-color":"","overlay-opacity":"","overlay-gradient":""},"mobile":{"background-color":"var(--ast-global-color-5)","background-image":"","background-repeat":"repeat","background-position":"center center","background-size":"auto","background-attachment":"scroll","background-type":"","background-media":"","overlay-type":"","overlay-color":"","overlay-opacity":"","overlay-gradient":""}},"footnotes":""},"class_list":["post-2809","page","type-page","status-publish","hentry"],"_links":{"self":[{"href":"https:\/\/www.turismocampillos.com\/web\/wp-json\/wp\/v2\/pages\/2809","targetHints":{"allow":["GET"]}}],"collection":[{"href":"https:\/\/www.turismocampillos.com\/web\/wp-json\/wp\/v2\/pages"}],"about":[{"href":"https:\/\/www.turismocampillos.com\/web\/wp-json\/wp\/v2\/types\/page"}],"author":[{"embeddable":true,"href":"https:\/\/www.turismocampillos.com\/web\/wp-json\/wp\/v2\/users\/1"}],"replies":[{"embeddable":true,"href":"https:\/\/www.turismocampillos.com\/web\/wp-json\/wp\/v2\/comments?post=2809"}],"version-history":[{"count":0,"href":"https:\/\/www.turismocampillos.com\/web\/wp-json\/wp\/v2\/pages\/2809\/revisions"}],"up":[{"embeddable":true,"href":"https:\/\/www.turismocampillos.com\/web\/wp-json\/wp\/v2\/pages\/2799"}],"wp:attachment":[{"href":"https:\/\/www.turismocampillos.com\/web\/wp-json\/wp\/v2\/media?parent=2809"}],"curies":[{"name":"wp","href":"https:\/\/api.w.org\/{rel}","templated":true}]}}