{"id":312,"date":"2017-03-27T12:50:37","date_gmt":"2017-03-27T10:50:37","guid":{"rendered":"https:\/\/www.turismocampillos.com\/web\/?page_id=312"},"modified":"2025-01-28T14:34:44","modified_gmt":"2025-01-28T13:34:44","slug":"carnaval","status":"publish","type":"page","link":"https:\/\/www.turismocampillos.com\/web\/conoce-campillos\/cultura\/carnaval\/","title":{"rendered":"Carnaval"},"content":{"rendered":"\t\t<div data-elementor-type=\"wp-page\" data-elementor-id=\"312\" class=\"elementor elementor-312\">\n\t\t\t\t\t\t<section class=\"elementor-section elementor-top-section elementor-element elementor-element-51e3d3c4 elementor-section-boxed elementor-section-height-default elementor-section-height-default\" data-id=\"51e3d3c4\" data-element_type=\"section\" data-e-type=\"section\">\n\t\t\t\t\t\t<div class=\"elementor-container elementor-column-gap-default\">\n\t\t\t\t\t<div class=\"elementor-column elementor-col-100 elementor-top-column elementor-element elementor-element-380f7119\" data-id=\"380f7119\" data-element_type=\"column\" data-e-type=\"column\">\n\t\t\t<div class=\"elementor-widget-wrap elementor-element-populated\">\n\t\t\t\t\t\t<div class=\"elementor-element elementor-element-43ce905f elementor-widget elementor-widget-text-editor\" data-id=\"43ce905f\" data-element_type=\"widget\" data-e-type=\"widget\" data-widget_type=\"text-editor.default\">\n\t\t\t\t<div class=\"elementor-widget-container\">\n\t\t\t\t\t\t\t\t\t<h1><img fetchpriority=\"high\" decoding=\"async\" class=\"alignnone size-large wp-image-3140\" src=\"https:\/\/www.turismocampillos.com\/web\/wp-content\/uploads\/2025\/01\/c332932e-e4ad-4e1f-9551-5697da3b0ba3-1024x472.jpeg\" alt=\"\" width=\"1024\" height=\"472\" srcset=\"https:\/\/www.turismocampillos.com\/web\/wp-content\/uploads\/2025\/01\/c332932e-e4ad-4e1f-9551-5697da3b0ba3-1024x472.jpeg 1024w, https:\/\/www.turismocampillos.com\/web\/wp-content\/uploads\/2025\/01\/c332932e-e4ad-4e1f-9551-5697da3b0ba3-300x138.jpeg 300w, https:\/\/www.turismocampillos.com\/web\/wp-content\/uploads\/2025\/01\/c332932e-e4ad-4e1f-9551-5697da3b0ba3-768x354.jpeg 768w, https:\/\/www.turismocampillos.com\/web\/wp-content\/uploads\/2025\/01\/c332932e-e4ad-4e1f-9551-5697da3b0ba3-1536x708.jpeg 1536w, https:\/\/www.turismocampillos.com\/web\/wp-content\/uploads\/2025\/01\/c332932e-e4ad-4e1f-9551-5697da3b0ba3.jpeg 1600w\" sizes=\"(max-width: 1024px) 100vw, 1024px\" \/> Carnaval<\/h1><p>Los or\u00edgenes de Carnaval se han venido relacionando con las bacanales y saturnales de las antiguas culturas griegas y latinas. Podemos decir, que tras el Cristianismo, el Carnaval es una respuesta a la necesidad humana de lo carnal, antes de la Cuaresma y la Semana Santa.<\/p><p>Durante siglos ha contado con partidarios y detractores, as\u00ed con la Guerra Civil Espa\u00f1ola, estuvo prohibida su celebraci\u00f3n desde 1936 hasta 1948. En Campillos a escondidas surgi\u00f3 la agrupaci\u00f3n \u201camigos del Carnaval\u201d, que fue recuperando antiguas tradiciones, como el Certamen de Agrupaciones, que hasta nuestros d\u00edas ha venido reuniendo a chirigotas, comparsas, coros y cuartetos tanto de nuestro pueblo como del famoso carnaval gaditano.<\/p><p>El Carnaval se celebra dentro del primer fin de semana de Cuaresma, empezando el viernes con el Certamen de Agrupaciones de Carnaval, el s\u00e1bado el concurso de disfraces y el domingo los m\u00e1s peque\u00f1os participar\u00e1n en el pasacalles y concurso infantil.<\/p>\t\t\t\t\t\t\t\t<\/div>\n\t\t\t\t<\/div>\n\t\t\t\t\t<\/div>\n\t\t<\/div>\n\t\t\t\t\t<\/div>\n\t\t<\/section>\n\t\t\t\t<\/div>\n\t\t","protected":false},"excerpt":{"rendered":"<p>Carnaval Los or\u00edgenes de Carnaval se han venido relacionando con las bacanales y saturnales de las antiguas culturas griegas y latinas. Podemos decir, que tras el Cristianismo, el Carnaval es una respuesta a la necesidad humana de lo carnal, antes de la Cuaresma y la Semana Santa. Durante siglos ha contado con partidarios y detractores, [&hellip;]<\/p>\n","protected":false},"author":1,"featured_media":0,"parent":12,"menu_order":0,"comment_status":"closed","ping_status":"closed","template":"","meta":{"site-sidebar-layout":"default","site-content-layout":"","ast-site-content-layout":"default","site-content-style":"default","site-sidebar-style":"default","ast-global-header-display":"","ast-banner-title-visibility":"","ast-main-header-display":"","ast-hfb-above-header-display":"","ast-hfb-below-header-display":"","ast-hfb-mobile-header-display":"","site-post-title":"","ast-breadcrumbs-content":"","ast-featured-img":"","footer-sml-layout":"","ast-disable-related-posts":"","theme-transparent-header-meta":"","adv-header-id-meta":"","stick-header-meta":"","header-above-stick-meta":"","header-main-stick-meta":"","header-below-stick-meta":"","astra-migrate-meta-layouts":"default","ast-page-background-enabled":"default","ast-page-background-meta":{"desktop":{"background-color":"var(--ast-global-color-4)","background-image":"","background-repeat":"repeat","background-position":"center center","background-size":"auto","background-attachment":"scroll","background-type":"","background-media":"","overlay-type":"","overlay-color":"","overlay-opacity":"","overlay-gradient":""},"tablet":{"background-color":"","background-image":"","background-repeat":"repeat","background-position":"center center","background-size":"auto","background-attachment":"scroll","background-type":"","background-media":"","overlay-type":"","overlay-color":"","overlay-opacity":"","overlay-gradient":""},"mobile":{"background-color":"","background-image":"","background-repeat":"repeat","background-position":"center center","background-size":"auto","background-attachment":"scroll","background-type":"","background-media":"","overlay-type":"","overlay-color":"","overlay-opacity":"","overlay-gradient":""}},"ast-content-background-meta":{"desktop":{"background-color":"var(--ast-global-color-5)","background-image":"","background-repeat":"repeat","background-position":"center center","background-size":"auto","background-attachment":"scroll","background-type":"","background-media":"","overlay-type":"","overlay-color":"","overlay-opacity":"","overlay-gradient":""},"tablet":{"background-color":"var(--ast-global-color-5)","background-image":"","background-repeat":"repeat","background-position":"center center","background-size":"auto","background-attachment":"scroll","background-type":"","background-media":"","overlay-type":"","overlay-color":"","overlay-opacity":"","overlay-gradient":""},"mobile":{"background-color":"var(--ast-global-color-5)","background-image":"","background-repeat":"repeat","background-position":"center center","background-size":"auto","background-attachment":"scroll","background-type":"","background-media":"","overlay-type":"","overlay-color":"","overlay-opacity":"","overlay-gradient":""}},"footnotes":""},"class_list":["post-312","page","type-page","status-publish","hentry"],"_links":{"self":[{"href":"https:\/\/www.turismocampillos.com\/web\/wp-json\/wp\/v2\/pages\/312","targetHints":{"allow":["GET"]}}],"collection":[{"href":"https:\/\/www.turismocampillos.com\/web\/wp-json\/wp\/v2\/pages"}],"about":[{"href":"https:\/\/www.turismocampillos.com\/web\/wp-json\/wp\/v2\/types\/page"}],"author":[{"embeddable":true,"href":"https:\/\/www.turismocampillos.com\/web\/wp-json\/wp\/v2\/users\/1"}],"replies":[{"embeddable":true,"href":"https:\/\/www.turismocampillos.com\/web\/wp-json\/wp\/v2\/comments?post=312"}],"version-history":[{"count":0,"href":"https:\/\/www.turismocampillos.com\/web\/wp-json\/wp\/v2\/pages\/312\/revisions"}],"up":[{"embeddable":true,"href":"https:\/\/www.turismocampillos.com\/web\/wp-json\/wp\/v2\/pages\/12"}],"wp:attachment":[{"href":"https:\/\/www.turismocampillos.com\/web\/wp-json\/wp\/v2\/media?parent=312"}],"curies":[{"name":"wp","href":"https:\/\/api.w.org\/{rel}","templated":true}]}}