{"id":315,"date":"2017-03-27T12:56:34","date_gmt":"2017-03-27T10:56:34","guid":{"rendered":"https:\/\/www.turismocampillos.com\/web\/?page_id=315"},"modified":"2025-02-17T13:58:30","modified_gmt":"2025-02-17T12:58:30","slug":"jose-maria-hinojosa-lasarte","status":"publish","type":"page","link":"https:\/\/www.turismocampillos.com\/web\/conoce-campillos\/cultura\/jose-maria-hinojosa-lasarte\/","title":{"rendered":"Jos\u00e9 Mar\u00eda Hinojosa Lasarte"},"content":{"rendered":"\t\t<div data-elementor-type=\"wp-page\" data-elementor-id=\"315\" class=\"elementor elementor-315\">\n\t\t\t\t\t\t<section class=\"elementor-section elementor-top-section elementor-element elementor-element-6d6862aa elementor-section-boxed elementor-section-height-default elementor-section-height-default\" data-id=\"6d6862aa\" data-element_type=\"section\" data-e-type=\"section\">\n\t\t\t\t\t\t<div class=\"elementor-container elementor-column-gap-default\">\n\t\t\t\t\t<div class=\"elementor-column elementor-col-100 elementor-top-column elementor-element elementor-element-464d4d33\" data-id=\"464d4d33\" data-element_type=\"column\" data-e-type=\"column\">\n\t\t\t<div class=\"elementor-widget-wrap elementor-element-populated\">\n\t\t\t\t\t\t<div class=\"elementor-element elementor-element-3728aa74 elementor-widget elementor-widget-text-editor\" data-id=\"3728aa74\" data-element_type=\"widget\" data-e-type=\"widget\" data-widget_type=\"text-editor.default\">\n\t\t\t\t<div class=\"elementor-widget-container\">\n\t\t\t\t\t\t\t\t\t<h1>Jos\u00e9 Mar\u00eda Hinojosa Lasarte<\/h1><p>Naci\u00f3 en la Calle Santa Ana n\u00famero dos de Campillos (M\u00e1laga) el 17 octubre de 1904. Tercer hijo de Salvador Hinojosa y de Asunci\u00f3n Lasarte.<\/p><p>Perteneciente a una rica familia de terratenientes, mostr\u00f3 desde muy temprano su inclinaci\u00f3n por las letras y la pol\u00edtica. En 1920 la familia Hinojosa se instala definitivamente en M\u00e1laga, concretamente a la calle Larios. A partir de 1921 cursa con brillantez sus estudios de Derecho en la ciudad de Granada donde se licenci\u00f3 a\u00f1os m\u00e1s tarde.<\/p><p><img fetchpriority=\"high\" decoding=\"async\" class=\"wp-image-320 aligncenter\" src=\"https:\/\/www.turismocampillos.com\/web\/wp-content\/uploads\/2017\/03\/Jose_Mar\u00eda_Hinojosa_Lasarte.jpg\" alt=\"\" width=\"304\" height=\"365\" \/><\/p><p>\u00a0 \u00a0 \u00a0 \u00a0 \u00a0 \u00a0 \u00a0 \u00a0 \u00a0 \u00a0 \u00a0 \u00a0 \u00a0 \u00a0 \u00a0 \u00a0 \u00a0 \u00a0 \u00a0 \u00a0 \u00a0 \u00a0 \u00a0 \u00a0 \u00a0 \u00a0 \u00a0 \u00a0 \u00a0 \u00a0 \u00a0 \u00a0 \u00a0 \u00a0 \u00a0 \u00a0 \u00a0 \u00a0 \u00a0 \u00a0 \u00a0 \u00a0 \u00a0 \u00a0 \u00a0 \u00a0 \u00a0 \u00a0 \u00a0 \u00a0 \u00a0 \u00a0 \u00a0 \u00a0 \u00a0 \u00a0 \u00a0 \u00a0 \u00a0 \u00a0 \u00a0 \u00a0 \u00a0 \u00a0 \u00a0 \u00a0 \u00a0 \u00a0 \u00a0 \u00a0 \u00a0 \u00a0 \u00a0 \u00a0 \u00a0 \u00a0 \u00a0 \u00a0 \u00a0 \u00a0 \u00a0 \u00a0 \u00a0 \u00a0 \u00a0 Atra\u00eddo por las vanguardias, viaj\u00f3 a Francia en 1925, y su poes\u00eda evoluciona r\u00e1pidamente. A su regreso a Espa\u00f1a Emilio Prados le presenta al grupo del 27 activo en la Residencia de Estudiantes (Salvador Dal\u00ed, Luis Bu\u00f1uel, Rafael Alberti, Federico Garc\u00eda Lorca y Luis Cernuda) y del Novecentismo (Juan R. Jim\u00e9nez, Jos\u00e9 Bergam\u00edn) colaborando activamente en revistas en el grupo formado por los poetas del 27 de M\u00e1laga<\/p><div id=\"metaslider-id-1035\" style=\"max-width: 900px;\" class=\"ml-slider-3-109-0 metaslider metaslider-flex metaslider-1035 ml-slider has-dots-nav ms-theme-default\" role=\"region\" aria-label=\"Poeta\" data-height=\"560\" data-width=\"900\">\n    <div id=\"metaslider_container_1035\">\n        <div id=\"metaslider_1035\">\n            <ul class='slides'>\n                <li style=\"display: block; width: 100%;\" class=\"slide-1036 ms-image \" aria-roledescription=\"slide\" data-date=\"2017-05-23 12:18:31\" data-filename=\"Casa-de-Jos\u00e9-Mar\u00eda-Hinojosa-Lasarte-e1510060410551-700x435.jpg\" data-slide-type=\"image\"><img decoding=\"async\" src=\"https:\/\/www.turismocampillos.com\/web\/wp-content\/uploads\/2017\/05\/Casa-de-Jos\u00e9-Mar\u00eda-Hinojosa-Lasarte-e1510060410551-700x435.jpg\" height=\"560\" width=\"900\" alt=\"\" class=\"slider-1035 slide-1036 msDefaultImage\" \/><\/li>\n                <li style=\"display: none; width: 100%;\" class=\"slide-1039 ms-image \" aria-roledescription=\"slide\" data-date=\"2017-05-23 12:20:36\" data-filename=\"Letrero-de-Jos\u00e9-Mar\u00eda-Hinojosa-e1510060111676-700x435.jpg\" data-slide-type=\"image\"><img decoding=\"async\" src=\"https:\/\/www.turismocampillos.com\/web\/wp-content\/uploads\/2017\/05\/Letrero-de-Jos\u00e9-Mar\u00eda-Hinojosa-e1510060111676-700x435.jpg\" height=\"560\" width=\"900\" alt=\"\" class=\"slider-1035 slide-1039 msDefaultImage\" \/><\/li>\n                <li style=\"display: none; width: 100%;\" class=\"slide-1040 ms-image \" aria-roledescription=\"slide\" data-date=\"2017-05-23 12:20:36\" data-filename=\"Puerta-de-Jos\u00e9-mar\u00eda-Hinojosa-e1510060094812-700x435.jpg\" data-slide-type=\"image\"><img loading=\"lazy\" decoding=\"async\" src=\"https:\/\/www.turismocampillos.com\/web\/wp-content\/uploads\/2017\/05\/Puerta-de-Jos\u00e9-mar\u00eda-Hinojosa-e1510060094812-700x435.jpg\" height=\"560\" width=\"900\" alt=\"\" class=\"slider-1035 slide-1040 msDefaultImage\" \/><\/li>\n            <\/ul>\n        <\/div>\n        \n    <\/div>\n<\/div><p><\/p><\/div><\/div><\/div><\/div><\/div><\/section><\/div> &hellip;<p class=\"ast-the-content-more-link\"> <a class=\"\" href=\"https:\/\/www.turismocampillos.com\/web\/conoce-campillos\/cultura\/jose-maria-hinojosa-lasarte\/\"> <span class=\"screen-reader-text\">Jos\u00e9 Mar\u00eda Hinojosa Lasarte<\/span>Leer m\u00e1s &raquo;<\/a><\/p>","protected":false},"excerpt":{"rendered":"<p>Jos\u00e9 Mar\u00eda Hinojosa Lasarte Naci\u00f3 en la Calle Santa Ana n\u00famero dos de Campillos (M\u00e1laga) el 17 octubre de 1904. Tercer hijo de Salvador Hinojosa y de Asunci\u00f3n Lasarte. Perteneciente a una rica familia de terratenientes, mostr\u00f3 desde muy temprano su inclinaci\u00f3n por las letras y la pol\u00edtica. En 1920 la familia Hinojosa se instala [&hellip;]<\/p>\n","protected":false},"author":1,"featured_media":0,"parent":12,"menu_order":0,"comment_status":"closed","ping_status":"closed","template":"","meta":{"site-sidebar-layout":"default","site-content-layout":"","ast-site-content-layout":"default","site-content-style":"default","site-sidebar-style":"default","ast-global-header-display":"","ast-banner-title-visibility":"","ast-main-header-display":"","ast-hfb-above-header-display":"","ast-hfb-below-header-display":"","ast-hfb-mobile-header-display":"","site-post-title":"","ast-breadcrumbs-content":"","ast-featured-img":"","footer-sml-layout":"","ast-disable-related-posts":"","theme-transparent-header-meta":"","adv-header-id-meta":"","stick-header-meta":"","header-above-stick-meta":"","header-main-stick-meta":"","header-below-stick-meta":"","astra-migrate-meta-layouts":"default","ast-page-background-enabled":"default","ast-page-background-meta":{"desktop":{"background-color":"var(--ast-global-color-4)","background-image":"","background-repeat":"repeat","background-position":"center center","background-size":"auto","background-attachment":"scroll","background-type":"","background-media":"","overlay-type":"","overlay-color":"","overlay-opacity":"","overlay-gradient":""},"tablet":{"background-color":"","background-image":"","background-repeat":"repeat","background-position":"center center","background-size":"auto","background-attachment":"scroll","background-type":"","background-media":"","overlay-type":"","overlay-color":"","overlay-opacity":"","overlay-gradient":""},"mobile":{"background-color":"","background-image":"","background-repeat":"repeat","background-position":"center center","background-size":"auto","background-attachment":"scroll","background-type":"","background-media":"","overlay-type":"","overlay-color":"","overlay-opacity":"","overlay-gradient":""}},"ast-content-background-meta":{"desktop":{"background-color":"var(--ast-global-color-5)","background-image":"","background-repeat":"repeat","background-position":"center center","background-size":"auto","background-attachment":"scroll","background-type":"","background-media":"","overlay-type":"","overlay-color":"","overlay-opacity":"","overlay-gradient":""},"tablet":{"background-color":"var(--ast-global-color-5)","background-image":"","background-repeat":"repeat","background-position":"center center","background-size":"auto","background-attachment":"scroll","background-type":"","background-media":"","overlay-type":"","overlay-color":"","overlay-opacity":"","overlay-gradient":""},"mobile":{"background-color":"var(--ast-global-color-5)","background-image":"","background-repeat":"repeat","background-position":"center center","background-size":"auto","background-attachment":"scroll","background-type":"","background-media":"","overlay-type":"","overlay-color":"","overlay-opacity":"","overlay-gradient":""}},"footnotes":""},"class_list":["post-315","page","type-page","status-publish","hentry"],"_links":{"self":[{"href":"https:\/\/www.turismocampillos.com\/web\/wp-json\/wp\/v2\/pages\/315","targetHints":{"allow":["GET"]}}],"collection":[{"href":"https:\/\/www.turismocampillos.com\/web\/wp-json\/wp\/v2\/pages"}],"about":[{"href":"https:\/\/www.turismocampillos.com\/web\/wp-json\/wp\/v2\/types\/page"}],"author":[{"embeddable":true,"href":"https:\/\/www.turismocampillos.com\/web\/wp-json\/wp\/v2\/users\/1"}],"replies":[{"embeddable":true,"href":"https:\/\/www.turismocampillos.com\/web\/wp-json\/wp\/v2\/comments?post=315"}],"version-history":[{"count":0,"href":"https:\/\/www.turismocampillos.com\/web\/wp-json\/wp\/v2\/pages\/315\/revisions"}],"up":[{"embeddable":true,"href":"https:\/\/www.turismocampillos.com\/web\/wp-json\/wp\/v2\/pages\/12"}],"wp:attachment":[{"href":"https:\/\/www.turismocampillos.com\/web\/wp-json\/wp\/v2\/media?parent=315"}],"curies":[{"name":"wp","href":"https:\/\/api.w.org\/{rel}","templated":true}]}}