{"id":324,"date":"2017-04-24T13:15:48","date_gmt":"2017-04-24T11:15:48","guid":{"rendered":"https:\/\/www.turismocampillos.com\/web\/?page_id=324"},"modified":"2025-01-31T13:09:06","modified_gmt":"2025-01-31T12:09:06","slug":"certamen-internacional-de-piano","status":"publish","type":"page","link":"https:\/\/www.turismocampillos.com\/web\/conoce-campillos\/cultura\/certamen-internacional-de-piano\/","title":{"rendered":"Concurso Internacional de Piano"},"content":{"rendered":"\t\t<div data-elementor-type=\"wp-page\" data-elementor-id=\"324\" class=\"elementor elementor-324\">\n\t\t\t\t\t\t<section class=\"elementor-section elementor-top-section elementor-element elementor-element-72b6884d elementor-section-boxed elementor-section-height-default elementor-section-height-default\" data-id=\"72b6884d\" data-element_type=\"section\" data-e-type=\"section\">\n\t\t\t\t\t\t<div class=\"elementor-container elementor-column-gap-default\">\n\t\t\t\t\t<div class=\"elementor-column elementor-col-100 elementor-top-column elementor-element elementor-element-736cde2a\" data-id=\"736cde2a\" data-element_type=\"column\" data-e-type=\"column\">\n\t\t\t<div class=\"elementor-widget-wrap elementor-element-populated\">\n\t\t\t\t\t\t<div class=\"elementor-element elementor-element-53cf631a elementor-widget elementor-widget-text-editor\" data-id=\"53cf631a\" data-element_type=\"widget\" data-e-type=\"widget\" data-widget_type=\"text-editor.default\">\n\t\t\t\t<div class=\"elementor-widget-container\">\n\t\t\t\t\t\t\t\t\t<div style=\"width: 1280px;\" class=\"wp-video\"><video class=\"wp-video-shortcode\" id=\"video-324-1\" width=\"1280\" height=\"720\" preload=\"metadata\" controls=\"controls\"><source type=\"video\/mp4\" src=\"https:\/\/www.turismocampillos.com\/web\/wp-content\/uploads\/2025\/01\/WhatsApp-Video-2025-01-31-at-11.48.26.mp4?_=1\" \/><a href=\"https:\/\/www.turismocampillos.com\/web\/wp-content\/uploads\/2025\/01\/WhatsApp-Video-2025-01-31-at-11.48.26.mp4\">https:\/\/www.turismocampillos.com\/web\/wp-content\/uploads\/2025\/01\/WhatsApp-Video-2025-01-31-at-11.48.26.mp4<\/a><\/video><\/div><h1>Concurso Internacional de Piano<\/h1><p>\u00a0<\/p><p>Desde el a\u00f1o 2007 Campillos se viene organizando un Concurso Internacional de Piano, por el que han pasado m\u00e1s de 1000 pianistas de los cinco continentes, de los cuales muchos de ellos son actualmente grandes concertistas actuando en las salas m\u00e1s prestigiosas del mundo.<\/p><p>El concurso se celebra a principios de Diciembre, tras una preselecci\u00f3n, se eligen a los 50 participantes que durante tres d\u00edas van a interpretar para pasar a la fase final, d\u00f3nde los seis finalistas se disputar\u00e1n los primeros puestos de este prestigioso concurso. El concurso se celebra a principios de Diciembre, coincidiendo con el encendido de las luces de Navidad, adornando las calles de sonidos magistrales de pianistas de todo el mundo. Tras una preselecci\u00f3n , se eligen a los 50 participantes que durante tres d\u00edas van a interpretar para pasar a la fase final, d\u00f3nde los seis finalistas se disputar\u00e1n los primeros puestos de este prestigioso concurso. Final que se celebra en la Iglesia Santa Mar\u00eda del Reposo y a la que asiste la prestigiosa Orquesta Sinf\u00f3nica de M\u00e1laga, aspecto que coloca a Campillos en un escalaf\u00f3n equiparable al de los mejores concursos internaciones del mundo.<\/p><p>Web oficial: <a href=\"http:\/\/www.concursointernacionalpiano.es\" target=\"_blank\" rel=\"noopener noreferrer\"><strong>www.concursointernacionalpiano.es<\/strong><\/a><\/p><p><img fetchpriority=\"high\" decoding=\"async\" class=\"alignnone size-large wp-image-3138\" src=\"https:\/\/www.turismocampillos.com\/web\/wp-content\/uploads\/2025\/01\/charles-berofsky.-en-la-final-del-xviii-concurso-internacional-de-piano-de-campillos-1024x917.jpg\" alt=\"\" width=\"1024\" height=\"917\" srcset=\"https:\/\/www.turismocampillos.com\/web\/wp-content\/uploads\/2025\/01\/charles-berofsky.-en-la-final-del-xviii-concurso-internacional-de-piano-de-campillos-1024x917.jpg 1024w, https:\/\/www.turismocampillos.com\/web\/wp-content\/uploads\/2025\/01\/charles-berofsky.-en-la-final-del-xviii-concurso-internacional-de-piano-de-campillos-300x269.jpg 300w, https:\/\/www.turismocampillos.com\/web\/wp-content\/uploads\/2025\/01\/charles-berofsky.-en-la-final-del-xviii-concurso-internacional-de-piano-de-campillos-768x688.jpg 768w, https:\/\/www.turismocampillos.com\/web\/wp-content\/uploads\/2025\/01\/charles-berofsky.-en-la-final-del-xviii-concurso-internacional-de-piano-de-campillos-1536x1376.jpg 1536w, https:\/\/www.turismocampillos.com\/web\/wp-content\/uploads\/2025\/01\/charles-berofsky.-en-la-final-del-xviii-concurso-internacional-de-piano-de-campillos.jpg 2048w\" sizes=\"(max-width: 1024px) 100vw, 1024px\" \/><\/p><p>\u00a0<\/p>\t\t\t\t\t\t\t\t<\/div>\n\t\t\t\t<\/div>\n\t\t\t\t\t<\/div>\n\t\t<\/div>\n\t\t\t\t\t<\/div>\n\t\t<\/section>\n\t\t\t\t<\/div>\n\t\t","protected":false},"excerpt":{"rendered":"<p>Concurso Internacional de Piano \u00a0 Desde el a\u00f1o 2007 Campillos se viene organizando un Concurso Internacional de Piano, por el que han pasado m\u00e1s de 1000 pianistas de los cinco continentes, de los cuales muchos de ellos son actualmente grandes concertistas actuando en las salas m\u00e1s prestigiosas del mundo. El concurso se celebra a principios [&hellip;]<\/p>\n","protected":false},"author":1,"featured_media":0,"parent":12,"menu_order":0,"comment_status":"closed","ping_status":"closed","template":"","meta":{"site-sidebar-layout":"default","site-content-layout":"","ast-site-content-layout":"default","site-content-style":"default","site-sidebar-style":"default","ast-global-header-display":"","ast-banner-title-visibility":"","ast-main-header-display":"","ast-hfb-above-header-display":"","ast-hfb-below-header-display":"","ast-hfb-mobile-header-display":"","site-post-title":"","ast-breadcrumbs-content":"","ast-featured-img":"","footer-sml-layout":"","ast-disable-related-posts":"","theme-transparent-header-meta":"","adv-header-id-meta":"","stick-header-meta":"","header-above-stick-meta":"","header-main-stick-meta":"","header-below-stick-meta":"","astra-migrate-meta-layouts":"set","ast-page-background-enabled":"default","ast-page-background-meta":{"desktop":{"background-color":"var(--ast-global-color-4)","background-image":"","background-repeat":"repeat","background-position":"center center","background-size":"auto","background-attachment":"scroll","background-type":"","background-media":"","overlay-type":"","overlay-color":"","overlay-opacity":"","overlay-gradient":""},"tablet":{"background-color":"","background-image":"","background-repeat":"repeat","background-position":"center center","background-size":"auto","background-attachment":"scroll","background-type":"","background-media":"","overlay-type":"","overlay-color":"","overlay-opacity":"","overlay-gradient":""},"mobile":{"background-color":"","background-image":"","background-repeat":"repeat","background-position":"center center","background-size":"auto","background-attachment":"scroll","background-type":"","background-media":"","overlay-type":"","overlay-color":"","overlay-opacity":"","overlay-gradient":""}},"ast-content-background-meta":{"desktop":{"background-color":"var(--ast-global-color-5)","background-image":"","background-repeat":"repeat","background-position":"center center","background-size":"auto","background-attachment":"scroll","background-type":"","background-media":"","overlay-type":"","overlay-color":"","overlay-opacity":"","overlay-gradient":""},"tablet":{"background-color":"var(--ast-global-color-5)","background-image":"","background-repeat":"repeat","background-position":"center center","background-size":"auto","background-attachment":"scroll","background-type":"","background-media":"","overlay-type":"","overlay-color":"","overlay-opacity":"","overlay-gradient":""},"mobile":{"background-color":"var(--ast-global-color-5)","background-image":"","background-repeat":"repeat","background-position":"center center","background-size":"auto","background-attachment":"scroll","background-type":"","background-media":"","overlay-type":"","overlay-color":"","overlay-opacity":"","overlay-gradient":""}},"footnotes":""},"class_list":["post-324","page","type-page","status-publish","hentry"],"_links":{"self":[{"href":"https:\/\/www.turismocampillos.com\/web\/wp-json\/wp\/v2\/pages\/324","targetHints":{"allow":["GET"]}}],"collection":[{"href":"https:\/\/www.turismocampillos.com\/web\/wp-json\/wp\/v2\/pages"}],"about":[{"href":"https:\/\/www.turismocampillos.com\/web\/wp-json\/wp\/v2\/types\/page"}],"author":[{"embeddable":true,"href":"https:\/\/www.turismocampillos.com\/web\/wp-json\/wp\/v2\/users\/1"}],"replies":[{"embeddable":true,"href":"https:\/\/www.turismocampillos.com\/web\/wp-json\/wp\/v2\/comments?post=324"}],"version-history":[{"count":0,"href":"https:\/\/www.turismocampillos.com\/web\/wp-json\/wp\/v2\/pages\/324\/revisions"}],"up":[{"embeddable":true,"href":"https:\/\/www.turismocampillos.com\/web\/wp-json\/wp\/v2\/pages\/12"}],"wp:attachment":[{"href":"https:\/\/www.turismocampillos.com\/web\/wp-json\/wp\/v2\/media?parent=324"}],"curies":[{"name":"wp","href":"https:\/\/api.w.org\/{rel}","templated":true}]}}