{"id":33,"date":"2016-09-12T13:35:13","date_gmt":"2016-09-12T11:35:13","guid":{"rendered":"http:\/\/www.turismocampillos.com\/web\/?page_id=33"},"modified":"2022-01-19T13:34:49","modified_gmt":"2022-01-19T12:34:49","slug":"aviso-legal","status":"publish","type":"page","link":"https:\/\/www.turismocampillos.com\/web\/aviso-legal\/","title":{"rendered":"Avisos Legales"},"content":{"rendered":"\n<h2 class=\"wp-block-heading\">Titularidad<\/h2>\n\n\n\n<p><strong>Ayuntamiento de Campillos<\/strong><br>Avenida Santa Mar\u00eda del Reposo, 4, 29320 CAMPILLOS (M\u00e1laga) &#8211; Espa\u00f1a<br>CIF: P- 2903200 \u2013 J<br>Correo electr\u00f3nico: campillosturismo@gmail.com<br>Tel\u00e9fono: 952 722 168<\/p>\n\n\n\n<h2 class=\"wp-block-heading\">T\u00e9rminos y condiciones de reservas mediante calendario Turitop<\/h2>\n\n\n\n<p><strong>Reserva o compras de actividades:<\/strong>&nbsp;Las reservas se realizar\u00e1n mediante el calendario de reservas que hay en esta web y el pago se realizara mediante tarjeta bancaria, siendo obligatoria la reserva de la actividad por adelantado con el fin de garantizar las plazas.<\/p>\n\n\n\n<p>Si la actividad es gratuita no se le solicitar\u00e1n datos bancarios, solo tendr\u00e1 que incluir sus datos personales.<\/p>\n\n\n\n<p><strong>\u00bfC\u00f3mo realizo mi reserva desde el calendario?<\/strong><\/p>\n\n\n\n<p>Para realizar su reserva seleccione un d\u00eda verde en el calendario que indica disponibilidad, seleccione la hora disponible para el evento, cumplimente los datos de cliente solicitados.<\/p>\n\n\n\n<p>El sistema le solicitara los datos de su tarjeta para realizar el pago<\/p>\n\n\n\n<p>Una vez finalizado el proceso de pago recibir\u00e1 en el email que haya indicado, un bono con la reserva y las correspondientes indicaciones de la actividad reservada.<\/p>\n\n\n\n<p><strong>Pol\u00edtica de cancelaci\u00f3n actividades de pago:<\/strong>&nbsp;Puede cancelar hasta 48 horas antes de la actividad sin gastos adicionales. Cancelaciones con menos de 48 horas o no presentarse a la actividad no tendr\u00e1n derecho a devoluci\u00f3n<\/p>\n\n\n\n<p><strong>Pol\u00edtica de cancelaci\u00f3n actividades gratuitas:<\/strong>&nbsp;Si no puede asistir, le agradecemos nos lo comunique con al menos 48 horas antes de la actividad, con el fin de dar la oportunidad a otra persona, encontrar\u00e1 los datos de contacto en el email de reserva.<\/p>\n\n\n\n<p class=\"has-neve-link-hover-color-color has-text-color\"><strong>Todos los pagos online de los calendarios son procesados desde la siguiente direcci\u00f3n: Ayuntamiento de Campillos. Avenida Santa Mar\u00eda del Reposo, 4 Campillos \u2013 M\u00e1laga &#8211; Espa\u00f1a CIF: P- 2903200 \u2013 J<\/strong><\/p>\n","protected":false},"excerpt":{"rendered":"<p>Titularidad Ayuntamiento de CampillosAvenida Santa Mar\u00eda del Reposo, 4, 29320 CAMPILLOS (M\u00e1laga) &#8211; Espa\u00f1aCIF: P- 2903200 \u2013 JCorreo electr\u00f3nico: campillosturismo@gmail.comTel\u00e9fono: 952 722 168 T\u00e9rminos y condiciones de reservas mediante calendario Turitop Reserva o compras de actividades:&nbsp;Las reservas se realizar\u00e1n mediante el calendario de reservas que hay en esta web y el pago se realizara mediante [&hellip;]<\/p>\n","protected":false},"author":1,"featured_media":0,"parent":0,"menu_order":0,"comment_status":"closed","ping_status":"closed","template":"","meta":{"site-sidebar-layout":"default","site-content-layout":"","ast-site-content-layout":"default","site-content-style":"default","site-sidebar-style":"default","ast-global-header-display":"","ast-banner-title-visibility":"","ast-main-header-display":"","ast-hfb-above-header-display":"","ast-hfb-below-header-display":"","ast-hfb-mobile-header-display":"","site-post-title":"","ast-breadcrumbs-content":"","ast-featured-img":"","footer-sml-layout":"","ast-disable-related-posts":"","theme-transparent-header-meta":"","adv-header-id-meta":"","stick-header-meta":"","header-above-stick-meta":"","header-main-stick-meta":"","header-below-stick-meta":"","astra-migrate-meta-layouts":"default","ast-page-background-enabled":"default","ast-page-background-meta":{"desktop":{"background-color":"var(--ast-global-color-4)","background-image":"","background-repeat":"repeat","background-position":"center center","background-size":"auto","background-attachment":"scroll","background-type":"","background-media":"","overlay-type":"","overlay-color":"","overlay-opacity":"","overlay-gradient":""},"tablet":{"background-color":"","background-image":"","background-repeat":"repeat","background-position":"center center","background-size":"auto","background-attachment":"scroll","background-type":"","background-media":"","overlay-type":"","overlay-color":"","overlay-opacity":"","overlay-gradient":""},"mobile":{"background-color":"","background-image":"","background-repeat":"repeat","background-position":"center center","background-size":"auto","background-attachment":"scroll","background-type":"","background-media":"","overlay-type":"","overlay-color":"","overlay-opacity":"","overlay-gradient":""}},"ast-content-background-meta":{"desktop":{"background-color":"var(--ast-global-color-5)","background-image":"","background-repeat":"repeat","background-position":"center center","background-size":"auto","background-attachment":"scroll","background-type":"","background-media":"","overlay-type":"","overlay-color":"","overlay-opacity":"","overlay-gradient":""},"tablet":{"background-color":"var(--ast-global-color-5)","background-image":"","background-repeat":"repeat","background-position":"center center","background-size":"auto","background-attachment":"scroll","background-type":"","background-media":"","overlay-type":"","overlay-color":"","overlay-opacity":"","overlay-gradient":""},"mobile":{"background-color":"var(--ast-global-color-5)","background-image":"","background-repeat":"repeat","background-position":"center center","background-size":"auto","background-attachment":"scroll","background-type":"","background-media":"","overlay-type":"","overlay-color":"","overlay-opacity":"","overlay-gradient":""}},"footnotes":""},"class_list":["post-33","page","type-page","status-publish","hentry"],"_links":{"self":[{"href":"https:\/\/www.turismocampillos.com\/web\/wp-json\/wp\/v2\/pages\/33","targetHints":{"allow":["GET"]}}],"collection":[{"href":"https:\/\/www.turismocampillos.com\/web\/wp-json\/wp\/v2\/pages"}],"about":[{"href":"https:\/\/www.turismocampillos.com\/web\/wp-json\/wp\/v2\/types\/page"}],"author":[{"embeddable":true,"href":"https:\/\/www.turismocampillos.com\/web\/wp-json\/wp\/v2\/users\/1"}],"replies":[{"embeddable":true,"href":"https:\/\/www.turismocampillos.com\/web\/wp-json\/wp\/v2\/comments?post=33"}],"version-history":[{"count":0,"href":"https:\/\/www.turismocampillos.com\/web\/wp-json\/wp\/v2\/pages\/33\/revisions"}],"wp:attachment":[{"href":"https:\/\/www.turismocampillos.com\/web\/wp-json\/wp\/v2\/media?parent=33"}],"curies":[{"name":"wp","href":"https:\/\/api.w.org\/{rel}","templated":true}]}}