{"id":3366,"date":"2025-03-28T14:15:49","date_gmt":"2025-03-28T13:15:49","guid":{"rendered":"https:\/\/www.turismocampillos.com\/web\/?page_id=3366"},"modified":"2025-03-28T14:17:43","modified_gmt":"2025-03-28T13:17:43","slug":"viernes-santo-noche-del-santo-entierro","status":"publish","type":"page","link":"https:\/\/www.turismocampillos.com\/web\/viernes-santo-noche-del-santo-entierro\/","title":{"rendered":"VIERNES SANTO \u00abNOCHE DEL SANTO ENTIERRO\u00bb"},"content":{"rendered":"\t\t<div data-elementor-type=\"wp-page\" data-elementor-id=\"3366\" class=\"elementor elementor-3366\">\n\t\t\t\t\t\t<section class=\"elementor-section elementor-top-section elementor-element elementor-element-225e7864 elementor-section-boxed elementor-section-height-default elementor-section-height-default\" data-id=\"225e7864\" data-element_type=\"section\" data-e-type=\"section\">\n\t\t\t\t\t\t<div class=\"elementor-container elementor-column-gap-default\">\n\t\t\t\t\t<div class=\"elementor-column elementor-col-100 elementor-top-column elementor-element elementor-element-4fecb574\" data-id=\"4fecb574\" data-element_type=\"column\" data-e-type=\"column\">\n\t\t\t<div class=\"elementor-widget-wrap elementor-element-populated\">\n\t\t\t\t\t\t<div class=\"elementor-element elementor-element-4d1b25a2 elementor-widget elementor-widget-text-editor\" data-id=\"4d1b25a2\" data-element_type=\"widget\" data-e-type=\"widget\" data-widget_type=\"text-editor.default\">\n\t\t\t\t<div class=\"elementor-widget-container\">\n\t\t\t\t\t\t\t\t\t<p><span style=\"color: #000000;\"><strong>REAL, ILUSTRE YMUY ANTIGUA ARCHICOFRAD\u00cdA Y HERMANDAD DEL SANTO ENTIERRO DE CRISTO Y MAR\u00cdA SANT\u00cdSIMA DE LAS ANGUSTIAS<\/strong><\/span><\/p>\n<p>En la noche del Viernes Santo llega el turno del Santo Entierro de Cristo y Mar\u00eda Sant\u00edsima de las Angustias, im\u00e1genes a las que se rinde luto en riguroso silencio y oscuridad durante su salida. Son la voz del capataz y los pasos de los portadores los que rompen el silencio sepulcral al pronunciar estas po\u00e9ticas palabras que son clamadas por los hombres de trono:<\/p>\n<p>C: \u201cSanto Entierro de Cristo, cuatro \u00e1ngeles de misterio te llevan a la sepultura con el sollozo de una madre llena de amargura. \u00bfD\u00f3nde va el Santo Entierro de Cristo?\u201d<\/p>\n<p>P: \u201c\u00a1Al cielo!\u201d<\/p>\n<p>C: \u201c\u00a1Pues al cielo vamos con Dios!\u201d<\/p>\n<p>La X Bandera del Tercio Alejandro Farnesio IV de la Legi\u00f3n, hermanos honorarios perpetuos de la hermandad, escoltan cada noche del Viernes Santo campillero la imagen de Cristo yacente. Tras \u00e9l, un cortejo de mantillas acompa\u00f1an a M\u00aa Sant\u00edsima de las Angustias.<\/p>\n<p>La imagen del Santo Entierro de Cristo es obra del escultor Francisco Palma Burgos en 1947. La imagen de la Virgen de las Angustias fue creada por Jos\u00e9 Navas-Parejo en 1937.<\/p>\n<p><span style=\"color: #000000;\"><strong>\u00a0<\/strong><\/span><\/p>\n<p>\u00a0<\/p>\n<p><!-- \/wp:paragraph --><!-- wp:paragraph --><\/p>\n<p><!-- \/wp:paragraph --><\/p>\t\t\t\t\t\t\t\t<\/div>\n\t\t\t\t<\/div>\n\t\t\t\t<div class=\"elementor-element elementor-element-3b57b45 elementor-widget elementor-widget-text-editor\" data-id=\"3b57b45\" data-element_type=\"widget\" data-e-type=\"widget\" data-widget_type=\"text-editor.default\">\n\t\t\t\t<div class=\"elementor-widget-container\">\n\t\t\t\t\t\t\t\t\t<p>\u00a0<\/p>\n<p>\u00a0<\/p>\t\t\t\t\t\t\t\t<\/div>\n\t\t\t\t<\/div>\n\t\t\t\t\t<\/div>\n\t\t<\/div>\n\t\t\t\t\t<\/div>\n\t\t<\/section>\n\t\t\t\t<\/div>\n\t\t","protected":false},"excerpt":{"rendered":"<p>REAL, ILUSTRE YMUY ANTIGUA ARCHICOFRAD\u00cdA Y HERMANDAD DEL SANTO ENTIERRO DE CRISTO Y MAR\u00cdA SANT\u00cdSIMA DE LAS ANGUSTIAS En la noche del Viernes Santo llega el turno del Santo Entierro de Cristo y Mar\u00eda Sant\u00edsima de las Angustias, im\u00e1genes a las que se rinde luto en riguroso silencio y oscuridad durante su salida. Son la [&hellip;]<\/p>\n","protected":false},"author":2,"featured_media":0,"parent":0,"menu_order":0,"comment_status":"closed","ping_status":"closed","template":"","meta":{"site-sidebar-layout":"default","site-content-layout":"","ast-site-content-layout":"default","site-content-style":"default","site-sidebar-style":"default","ast-global-header-display":"","ast-banner-title-visibility":"","ast-main-header-display":"","ast-hfb-above-header-display":"","ast-hfb-below-header-display":"","ast-hfb-mobile-header-display":"","site-post-title":"","ast-breadcrumbs-content":"","ast-featured-img":"","footer-sml-layout":"","ast-disable-related-posts":"","theme-transparent-header-meta":"","adv-header-id-meta":"","stick-header-meta":"","header-above-stick-meta":"","header-main-stick-meta":"","header-below-stick-meta":"","astra-migrate-meta-layouts":"default","ast-page-background-enabled":"default","ast-page-background-meta":{"desktop":{"background-color":"var(--ast-global-color-4)","background-image":"","background-repeat":"repeat","background-position":"center center","background-size":"auto","background-attachment":"scroll","background-type":"","background-media":"","overlay-type":"","overlay-color":"","overlay-opacity":"","overlay-gradient":""},"tablet":{"background-color":"","background-image":"","background-repeat":"repeat","background-position":"center center","background-size":"auto","background-attachment":"scroll","background-type":"","background-media":"","overlay-type":"","overlay-color":"","overlay-opacity":"","overlay-gradient":""},"mobile":{"background-color":"","background-image":"","background-repeat":"repeat","background-position":"center center","background-size":"auto","background-attachment":"scroll","background-type":"","background-media":"","overlay-type":"","overlay-color":"","overlay-opacity":"","overlay-gradient":""}},"ast-content-background-meta":{"desktop":{"background-color":"var(--ast-global-color-5)","background-image":"","background-repeat":"repeat","background-position":"center center","background-size":"auto","background-attachment":"scroll","background-type":"","background-media":"","overlay-type":"","overlay-color":"","overlay-opacity":"","overlay-gradient":""},"tablet":{"background-color":"var(--ast-global-color-5)","background-image":"","background-repeat":"repeat","background-position":"center center","background-size":"auto","background-attachment":"scroll","background-type":"","background-media":"","overlay-type":"","overlay-color":"","overlay-opacity":"","overlay-gradient":""},"mobile":{"background-color":"var(--ast-global-color-5)","background-image":"","background-repeat":"repeat","background-position":"center center","background-size":"auto","background-attachment":"scroll","background-type":"","background-media":"","overlay-type":"","overlay-color":"","overlay-opacity":"","overlay-gradient":""}},"footnotes":""},"class_list":["post-3366","page","type-page","status-publish","hentry"],"_links":{"self":[{"href":"https:\/\/www.turismocampillos.com\/web\/wp-json\/wp\/v2\/pages\/3366","targetHints":{"allow":["GET"]}}],"collection":[{"href":"https:\/\/www.turismocampillos.com\/web\/wp-json\/wp\/v2\/pages"}],"about":[{"href":"https:\/\/www.turismocampillos.com\/web\/wp-json\/wp\/v2\/types\/page"}],"author":[{"embeddable":true,"href":"https:\/\/www.turismocampillos.com\/web\/wp-json\/wp\/v2\/users\/2"}],"replies":[{"embeddable":true,"href":"https:\/\/www.turismocampillos.com\/web\/wp-json\/wp\/v2\/comments?post=3366"}],"version-history":[{"count":0,"href":"https:\/\/www.turismocampillos.com\/web\/wp-json\/wp\/v2\/pages\/3366\/revisions"}],"wp:attachment":[{"href":"https:\/\/www.turismocampillos.com\/web\/wp-json\/wp\/v2\/media?parent=3366"}],"curies":[{"name":"wp","href":"https:\/\/api.w.org\/{rel}","templated":true}]}}