{"id":3369,"date":"2025-03-28T14:33:15","date_gmt":"2025-03-28T13:33:15","guid":{"rendered":"https:\/\/www.turismocampillos.com\/web\/?page_id=3369"},"modified":"2025-03-31T10:48:00","modified_gmt":"2025-03-31T08:48:00","slug":"domingo-de-ramos-la-pollinica","status":"publish","type":"page","link":"https:\/\/www.turismocampillos.com\/web\/domingo-de-ramos-la-pollinica\/","title":{"rendered":"DOMINGO DE RAMOS \u00abLA POLLINICA\u00bb"},"content":{"rendered":"\t\t<div data-elementor-type=\"wp-page\" data-elementor-id=\"3369\" class=\"elementor elementor-3369\">\n\t\t\t\t\t\t<section class=\"elementor-section elementor-top-section elementor-element elementor-element-1507be78 elementor-section-boxed elementor-section-height-default elementor-section-height-default\" data-id=\"1507be78\" data-element_type=\"section\" data-e-type=\"section\">\n\t\t\t\t\t\t<div class=\"elementor-container elementor-column-gap-default\">\n\t\t\t\t\t<div class=\"elementor-column elementor-col-100 elementor-top-column elementor-element elementor-element-7fa2ba40\" data-id=\"7fa2ba40\" data-element_type=\"column\" data-e-type=\"column\">\n\t\t\t<div class=\"elementor-widget-wrap elementor-element-populated\">\n\t\t\t\t\t\t<div class=\"elementor-element elementor-element-28ae3d7c elementor-widget elementor-widget-text-editor\" data-id=\"28ae3d7c\" data-element_type=\"widget\" data-e-type=\"widget\" data-widget_type=\"text-editor.default\">\n\t\t\t\t<div class=\"elementor-widget-container\">\n\t\t\t\t\t\t\t\t\t\n<p><strong><span style=\"color: #ff0000;\">HERMANDAD DE NUESTRO PADRE JES\u00daS A SU ENTRADA EN JERUSAL\u00c9N Y MAR\u00cdA SANT\u00cdSIMA DE GRACIA Y ESPERANZA<\/span><\/strong><\/p>\n\n<p>El Domingo de Ramos se inicia con la tradicional bendici\u00f3n de las palmas y posterior eucarist\u00eda de la pasi\u00f3n. Desde la iglesia, los fieles se dirigen a su Casa Hermandad para iniciar la estaci\u00f3n de penitencia. Es una Hermandad mayoritariamente compuesta por j\u00f3venes que ser\u00e1n cantera para futuras generaciones y portan una palma o rama de olivo.<\/p>\n\n<p>Adem\u00e1s, salen al son de \u2018Pescador de Hombres\u2019, entonado por uno de los coros locales. Para su encierro, a la imagen de Gracia y Esperanza la despiden con una petalada en su Casa Hermandad que marca el fin de la procesi\u00f3n.<\/p>\n\n<p>La Hermandad de Nuestro Padre Jes\u00fas a su Entrada en Jerusal\u00e9n y Mar\u00eda Sant\u00edsima de Gracia y Esperanza es la m\u00e1s reciente y se fund\u00f3 en el a\u00f1o 1947. La Imagen del Se\u00f1or es obra de los Talleres de Olot y data del a\u00f1o 1952. La talla de la Virgen fue realizada por Manuel Dom\u00ednguez en el a\u00f1o 1972.<\/p>\n\n<p>\u00a0<\/p>\n\t\t\t\t\t\t\t\t<\/div>\n\t\t\t\t<\/div>\n\t\t\t\t\t<\/div>\n\t\t<\/div>\n\t\t\t\t\t<\/div>\n\t\t<\/section>\n\t\t\t\t<\/div>\n\t\t","protected":false},"excerpt":{"rendered":"<p>HERMANDAD DE NUESTRO PADRE JES\u00daS A SU ENTRADA EN JERUSAL\u00c9N Y MAR\u00cdA SANT\u00cdSIMA DE GRACIA Y ESPERANZA El Domingo de Ramos se inicia con la tradicional bendici\u00f3n de las palmas y posterior eucarist\u00eda de la pasi\u00f3n. Desde la iglesia, los fieles se dirigen a su Casa Hermandad para iniciar la estaci\u00f3n de penitencia. Es una [&hellip;]<\/p>\n","protected":false},"author":2,"featured_media":0,"parent":0,"menu_order":0,"comment_status":"closed","ping_status":"closed","template":"","meta":{"site-sidebar-layout":"default","site-content-layout":"","ast-site-content-layout":"default","site-content-style":"default","site-sidebar-style":"default","ast-global-header-display":"","ast-banner-title-visibility":"","ast-main-header-display":"","ast-hfb-above-header-display":"","ast-hfb-below-header-display":"","ast-hfb-mobile-header-display":"","site-post-title":"","ast-breadcrumbs-content":"","ast-featured-img":"","footer-sml-layout":"","ast-disable-related-posts":"","theme-transparent-header-meta":"","adv-header-id-meta":"","stick-header-meta":"","header-above-stick-meta":"","header-main-stick-meta":"","header-below-stick-meta":"","astra-migrate-meta-layouts":"set","ast-page-background-enabled":"default","ast-page-background-meta":{"desktop":{"background-color":"var(--ast-global-color-4)","background-image":"","background-repeat":"repeat","background-position":"center center","background-size":"auto","background-attachment":"scroll","background-type":"","background-media":"","overlay-type":"","overlay-color":"","overlay-opacity":"","overlay-gradient":""},"tablet":{"background-color":"","background-image":"","background-repeat":"repeat","background-position":"center center","background-size":"auto","background-attachment":"scroll","background-type":"","background-media":"","overlay-type":"","overlay-color":"","overlay-opacity":"","overlay-gradient":""},"mobile":{"background-color":"","background-image":"","background-repeat":"repeat","background-position":"center center","background-size":"auto","background-attachment":"scroll","background-type":"","background-media":"","overlay-type":"","overlay-color":"","overlay-opacity":"","overlay-gradient":""}},"ast-content-background-meta":{"desktop":{"background-color":"var(--ast-global-color-5)","background-image":"","background-repeat":"repeat","background-position":"center center","background-size":"auto","background-attachment":"scroll","background-type":"","background-media":"","overlay-type":"","overlay-color":"","overlay-opacity":"","overlay-gradient":""},"tablet":{"background-color":"var(--ast-global-color-5)","background-image":"","background-repeat":"repeat","background-position":"center center","background-size":"auto","background-attachment":"scroll","background-type":"","background-media":"","overlay-type":"","overlay-color":"","overlay-opacity":"","overlay-gradient":""},"mobile":{"background-color":"var(--ast-global-color-5)","background-image":"","background-repeat":"repeat","background-position":"center center","background-size":"auto","background-attachment":"scroll","background-type":"","background-media":"","overlay-type":"","overlay-color":"","overlay-opacity":"","overlay-gradient":""}},"footnotes":""},"class_list":["post-3369","page","type-page","status-publish","hentry"],"_links":{"self":[{"href":"https:\/\/www.turismocampillos.com\/web\/wp-json\/wp\/v2\/pages\/3369","targetHints":{"allow":["GET"]}}],"collection":[{"href":"https:\/\/www.turismocampillos.com\/web\/wp-json\/wp\/v2\/pages"}],"about":[{"href":"https:\/\/www.turismocampillos.com\/web\/wp-json\/wp\/v2\/types\/page"}],"author":[{"embeddable":true,"href":"https:\/\/www.turismocampillos.com\/web\/wp-json\/wp\/v2\/users\/2"}],"replies":[{"embeddable":true,"href":"https:\/\/www.turismocampillos.com\/web\/wp-json\/wp\/v2\/comments?post=3369"}],"version-history":[{"count":0,"href":"https:\/\/www.turismocampillos.com\/web\/wp-json\/wp\/v2\/pages\/3369\/revisions"}],"wp:attachment":[{"href":"https:\/\/www.turismocampillos.com\/web\/wp-json\/wp\/v2\/media?parent=3369"}],"curies":[{"name":"wp","href":"https:\/\/api.w.org\/{rel}","templated":true}]}}