{"id":345,"date":"2017-04-24T13:25:34","date_gmt":"2017-04-24T11:25:34","guid":{"rendered":"https:\/\/www.turismocampillos.com\/web\/?page_id=345"},"modified":"2025-04-02T13:45:40","modified_gmt":"2025-04-02T11:45:40","slug":"semana-santa","status":"publish","type":"page","link":"https:\/\/www.turismocampillos.com\/web\/conoce-campillos\/cultura\/semana-santa\/","title":{"rendered":"Semana Santa"},"content":{"rendered":"\t\t<div data-elementor-type=\"wp-page\" data-elementor-id=\"345\" class=\"elementor elementor-345\">\n\t\t\t\t\t\t<section class=\"elementor-section elementor-top-section elementor-element elementor-element-4c9e0892 elementor-section-boxed elementor-section-height-default elementor-section-height-default\" data-id=\"4c9e0892\" data-element_type=\"section\" data-e-type=\"section\">\n\t\t\t\t\t\t<div class=\"elementor-container elementor-column-gap-default\">\n\t\t\t\t\t<div class=\"elementor-column elementor-col-100 elementor-top-column elementor-element elementor-element-5df0b9b7\" data-id=\"5df0b9b7\" data-element_type=\"column\" data-e-type=\"column\">\n\t\t\t<div class=\"elementor-widget-wrap elementor-element-populated\">\n\t\t\t\t\t\t<div class=\"elementor-element elementor-element-3a1d56e elementor-widget__width-initial elementor-widget elementor-widget-heading\" data-id=\"3a1d56e\" data-element_type=\"widget\" data-e-type=\"widget\" data-widget_type=\"heading.default\">\n\t\t\t\t<div class=\"elementor-widget-container\">\n\t\t\t\t\t<h2 class=\"elementor-heading-title elementor-size-default\">SEMANA SANTA<\/h2>\t\t\t\t<\/div>\n\t\t\t\t<\/div>\n\t\t\t\t<div class=\"elementor-element elementor-element-afa3597 elementor-widget__width-initial elementor-widget elementor-widget-video\" data-id=\"afa3597\" data-element_type=\"widget\" data-e-type=\"widget\" data-settings=\"{&quot;video_type&quot;:&quot;hosted&quot;,&quot;controls&quot;:&quot;yes&quot;}\" data-widget_type=\"video.default\">\n\t\t\t\t<div class=\"elementor-widget-container\">\n\t\t\t\t\t\t\t<div class=\"e-hosted-video elementor-wrapper elementor-open-inline\">\n\t\t\t\t\t<video class=\"elementor-video\" src=\"https:\/\/www.turismocampillos.com\/web\/wp-content\/uploads\/2024\/12\/Video-promocional-de-la-Semana-Santa-de-Campillos-para-FITUR-2023-1080p60.mp4\" controls=\"\" preload=\"metadata\" controlsList=\"nodownload\"><\/video>\n\t\t\t\t<\/div>\n\t\t\t\t\t\t<\/div>\n\t\t\t\t<\/div>\n\t\t\t\t<div class=\"elementor-element elementor-element-3bdff69 elementor-widget__width-initial elementor-widget elementor-widget-text-editor\" data-id=\"3bdff69\" data-element_type=\"widget\" data-e-type=\"widget\" data-widget_type=\"text-editor.default\">\n\t\t\t\t<div class=\"elementor-widget-container\">\n\t\t\t\t\t\t\t\t\t<p style=\"text-align: left;\">\u00a0<\/p><p style=\"text-align: left;\">Desde el siglo XVI se tiene constancia en varios documentos de la existencia de desfiles procesionales. En los siglos XVII y XVIII se fundan las hermandades en Campillos, excepto la de la \u201cPollinica\u201d que fue creada en 1947.<\/p><p style=\"text-align: left;\">Es tal la importancia que tiene la Semana Santa en Campillos, que desde el a\u00f1o 1957 se tuvo la necesidad de crear una Agrupaci\u00f3n de Hermandades y Cofrad\u00edas, formada por las cinco Hermandades y Cofrad\u00edas de Pasi\u00f3n y una de Gloria ( Hermandad de San Benito) y que tienen como titular al Cristo Resucitado que forma parte de la Semana de Pasi\u00f3n campillera desde 1997.<\/p><p>Existen dos asociaciones parroquiales una la Asociaci\u00f3n Parroquial de Mar\u00eda Auxiliadora y la del Sant\u00edsimo Cristo Ultrajado en su Coronaci\u00f3n de Espinas y Mar\u00eda Sant\u00edsima de la Amargura, esta \u00faltima se encuentra en proceso de convertirse en Hermandad.<\/p><p>\u00a0<span style=\"font-size: 16px;\">En el a\u00f1o 2001, fue declara fiesta de <\/span><strong style=\"font-size: 16px;\">Inter\u00e9s Tur\u00edstico Nacional de Andaluc\u00eda.<\/strong><\/p><p style=\"text-align: left;\">Actualmente, son cinco cofrad\u00edas que procesionan en la semana de pasi\u00f3n, siendo en total 11 tronos los que hacen su estaci\u00f3n de penitencia en la Semana Santa campillera, engrandeci\u00e9ndola y haciendo que los habitantes de Campillos, as\u00ed como las personas que nos visitan en esta \u00e9poca del a\u00f1o, la puedan disfrutar.<\/p><p style=\"text-align: left;\">Son obras barrocas y en algunos de los tronos se nota la presencia sevillana debido a la pertenencia que tuvo Campillos a la di\u00f3cesis de Sevilla.<\/p><p><a href=\"https:\/\/www.turismocampillos.com\/web\/conoce-campillos\/cultura\/semana-santa\/hermandades\/\">-HERMANDADES<\/a><\/p><p>&#8211;<a href=\"https:\/\/www.turismocampillos.com\/web\/conoce-campillos\/cultura\/semana-santa\/paculiaridades-de-la-semana-santa-de-campillos\/\">PECULIARIDADES<\/a><\/p>\t\t\t\t\t\t\t\t<\/div>\n\t\t\t\t<\/div>\n\t\t\t\t\t<\/div>\n\t\t<\/div>\n\t\t\t\t\t<\/div>\n\t\t<\/section>\n\t\t\t\t<\/div>\n\t\t","protected":false},"excerpt":{"rendered":"<p>SEMANA SANTA https:\/\/www.turismocampillos.com\/web\/wp-content\/uploads\/2024\/12\/Video-promocional-de-la-Semana-Santa-de-Campillos-para-FITUR-2023-1080p60.mp4 \u00a0 Desde el siglo XVI se tiene constancia en varios documentos de la existencia de desfiles procesionales. En los siglos XVII y XVIII se fundan las hermandades en Campillos, excepto la de la \u201cPollinica\u201d que fue creada en 1947. Es tal la importancia que tiene la Semana Santa en Campillos, que desde [&hellip;]<\/p>\n","protected":false},"author":1,"featured_media":0,"parent":12,"menu_order":0,"comment_status":"closed","ping_status":"closed","template":"","meta":{"site-sidebar-layout":"default","site-content-layout":"","ast-site-content-layout":"default","site-content-style":"default","site-sidebar-style":"default","ast-global-header-display":"","ast-banner-title-visibility":"","ast-main-header-display":"","ast-hfb-above-header-display":"","ast-hfb-below-header-display":"","ast-hfb-mobile-header-display":"","site-post-title":"","ast-breadcrumbs-content":"","ast-featured-img":"","footer-sml-layout":"","ast-disable-related-posts":"","theme-transparent-header-meta":"","adv-header-id-meta":"","stick-header-meta":"","header-above-stick-meta":"","header-main-stick-meta":"","header-below-stick-meta":"","astra-migrate-meta-layouts":"set","ast-page-background-enabled":"default","ast-page-background-meta":{"desktop":{"background-color":"var(--ast-global-color-4)","background-image":"","background-repeat":"repeat","background-position":"center center","background-size":"auto","background-attachment":"scroll","background-type":"","background-media":"","overlay-type":"","overlay-color":"","overlay-opacity":"","overlay-gradient":""},"tablet":{"background-color":"","background-image":"","background-repeat":"repeat","background-position":"center center","background-size":"auto","background-attachment":"scroll","background-type":"","background-media":"","overlay-type":"","overlay-color":"","overlay-opacity":"","overlay-gradient":""},"mobile":{"background-color":"","background-image":"","background-repeat":"repeat","background-position":"center center","background-size":"auto","background-attachment":"scroll","background-type":"","background-media":"","overlay-type":"","overlay-color":"","overlay-opacity":"","overlay-gradient":""}},"ast-content-background-meta":{"desktop":{"background-color":"var(--ast-global-color-5)","background-image":"","background-repeat":"repeat","background-position":"center center","background-size":"auto","background-attachment":"scroll","background-type":"","background-media":"","overlay-type":"","overlay-color":"","overlay-opacity":"","overlay-gradient":""},"tablet":{"background-color":"var(--ast-global-color-5)","background-image":"","background-repeat":"repeat","background-position":"center center","background-size":"auto","background-attachment":"scroll","background-type":"","background-media":"","overlay-type":"","overlay-color":"","overlay-opacity":"","overlay-gradient":""},"mobile":{"background-color":"var(--ast-global-color-5)","background-image":"","background-repeat":"repeat","background-position":"center center","background-size":"auto","background-attachment":"scroll","background-type":"","background-media":"","overlay-type":"","overlay-color":"","overlay-opacity":"","overlay-gradient":""}},"footnotes":""},"class_list":["post-345","page","type-page","status-publish","hentry"],"_links":{"self":[{"href":"https:\/\/www.turismocampillos.com\/web\/wp-json\/wp\/v2\/pages\/345","targetHints":{"allow":["GET"]}}],"collection":[{"href":"https:\/\/www.turismocampillos.com\/web\/wp-json\/wp\/v2\/pages"}],"about":[{"href":"https:\/\/www.turismocampillos.com\/web\/wp-json\/wp\/v2\/types\/page"}],"author":[{"embeddable":true,"href":"https:\/\/www.turismocampillos.com\/web\/wp-json\/wp\/v2\/users\/1"}],"replies":[{"embeddable":true,"href":"https:\/\/www.turismocampillos.com\/web\/wp-json\/wp\/v2\/comments?post=345"}],"version-history":[{"count":0,"href":"https:\/\/www.turismocampillos.com\/web\/wp-json\/wp\/v2\/pages\/345\/revisions"}],"up":[{"embeddable":true,"href":"https:\/\/www.turismocampillos.com\/web\/wp-json\/wp\/v2\/pages\/12"}],"wp:attachment":[{"href":"https:\/\/www.turismocampillos.com\/web\/wp-json\/wp\/v2\/media?parent=345"}],"curies":[{"name":"wp","href":"https:\/\/api.w.org\/{rel}","templated":true}]}}