{"id":35,"date":"2016-09-12T13:35:38","date_gmt":"2016-09-12T11:35:38","guid":{"rendered":"http:\/\/www.turismocampillos.com\/web\/?page_id=35"},"modified":"2022-06-06T10:48:32","modified_gmt":"2022-06-06T08:48:32","slug":"proteccion-de-datos","status":"publish","type":"page","link":"https:\/\/www.turismocampillos.com\/web\/proteccion-de-datos\/","title":{"rendered":"Protecci\u00f3n de Datos"},"content":{"rendered":"\n<p>Su privacidad es importante para nosotros, en esta Pol\u00edtica explicamos qu\u00e9 datos personales recogemos a trav\u00e9s de nuestras interacciones con usted y c\u00f3mo los utilizamos. Le rogamos que antes de facilitar sus datos personales la lea con detenimiento y se asegure de que la ha comprendido debidamente.<\/p>\n\n\n\n<p>Como responsables de esta web, buscamos ofrecer las mayores garant\u00edas legales en relaci\u00f3n con la privacidad de nuestros usuarios y explicarles, con la mayor claridad y transparencia posibles, todo lo tiene que ver con el tratamiento de datos personales dentro de esta web.<\/p>\n\n\n\n<p>En cumplimiento de lo dispuesto en el Reglamento (UE) 2016\/679 del Parlamento Europeo y del Consejo, de 27 de abril de 2016, relativo a la protecci\u00f3n de las personas f\u00edsicas en lo que respecta al tratamiento de datos personales y a la libre circulaci\u00f3n de estos datos y por el que se deroga la Directiva 95\/46\/CE (Reglamento general de protecci\u00f3n de datos, RGPD), y dem\u00e1s normativa conexa y tambi\u00e9n, en el \u00e1mbito de la sociedad de la informaci\u00f3n, cumple con lo establecido en la Ley 34\/2002, de 11 de julio, de Servicios de la Sociedad de la Informaci\u00f3n y Comercio Electr\u00f3nico (en adelante, LSSICE), le informamos de lo siguiente:<\/p>\n\n\n\n<p>Puede consultar de forma detallada cada una de las actividades de tratamiento que lleva a cabo el Ayuntamiento de Campillos en el siguiente Registro de Tratamientos.<\/p>\n\n\n\n<h2 class=\"wp-block-heading\">Responsable del tratamiento<\/h2>\n\n\n\n<p>El responsable del tratamiento de sus datos es el Ayuntamiento de Campillos, con CIF n\u00ba P2903200J, direcci\u00f3n en Avda. Santa Mar\u00eda del Reposo, 4 C.P 29320 &#8211; Ayuntamiento de Campillos (Espa\u00f1a), tel\u00e9fono de contacto 952 722 168 y correo electr\u00f3nico webmaster@campillos.es.<\/p>\n\n\n\n<p>Las actividades de tratamiento que lleva a cabo el Ayuntamiento de Campillos se encuentra disponible en el siguiente Registro de Tratamientos.<\/p>\n\n\n\n<h2 class=\"wp-block-heading\">Finalidad del Tratamiento<\/h2>\n\n\n\n<p>En el Ayuntamiento de Campillos recopilamos y tratamos sus datos personales para administrar nuestros servicios eficazmente y proporcion\u00e1rselos con la mayor calidad posible.<\/p>\n\n\n\n<p>Al utilizar los servicios de la web http:\/\/www.campillos.es usted nos autoriza a tratar sus datos con las finalidades para las que fueron recabados. Las finalidades de cada una de las actividades de tratamiento que realiza el Ayuntamiento de Campillos puede consultarlas en nuestro Registro de Tratamientos.<\/p>\n\n\n\n<p>No tratamos los datos para elaborar perfiles ni se usan para otras finalidades distintas de las citadas.<\/p>\n\n\n\n<h2 class=\"wp-block-heading\">Plazo de conservaci\u00f3n de sus datos<\/h2>\n\n\n\n<p>Los datos personales proporcionados se conservar\u00e1n durante el tiempo necesario para cumplir con la finalidad para la que se recaban y para determinar las posibles responsabilidades que se pudieran derivar de la finalidad, adem\u00e1s de los per\u00edodos establecidos en la normativa de archivos y documentaci\u00f3n.<\/p>\n\n\n\n<p>Cuando la finalidad del tratamiento requiera su consentimiento, que habr\u00e1 de ser prestado mediante una clara acci\u00f3n afirmativa, se conservar\u00e1n mientras sea preciso para poder seguir prestando los servicios solicitados y en tanto no reclame su supresi\u00f3n, salvo en los casos que legalmente venga establecido su conservaci\u00f3n durante un periodo de tiempo determinado, transcurrido el cual procederemos a su supresi\u00f3n. En cualquier caso, se informar\u00e1 al interesado del plazo de conservaci\u00f3n concreto de cada tratamiento de datos que le afecte o, al menos, de la disposici\u00f3n legal que determine dicho plazo.<\/p>\n\n\n\n<h2 class=\"wp-block-heading\">Legitimaci\u00f3n para el tratamiento de sus datos<\/h2>\n\n\n\n<p>El tratamiento de sus datos se realiza para el cumplimiento de las obligaciones derivadas del ejercicio de las competencias atribuidas al Ayuntamiento de Campillos por la Ley. As\u00ed mismo, cuando la finalidad del tratamiento requiera el consentimiento de los afectados, \u00e9ste habr\u00e1 de ser prestado mediante una clara acci\u00f3n afirmativa, libre, espec\u00edfica, inequ\u00edvoca e informada.<\/p>\n\n\n\n<h2 class=\"wp-block-heading\">Destinatarios de los datos<\/h2>\n\n\n\n<p>No se ceder\u00e1n sus datos a terceros, de forma que estos pudieran prestarle alg\u00fan servicio o realizar alg\u00fan tratamiento directamente, salvo obligaci\u00f3n legal. No obstante, sus datos podr\u00e1n ser comunicados a los \u201cEncargados de Tratamiento\u201d, cuya intervenci\u00f3n necesitamos para la prestaci\u00f3n de nuestros servicios, actuando en todo momento de conformidad con nuestras instrucciones para garantizar un adecuado y correcto tratamiento de sus datos; el acceso a sus datos por parte de nuestros Encargados de Tratamiento siempre ser\u00e1 el imprescindible para alcanzar las finalidades perseguidas en su actuaci\u00f3n. As\u00ed mismo podr\u00e1n acceder a sus datos otros Organismos o Administraciones P\u00fablicas, en caso de que sea necesario para la resoluci\u00f3n de los procedimientos administrativos tramitados por el Ayuntamiento en los que usted sea parte.<\/p>\n\n\n\n<p>En ning\u00fan caso realizaremos la transferencia de sus datos a organismos fuera de la Uni\u00f3n Europea<\/p>\n\n\n\n<h2 class=\"wp-block-heading\">Derechos de los interesados<\/h2>\n\n\n\n<p>El interesado puede ejercitar los derechos de acceso, rectificaci\u00f3n, supresi\u00f3n, limitaci\u00f3n del tratamiento, portabilidad de los datos, oposici\u00f3n y a no ser objeto de una decisi\u00f3n basada \u00fanicamente en el tratamiento automatizado, incluida la elaboraci\u00f3n de perfiles, todos ellos reconocidos por el Reglamento general de protecci\u00f3n de datos. Estos derechos los puedo ejercer a trav\u00e9s de un formulario que tenemos a su disposici\u00f3n en el Registro General del Ayuntamiento de Campillos, sito en la Avda. Santa Mar\u00eda del Reposo, CP 29320 M\u00e1laga, descarg\u00e1ndolo de la web oficial en Ejercicio de Derechos o bien solicit\u00e1ndolo por email a la direcci\u00f3n protecciondedatos@malaga.es. Una vez cumplimentados podr\u00e1 presentarlos en cualquiera de los sitios previstos en el art\u00edculo 16.4 de la Ley 39\/2015, de 1 de octubre, del Procedimiento Administrativo Com\u00fan de las Administraciones P\u00fablicas:<\/p>\n\n\n\n<pre class=\"wp-block-code\"><code>En el registro electr\u00f3nico del Ayuntamiento, as\u00ed como en los restantes registros electr\u00f3nicos de cualquiera de los sujetos a los que se refiere el art\u00edculo 2.1 de la Ley 39\/2015, de 1 de octubre.\nEn las oficinas de Correos, en la forma que reglamentariamente se establezca.\nEn las representaciones diplom\u00e1ticas u oficinas consulares de Espa\u00f1a en el extranjero.\nEn las oficinas de asistencia en materia de registros.\nEn cualquier otro que establezcan las disposiciones vigentes.<\/code><\/pre>\n\n\n\n<p>El interesado cuenta con el derecho a presentar una reclamaci\u00f3n ante una autoridad de control, el Consejo de Transparencia y Protecci\u00f3n de Datos de Andaluc\u00eda. Tambi\u00e9n, al basarse el tratamiento en su consentimiento, el interesado cuenta con el derecho a retirar este consentimiento en cualquier momento, sin que ello afecte a la licitud del tratamiento basado en el consentimiento previo a su retirada.<\/p>\n\n\n\n<h2 class=\"wp-block-heading\">Delegado de Protecci\u00f3n de Datos<\/h2>\n\n\n\n<p>Para ejercer sus derechos o tratar cualquier cuesti\u00f3n relacionada con la materia de protecci\u00f3n de datos personales, pueden ponerse en contacto con el Delegado de Protecci\u00f3n de Datos en calle Pac\u00edfico n\u00ba 54 C.P 29004 &#8211; M\u00e1laga (Espa\u00f1a), tel\u00e9fono de contacto 952 133 624 y correo electr\u00f3nico protecciondedatos@malaga.es.<br>Informaci\u00f3n que tratamos<\/p>\n\n\n\n<p>Cuando un interesado se conecta con esta Web, est\u00e1 facilitando informaci\u00f3n de car\u00e1cter personal de la que es responsable el Ayuntamiento de Campillos. Esa informaci\u00f3n puede incluir datos de car\u00e1cter personal como pueden ser su direcci\u00f3n IP, nombre, direcci\u00f3n f\u00edsica, direcci\u00f3n de correo electr\u00f3nico, n\u00famero de tel\u00e9fono, y otra informaci\u00f3n. Al facilitar esta informaci\u00f3n, el usuario da su consentimiento para que su informaci\u00f3n sea recopilada, utilizada, gestionada y almacenada por el Ayuntamiento de Campillos , s\u00f3lo como se describe en la presente Pol\u00edtica de Privacidad.<\/p>\n\n\n\n<h2 class=\"wp-block-heading\">Principios del tratamiento<\/h2>\n\n\n\n<p>En el Ayuntamiento de Campillos, teniendo en cuenta las exigencias del RGPD, aplicamos los siguientes principios a la hora de tratar sus datos personales:<\/p>\n\n\n\n<pre class=\"wp-block-code\"><code>Principio de licitud, lealtad y transparencia: Siempre le requeriremos su consentimiento para el tratamiento de sus datos personales, para uno o varios fines espec\u00edficos, y le informaremos de ello previamente con absoluta transparencia.\nPrincipio de minimizaci\u00f3n de datos: Solo solicitaremos los datos estrictamente necesarios en relaci\u00f3n con los fines para los que los que se requieren\nPrincipio de limitaci\u00f3n del plazo de conservaci\u00f3n: los datos ser\u00e1n mantenidos durante no m\u00e1s tiempo del necesario para los fines del tratamiento, en funci\u00f3n a la finalidad, le informaremos del plazo de conservaci\u00f3n correspondiente.\nPrincipio de integridad y confidencialidad: Sus datos ser\u00e1n tratados de tal manera que se garantice una seguridad y confidencialidad adecuadas. Debes saber que tomamos todas las precauciones necesarias para evitar el acceso no autorizado o uso indebido de los datos de mis usuarios por parte de terceros.<\/code><\/pre>\n\n\n\n<h2 class=\"wp-block-heading\">Exactitud y veracidad de los datos<\/h2>\n\n\n\n<p>El usuario garantiza que los datos personales facilitados a trav\u00e9s de las diferentes v\u00edas disponibles son veraces, quedando obligado a comunicar cualquier modificaci\u00f3n de los mismos.<\/p>\n\n\n\n<p>Como usuario, es el \u00fanico responsable de la veracidad y correcci\u00f3n de sus datos, exonerando al Ayuntamiento de Campillos de cualquier responsabilidad, da\u00f1os o perjuicios originados al respecto.<\/p>\n\n\n\n<h2 class=\"wp-block-heading\">Secreto y Seguridad<\/h2>\n\n\n\n<p>El Ayuntamiento de Campillos se compromete en el uso y tratamiento de los datos personales de los usuarios a respetar su confidencialidad y a utilizarlos de acuerdo con la finalidad para la que fueron recogidos, as\u00ed como a dar cumplimiento a su obligaci\u00f3n de guardarlos y adaptar todas las medidas para evitar la alteraci\u00f3n, p\u00e9rdida, tratamiento o acceso no autorizado, de conformidad con lo establecido en la normativa vigente de protecci\u00f3n de datos.<\/p>\n\n\n\n<p>Con respecto a la confidencialidad del procesamiento, el Ayuntamiento de Campillos se asegurar\u00e1 de que cualquier persona que est\u00e9 autorizada para procesar los datos del interesado (incluido su personal, colaboradores y prestadores), estar\u00e1 bajo la obligaci\u00f3n apropiada de confidencialidad (ya sea un deber contractual o legal).<\/p>\n\n\n\n<p>Cuando se presente alg\u00fan incidente de seguridad se deber\u00e1 notificar al interesado sin demoras indebidas y deber\u00e1 proporcionar informaci\u00f3n oportuna relacionada con el Incidente de Seguridad tal como se conozca o cuando el interesado lo solicite razonablemente.<\/p>\n","protected":false},"excerpt":{"rendered":"<p>Su privacidad es importante para nosotros, en esta Pol\u00edtica explicamos qu\u00e9 datos personales recogemos a trav\u00e9s de nuestras interacciones con usted y c\u00f3mo los utilizamos. Le rogamos que antes de facilitar sus datos personales la lea con detenimiento y se asegure de que la ha comprendido debidamente. Como responsables de esta web, buscamos ofrecer las [&hellip;]<\/p>\n","protected":false},"author":1,"featured_media":0,"parent":0,"menu_order":0,"comment_status":"closed","ping_status":"closed","template":"","meta":{"site-sidebar-layout":"default","site-content-layout":"","ast-site-content-layout":"default","site-content-style":"default","site-sidebar-style":"default","ast-global-header-display":"","ast-banner-title-visibility":"","ast-main-header-display":"","ast-hfb-above-header-display":"","ast-hfb-below-header-display":"","ast-hfb-mobile-header-display":"","site-post-title":"","ast-breadcrumbs-content":"","ast-featured-img":"","footer-sml-layout":"","ast-disable-related-posts":"","theme-transparent-header-meta":"","adv-header-id-meta":"","stick-header-meta":"","header-above-stick-meta":"","header-main-stick-meta":"","header-below-stick-meta":"","astra-migrate-meta-layouts":"default","ast-page-background-enabled":"default","ast-page-background-meta":{"desktop":{"background-color":"var(--ast-global-color-4)","background-image":"","background-repeat":"repeat","background-position":"center center","background-size":"auto","background-attachment":"scroll","background-type":"","background-media":"","overlay-type":"","overlay-color":"","overlay-opacity":"","overlay-gradient":""},"tablet":{"background-color":"","background-image":"","background-repeat":"repeat","background-position":"center center","background-size":"auto","background-attachment":"scroll","background-type":"","background-media":"","overlay-type":"","overlay-color":"","overlay-opacity":"","overlay-gradient":""},"mobile":{"background-color":"","background-image":"","background-repeat":"repeat","background-position":"center center","background-size":"auto","background-attachment":"scroll","background-type":"","background-media":"","overlay-type":"","overlay-color":"","overlay-opacity":"","overlay-gradient":""}},"ast-content-background-meta":{"desktop":{"background-color":"var(--ast-global-color-5)","background-image":"","background-repeat":"repeat","background-position":"center center","background-size":"auto","background-attachment":"scroll","background-type":"","background-media":"","overlay-type":"","overlay-color":"","overlay-opacity":"","overlay-gradient":""},"tablet":{"background-color":"var(--ast-global-color-5)","background-image":"","background-repeat":"repeat","background-position":"center center","background-size":"auto","background-attachment":"scroll","background-type":"","background-media":"","overlay-type":"","overlay-color":"","overlay-opacity":"","overlay-gradient":""},"mobile":{"background-color":"var(--ast-global-color-5)","background-image":"","background-repeat":"repeat","background-position":"center center","background-size":"auto","background-attachment":"scroll","background-type":"","background-media":"","overlay-type":"","overlay-color":"","overlay-opacity":"","overlay-gradient":""}},"footnotes":""},"class_list":["post-35","page","type-page","status-publish","hentry"],"_links":{"self":[{"href":"https:\/\/www.turismocampillos.com\/web\/wp-json\/wp\/v2\/pages\/35","targetHints":{"allow":["GET"]}}],"collection":[{"href":"https:\/\/www.turismocampillos.com\/web\/wp-json\/wp\/v2\/pages"}],"about":[{"href":"https:\/\/www.turismocampillos.com\/web\/wp-json\/wp\/v2\/types\/page"}],"author":[{"embeddable":true,"href":"https:\/\/www.turismocampillos.com\/web\/wp-json\/wp\/v2\/users\/1"}],"replies":[{"embeddable":true,"href":"https:\/\/www.turismocampillos.com\/web\/wp-json\/wp\/v2\/comments?post=35"}],"version-history":[{"count":0,"href":"https:\/\/www.turismocampillos.com\/web\/wp-json\/wp\/v2\/pages\/35\/revisions"}],"wp:attachment":[{"href":"https:\/\/www.turismocampillos.com\/web\/wp-json\/wp\/v2\/media?parent=35"}],"curies":[{"name":"wp","href":"https:\/\/api.w.org\/{rel}","templated":true}]}}