{"id":43,"date":"2016-09-12T13:37:41","date_gmt":"2016-09-12T11:37:41","guid":{"rendered":"http:\/\/www.turismocampillos.com\/web\/?page_id=43"},"modified":"2017-11-13T14:03:49","modified_gmt":"2017-11-13T13:03:49","slug":"servicios","status":"publish","type":"page","link":"https:\/\/www.turismocampillos.com\/web\/servicios\/","title":{"rendered":"Servicios"},"content":{"rendered":"<h2>Servicios P\u00fablicos<\/h2>\n<p><strong>AYUNTAMIENTO DE CAMPILLOS<\/strong><br \/>\nAv. Santa Mar\u00eda del Reposo, 4, 29320 Campillos, M\u00e1laga<br \/>\nTel\u00e9fono:<strong>\u00a0<\/strong>952722216<br \/>\nWeb: <a href=\"http:\/\/www.campillos.es\/es\/index.html\">Ayuntamiento de Campillos<\/a><br \/>\nFacebook: <a href=\"https:\/\/www.facebook.com\/aytocampillos\/?ref=page_internal\">Ayuntamiento de Campillos<\/a><\/p>\n<p><strong>POLIC\u00cdA LOCAL <\/strong><br \/>\nDirecci\u00f3n: Avda. Familia Pascual Duarte, 1 29320 Campillos<br \/>\nTel\u00e9fono: 952722362 &#8211; 629668282<br \/>\nFax: 952722791<br \/>\nCorreo electr\u00f3nico: <a href=\"mailto:policialocal@campillos.es\">policialocal@campillos.es<\/a><\/p>\n<p><strong>BOMBEROS &#8211; RET\u00c9N LOCAL<\/strong><br \/>\nDirecci\u00f3n: Ctra.Jerez Cartagena, puesto de Cruz Roja &#8211; 29320 Campillos<br \/>\nTel\u00e9fono: 952722502<br \/>\nWeb:\u00a0<a href=\"http:\/\/www.cpbmalaga.es\/\" target=\"_blank\" rel=\"noopener\">Consorcio Provincial de Bomberos<\/a><\/p>\n<p><strong>GUARDIA CIVIL<\/strong><br \/>\nDirecci\u00f3n: Bda. de las Angustias, s\/n &#8211; 29320 Campillos<br \/>\nTel\u00e9fono: 952722038<br \/>\nWeb: <a href=\"http:\/\/www.guardiacivil.es\/\" target=\"_blank\" rel=\"noopener\">Guardia Civil<\/a><\/p>\n<p><strong>PROTECCI\u00d3N CIVIL<\/strong><br \/>\nDirecci\u00f3n: Ctra. Jerez Cartagena, puesto de Cruz Roja\u00a0 29320 Campillos<br \/>\nTel\u00e9fonos: 618825867 &#8211; 653111588 &#8211; 689649739<br \/>\nCorreo electr\u00f3nico: <a href=\"mailto:proteccioncivilcampillos@gmail.com\">proteccioncivilcampillos@gmail.com<\/a><\/p>\n<p><strong>PARADA DE TAXIS<\/strong><br \/>\nDirecci\u00f3n: Avda. Puerta de Teba \u2014 29320 Campillos<br \/>\nTel\u00e9fonos: 670801878 \u2014 609511548<\/p>\n<p><strong>PARADA DE AUTOB\u00daS<br \/>\n<\/strong>Direcci\u00f3n: Ctra. de Teba &#8211; 29320 Campillos<br \/>\nTel\u00e9fono: 649472043 &#8211; 902422242<\/p>\n<p><strong>ESTACI\u00d3N DE TREN<\/strong><br \/>\nDirecci\u00f3n: Extramuros, s\/n &#8211; 29320 Campillos<br \/>\nTel\u00e9fono : 902240202 &#8211; 952722829<\/p>\n<p><strong>CENTRO DE SALUD JER\u00d3NIMO BORREGO<\/strong><br \/>\nDirecci\u00f3n: Avda. Familia de Pascual Duarte, s\/n &#8211; 29320 Campillos.<br \/>\nTel\u00e9fono: 952712467<\/p>\n<p><strong>FARMACIA VILLAL\u00d3N MORENO<\/strong><br \/>\nDirecci\u00f3n: C\/ Alta, 20 &#8211; 29320 Campillos<br \/>\nTel\u00e9fono: 952722367<\/p>\n<p><strong>FARMACIA LORA SERRANO<\/strong><br \/>\nDirecci\u00f3n: C\/ San Vicente n\u00ba 1 &#8211; 29320 Campillos<br \/>\nTel\u00e9fono: 952722140<\/p>\n<p><strong>FARMACIA MESA PADILLA<\/strong><br \/>\nDirecci\u00f3n: C\/ Real, 13 &#8211; 29320 Campillos<br \/>\nTel\u00e9fono: 952722523<\/p>\n<p><strong>COMPLEJO POLIDEPORTIVO MUNICIPAL<\/strong><br \/>\nDirecci\u00f3n: Avda Gerardo Fern\u00e1ndez, s\/n. &#8211; 29320 Campillos<br \/>\nTel\u00e9fono: 952724138<br \/>\nFax: 952724138<\/p>\n<p><strong>BIBLIOTECA P\u00daBLICA MUNICIPAL<\/strong><br \/>\nAv. Santa Mar\u00eda del Reposo, 29320 Campillos, M\u00e1laga.<br \/>\nTel\u00e9fono: 952724528<\/p>\n<p><strong>CASA DE LAS ASOCIACIONES<\/strong><br \/>\n<span class=\"_Xbe\">Av. la Candelaria, 71, 29320 Campillos, M\u00e1laga <\/span><\/p>\n<p><strong>MUSEO MEMORIA DE LA VIDA <\/strong><br \/>\nParque Jos\u00e9 Mar\u00eda Hinojosa<\/p>\n<p><strong>CENTROS EDUCATIVOS<\/strong><br \/>\n<strong>INSTITUTO DE ENSE\u00d1ANZA SECUNDARIA CAMILO JOS\u00c9 CELA<\/strong><br \/>\nDirecci\u00f3n: Avda. La Familia de Pascual Duarte, 4 &#8211; 29320 Campillos<br \/>\nTel\u00e9fono: 952722460<br \/>\nFax: 952723572<br \/>\nCorreo electr\u00f3nico: <a href=\"mailto:29001868.averroes@juntadeandalucia.es\">I.E.S Camilo Jos\u00e9 Cela<\/a><\/p>\n<p><strong>ESCUELA P\u00daBLICA DE M\u00daSICA<\/strong><br \/>\nDirecci\u00f3n: Avda. Santa Mar\u00eda del Reposo, s\/n &#8211; 29320 Campillos<br \/>\nTel\u00e9fono: 952722241<br \/>\nCorreo electr\u00f3nico: <a href=\"mailto:29710028.averroes@juntadeandalucia.es\">Escuela p\u00fablica de m\u00fasica<\/a><\/p>\n<p><strong>COLEGIO P\u00daBLICO MANZANO JIM\u00c9NEZ<\/strong><br \/>\nDirecci\u00f3n: Avda. Santa Mar\u00eda del Reposo, 9 &#8211; 29320 Campillos<br \/>\nTel\u00e9fono: 952722213<br \/>\nCorreo electr\u00f3nico: <a href=\"mailto:29001820.averroes@juntadeandalucia.es\">C.P. Manzano Jim\u00e9nez<\/a><\/p>\n<p><strong>CENTRO DE EDUCACI\u00d3N DE ADULTOS DE CAMPILLOS<\/strong><br \/>\nDirecci\u00f3n: C\/ Salgueros, 68 &#8211; 29320 Campillos<br \/>\nTel\u00e9fono: 952725000<br \/>\nCorreo electr\u00f3nico: <a href=\"mailto:29500836.averroes@juntadeandalucia.es\">Centro educaci\u00f3n Adultos Campillos<\/a><\/p>\n<p><strong>COLEGIO SAN JOS\u00c9<\/strong><br \/>\nDirecci\u00f3n: Ctra. de Gobantes, s\/n &#8211; 29320 Campillos<br \/>\nTel\u00e9fono: 952722351<\/p>\n<p><strong>COLEGIO LA MILAGROSA<\/strong><br \/>\nDirecci\u00f3n: Avda. Manuel Recio, 2 &#8211; 29320 Campillos<br \/>\nTel\u00e9fono: 952722075<br \/>\nFax: 952722075<\/p>\n<p><strong>UNED<\/strong><br \/>\nDirecci\u00f3n: Avda. Santa Mar\u00eda del Reposo, s\/n &#8211; 29320 Campillos<br \/>\nTel\u00e9fono: 952723555<br \/>\nCorreo electr\u00f3nico: <a href=\"mailto:unedcampillos@yahoo.e\">unedcampillos@yahoo.e<\/a>s &#8211; <a href=\"mailto:uned@campillos.es\">uned@campillos.es <\/a><\/p>\n<p><strong>GUARDER\u00cdA MUNICIPAL<\/strong><br \/>\nDirecci\u00f3n: C\/ El\u00edas Mart\u00edn, s\/n &#8211; 29320 Campillos<br \/>\nTel\u00e9fono: 952724636<\/p>\n","protected":false},"excerpt":{"rendered":"<p>Servicios P\u00fablicos AYUNTAMIENTO DE CAMPILLOS Av. Santa Mar\u00eda del Reposo, 4, 29320 Campillos, M\u00e1laga Tel\u00e9fono:\u00a0952722216 Web: Ayuntamiento de Campillos Facebook: Ayuntamiento de Campillos POLIC\u00cdA LOCAL Direcci\u00f3n: Avda. Familia Pascual Duarte, 1 29320 Campillos Tel\u00e9fono: 952722362 &#8211; 629668282 Fax: 952722791 Correo electr\u00f3nico: policialocal@campillos.es BOMBEROS &#8211; RET\u00c9N LOCAL Direcci\u00f3n: Ctra.Jerez Cartagena, puesto de Cruz Roja &#8211; 29320 [&hellip;]<\/p>\n","protected":false},"author":1,"featured_media":0,"parent":0,"menu_order":0,"comment_status":"closed","ping_status":"closed","template":"","meta":{"site-sidebar-layout":"default","site-content-layout":"","ast-site-content-layout":"default","site-content-style":"default","site-sidebar-style":"default","ast-global-header-display":"","ast-banner-title-visibility":"","ast-main-header-display":"","ast-hfb-above-header-display":"","ast-hfb-below-header-display":"","ast-hfb-mobile-header-display":"","site-post-title":"","ast-breadcrumbs-content":"","ast-featured-img":"","footer-sml-layout":"","ast-disable-related-posts":"","theme-transparent-header-meta":"","adv-header-id-meta":"","stick-header-meta":"","header-above-stick-meta":"","header-main-stick-meta":"","header-below-stick-meta":"","astra-migrate-meta-layouts":"default","ast-page-background-enabled":"default","ast-page-background-meta":{"desktop":{"background-color":"var(--ast-global-color-4)","background-image":"","background-repeat":"repeat","background-position":"center center","background-size":"auto","background-attachment":"scroll","background-type":"","background-media":"","overlay-type":"","overlay-color":"","overlay-opacity":"","overlay-gradient":""},"tablet":{"background-color":"","background-image":"","background-repeat":"repeat","background-position":"center center","background-size":"auto","background-attachment":"scroll","background-type":"","background-media":"","overlay-type":"","overlay-color":"","overlay-opacity":"","overlay-gradient":""},"mobile":{"background-color":"","background-image":"","background-repeat":"repeat","background-position":"center center","background-size":"auto","background-attachment":"scroll","background-type":"","background-media":"","overlay-type":"","overlay-color":"","overlay-opacity":"","overlay-gradient":""}},"ast-content-background-meta":{"desktop":{"background-color":"var(--ast-global-color-5)","background-image":"","background-repeat":"repeat","background-position":"center center","background-size":"auto","background-attachment":"scroll","background-type":"","background-media":"","overlay-type":"","overlay-color":"","overlay-opacity":"","overlay-gradient":""},"tablet":{"background-color":"var(--ast-global-color-5)","background-image":"","background-repeat":"repeat","background-position":"center center","background-size":"auto","background-attachment":"scroll","background-type":"","background-media":"","overlay-type":"","overlay-color":"","overlay-opacity":"","overlay-gradient":""},"mobile":{"background-color":"var(--ast-global-color-5)","background-image":"","background-repeat":"repeat","background-position":"center center","background-size":"auto","background-attachment":"scroll","background-type":"","background-media":"","overlay-type":"","overlay-color":"","overlay-opacity":"","overlay-gradient":""}},"footnotes":""},"class_list":["post-43","page","type-page","status-publish","hentry"],"_links":{"self":[{"href":"https:\/\/www.turismocampillos.com\/web\/wp-json\/wp\/v2\/pages\/43","targetHints":{"allow":["GET"]}}],"collection":[{"href":"https:\/\/www.turismocampillos.com\/web\/wp-json\/wp\/v2\/pages"}],"about":[{"href":"https:\/\/www.turismocampillos.com\/web\/wp-json\/wp\/v2\/types\/page"}],"author":[{"embeddable":true,"href":"https:\/\/www.turismocampillos.com\/web\/wp-json\/wp\/v2\/users\/1"}],"replies":[{"embeddable":true,"href":"https:\/\/www.turismocampillos.com\/web\/wp-json\/wp\/v2\/comments?post=43"}],"version-history":[{"count":0,"href":"https:\/\/www.turismocampillos.com\/web\/wp-json\/wp\/v2\/pages\/43\/revisions"}],"wp:attachment":[{"href":"https:\/\/www.turismocampillos.com\/web\/wp-json\/wp\/v2\/media?parent=43"}],"curies":[{"name":"wp","href":"https:\/\/api.w.org\/{rel}","templated":true}]}}