{"id":604,"date":"2017-05-12T11:23:11","date_gmt":"2017-05-12T09:23:11","guid":{"rendered":"https:\/\/www.turismocampillos.com\/web\/?page_id=604"},"modified":"2022-08-12T10:12:46","modified_gmt":"2022-08-12T08:12:46","slug":"necropolis-hispano-visigoda","status":"publish","type":"page","link":"https:\/\/www.turismocampillos.com\/web\/conoce-campillos\/patrimonio\/patrimonio-arqueologico\/necropolis-hispano-visigoda\/","title":{"rendered":"Necr\u00f3polis Hispano Visigoda"},"content":{"rendered":"<h1>Necr\u00f3polis Hispano Visigoda<\/h1>\n<div id=\"metaslider-id-841\" style=\"max-width: 850px;\" class=\"ml-slider-3-108-0 metaslider metaslider-flex metaslider-841 ml-slider has-dots-nav ms-theme-default\" role=\"region\" aria-label=\"N Visigoda\" data-height=\"450\" data-width=\"850\">\n    <div id=\"metaslider_container_841\">\n        <div id=\"metaslider_841\">\n            <ul class='slides'>\n                <li style=\"display: block; width: 100%;\" class=\"slide-1352 ms-image \" aria-roledescription=\"slide\" data-date=\"2017-07-05 09:55:32\" data-filename=\"0bd0ed897824362067c7e235cc84318b-1-e1510058048968-700x370.jpg\" data-slide-type=\"image\"><img fetchpriority=\"high\" decoding=\"async\" src=\"https:\/\/www.turismocampillos.com\/web\/wp-content\/uploads\/2017\/07\/0bd0ed897824362067c7e235cc84318b-1-e1510058048968-700x370.jpg\" height=\"450\" width=\"850\" alt=\"\" class=\"slider-841 slide-1352 msDefaultImage\" \/><\/li>\n                <li style=\"display: none; width: 100%;\" class=\"slide-1341 ms-image \" aria-roledescription=\"slide\" data-date=\"2017-07-05 09:37:57\" data-filename=\"Eras-de-Pe\u00f1arrubia-2-e1510058783599-700x370.jpg\" data-slide-type=\"image\"><img decoding=\"async\" src=\"https:\/\/www.turismocampillos.com\/web\/wp-content\/uploads\/2017\/07\/Eras-de-Pe\u00f1arrubia-2-e1510058783599-700x370.jpg\" height=\"450\" width=\"850\" alt=\"\" class=\"slider-841 slide-1341 msDefaultImage\" \/><\/li>\n                <li style=\"display: none; width: 100%;\" class=\"slide-1349 ms-image \" aria-roledescription=\"slide\" data-date=\"2017-07-05 09:55:32\" data-filename=\"001-e1510058285735-700x370.jpg\" data-slide-type=\"image\"><img decoding=\"async\" src=\"https:\/\/www.turismocampillos.com\/web\/wp-content\/uploads\/2017\/07\/001-e1510058285735-700x370.jpg\" height=\"450\" width=\"850\" alt=\"\" class=\"slider-841 slide-1349 msDefaultImage\" \/><\/li>\n                <li style=\"display: none; width: 100%;\" class=\"slide-1351 ms-image \" aria-roledescription=\"slide\" data-date=\"2017-07-05 09:55:32\" data-filename=\"015-e1510058086160-700x370.jpg\" data-slide-type=\"image\"><img loading=\"lazy\" decoding=\"async\" src=\"https:\/\/www.turismocampillos.com\/web\/wp-content\/uploads\/2017\/07\/015-e1510058086160-700x370.jpg\" height=\"450\" width=\"850\" alt=\"\" class=\"slider-841 slide-1351 msDefaultImage\" \/><\/li>\n                <li style=\"display: none; width: 100%;\" class=\"slide-1353 ms-image \" aria-roledescription=\"slide\" data-date=\"2017-07-05 09:55:32\" data-filename=\"d33163cdf8b7058cda37f1c9cca6c4c9-e1510058004527-700x370.jpg\" data-slide-type=\"image\"><img loading=\"lazy\" decoding=\"async\" src=\"https:\/\/www.turismocampillos.com\/web\/wp-content\/uploads\/2017\/07\/d33163cdf8b7058cda37f1c9cca6c4c9-e1510058004527-700x370.jpg\" height=\"450\" width=\"850\" alt=\"\" class=\"slider-841 slide-1353 msDefaultImage\" \/><\/li>\n                <li style=\"display: none; width: 100%;\" class=\"slide-1354 ms-image \" aria-roledescription=\"slide\" data-date=\"2017-07-05 09:55:32\" data-filename=\"Eras-de-Pe\u00f1arrubia-2-1-e1510057964404-700x370.jpg\" data-slide-type=\"image\"><img loading=\"lazy\" decoding=\"async\" src=\"https:\/\/www.turismocampillos.com\/web\/wp-content\/uploads\/2017\/07\/Eras-de-Pe\u00f1arrubia-2-1-e1510057964404-700x370.jpg\" height=\"450\" width=\"850\" alt=\"\" class=\"slider-841 slide-1354 msDefaultImage\" \/><\/li>\n                <li style=\"display: none; width: 100%;\" class=\"slide-1359 ms-image \" aria-roledescription=\"slide\" data-date=\"2017-07-05 11:45:19\" data-filename=\"Corte-4.-Muro-1-e1510057918330-700x370.jpg\" data-slide-type=\"image\"><img loading=\"lazy\" decoding=\"async\" src=\"https:\/\/www.turismocampillos.com\/web\/wp-content\/uploads\/2017\/07\/Corte-4.-Muro-1-e1510057918330-700x370.jpg\" height=\"450\" width=\"850\" alt=\"\" class=\"slider-841 slide-1359 msDefaultImage\" \/><\/li>\n            <\/ul>\n        <\/div>\n        \n    <\/div>\n<\/div>\n<p align=\"justify\"><span style=\"color: #99cc00;\"><strong>[Actualmente cerrada al p\u00fablico]<\/strong><\/span><\/p>\n<p align=\"justify\">Situada en la plataforma de Pe\u00f1arrubia, nos encontramos con esta necr\u00f3polis Ibero-romana-visigoda, donde hubo una gran profusi\u00f3n a los enterramientos, que durante siglos fueron reutilizados por las diversas culturas que han ido transcurriendo en la zona.<\/p>\n<p align=\"justify\">Hablamos de un centenar de sepulturas romanas y visigodas, nos remontamos a los siglos I y II de nuestra era, y el periodo visigodo comprender\u00eda entre los a\u00f1os 450 y el 550 d.c. Se han encontrado cuencos, c\u00e1ntaros, jarras, anillos de hierro, lat\u00f3n y bronce, pulseras y una estatuilla de bronce datada en el siglo II d.c aproximadamente.<\/p>\n<p align=\"justify\">Hay que destacar que la zona ha sido burdamente saqueada, por lo que quedan muchos interrogantes sobre la historia de este lugar, el periodo que abarcamos es tan amplio que se deduce una dif\u00edcil y diversa convivencia de culturas y comunidades.<\/p>\n<p align=\"justify\">Para llegar al enclave desde la carretera A-357, que desde Campillos conduce a Ardales, se toma un acceso se\u00f1alizado a la izquierda que conduce al Parque Guadalteba. La necr\u00f3polis se sit\u00faa junto a los edificios del Parque.<\/p>\n<h3><\/h3>\n","protected":false},"excerpt":{"rendered":"<p>Necr\u00f3polis Hispano Visigoda [Actualmente cerrada al p\u00fablico] Situada en la plataforma de Pe\u00f1arrubia, nos encontramos con esta necr\u00f3polis Ibero-romana-visigoda, donde hubo una gran profusi\u00f3n a los enterramientos, que durante siglos fueron reutilizados por las diversas culturas que han ido transcurriendo en la zona. Hablamos de un centenar de sepulturas romanas y visigodas, nos remontamos a [&hellip;]<\/p>\n","protected":false},"author":1,"featured_media":0,"parent":2751,"menu_order":0,"comment_status":"closed","ping_status":"closed","template":"","meta":{"site-sidebar-layout":"default","site-content-layout":"","ast-site-content-layout":"default","site-content-style":"default","site-sidebar-style":"default","ast-global-header-display":"","ast-banner-title-visibility":"","ast-main-header-display":"","ast-hfb-above-header-display":"","ast-hfb-below-header-display":"","ast-hfb-mobile-header-display":"","site-post-title":"","ast-breadcrumbs-content":"","ast-featured-img":"","footer-sml-layout":"","ast-disable-related-posts":"","theme-transparent-header-meta":"","adv-header-id-meta":"","stick-header-meta":"","header-above-stick-meta":"","header-main-stick-meta":"","header-below-stick-meta":"","astra-migrate-meta-layouts":"default","ast-page-background-enabled":"default","ast-page-background-meta":{"desktop":{"background-color":"var(--ast-global-color-4)","background-image":"","background-repeat":"repeat","background-position":"center center","background-size":"auto","background-attachment":"scroll","background-type":"","background-media":"","overlay-type":"","overlay-color":"","overlay-opacity":"","overlay-gradient":""},"tablet":{"background-color":"","background-image":"","background-repeat":"repeat","background-position":"center center","background-size":"auto","background-attachment":"scroll","background-type":"","background-media":"","overlay-type":"","overlay-color":"","overlay-opacity":"","overlay-gradient":""},"mobile":{"background-color":"","background-image":"","background-repeat":"repeat","background-position":"center center","background-size":"auto","background-attachment":"scroll","background-type":"","background-media":"","overlay-type":"","overlay-color":"","overlay-opacity":"","overlay-gradient":""}},"ast-content-background-meta":{"desktop":{"background-color":"var(--ast-global-color-5)","background-image":"","background-repeat":"repeat","background-position":"center center","background-size":"auto","background-attachment":"scroll","background-type":"","background-media":"","overlay-type":"","overlay-color":"","overlay-opacity":"","overlay-gradient":""},"tablet":{"background-color":"var(--ast-global-color-5)","background-image":"","background-repeat":"repeat","background-position":"center center","background-size":"auto","background-attachment":"scroll","background-type":"","background-media":"","overlay-type":"","overlay-color":"","overlay-opacity":"","overlay-gradient":""},"mobile":{"background-color":"var(--ast-global-color-5)","background-image":"","background-repeat":"repeat","background-position":"center center","background-size":"auto","background-attachment":"scroll","background-type":"","background-media":"","overlay-type":"","overlay-color":"","overlay-opacity":"","overlay-gradient":""}},"footnotes":""},"class_list":["post-604","page","type-page","status-publish","hentry"],"_links":{"self":[{"href":"https:\/\/www.turismocampillos.com\/web\/wp-json\/wp\/v2\/pages\/604","targetHints":{"allow":["GET"]}}],"collection":[{"href":"https:\/\/www.turismocampillos.com\/web\/wp-json\/wp\/v2\/pages"}],"about":[{"href":"https:\/\/www.turismocampillos.com\/web\/wp-json\/wp\/v2\/types\/page"}],"author":[{"embeddable":true,"href":"https:\/\/www.turismocampillos.com\/web\/wp-json\/wp\/v2\/users\/1"}],"replies":[{"embeddable":true,"href":"https:\/\/www.turismocampillos.com\/web\/wp-json\/wp\/v2\/comments?post=604"}],"version-history":[{"count":0,"href":"https:\/\/www.turismocampillos.com\/web\/wp-json\/wp\/v2\/pages\/604\/revisions"}],"up":[{"embeddable":true,"href":"https:\/\/www.turismocampillos.com\/web\/wp-json\/wp\/v2\/pages\/2751"}],"wp:attachment":[{"href":"https:\/\/www.turismocampillos.com\/web\/wp-json\/wp\/v2\/media?parent=604"}],"curies":[{"name":"wp","href":"https:\/\/api.w.org\/{rel}","templated":true}]}}