{"id":616,"date":"2017-05-12T11:39:37","date_gmt":"2017-05-12T09:39:37","guid":{"rendered":"https:\/\/www.turismocampillos.com\/web\/?page_id=616"},"modified":"2025-02-12T14:48:50","modified_gmt":"2025-02-12T13:48:50","slug":"ruta-de-fuente-de-piedra-a-campillos","status":"publish","type":"page","link":"https:\/\/www.turismocampillos.com\/web\/turismo-campillos\/turismo-activo\/rutas\/rutas-por-lagunas\/ruta-de-fuente-de-piedra-a-campillos\/","title":{"rendered":"Ruta Campillos &#8211; Fuente de Piedra &#8211; Campillos"},"content":{"rendered":"<h1><a href=\"https:\/\/earth.google.com\/earth\/d\/19fadBZpaqMbB5grTnWA5WUNtPpGH5jDV?usp=sharing\"><span style=\"color: #008000;\">Ruta Campillos-Fuente de Piedra<\/span><\/a><\/h1>\n<ul>\n<li>DISTANCIA: 17 KM<\/li>\n<li>DURACI\u00d3N (CAMINANDO): 5.6 HORAS<\/li>\n<li>DIFICULTAD: MEDIA<\/li>\n<li>TRANSITABLE TODO EL RECORRIDO EN BICICLETA.<\/li>\n<li><a href=\"https:\/\/earth.google.com\/earth\/d\/19fadBZpaqMbB5grTnWA5WUNtPpGH5jDV?usp=sharing\">VER RUTA\u00a0<\/a><\/li>\n<\/ul>\n<p>Desde la calle Real continuamos hasta la gasolinera, la pasamos y seguimos recto en la calle \u00c1lamos hasta llegar a la cooperativa olivarera donde nos encontramos un panel informativo de la ruta.<\/p>\n<p>La ruta es circular por lo que podemos hacerla en ambos sentidos. El trazado es bueno para realizarlo en bicicleta. Tomando el camino de la derecha bordeando la cooperativa, continuaremos hasta llegar a un cruce de caminos, donde vemos un molino de viento de la compa\u00f1\u00eda americana Aermotor Chicago (vestigio del antiguo campo de aviaci\u00f3n).<\/p>\n<p>Continuamos recto el camino sin desviarnos, iremos por el camino bordeando la Laguna Dulce, cuando lleguemos al siguiente cruce tomar el camino de la izquierda que nos lleva hasta la Laguna del Lob\u00f3n, continuamos el camino sin desviarnos, pasaremos por las ruinas del antiguo Cortijo Las Monjas, que lo dejamos a nuestra derecha, para continuar por el sendero hasta llegar al Cortijo de La R\u00e1bita. En este cruce tomamos el camino de la izquierda que es la vereda de Sierra Yeguas a Campillos, este camino pasa muy cerca de la Laguna de Fuente de Piedra. Pasaremos por el mirador de las Latas, y llegamos a un cruce con tres caminos a la derecha , al frente y a la izquierda, tomaremos el de la izquierda, direcci\u00f3n al Cortijo las Cruces y El V\u00ednculo, hasta llegar a Campillos, al punto inicial del camino.<\/p>\n<p><img fetchpriority=\"high\" decoding=\"async\" class=\"aligncenter wp-image-1537 size-large\" src=\"https:\/\/www.turismocampillos.com\/web\/wp-content\/uploads\/2017\/05\/campillos-fuente-de-piedra_web-1024x512.png\" alt=\"\" width=\"1024\" height=\"512\" srcset=\"https:\/\/www.turismocampillos.com\/web\/wp-content\/uploads\/2017\/05\/campillos-fuente-de-piedra_web-1024x512.png 1024w, https:\/\/www.turismocampillos.com\/web\/wp-content\/uploads\/2017\/05\/campillos-fuente-de-piedra_web-300x150.png 300w, https:\/\/www.turismocampillos.com\/web\/wp-content\/uploads\/2017\/05\/campillos-fuente-de-piedra_web-768x384.png 768w, https:\/\/www.turismocampillos.com\/web\/wp-content\/uploads\/2017\/05\/campillos-fuente-de-piedra_web.png 1368w\" sizes=\"(max-width: 1024px) 100vw, 1024px\" \/><\/p>\n\n\n<div class=\"wp-block-buttons is-layout-flex wp-block-buttons-is-layout-flex\"><\/div>\n","protected":false},"excerpt":{"rendered":"<p>Ruta Campillos-Fuente de Piedra DISTANCIA: 17 KM DURACI\u00d3N (CAMINANDO): 5.6 HORAS DIFICULTAD: MEDIA TRANSITABLE TODO EL RECORRIDO EN BICICLETA. VER RUTA\u00a0 Desde la calle Real continuamos hasta la gasolinera, la pasamos y seguimos recto en la calle \u00c1lamos hasta llegar a la cooperativa olivarera donde nos encontramos un panel informativo de la ruta. La ruta [&hellip;]<\/p>\n","protected":false},"author":1,"featured_media":0,"parent":990,"menu_order":0,"comment_status":"closed","ping_status":"closed","template":"","meta":{"site-sidebar-layout":"default","site-content-layout":"","ast-site-content-layout":"default","site-content-style":"default","site-sidebar-style":"default","ast-global-header-display":"","ast-banner-title-visibility":"","ast-main-header-display":"","ast-hfb-above-header-display":"","ast-hfb-below-header-display":"","ast-hfb-mobile-header-display":"","site-post-title":"","ast-breadcrumbs-content":"","ast-featured-img":"","footer-sml-layout":"","ast-disable-related-posts":"","theme-transparent-header-meta":"","adv-header-id-meta":"","stick-header-meta":"","header-above-stick-meta":"","header-main-stick-meta":"","header-below-stick-meta":"","astra-migrate-meta-layouts":"set","ast-page-background-enabled":"default","ast-page-background-meta":{"desktop":{"background-color":"var(--ast-global-color-4)","background-image":"","background-repeat":"repeat","background-position":"center center","background-size":"auto","background-attachment":"scroll","background-type":"","background-media":"","overlay-type":"","overlay-color":"","overlay-opacity":"","overlay-gradient":""},"tablet":{"background-color":"","background-image":"","background-repeat":"repeat","background-position":"center center","background-size":"auto","background-attachment":"scroll","background-type":"","background-media":"","overlay-type":"","overlay-color":"","overlay-opacity":"","overlay-gradient":""},"mobile":{"background-color":"","background-image":"","background-repeat":"repeat","background-position":"center center","background-size":"auto","background-attachment":"scroll","background-type":"","background-media":"","overlay-type":"","overlay-color":"","overlay-opacity":"","overlay-gradient":""}},"ast-content-background-meta":{"desktop":{"background-color":"var(--ast-global-color-5)","background-image":"","background-repeat":"repeat","background-position":"center center","background-size":"auto","background-attachment":"scroll","background-type":"","background-media":"","overlay-type":"","overlay-color":"","overlay-opacity":"","overlay-gradient":""},"tablet":{"background-color":"var(--ast-global-color-5)","background-image":"","background-repeat":"repeat","background-position":"center center","background-size":"auto","background-attachment":"scroll","background-type":"","background-media":"","overlay-type":"","overlay-color":"","overlay-opacity":"","overlay-gradient":""},"mobile":{"background-color":"var(--ast-global-color-5)","background-image":"","background-repeat":"repeat","background-position":"center center","background-size":"auto","background-attachment":"scroll","background-type":"","background-media":"","overlay-type":"","overlay-color":"","overlay-opacity":"","overlay-gradient":""}},"footnotes":""},"class_list":["post-616","page","type-page","status-publish","hentry"],"_links":{"self":[{"href":"https:\/\/www.turismocampillos.com\/web\/wp-json\/wp\/v2\/pages\/616","targetHints":{"allow":["GET"]}}],"collection":[{"href":"https:\/\/www.turismocampillos.com\/web\/wp-json\/wp\/v2\/pages"}],"about":[{"href":"https:\/\/www.turismocampillos.com\/web\/wp-json\/wp\/v2\/types\/page"}],"author":[{"embeddable":true,"href":"https:\/\/www.turismocampillos.com\/web\/wp-json\/wp\/v2\/users\/1"}],"replies":[{"embeddable":true,"href":"https:\/\/www.turismocampillos.com\/web\/wp-json\/wp\/v2\/comments?post=616"}],"version-history":[{"count":0,"href":"https:\/\/www.turismocampillos.com\/web\/wp-json\/wp\/v2\/pages\/616\/revisions"}],"up":[{"embeddable":true,"href":"https:\/\/www.turismocampillos.com\/web\/wp-json\/wp\/v2\/pages\/990"}],"wp:attachment":[{"href":"https:\/\/www.turismocampillos.com\/web\/wp-json\/wp\/v2\/media?parent=616"}],"curies":[{"name":"wp","href":"https:\/\/api.w.org\/{rel}","templated":true}]}}