{"id":620,"date":"2017-05-12T11:48:11","date_gmt":"2017-05-12T09:48:11","guid":{"rendered":"https:\/\/www.turismocampillos.com\/web\/?page_id=620"},"modified":"2025-05-14T13:47:27","modified_gmt":"2025-05-14T11:47:27","slug":"gran-senda-de-malaga","status":"publish","type":"page","link":"https:\/\/www.turismocampillos.com\/web\/turismo-campillos\/turismo-activo\/rutas\/gran-senda-de-malaga\/","title":{"rendered":"Gran Senda de M\u00e1laga"},"content":{"rendered":"\t\t<div data-elementor-type=\"wp-page\" data-elementor-id=\"620\" class=\"elementor elementor-620\">\n\t\t\t\t\t\t<section class=\"elementor-section elementor-top-section elementor-element elementor-element-454e3869 elementor-section-boxed elementor-section-height-default elementor-section-height-default\" data-id=\"454e3869\" data-element_type=\"section\" data-e-type=\"section\">\n\t\t\t\t\t\t<div class=\"elementor-container elementor-column-gap-default\">\n\t\t\t\t\t<div class=\"elementor-column elementor-col-100 elementor-top-column elementor-element elementor-element-65a0aa87\" data-id=\"65a0aa87\" data-element_type=\"column\" data-e-type=\"column\">\n\t\t\t<div class=\"elementor-widget-wrap elementor-element-populated\">\n\t\t\t\t\t\t<div class=\"elementor-element elementor-element-aeb24b9 elementor-widget elementor-widget-text-editor\" data-id=\"aeb24b9\" data-element_type=\"widget\" data-e-type=\"widget\" data-widget_type=\"text-editor.default\">\n\t\t\t\t<div class=\"elementor-widget-container\">\n\t\t\t\t\t\t\t\t\t<h1>Ruta de la Gran Senda de M\u00e1laga<\/h1><div class=\"wp-playlist wp-video-playlist wp-playlist-light\">\n\t\t<video controls=\"controls\" preload=\"none\" width=\"640\"\n\t\t height=\"362\"\t><\/video>\n\t<div class=\"wp-playlist-next\"><\/div>\n\t<div class=\"wp-playlist-prev\"><\/div>\n\t<noscript>\n\t<ol>\n\t\t<li><a href='https:\/\/www.turismocampillos.com\/web\/wp-content\/uploads\/2025\/05\/WhatsApp-Video-2025-05-14-at-12.41.04-1.mp4'>VIDEO MIRADOR EMBALSES<\/a><\/li>\t<\/ol>\n\t<\/noscript>\n\t<script type=\"application\/json\" class=\"wp-playlist-script\">{\"type\":\"video\",\"tracklist\":true,\"tracknumbers\":true,\"images\":true,\"artists\":true,\"tracks\":[{\"src\":\"https:\/\/www.turismocampillos.com\/web\/wp-content\/uploads\/2025\/05\/WhatsApp-Video-2025-05-14-at-12.41.04-1.mp4\",\"type\":\"video\/mp4\",\"title\":\"VIDEO MIRADOR EMBALSES\",\"caption\":\"\",\"description\":\"\",\"meta\":{\"length_formatted\":\"0:12\"},\"dimensions\":{\"original\":{\"width\":848,\"height\":480},\"resized\":{\"width\":640,\"height\":362}},\"image\":{\"src\":\"https:\/\/www.turismocampillos.com\/web\/wp-includes\/images\/media\/video.svg\",\"width\":48,\"height\":64},\"thumb\":{\"src\":\"https:\/\/www.turismocampillos.com\/web\/wp-includes\/images\/media\/video.svg\",\"width\":48,\"height\":64}}]}<\/script>\n<\/div>\n\t<h2>\u00a0<\/h2><p><strong style=\"font-size: 16px; font-style: normal;\"><img fetchpriority=\"high\" decoding=\"async\" class=\"alignright wp-image-621 \" src=\"https:\/\/www.turismocampillos.com\/web\/wp-content\/uploads\/2017\/05\/Gran-Senda-de-M\u00e1laga.jpg\" alt=\"\" width=\"300\" height=\"300\" \/><\/strong><\/p><p>La Gran Senda de M\u00e1laga es una ruta pionera en Andaluc\u00eda al incorporar la variedad territorial y ambiental de toda una provincia, integr\u00e1ndola en un \u00fanico recorrido que estimula el inter\u00e9s por sus espacios naturales y promoviendo las visitas a los municipios malague\u00f1os.<\/p><p>Adem\u00e1s, supone un punto de encuentro entre el medio ambiente, el deporte, el turismo y las oportunidades de empleo, fomentando el desarrollo integrado de la provincia de M\u00e1laga desde la perspectiva del enfoque sostenible.<\/p><h2>Etapa 18<\/h2><p>Esta etapa transita a trav\u00e9s de campos\u00a0de cultivos de cereales y olivar,\u00a0en paralelo a la vertiente suroriental\u00a0de la Laguna de Fuente de Piedra\u00a0flanqueada por tramos con tarajes\u00a0y algunos cortijos,\u00a0y con observatorios desde los que contemplar\u00a0la numerosa colonia de\u00a0Flamencos Rosa que all\u00ed anida.<\/p><p>M\u00e1s informaci\u00f3n: <a href=\"http:\/\/www.gransendademalaga.es\/es\/etapas\/lis_cd-6622\/etapa-fuente-piedra-campillos\" target=\"_blank\" rel=\"noopener noreferrer\">http:\/\/www.gransendademalaga.es\/es\/etapas\/lis_cd-6622\/etapa-fuente-piedra-campillos<\/a><\/p><h2>Etapa 19<\/h2><p>A trav\u00e9s de una topograf\u00eda llana\u00a0que permite la formaci\u00f3n junto a Campillos\u00a0de un complejo lagunar de car\u00e1cter endorreico\u00a0de salinidad alta,\u00a0y tras superar las monta\u00f1as que lo rodean,\u00a0llegaremos al Embalse del Guadalhorce,\u00a0una gran obra hidr\u00e1ulica\u00a0de principios del siglo XX.<\/p><p>M\u00e1s informaci\u00f3n: <a href=\"http:\/\/www.gransendademalaga.es\/es\/etapas\/lis_cd-6623\/etapa-campillos-embalses-guadalhorce\" target=\"_blank\" rel=\"noopener noreferrer\">http:\/\/www.gransendademalaga.es\/es\/etapas\/lis_cd-6623\/etapa-campillos-embalses-guadalhorce<\/a><\/p><h2>Etapa 20<\/h2><p>La senda discurre\u00a0bordeando la Sierra de Huma,\u00a0que es el principal s\u00edmbolo geogr\u00e1fico\u00a0de este espacio natural,<br \/>contemplando paisajes\u00a0tan \u00fanicos y llamativos como\u00a0los que presentan los escarpes calizos\u00a0que se alzan en diversos tramos del itinerario.<\/p><p>M\u00e1s informaci\u00f3n: <a href=\"http:\/\/www.gransendademalaga.es\/es\/etapas\/lis_cd-6624\/etapa-embalses-guadalhorce-estacion-chorro\" target=\"_blank\" rel=\"noopener noreferrer\">http:\/\/www.gransendademalaga.es\/es\/etapas\/lis_cd-6624\/etapa-embalses-guadalhorce-estacion-chorro<\/a><\/p>\t\t\t\t\t\t\t\t<\/div>\n\t\t\t\t<\/div>\n\t\t\t\t\t<\/div>\n\t\t<\/div>\n\t\t\t\t\t<\/div>\n\t\t<\/section>\n\t\t\t\t<\/div>\n\t\t","protected":false},"excerpt":{"rendered":"<p>Ruta de la Gran Senda de M\u00e1laga \u00a0 La Gran Senda de M\u00e1laga es una ruta pionera en Andaluc\u00eda al incorporar la variedad territorial y ambiental de toda una provincia, integr\u00e1ndola en un \u00fanico recorrido que estimula el inter\u00e9s por sus espacios naturales y promoviendo las visitas a los municipios malague\u00f1os. Adem\u00e1s, supone un punto [&hellip;]<\/p>\n","protected":false},"author":1,"featured_media":0,"parent":610,"menu_order":0,"comment_status":"closed","ping_status":"closed","template":"","meta":{"site-sidebar-layout":"default","site-content-layout":"","ast-site-content-layout":"default","site-content-style":"default","site-sidebar-style":"default","ast-global-header-display":"","ast-banner-title-visibility":"","ast-main-header-display":"","ast-hfb-above-header-display":"","ast-hfb-below-header-display":"","ast-hfb-mobile-header-display":"","site-post-title":"","ast-breadcrumbs-content":"","ast-featured-img":"","footer-sml-layout":"","ast-disable-related-posts":"","theme-transparent-header-meta":"","adv-header-id-meta":"","stick-header-meta":"","header-above-stick-meta":"","header-main-stick-meta":"","header-below-stick-meta":"","astra-migrate-meta-layouts":"default","ast-page-background-enabled":"default","ast-page-background-meta":{"desktop":{"background-color":"var(--ast-global-color-4)","background-image":"","background-repeat":"repeat","background-position":"center center","background-size":"auto","background-attachment":"scroll","background-type":"","background-media":"","overlay-type":"","overlay-color":"","overlay-opacity":"","overlay-gradient":""},"tablet":{"background-color":"","background-image":"","background-repeat":"repeat","background-position":"center center","background-size":"auto","background-attachment":"scroll","background-type":"","background-media":"","overlay-type":"","overlay-color":"","overlay-opacity":"","overlay-gradient":""},"mobile":{"background-color":"","background-image":"","background-repeat":"repeat","background-position":"center center","background-size":"auto","background-attachment":"scroll","background-type":"","background-media":"","overlay-type":"","overlay-color":"","overlay-opacity":"","overlay-gradient":""}},"ast-content-background-meta":{"desktop":{"background-color":"var(--ast-global-color-5)","background-image":"","background-repeat":"repeat","background-position":"center center","background-size":"auto","background-attachment":"scroll","background-type":"","background-media":"","overlay-type":"","overlay-color":"","overlay-opacity":"","overlay-gradient":""},"tablet":{"background-color":"var(--ast-global-color-5)","background-image":"","background-repeat":"repeat","background-position":"center center","background-size":"auto","background-attachment":"scroll","background-type":"","background-media":"","overlay-type":"","overlay-color":"","overlay-opacity":"","overlay-gradient":""},"mobile":{"background-color":"var(--ast-global-color-5)","background-image":"","background-repeat":"repeat","background-position":"center center","background-size":"auto","background-attachment":"scroll","background-type":"","background-media":"","overlay-type":"","overlay-color":"","overlay-opacity":"","overlay-gradient":""}},"footnotes":""},"class_list":["post-620","page","type-page","status-publish","hentry"],"_links":{"self":[{"href":"https:\/\/www.turismocampillos.com\/web\/wp-json\/wp\/v2\/pages\/620","targetHints":{"allow":["GET"]}}],"collection":[{"href":"https:\/\/www.turismocampillos.com\/web\/wp-json\/wp\/v2\/pages"}],"about":[{"href":"https:\/\/www.turismocampillos.com\/web\/wp-json\/wp\/v2\/types\/page"}],"author":[{"embeddable":true,"href":"https:\/\/www.turismocampillos.com\/web\/wp-json\/wp\/v2\/users\/1"}],"replies":[{"embeddable":true,"href":"https:\/\/www.turismocampillos.com\/web\/wp-json\/wp\/v2\/comments?post=620"}],"version-history":[{"count":0,"href":"https:\/\/www.turismocampillos.com\/web\/wp-json\/wp\/v2\/pages\/620\/revisions"}],"up":[{"embeddable":true,"href":"https:\/\/www.turismocampillos.com\/web\/wp-json\/wp\/v2\/pages\/610"}],"wp:attachment":[{"href":"https:\/\/www.turismocampillos.com\/web\/wp-json\/wp\/v2\/media?parent=620"}],"curies":[{"name":"wp","href":"https:\/\/api.w.org\/{rel}","templated":true}]}}