{"id":643,"date":"2017-05-12T12:38:23","date_gmt":"2017-05-12T10:38:23","guid":{"rendered":"https:\/\/www.turismocampillos.com\/web\/?page_id=643"},"modified":"2025-05-14T09:40:02","modified_gmt":"2025-05-14T07:40:02","slug":"iglesia-de-santa-maria-del-reposo","status":"publish","type":"page","link":"https:\/\/www.turismocampillos.com\/web\/conoce-campillos\/patrimonio\/patrimonio-artistico\/iglesia-de-santa-maria-del-reposo\/","title":{"rendered":"Iglesia de Santa Mar\u00eda del Reposo"},"content":{"rendered":"\t\t<div data-elementor-type=\"wp-page\" data-elementor-id=\"643\" class=\"elementor elementor-643\">\n\t\t\t\t\t\t<section class=\"elementor-section elementor-top-section elementor-element elementor-element-17739b60 elementor-section-boxed elementor-section-height-default elementor-section-height-default\" data-id=\"17739b60\" data-element_type=\"section\" data-e-type=\"section\">\n\t\t\t\t\t\t<div class=\"elementor-container elementor-column-gap-default\">\n\t\t\t\t\t<div class=\"elementor-column elementor-col-100 elementor-top-column elementor-element elementor-element-194fde65\" data-id=\"194fde65\" data-element_type=\"column\" data-e-type=\"column\">\n\t\t\t<div class=\"elementor-widget-wrap elementor-element-populated\">\n\t\t\t\t\t\t<div class=\"elementor-element elementor-element-1c51ad10 elementor-widget elementor-widget-text-editor\" data-id=\"1c51ad10\" data-element_type=\"widget\" data-e-type=\"widget\" data-widget_type=\"text-editor.default\">\n\t\t\t\t<div class=\"elementor-widget-container\">\n\t\t\t\t\t\t\t\t\t<h1 align=\"justify\">Iglesia de&nbsp;Santa Mar\u00eda del Reposo<\/h1>\n<p align=\"justify\"><div id=\"metaslider-id-3424\" style=\"width: 100%;\" class=\"ml-slider-3-108-0 metaslider metaslider-flex metaslider-3424 ml-slider has-dots-nav ms-theme-default-base\" role=\"region\" aria-label=\"Nueva presentaci\u00f3n de diapositivas\" data-height=\"700\" data-width=\"700\">\n    <div id=\"metaslider_container_3424\">\n        <div id=\"metaslider_3424\">\n            <ul class='slides'>\n                <li style=\"display: block; width: 100%;\" class=\"slide-3427 ms-image \" aria-roledescription=\"slide\" data-date=\"2025-05-14 09:33:37\" data-filename=\"WhatsApp-Image-2025-05-14-at-09.17.38-8-700x700.jpeg\" data-slide-type=\"image\"><img fetchpriority=\"high\" decoding=\"async\" src=\"https:\/\/www.turismocampillos.com\/web\/wp-content\/uploads\/2025\/05\/WhatsApp-Image-2025-05-14-at-09.17.38-8-700x700.jpeg\" height=\"700\" width=\"700\" alt=\"\" class=\"slider-3424 slide-3427 msDefaultImage\" title=\"WhatsApp Image 2025-05-14 at 09.17.38 (8)\" \/><\/li>\n                <li style=\"display: none; width: 100%;\" class=\"slide-3425 ms-image \" aria-roledescription=\"slide\" data-date=\"2025-05-14 09:33:37\" data-filename=\"WhatsApp-Image-2025-05-14-at-09.17.36-700x700.jpeg\" data-slide-type=\"image\"><img decoding=\"async\" src=\"https:\/\/www.turismocampillos.com\/web\/wp-content\/uploads\/2025\/05\/WhatsApp-Image-2025-05-14-at-09.17.36-700x700.jpeg\" height=\"700\" width=\"700\" alt=\"\" class=\"slider-3424 slide-3425 msDefaultImage\" title=\"WhatsApp Image 2025-05-14 at 09.17.36\" \/><\/li>\n                <li style=\"display: none; width: 100%;\" class=\"slide-3426 ms-image \" aria-roledescription=\"slide\" data-date=\"2025-05-14 09:33:37\" data-filename=\"WhatsApp-Image-2025-05-14-at-09.17.36-1-700x700.jpeg\" data-slide-type=\"image\"><img decoding=\"async\" src=\"https:\/\/www.turismocampillos.com\/web\/wp-content\/uploads\/2025\/05\/WhatsApp-Image-2025-05-14-at-09.17.36-1-700x700.jpeg\" height=\"700\" width=\"700\" alt=\"\" class=\"slider-3424 slide-3426 msDefaultImage\" title=\"WhatsApp Image 2025-05-14 at 09.17.36 (1)\" \/><\/li>\n                <li style=\"display: none; width: 100%;\" class=\"slide-3428 ms-image \" aria-roledescription=\"slide\" data-date=\"2025-05-14 09:33:37\" data-filename=\"WhatsApp-Image-2025-05-14-at-09.17.39-700x700.jpeg\" data-slide-type=\"image\"><img loading=\"lazy\" decoding=\"async\" src=\"https:\/\/www.turismocampillos.com\/web\/wp-content\/uploads\/2025\/05\/WhatsApp-Image-2025-05-14-at-09.17.39-700x700.jpeg\" height=\"700\" width=\"700\" alt=\"\" class=\"slider-3424 slide-3428 msDefaultImage\" title=\"IGLESIA SANTA MARIA DEL REPOSO\" \/><\/li>\n                <li style=\"display: none; width: 100%;\" class=\"slide-3429 ms-image \" aria-roledescription=\"slide\" data-date=\"2025-05-14 09:33:37\" data-filename=\"WhatsApp-Image-2025-05-14-at-09.17.37-1-700x700.jpeg\" data-slide-type=\"image\"><img loading=\"lazy\" decoding=\"async\" src=\"https:\/\/www.turismocampillos.com\/web\/wp-content\/uploads\/2025\/05\/WhatsApp-Image-2025-05-14-at-09.17.37-1-700x700.jpeg\" height=\"700\" width=\"700\" alt=\"\" class=\"slider-3424 slide-3429 msDefaultImage\" title=\"WhatsApp Image 2025-05-14 at 09.17.37 (1)\" \/><\/li>\n                <li style=\"display: none; width: 100%;\" class=\"slide-3430 ms-image \" aria-roledescription=\"slide\" data-date=\"2025-05-14 09:33:37\" data-filename=\"WhatsApp-Image-2025-05-14-at-09.17.37-2-700x700.jpeg\" data-slide-type=\"image\"><img loading=\"lazy\" decoding=\"async\" src=\"https:\/\/www.turismocampillos.com\/web\/wp-content\/uploads\/2025\/05\/WhatsApp-Image-2025-05-14-at-09.17.37-2-700x700.jpeg\" height=\"700\" width=\"700\" alt=\"\" class=\"slider-3424 slide-3430 msDefaultImage\" title=\"WhatsApp Image 2025-05-14 at 09.17.37 (2)\" \/><\/li>\n                <li style=\"display: none; width: 100%;\" class=\"slide-3431 ms-image \" aria-roledescription=\"slide\" data-date=\"2025-05-14 09:33:37\" data-filename=\"WhatsApp-Image-2025-05-14-at-09.17.37-3-700x700.jpeg\" data-slide-type=\"image\"><img loading=\"lazy\" decoding=\"async\" src=\"https:\/\/www.turismocampillos.com\/web\/wp-content\/uploads\/2025\/05\/WhatsApp-Image-2025-05-14-at-09.17.37-3-700x700.jpeg\" height=\"700\" width=\"700\" alt=\"\" class=\"slider-3424 slide-3431 msDefaultImage\" title=\"WhatsApp Image 2025-05-14 at 09.17.37 (3)\" \/><\/li>\n                <li style=\"display: none; width: 100%;\" class=\"slide-3432 ms-image \" aria-roledescription=\"slide\" data-date=\"2025-05-14 09:33:38\" data-filename=\"WhatsApp-Image-2025-05-14-at-09.17.37-4-700x700.jpeg\" data-slide-type=\"image\"><img loading=\"lazy\" decoding=\"async\" src=\"https:\/\/www.turismocampillos.com\/web\/wp-content\/uploads\/2025\/05\/WhatsApp-Image-2025-05-14-at-09.17.37-4-700x700.jpeg\" height=\"700\" width=\"700\" alt=\"\" class=\"slider-3424 slide-3432 msDefaultImage\" title=\"WhatsApp Image 2025-05-14 at 09.17.37 (4)\" \/><\/li>\n                <li style=\"display: none; width: 100%;\" class=\"slide-3433 ms-image \" aria-roledescription=\"slide\" data-date=\"2025-05-14 09:33:38\" data-filename=\"WhatsApp-Image-2025-05-14-at-09.17.37-6-700x700.jpeg\" data-slide-type=\"image\"><img loading=\"lazy\" decoding=\"async\" src=\"https:\/\/www.turismocampillos.com\/web\/wp-content\/uploads\/2025\/05\/WhatsApp-Image-2025-05-14-at-09.17.37-6-700x700.jpeg\" height=\"700\" width=\"700\" alt=\"\" class=\"slider-3424 slide-3433 msDefaultImage\" title=\"WhatsApp Image 2025-05-14 at 09.17.37 (6)\" \/><\/li>\n                <li style=\"display: none; width: 100%;\" class=\"slide-3434 ms-image \" aria-roledescription=\"slide\" data-date=\"2025-05-14 09:33:38\" data-filename=\"WhatsApp-Image-2025-05-14-at-09.17.37-7-700x700.jpeg\" data-slide-type=\"image\"><img loading=\"lazy\" decoding=\"async\" src=\"https:\/\/www.turismocampillos.com\/web\/wp-content\/uploads\/2025\/05\/WhatsApp-Image-2025-05-14-at-09.17.37-7-700x700.jpeg\" height=\"700\" width=\"700\" alt=\"\" class=\"slider-3424 slide-3434 msDefaultImage\" title=\"WhatsApp Image 2025-05-14 at 09.17.37 (7)\" \/><\/li>\n                <li style=\"display: none; width: 100%;\" class=\"slide-3435 ms-image \" aria-roledescription=\"slide\" data-date=\"2025-05-14 09:33:38\" data-filename=\"WhatsApp-Image-2025-05-14-at-09.17.38-1-700x700.jpeg\" data-slide-type=\"image\"><img loading=\"lazy\" decoding=\"async\" src=\"https:\/\/www.turismocampillos.com\/web\/wp-content\/uploads\/2025\/05\/WhatsApp-Image-2025-05-14-at-09.17.38-1-700x700.jpeg\" height=\"700\" width=\"700\" alt=\"\" class=\"slider-3424 slide-3435 msDefaultImage\" title=\"WhatsApp Image 2025-05-14 at 09.17.38 (1)\" \/><\/li>\n                <li style=\"display: none; width: 100%;\" class=\"slide-3436 ms-image \" aria-roledescription=\"slide\" data-date=\"2025-05-14 09:33:38\" data-filename=\"WhatsApp-Image-2025-05-14-at-09.17.38-2-700x700.jpeg\" data-slide-type=\"image\"><img loading=\"lazy\" decoding=\"async\" src=\"https:\/\/www.turismocampillos.com\/web\/wp-content\/uploads\/2025\/05\/WhatsApp-Image-2025-05-14-at-09.17.38-2-700x700.jpeg\" height=\"700\" width=\"700\" alt=\"\" class=\"slider-3424 slide-3436 msDefaultImage\" title=\"WhatsApp Image 2025-05-14 at 09.17.38 (2)\" \/><\/li>\n                <li style=\"display: none; width: 100%;\" class=\"slide-3437 ms-image \" aria-roledescription=\"slide\" data-date=\"2025-05-14 09:33:38\" data-filename=\"WhatsApp-Image-2025-05-14-at-09.17.38-3-700x700.jpeg\" data-slide-type=\"image\"><img loading=\"lazy\" decoding=\"async\" src=\"https:\/\/www.turismocampillos.com\/web\/wp-content\/uploads\/2025\/05\/WhatsApp-Image-2025-05-14-at-09.17.38-3-700x700.jpeg\" height=\"700\" width=\"700\" alt=\"\" class=\"slider-3424 slide-3437 msDefaultImage\" title=\"WhatsApp Image 2025-05-14 at 09.17.38 (3)\" \/><\/li>\n                <li style=\"display: none; width: 100%;\" class=\"slide-3438 ms-image \" aria-roledescription=\"slide\" data-date=\"2025-05-14 09:33:38\" data-filename=\"WhatsApp-Image-2025-05-14-at-09.17.38-4-700x700.jpeg\" data-slide-type=\"image\"><img loading=\"lazy\" decoding=\"async\" src=\"https:\/\/www.turismocampillos.com\/web\/wp-content\/uploads\/2025\/05\/WhatsApp-Image-2025-05-14-at-09.17.38-4-700x700.jpeg\" height=\"700\" width=\"700\" alt=\"\" class=\"slider-3424 slide-3438 msDefaultImage\" title=\"WhatsApp Image 2025-05-14 at 09.17.38 (4)\" \/><\/li>\n                <li style=\"display: none; width: 100%;\" class=\"slide-3439 ms-image \" aria-roledescription=\"slide\" data-date=\"2025-05-14 09:33:38\" data-filename=\"WhatsApp-Image-2025-05-14-at-09.17.38-5-700x700.jpeg\" data-slide-type=\"image\"><img loading=\"lazy\" decoding=\"async\" src=\"https:\/\/www.turismocampillos.com\/web\/wp-content\/uploads\/2025\/05\/WhatsApp-Image-2025-05-14-at-09.17.38-5-700x700.jpeg\" height=\"700\" width=\"700\" alt=\"\" class=\"slider-3424 slide-3439 msDefaultImage\" title=\"WhatsApp Image 2025-05-14 at 09.17.38 (5)\" \/><\/li>\n                <li style=\"display: none; width: 100%;\" class=\"slide-3440 ms-image \" aria-roledescription=\"slide\" data-date=\"2025-05-14 09:33:38\" data-filename=\"WhatsApp-Image-2025-05-14-at-09.17.38-6-700x700.jpeg\" data-slide-type=\"image\"><img loading=\"lazy\" decoding=\"async\" src=\"https:\/\/www.turismocampillos.com\/web\/wp-content\/uploads\/2025\/05\/WhatsApp-Image-2025-05-14-at-09.17.38-6-700x700.jpeg\" height=\"700\" width=\"700\" alt=\"\" class=\"slider-3424 slide-3440 msDefaultImage\" title=\"WhatsApp Image 2025-05-14 at 09.17.38 (6)\" \/><\/li>\n                <li style=\"display: none; width: 100%;\" class=\"slide-3441 ms-image \" aria-roledescription=\"slide\" data-date=\"2025-05-14 09:33:38\" data-filename=\"WhatsApp-Image-2025-05-14-at-09.17.38-7-700x700.jpeg\" data-slide-type=\"image\"><img loading=\"lazy\" decoding=\"async\" src=\"https:\/\/www.turismocampillos.com\/web\/wp-content\/uploads\/2025\/05\/WhatsApp-Image-2025-05-14-at-09.17.38-7-700x700.jpeg\" height=\"700\" width=\"700\" alt=\"\" class=\"slider-3424 slide-3441 msDefaultImage\" title=\"WhatsApp Image 2025-05-14 at 09.17.38 (7)\" \/><\/li>\n            <\/ul>\n        <\/div>\n        \n    <\/div>\n<\/div><\/p>\n<p align=\"justify\">\n<\/p><p><br><\/p>\n<p align=\"justify\">El monumento m\u00e1s destacado es la Iglesia Parroquial de Ntra. Sra. del Reposo, cuya construcci\u00f3n data del siglo XVI (1506), aunque el edificio sufri\u00f3 importantes modificaciones a finales del XVIII y principios del XIX hasta dejarlo con la actual configuraci\u00f3n. No obstante, el conjunto, en general, se adscribe a 1805-1821, periodo en el que se acometi\u00f3 la \u00faltima gran reforma que supuso la culminaci\u00f3n estructural del mismo. Tras lo que fue una importante remodelaci\u00f3n, si bien se mantuvieron las trazas originales, la iglesia alcanza su conformaci\u00f3n definitiva constituy\u00e9ndose en un edificio de tres naves, con diversas capillas dispuestas a los pies y adosadas a la nave del Evangelio, as\u00ed como con una torre, situada junto a la cabecera, cubierta de tejas azules y blancas. Las campanas que hoy existen fueron colocadas el 28 de Julio de 1787, fundidas por el maestro Vicente Farco, en Sevilla.&nbsp; El reloj de la torre se coloc\u00f3 en 1631.<\/p>\n<p align=\"justify\"><img loading=\"lazy\" decoding=\"async\" class=\"aligncenter size-large wp-image-55\" src=\"https:\/\/www.turismocampillos.com\/web\/wp-content\/uploads\/2016\/09\/Campillos-Iglesia-1-1024x484.jpg\" alt=\"\" width=\"750\" height=\"354\" srcset=\"https:\/\/www.turismocampillos.com\/web\/wp-content\/uploads\/2016\/09\/Campillos-Iglesia-1-1024x484.jpg 1024w, https:\/\/www.turismocampillos.com\/web\/wp-content\/uploads\/2016\/09\/Campillos-Iglesia-1-300x142.jpg 300w, https:\/\/www.turismocampillos.com\/web\/wp-content\/uploads\/2016\/09\/Campillos-Iglesia-1-768x363.jpg 768w, https:\/\/www.turismocampillos.com\/web\/wp-content\/uploads\/2016\/09\/Campillos-Iglesia-1.jpg 1440w\" sizes=\"(max-width: 750px) 100vw, 750px\" \/><\/p>\n<p align=\"justify\">La fachada es reflejo de la riqueza del barroco sevillano, magn\u00edficamente ejemplificado en la portada principal, con un laborioso despiece de la piedra con trazado mixtil\u00edneo, obra del arquitecto Antonio&nbsp; de Figueroa, uno de los grandes art\u00edfices de la capital hispalense, junto a la transformaci\u00f3n y adecuaci\u00f3n al estilo neocl\u00e1sico, fruto de las reformas decimon\u00f3nicas.<\/p>\t\t\t\t\t\t\t\t<\/div>\n\t\t\t\t<\/div>\n\t\t\t\t\t<\/div>\n\t\t<\/div>\n\t\t\t\t\t<\/div>\n\t\t<\/section>\n\t\t\t\t<\/div>\n\t\t","protected":false},"excerpt":{"rendered":"<p>Iglesia de&nbsp;Santa Mar\u00eda del Reposo El monumento m\u00e1s destacado es la Iglesia Parroquial de Ntra. Sra. del Reposo, cuya construcci\u00f3n data del siglo XVI (1506), aunque el edificio sufri\u00f3 importantes modificaciones a finales del XVIII y principios del XIX hasta dejarlo con la actual configuraci\u00f3n. No obstante, el conjunto, en general, se adscribe a 1805-1821, [&hellip;]<\/p>\n","protected":false},"author":1,"featured_media":0,"parent":2749,"menu_order":0,"comment_status":"closed","ping_status":"closed","template":"","meta":{"site-sidebar-layout":"default","site-content-layout":"","ast-site-content-layout":"default","site-content-style":"default","site-sidebar-style":"default","ast-global-header-display":"","ast-banner-title-visibility":"","ast-main-header-display":"","ast-hfb-above-header-display":"","ast-hfb-below-header-display":"","ast-hfb-mobile-header-display":"","site-post-title":"","ast-breadcrumbs-content":"","ast-featured-img":"","footer-sml-layout":"","ast-disable-related-posts":"","theme-transparent-header-meta":"","adv-header-id-meta":"","stick-header-meta":"","header-above-stick-meta":"","header-main-stick-meta":"","header-below-stick-meta":"","astra-migrate-meta-layouts":"set","ast-page-background-enabled":"default","ast-page-background-meta":{"desktop":{"background-color":"var(--ast-global-color-4)","background-image":"","background-repeat":"repeat","background-position":"center center","background-size":"auto","background-attachment":"scroll","background-type":"","background-media":"","overlay-type":"","overlay-color":"","overlay-opacity":"","overlay-gradient":""},"tablet":{"background-color":"","background-image":"","background-repeat":"repeat","background-position":"center center","background-size":"auto","background-attachment":"scroll","background-type":"","background-media":"","overlay-type":"","overlay-color":"","overlay-opacity":"","overlay-gradient":""},"mobile":{"background-color":"","background-image":"","background-repeat":"repeat","background-position":"center center","background-size":"auto","background-attachment":"scroll","background-type":"","background-media":"","overlay-type":"","overlay-color":"","overlay-opacity":"","overlay-gradient":""}},"ast-content-background-meta":{"desktop":{"background-color":"var(--ast-global-color-5)","background-image":"","background-repeat":"repeat","background-position":"center center","background-size":"auto","background-attachment":"scroll","background-type":"","background-media":"","overlay-type":"","overlay-color":"","overlay-opacity":"","overlay-gradient":""},"tablet":{"background-color":"var(--ast-global-color-5)","background-image":"","background-repeat":"repeat","background-position":"center center","background-size":"auto","background-attachment":"scroll","background-type":"","background-media":"","overlay-type":"","overlay-color":"","overlay-opacity":"","overlay-gradient":""},"mobile":{"background-color":"var(--ast-global-color-5)","background-image":"","background-repeat":"repeat","background-position":"center center","background-size":"auto","background-attachment":"scroll","background-type":"","background-media":"","overlay-type":"","overlay-color":"","overlay-opacity":"","overlay-gradient":""}},"footnotes":""},"class_list":["post-643","page","type-page","status-publish","hentry"],"_links":{"self":[{"href":"https:\/\/www.turismocampillos.com\/web\/wp-json\/wp\/v2\/pages\/643","targetHints":{"allow":["GET"]}}],"collection":[{"href":"https:\/\/www.turismocampillos.com\/web\/wp-json\/wp\/v2\/pages"}],"about":[{"href":"https:\/\/www.turismocampillos.com\/web\/wp-json\/wp\/v2\/types\/page"}],"author":[{"embeddable":true,"href":"https:\/\/www.turismocampillos.com\/web\/wp-json\/wp\/v2\/users\/1"}],"replies":[{"embeddable":true,"href":"https:\/\/www.turismocampillos.com\/web\/wp-json\/wp\/v2\/comments?post=643"}],"version-history":[{"count":0,"href":"https:\/\/www.turismocampillos.com\/web\/wp-json\/wp\/v2\/pages\/643\/revisions"}],"up":[{"embeddable":true,"href":"https:\/\/www.turismocampillos.com\/web\/wp-json\/wp\/v2\/pages\/2749"}],"wp:attachment":[{"href":"https:\/\/www.turismocampillos.com\/web\/wp-json\/wp\/v2\/media?parent=643"}],"curies":[{"name":"wp","href":"https:\/\/api.w.org\/{rel}","templated":true}]}}