{"id":932,"date":"2017-05-23T11:01:47","date_gmt":"2017-05-23T09:01:47","guid":{"rendered":"https:\/\/www.turismocampillos.com\/web\/?page_id=932"},"modified":"2022-08-12T10:09:04","modified_gmt":"2022-08-12T08:09:04","slug":"ermita-san-benito","status":"publish","type":"page","link":"https:\/\/www.turismocampillos.com\/web\/conoce-campillos\/patrimonio\/patrimonio-artistico\/ermita-san-benito\/","title":{"rendered":"Ermita de San Benito"},"content":{"rendered":"<h1>Ermita de San Benito<\/h1>\n<p>La ermita de San Benito est\u00e1 dedicada al patr\u00f3n del pueblo, San Benito Abad, que fue proclamado con dicho cargo en 1629, debido a la gran devoci\u00f3n que se le ten\u00eda en Campillos, siendo los segundos patronos San Quirino y San Pl\u00e1cido. La ermita comenz\u00f3 a construirse en 1578, y apenas 20 a\u00f1os m\u00e1s tarde, ya hab\u00edan concluido los trabajos, siendo bendecida en 1596. El templo fue reedificado a mediados del siglo dieciocho, en 1756, y el porche exterior se le a\u00f1adi\u00f3 en 1814.<\/p>\n<p>La \u00faltima restauraci\u00f3n se realiz\u00f3 en el a\u00f1o 1992 conserv\u00e1ndose en el actual estado.<\/p>\n<p><img fetchpriority=\"high\" decoding=\"async\" class=\"alignnone size-full wp-image-929\" src=\"https:\/\/www.turismocampillos.com\/web\/wp-content\/uploads\/2016\/09\/Ermita-de-San-Benito-Campillos.jpg\" alt=\"\" width=\"700\" height=\"525\" srcset=\"https:\/\/www.turismocampillos.com\/web\/wp-content\/uploads\/2016\/09\/Ermita-de-San-Benito-Campillos.jpg 700w, https:\/\/www.turismocampillos.com\/web\/wp-content\/uploads\/2016\/09\/Ermita-de-San-Benito-Campillos-300x225.jpg 300w\" sizes=\"(max-width: 700px) 100vw, 700px\" \/><\/p>\n","protected":false},"excerpt":{"rendered":"<p>Ermita de San Benito La ermita de San Benito est\u00e1 dedicada al patr\u00f3n del pueblo, San Benito Abad, que fue proclamado con dicho cargo en 1629, debido a la gran devoci\u00f3n que se le ten\u00eda en Campillos, siendo los segundos patronos San Quirino y San Pl\u00e1cido. La ermita comenz\u00f3 a construirse en 1578, y apenas [&hellip;]<\/p>\n","protected":false},"author":1,"featured_media":0,"parent":2749,"menu_order":0,"comment_status":"closed","ping_status":"closed","template":"","meta":{"site-sidebar-layout":"default","site-content-layout":"","ast-site-content-layout":"default","site-content-style":"default","site-sidebar-style":"default","ast-global-header-display":"","ast-banner-title-visibility":"","ast-main-header-display":"","ast-hfb-above-header-display":"","ast-hfb-below-header-display":"","ast-hfb-mobile-header-display":"","site-post-title":"","ast-breadcrumbs-content":"","ast-featured-img":"","footer-sml-layout":"","ast-disable-related-posts":"","theme-transparent-header-meta":"","adv-header-id-meta":"","stick-header-meta":"","header-above-stick-meta":"","header-main-stick-meta":"","header-below-stick-meta":"","astra-migrate-meta-layouts":"default","ast-page-background-enabled":"default","ast-page-background-meta":{"desktop":{"background-color":"var(--ast-global-color-4)","background-image":"","background-repeat":"repeat","background-position":"center center","background-size":"auto","background-attachment":"scroll","background-type":"","background-media":"","overlay-type":"","overlay-color":"","overlay-opacity":"","overlay-gradient":""},"tablet":{"background-color":"","background-image":"","background-repeat":"repeat","background-position":"center center","background-size":"auto","background-attachment":"scroll","background-type":"","background-media":"","overlay-type":"","overlay-color":"","overlay-opacity":"","overlay-gradient":""},"mobile":{"background-color":"","background-image":"","background-repeat":"repeat","background-position":"center center","background-size":"auto","background-attachment":"scroll","background-type":"","background-media":"","overlay-type":"","overlay-color":"","overlay-opacity":"","overlay-gradient":""}},"ast-content-background-meta":{"desktop":{"background-color":"var(--ast-global-color-5)","background-image":"","background-repeat":"repeat","background-position":"center center","background-size":"auto","background-attachment":"scroll","background-type":"","background-media":"","overlay-type":"","overlay-color":"","overlay-opacity":"","overlay-gradient":""},"tablet":{"background-color":"var(--ast-global-color-5)","background-image":"","background-repeat":"repeat","background-position":"center center","background-size":"auto","background-attachment":"scroll","background-type":"","background-media":"","overlay-type":"","overlay-color":"","overlay-opacity":"","overlay-gradient":""},"mobile":{"background-color":"var(--ast-global-color-5)","background-image":"","background-repeat":"repeat","background-position":"center center","background-size":"auto","background-attachment":"scroll","background-type":"","background-media":"","overlay-type":"","overlay-color":"","overlay-opacity":"","overlay-gradient":""}},"footnotes":""},"class_list":["post-932","page","type-page","status-publish","hentry"],"_links":{"self":[{"href":"https:\/\/www.turismocampillos.com\/web\/wp-json\/wp\/v2\/pages\/932","targetHints":{"allow":["GET"]}}],"collection":[{"href":"https:\/\/www.turismocampillos.com\/web\/wp-json\/wp\/v2\/pages"}],"about":[{"href":"https:\/\/www.turismocampillos.com\/web\/wp-json\/wp\/v2\/types\/page"}],"author":[{"embeddable":true,"href":"https:\/\/www.turismocampillos.com\/web\/wp-json\/wp\/v2\/users\/1"}],"replies":[{"embeddable":true,"href":"https:\/\/www.turismocampillos.com\/web\/wp-json\/wp\/v2\/comments?post=932"}],"version-history":[{"count":0,"href":"https:\/\/www.turismocampillos.com\/web\/wp-json\/wp\/v2\/pages\/932\/revisions"}],"up":[{"embeddable":true,"href":"https:\/\/www.turismocampillos.com\/web\/wp-json\/wp\/v2\/pages\/2749"}],"wp:attachment":[{"href":"https:\/\/www.turismocampillos.com\/web\/wp-json\/wp\/v2\/media?parent=932"}],"curies":[{"name":"wp","href":"https:\/\/api.w.org\/{rel}","templated":true}]}}