{"id":940,"date":"2017-05-23T11:21:23","date_gmt":"2017-05-23T09:21:23","guid":{"rendered":"https:\/\/www.turismocampillos.com\/web\/?page_id=940"},"modified":"2024-12-23T13:11:44","modified_gmt":"2024-12-23T12:11:44","slug":"fauna","status":"publish","type":"page","link":"https:\/\/www.turismocampillos.com\/web\/conoce-campillos\/naturaleza-clima-y-paisaje\/fauna\/","title":{"rendered":"Fauna"},"content":{"rendered":"<h1>Fauna<\/h1>\n<p align=\"justify\">En las zonas lacustres encontramos gran cantidad de aves acu\u00e1ticas, principalmente an\u00e1tidas, adem\u00e1s de especies como el flamenco, la grulla,\u00a0 la cig\u00fce\u00f1uela, el pato cuchara, el \u00e1nade silb\u00f3n, la focha com\u00fan e incluso la gaviota reidora. En las zonas circundantes, es posible observar lagarto ocelado en las horas m\u00e1s calurosas del d\u00eda y ver los rastros dejados por algunos mam\u00edferos m\u00e1s escurridizos, como el zorro o la comadreja.<\/p>\n<p align=\"justify\">En las llanuras y campos de cultivos de cereales, se encuentran aves esteparias como la perdiz, el alcarav\u00e1n, el sis\u00f3n, el aguilucho cenizo, o la codorniz.\u00a0 Entre los mam\u00edferos destacar la liebre, conejos y zorros entre otros.<\/p>\n<p align=\"justify\">En la zona de los embalses y de las serran\u00edas que rodean Campillos destacamos\u00a0 la chova, el mart\u00edn pescador, el vencejo, el b\u00faho real, el buitre leonado y el alimoche, entre otras. Y si hablamos de mam\u00edferos, en este entorno conviven desde conejos y liebres, hasta gatos y cabras monteses. En cuanto a los peces que habitan los embalses, encontramos\u00a0 una abundante poblaci\u00f3n de carpas, barbos, alburnos\u00a0 y otros peces que\u00a0 han sido introducidos como el lucio o el black- bass.<\/p>\n<p align=\"justify\"><div id=\"metaslider-id-941\" style=\"max-width: 840px;\" class=\"ml-slider-3-107-0 metaslider metaslider-flex metaslider-941 ml-slider has-dots-nav ms-theme-default\" role=\"region\" aria-label=\"Fauna\" data-height=\"750\" data-width=\"840\">\n    <div id=\"metaslider_container_941\">\n        <div id=\"metaslider_941\">\n            <ul class='slides'>\n                <li style=\"display: block; width: 100%;\" class=\"slide-1658 ms-image \" aria-roledescription=\"slide\" data-date=\"2018-01-17 09:37:27\" data-filename=\"IMG_0011-840x750.jpg\" data-slide-type=\"image\"><img fetchpriority=\"high\" decoding=\"async\" src=\"https:\/\/www.turismocampillos.com\/web\/wp-content\/uploads\/2018\/01\/IMG_0011-840x750.jpg\" height=\"750\" width=\"840\" alt=\"\" class=\"slider-941 slide-1658 msDefaultImage\" \/><\/li>\n                <li style=\"display: none; width: 100%;\" class=\"slide-1659 ms-image \" aria-roledescription=\"slide\" data-date=\"2018-01-17 09:37:27\" data-filename=\"IMG_9720-2-840x750.jpg\" data-slide-type=\"image\"><img decoding=\"async\" src=\"https:\/\/www.turismocampillos.com\/web\/wp-content\/uploads\/2018\/01\/IMG_9720-2-840x750.jpg\" height=\"750\" width=\"840\" alt=\"\" class=\"slider-941 slide-1659 msDefaultImage\" \/><\/li>\n                <li style=\"display: none; width: 100%;\" class=\"slide-964 ms-image \" aria-roledescription=\"slide\" data-date=\"2017-05-23 11:20:01\" data-filename=\"abubilla-2_web1-600x535.jpg\" data-slide-type=\"image\"><img decoding=\"async\" src=\"https:\/\/www.turismocampillos.com\/web\/wp-content\/uploads\/2018\/01\/abubilla-2_web1-600x535.jpg\" height=\"750\" width=\"840\" alt=\"\" class=\"slider-941 slide-964 msDefaultImage\" \/><div class=\"caption-wrap\"><div class=\"caption\">Abubilla<\/div><\/div><\/li>\n                <li style=\"display: none; width: 100%;\" class=\"slide-965 ms-image \" aria-roledescription=\"slide\" data-date=\"2017-05-23 11:20:02\" data-filename=\"alimoche-copia-e1510061285726-545x487.jpg\" data-slide-type=\"image\"><img loading=\"lazy\" decoding=\"async\" src=\"https:\/\/www.turismocampillos.com\/web\/wp-content\/uploads\/2017\/05\/alimoche-copia-e1510061285726-545x487.jpg\" height=\"750\" width=\"840\" alt=\"\" class=\"slider-941 slide-965 msDefaultImage\" \/><div class=\"caption-wrap\"><div class=\"caption\">Alimoche<\/div><\/div><\/li>\n                <li style=\"display: none; width: 100%;\" class=\"slide-963 ms-image \" aria-roledescription=\"slide\" data-date=\"2017-05-23 11:20:01\" data-filename=\"CULEBRA-VIPERINA-e1510061429755-524x468.jpg\" data-slide-type=\"image\"><img loading=\"lazy\" decoding=\"async\" src=\"https:\/\/www.turismocampillos.com\/web\/wp-content\/uploads\/2017\/05\/CULEBRA-VIPERINA-e1510061429755-524x468.jpg\" height=\"750\" width=\"840\" alt=\"\" class=\"slider-941 slide-963 msDefaultImage\" \/><div class=\"caption-wrap\"><div class=\"caption\">Culebra Viperina<\/div><\/div><\/li>\n                <li style=\"display: none; width: 100%;\" class=\"slide-966 ms-image \" aria-roledescription=\"slide\" data-date=\"2017-05-23 11:20:02\" data-filename=\"Alimoche-2013-251472-Boumort-copia-e1510061266787-523x467.jpg\" data-slide-type=\"image\"><img loading=\"lazy\" decoding=\"async\" src=\"https:\/\/www.turismocampillos.com\/web\/wp-content\/uploads\/2017\/05\/Alimoche-2013-251472-Boumort-copia-e1510061266787-523x467.jpg\" height=\"750\" width=\"840\" alt=\"\" class=\"slider-941 slide-966 msDefaultImage\" \/><div class=\"caption-wrap\"><div class=\"caption\">Alimoche<\/div><\/div><\/li>\n                <li style=\"display: none; width: 100%;\" class=\"slide-967 ms-image \" aria-roledescription=\"slide\" data-date=\"2017-05-23 11:20:02\" data-filename=\"arc_210554_g-copia-e1510061092757-525x469.jpg\" data-slide-type=\"image\"><img loading=\"lazy\" decoding=\"async\" src=\"https:\/\/www.turismocampillos.com\/web\/wp-content\/uploads\/2017\/05\/arc_210554_g-copia-e1510061092757-525x469.jpg\" height=\"750\" width=\"840\" alt=\"\" class=\"slider-941 slide-967 msDefaultImage\" \/><div class=\"caption-wrap\"><div class=\"caption\">Fauna de Campillos<\/div><\/div><\/li>\n                <li style=\"display: none; width: 100%;\" class=\"slide-968 ms-image \" aria-roledescription=\"slide\" data-date=\"2017-05-23 11:20:02\" data-filename=\"arc_212664_g-e1510061048820-592x529.jpg\" data-slide-type=\"image\"><img loading=\"lazy\" decoding=\"async\" src=\"https:\/\/www.turismocampillos.com\/web\/wp-content\/uploads\/2017\/05\/arc_212664_g-e1510061048820-592x529.jpg\" height=\"750\" width=\"840\" alt=\"\" class=\"slider-941 slide-968 msDefaultImage\" \/><div class=\"caption-wrap\"><div class=\"caption\">Macho adulto<\/div><\/div><\/li>\n                <li style=\"display: none; width: 100%;\" class=\"slide-969 ms-image \" aria-roledescription=\"slide\" data-date=\"2017-05-23 11:20:02\" data-filename=\"arc_213062_g-copia-e1510061018731-576x515.jpg\" data-slide-type=\"image\"><img loading=\"lazy\" decoding=\"async\" src=\"https:\/\/www.turismocampillos.com\/web\/wp-content\/uploads\/2017\/05\/arc_213062_g-copia-e1510061018731-576x515.jpg\" height=\"750\" width=\"840\" alt=\"\" class=\"slider-941 slide-969 msDefaultImage\" \/><div class=\"caption-wrap\"><div class=\"caption\">Fauna de Campillos<\/div><\/div><\/li>\n                <li style=\"display: none; width: 100%;\" class=\"slide-970 ms-image \" aria-roledescription=\"slide\" data-date=\"2017-05-23 11:20:02\" data-filename=\"arc_253269_g-e1510060990798-543x484.jpg\" data-slide-type=\"image\"><img loading=\"lazy\" decoding=\"async\" src=\"https:\/\/www.turismocampillos.com\/web\/wp-content\/uploads\/2017\/05\/arc_253269_g-e1510060990798-543x484.jpg\" height=\"750\" width=\"840\" alt=\"\" class=\"slider-941 slide-970 msDefaultImage\" \/><div class=\"caption-wrap\"><div class=\"caption\">Paloma<\/div><\/div><\/li>\n                <li style=\"display: none; width: 100%;\" class=\"slide-971 ms-image \" aria-roledescription=\"slide\" data-date=\"2017-05-23 11:20:02\" data-filename=\"arc_255204_g-e1510060937418-553x493.jpg\" data-slide-type=\"image\"><img loading=\"lazy\" decoding=\"async\" src=\"https:\/\/www.turismocampillos.com\/web\/wp-content\/uploads\/2017\/05\/arc_255204_g-e1510060937418-553x493.jpg\" height=\"750\" width=\"840\" alt=\"\" class=\"slider-941 slide-971 msDefaultImage\" \/><div class=\"caption-wrap\"><div class=\"caption\">Aves de Campillos<\/div><\/div><\/li>\n                <li style=\"display: none; width: 100%;\" class=\"slide-972 ms-image \" aria-roledescription=\"slide\" data-date=\"2017-05-23 11:20:02\" data-filename=\"arc_261827_g-e1510060904648-509x455.jpg\" data-slide-type=\"image\"><img loading=\"lazy\" decoding=\"async\" src=\"https:\/\/www.turismocampillos.com\/web\/wp-content\/uploads\/2017\/05\/arc_261827_g-e1510060904648-509x455.jpg\" height=\"750\" width=\"840\" alt=\"\" class=\"slider-941 slide-972 msDefaultImage\" \/><div class=\"caption-wrap\"><div class=\"caption\">Rana<\/div><\/div><\/li>\n                <li style=\"display: none; width: 100%;\" class=\"slide-973 ms-image \" aria-roledescription=\"slide\" data-date=\"2017-05-23 11:20:02\" data-filename=\"buitre-e1510060879466-441x394.jpg\" data-slide-type=\"image\"><img loading=\"lazy\" decoding=\"async\" src=\"https:\/\/www.turismocampillos.com\/web\/wp-content\/uploads\/2017\/05\/buitre-e1510060879466-441x394.jpg\" height=\"750\" width=\"840\" alt=\"\" class=\"slider-941 slide-973 msDefaultImage\" \/><div class=\"caption-wrap\"><div class=\"caption\">Buitre<\/div><\/div><\/li>\n                <li style=\"display: none; width: 100%;\" class=\"slide-975 ms-image \" aria-roledescription=\"slide\" data-date=\"2017-05-23 11:20:03\" data-filename=\"cormor\u00e1n-e1510060833476-588x525.jpg\" data-slide-type=\"image\"><img loading=\"lazy\" decoding=\"async\" src=\"https:\/\/www.turismocampillos.com\/web\/wp-content\/uploads\/2017\/05\/cormor\u00e1n-e1510060833476-588x525.jpg\" height=\"750\" width=\"840\" alt=\"\" class=\"slider-941 slide-975 msDefaultImage\" \/><div class=\"caption-wrap\"><div class=\"caption\">Cormor\u00e1n<\/div><\/div><\/li>\n                <li style=\"display: none; width: 100%;\" class=\"slide-976 ms-image \" aria-roledescription=\"slide\" data-date=\"2017-05-23 11:20:03\" data-filename=\"Culebra-bastarda-11-e1510060816276-418x374.jpg\" data-slide-type=\"image\"><img loading=\"lazy\" decoding=\"async\" src=\"https:\/\/www.turismocampillos.com\/web\/wp-content\/uploads\/2017\/05\/Culebra-bastarda-11-e1510060816276-418x374.jpg\" height=\"750\" width=\"840\" alt=\"\" class=\"slider-941 slide-976 msDefaultImage\" \/><div class=\"caption-wrap\"><div class=\"caption\">Culebra Bastarda<\/div><\/div><\/li>\n                <li style=\"display: none; width: 100%;\" class=\"slide-977 ms-image \" aria-roledescription=\"slide\" data-date=\"2017-05-23 11:20:03\" data-filename=\"img_alimentacion_del_buho_real_21790_paso_0_600-450x402.jpg\" data-slide-type=\"image\"><img loading=\"lazy\" decoding=\"async\" src=\"https:\/\/www.turismocampillos.com\/web\/wp-content\/uploads\/2017\/05\/img_alimentacion_del_buho_real_21790_paso_0_600-450x402.jpg\" height=\"750\" width=\"840\" alt=\"\" class=\"slider-941 slide-977 msDefaultImage\" \/><div class=\"caption-wrap\"><div class=\"caption\">Buho Real<\/div><\/div><\/li>\n                <li style=\"display: none; width: 100%;\" class=\"slide-978 ms-image \" aria-roledescription=\"slide\" data-date=\"2017-05-23 11:20:03\" data-filename=\"lagarto-ocelado-e1510060787113-604x540.jpg\" data-slide-type=\"image\"><img loading=\"lazy\" decoding=\"async\" src=\"https:\/\/www.turismocampillos.com\/web\/wp-content\/uploads\/2018\/01\/lagarto-ocelado-e1510060787113-604x540.jpg\" height=\"750\" width=\"840\" alt=\"\" class=\"slider-941 slide-978 msDefaultImage\" \/><div class=\"caption-wrap\"><div class=\"caption\">Lagarto Ocelado<\/div><\/div><\/li>\n                <li style=\"display: none; width: 100%;\" class=\"slide-979 ms-image \" aria-roledescription=\"slide\" data-date=\"2017-05-23 11:20:03\" data-filename=\"liebre-e1510060768307-616x550.jpg\" data-slide-type=\"image\"><img loading=\"lazy\" decoding=\"async\" src=\"https:\/\/www.turismocampillos.com\/web\/wp-content\/uploads\/2017\/05\/liebre-e1510060768307-616x550.jpg\" height=\"750\" width=\"840\" alt=\"\" class=\"slider-941 slide-979 msDefaultImage\" \/><div class=\"caption-wrap\"><div class=\"caption\">Liebre<\/div><\/div><\/li>\n                <li style=\"display: none; width: 100%;\" class=\"slide-980 ms-image \" aria-roledescription=\"slide\" data-date=\"2017-05-23 11:20:03\" data-filename=\"mochuelo-e1510060740913-660x589.jpg\" data-slide-type=\"image\"><img loading=\"lazy\" decoding=\"async\" src=\"https:\/\/www.turismocampillos.com\/web\/wp-content\/uploads\/2018\/01\/mochuelo-e1510060740913-660x589.jpg\" height=\"750\" width=\"840\" alt=\"\" class=\"slider-941 slide-980 msDefaultImage\" \/><div class=\"caption-wrap\"><div class=\"caption\">Mochuelo<\/div><\/div><\/li>\n                <li style=\"display: none; width: 100%;\" class=\"slide-981 ms-image \" aria-roledescription=\"slide\" data-date=\"2017-05-23 11:20:03\" data-filename=\"PERDIZ-486x434.jpg\" data-slide-type=\"image\"><img loading=\"lazy\" decoding=\"async\" src=\"https:\/\/www.turismocampillos.com\/web\/wp-content\/uploads\/2017\/05\/PERDIZ-486x434.jpg\" height=\"750\" width=\"840\" alt=\"\" class=\"slider-941 slide-981 msDefaultImage\" \/><div class=\"caption-wrap\"><div class=\"caption\">Perdiz<\/div><\/div><\/li>\n                <li style=\"display: none; width: 100%;\" class=\"slide-982 ms-image \" aria-roledescription=\"slide\" data-date=\"2017-05-23 11:20:03\" data-filename=\"SAPILLO-MOTEADO-e1510060711483-518x463.jpg\" data-slide-type=\"image\"><img loading=\"lazy\" decoding=\"async\" src=\"https:\/\/www.turismocampillos.com\/web\/wp-content\/uploads\/2017\/05\/SAPILLO-MOTEADO-e1510060711483-518x463.jpg\" height=\"750\" width=\"840\" alt=\"\" class=\"slider-941 slide-982 msDefaultImage\" \/><div class=\"caption-wrap\"><div class=\"caption\">Sapillo Moteado<\/div><\/div><\/li>\n                <li style=\"display: none; width: 100%;\" class=\"slide-983 ms-image \" aria-roledescription=\"slide\" data-date=\"2017-05-23 11:20:04\" data-filename=\"zorro-374x334.jpg\" data-slide-type=\"image\"><img loading=\"lazy\" decoding=\"async\" src=\"https:\/\/www.turismocampillos.com\/web\/wp-content\/uploads\/2017\/05\/zorro-374x334.jpg\" height=\"750\" width=\"840\" alt=\"\" class=\"slider-941 slide-983 msDefaultImage\" \/><div class=\"caption-wrap\"><div class=\"caption\">Zorro<\/div><\/div><\/li>\n            <\/ul>\n        <\/div>\n        \n    <\/div>\n<\/div><\/p>\n<p align=\"justify\"><a href=\"https:\/\/www.turismocampillos.com\/web\/conoce-campillos\/naturaleza-clima-y-paisaje\/lagunas\/fauna\/\">Fauna de las Lagunas<\/a><\/p>\n","protected":false},"excerpt":{"rendered":"<p>Fauna En las zonas lacustres encontramos gran cantidad de aves acu\u00e1ticas, principalmente an\u00e1tidas, adem\u00e1s de especies como el flamenco, la grulla,\u00a0 la cig\u00fce\u00f1uela, el pato cuchara, el \u00e1nade silb\u00f3n, la focha com\u00fan e incluso la gaviota reidora. En las zonas circundantes, es posible observar lagarto ocelado en las horas m\u00e1s calurosas del d\u00eda y ver [&hellip;]<\/p>\n","protected":false},"author":1,"featured_media":0,"parent":9,"menu_order":0,"comment_status":"closed","ping_status":"closed","template":"","meta":{"site-sidebar-layout":"default","site-content-layout":"","ast-site-content-layout":"default","site-content-style":"default","site-sidebar-style":"default","ast-global-header-display":"","ast-banner-title-visibility":"","ast-main-header-display":"","ast-hfb-above-header-display":"","ast-hfb-below-header-display":"","ast-hfb-mobile-header-display":"","site-post-title":"","ast-breadcrumbs-content":"","ast-featured-img":"","footer-sml-layout":"","ast-disable-related-posts":"","theme-transparent-header-meta":"","adv-header-id-meta":"","stick-header-meta":"","header-above-stick-meta":"","header-main-stick-meta":"","header-below-stick-meta":"","astra-migrate-meta-layouts":"set","ast-page-background-enabled":"default","ast-page-background-meta":{"desktop":{"background-color":"var(--ast-global-color-4)","background-image":"","background-repeat":"repeat","background-position":"center center","background-size":"auto","background-attachment":"scroll","background-type":"","background-media":"","overlay-type":"","overlay-color":"","overlay-opacity":"","overlay-gradient":""},"tablet":{"background-color":"","background-image":"","background-repeat":"repeat","background-position":"center center","background-size":"auto","background-attachment":"scroll","background-type":"","background-media":"","overlay-type":"","overlay-color":"","overlay-opacity":"","overlay-gradient":""},"mobile":{"background-color":"","background-image":"","background-repeat":"repeat","background-position":"center center","background-size":"auto","background-attachment":"scroll","background-type":"","background-media":"","overlay-type":"","overlay-color":"","overlay-opacity":"","overlay-gradient":""}},"ast-content-background-meta":{"desktop":{"background-color":"var(--ast-global-color-5)","background-image":"","background-repeat":"repeat","background-position":"center center","background-size":"auto","background-attachment":"scroll","background-type":"","background-media":"","overlay-type":"","overlay-color":"","overlay-opacity":"","overlay-gradient":""},"tablet":{"background-color":"var(--ast-global-color-5)","background-image":"","background-repeat":"repeat","background-position":"center center","background-size":"auto","background-attachment":"scroll","background-type":"","background-media":"","overlay-type":"","overlay-color":"","overlay-opacity":"","overlay-gradient":""},"mobile":{"background-color":"var(--ast-global-color-5)","background-image":"","background-repeat":"repeat","background-position":"center center","background-size":"auto","background-attachment":"scroll","background-type":"","background-media":"","overlay-type":"","overlay-color":"","overlay-opacity":"","overlay-gradient":""}},"footnotes":""},"class_list":["post-940","page","type-page","status-publish","hentry"],"_links":{"self":[{"href":"https:\/\/www.turismocampillos.com\/web\/wp-json\/wp\/v2\/pages\/940","targetHints":{"allow":["GET"]}}],"collection":[{"href":"https:\/\/www.turismocampillos.com\/web\/wp-json\/wp\/v2\/pages"}],"about":[{"href":"https:\/\/www.turismocampillos.com\/web\/wp-json\/wp\/v2\/types\/page"}],"author":[{"embeddable":true,"href":"https:\/\/www.turismocampillos.com\/web\/wp-json\/wp\/v2\/users\/1"}],"replies":[{"embeddable":true,"href":"https:\/\/www.turismocampillos.com\/web\/wp-json\/wp\/v2\/comments?post=940"}],"version-history":[{"count":0,"href":"https:\/\/www.turismocampillos.com\/web\/wp-json\/wp\/v2\/pages\/940\/revisions"}],"up":[{"embeddable":true,"href":"https:\/\/www.turismocampillos.com\/web\/wp-json\/wp\/v2\/pages\/9"}],"wp:attachment":[{"href":"https:\/\/www.turismocampillos.com\/web\/wp-json\/wp\/v2\/media?parent=940"}],"curies":[{"name":"wp","href":"https:\/\/api.w.org\/{rel}","templated":true}]}}